{"id":22,"date":"2014-09-18T12:19:57","date_gmt":"2014-09-18T11:19:57","guid":{"rendered":"http:\/\/agora.xtec.cat\/ceippuiggracios\/?page_id=22"},"modified":"2025-01-30T13:06:22","modified_gmt":"2025-01-30T12:06:22","slug":"lescola","status":"publish","type":"page","link":"https:\/\/agora.xtec.cat\/ceippuiggracios\/lescola\/","title":{"rendered":"L&#8217;escola"},"content":{"rendered":"<p>L\u2019escola Puiggraci\u00f3s est\u00e0 situada al tur\u00f3 de la Muntanyeta, al municipi de la Garriga (Vall\u00e8s Oriental), en un lloc geogr\u00e0ficament privilegiat i fora del nucli urb\u00e0. Gaudeix d\u2019una vista i d\u2019uns espais d\u2019esbarjo \u00f2ptims. De l\u2019antic bosc de la Muntanyeta se\u2019n conserva una m\u00ednima part integrada dins el recinte escolar que \u00e9s l\u2019espai d\u2019esbarjo habitual del nostre alumnat.<\/p>\n<p>L\u2019escola \u00e9s reflexiva en la seva pr\u00e0ctica, per tant, ent\u00e9n que l\u2019alumnat \u00e9s el centre de l\u2019aprenentatge. El teatre i les matem\u00e0tiques manipulatives s\u00f3n l&#8217;eix vertebrador del\u00a0\u00a0 projecte educatiu, per\u00f2 juntament amb la cultura avaluativa i l\u2019educaci\u00f3 en valors volem aconseguir el millor de cada infant. Oferint experi\u00e8ncies on pugui desenvolupar totes les seves habilitats i sigui la base dels seus aprenentatges.<\/p>\n","protected":false},"excerpt":{"rendered":"<p>L\u2019escola Puiggraci\u00f3s est\u00e0 situada al tur\u00f3 de la Muntanyeta, al municipi de la Garriga (Vall\u00e8s Oriental), en un lloc geogr\u00e0ficament privilegiat i fora del nucli urb\u00e0. Gaudeix d\u2019una vista i d\u2019uns espais d\u2019esbarjo \u00f2ptims. De l\u2019antic bosc de la Muntanyeta se\u2019n conserva una m\u00ednima part&hellip;  <a href=\"https:\/\/agora.xtec.cat\/ceippuiggracios\/lescola\/\" title=\"Read L&#8217;escola\">Llegeix m\u00e9s\u00bb<\/a><\/p>\n","protected":false},"author":1,"featured_media":0,"parent":0,"menu_order":0,"comment_status":"closed","ping_status":"closed","template":"page-templates\/side-menu.php","meta":{"_bbp_topic_count":0,"_bbp_reply_count":0,"_bbp_total_topic_count":0,"_bbp_total_reply_count":0,"_bbp_voice_count":0,"_bbp_anonymous_reply_count":0,"_bbp_topic_count_hidden":0,"_bbp_reply_count_hidden":0,"_bbp_forum_subforum_count":0,"footnotes":""},"class_list":["post-22","page","type-page","status-publish","hentry"],"post_mailing_queue_ids":[],"_links":{"self":[{"href":"https:\/\/agora.xtec.cat\/ceippuiggracios\/wp-json\/wp\/v2\/pages\/22","targetHints":{"allow":["GET"]}}],"collection":[{"href":"https:\/\/agora.xtec.cat\/ceippuiggracios\/wp-json\/wp\/v2\/pages"}],"about":[{"href":"https:\/\/agora.xtec.cat\/ceippuiggracios\/wp-json\/wp\/v2\/types\/page"}],"author":[{"embeddable":true,"href":"https:\/\/agora.xtec.cat\/ceippuiggracios\/wp-json\/wp\/v2\/users\/1"}],"replies":[{"embeddable":true,"href":"https:\/\/agora.xtec.cat\/ceippuiggracios\/wp-json\/wp\/v2\/comments?post=22"}],"version-history":[{"count":4,"href":"https:\/\/agora.xtec.cat\/ceippuiggracios\/wp-json\/wp\/v2\/pages\/22\/revisions"}],"predecessor-version":[{"id":4658,"href":"https:\/\/agora.xtec.cat\/ceippuiggracios\/wp-json\/wp\/v2\/pages\/22\/revisions\/4658"}],"wp:attachment":[{"href":"https:\/\/agora.xtec.cat\/ceippuiggracios\/wp-json\/wp\/v2\/media?parent=22"}],"curies":[{"name":"wp","href":"https:\/\/api.w.org\/{rel}","templated":true}]}}