{"id":2169,"date":"2018-09-19T12:51:35","date_gmt":"2018-09-19T10:51:35","guid":{"rendered":"http:\/\/agora.xtec.cat\/ceippuiggracios\/?page_id=2169"},"modified":"2018-09-20T13:37:49","modified_gmt":"2018-09-20T11:37:49","slug":"autoritzacions","status":"publish","type":"page","link":"https:\/\/agora.xtec.cat\/ceippuiggracios\/autoritzacions\/","title":{"rendered":"Autoritzacions"},"content":{"rendered":"<p><a href=\"https:\/\/drive.google.com\/file\/d\/0B1HIElpbyoxsTFc5TDZsYVE1LXBWSzQ1dTl2aGtFbUZtNm04\/view?usp=sharing\">Autoritzaci\u00f3 per anar a l&#8217;aula o fila del germ\u00e0<\/a><\/p>\n<p><a href=\"https:\/\/drive.google.com\/file\/d\/0B1HIElpbyoxscTFzWUkxajRpTmNfSmlXWEgxYXlCYUtRWmpz\/view?usp=sharing\">Autoritzaci\u00f3 per sortir sol del recinte escolar<\/a><\/p>\n<p><a href=\"https:\/\/drive.google.com\/file\/d\/1tml4CaoEcAxekS7gu95mWIl5kwn08TEN\/view?usp=sharing\">Autoritzaci\u00f3 per l&#8217;\u00fas de correu electr\u00f2nic i internet a l&#8217;escola<\/a><\/p>\n","protected":false},"excerpt":{"rendered":"<p><a href=\"https:\/\/drive.google.com\/file\/d\/0B1HIElpbyoxsTFc5TDZsYVE1LXBWSzQ1dTl2aGtFbUZtNm04\/view?usp=sharing\">Autoritzaci\u00f3 per anar a l&#8217;aula o fila del germ\u00e0<\/a><br \/>\n<a href=\"https:\/\/drive.google.com\/file\/d\/0B1HIElpbyoxscTFzWUkxajRpTmNfSmlXWEgxYXlCYUtRWmpz\/view?usp=sharing\">Autoritzaci\u00f3 per sortir sol del recinte escolar<\/a><br \/>\n<a href=\"https:\/\/drive.google.com\/file\/d\/1tml4CaoEcAxekS7gu95mWIl5kwn08TEN\/view?usp=sharing\">Autoritzaci\u00f3 per l&#8217;\u00fas de correu electr\u00f2nic i internet a l&#8217;escola<\/a><\/p>\n","protected":false},"author":1,"featured_media":0,"parent":0,"menu_order":0,"comment_status":"closed","ping_status":"closed","template":"","meta":{"_bbp_topic_count":0,"_bbp_reply_count":0,"_bbp_total_topic_count":0,"_bbp_total_reply_count":0,"_bbp_voice_count":0,"_bbp_anonymous_reply_count":0,"_bbp_topic_count_hidden":0,"_bbp_reply_count_hidden":0,"_bbp_forum_subforum_count":0,"footnotes":""},"class_list":["post-2169","page","type-page","status-publish","hentry"],"post_mailing_queue_ids":[],"_links":{"self":[{"href":"https:\/\/agora.xtec.cat\/ceippuiggracios\/wp-json\/wp\/v2\/pages\/2169","targetHints":{"allow":["GET"]}}],"collection":[{"href":"https:\/\/agora.xtec.cat\/ceippuiggracios\/wp-json\/wp\/v2\/pages"}],"about":[{"href":"https:\/\/agora.xtec.cat\/ceippuiggracios\/wp-json\/wp\/v2\/types\/page"}],"author":[{"embeddable":true,"href":"https:\/\/agora.xtec.cat\/ceippuiggracios\/wp-json\/wp\/v2\/users\/1"}],"replies":[{"embeddable":true,"href":"https:\/\/agora.xtec.cat\/ceippuiggracios\/wp-json\/wp\/v2\/comments?post=2169"}],"version-history":[{"count":4,"href":"https:\/\/agora.xtec.cat\/ceippuiggracios\/wp-json\/wp\/v2\/pages\/2169\/revisions"}],"predecessor-version":[{"id":3800,"href":"https:\/\/agora.xtec.cat\/ceippuiggracios\/wp-json\/wp\/v2\/pages\/2169\/revisions\/3800"}],"wp:attachment":[{"href":"https:\/\/agora.xtec.cat\/ceippuiggracios\/wp-json\/wp\/v2\/media?parent=2169"}],"curies":[{"name":"wp","href":"https:\/\/api.w.org\/{rel}","templated":true}]}}