{"id":717,"date":"2016-03-13T23:10:41","date_gmt":"2016-03-13T22:10:41","guid":{"rendered":"http:\/\/agora.xtec.cat\/ceippuigdagulles\/?page_id=717"},"modified":"2025-02-27T13:13:01","modified_gmt":"2025-02-27T12:13:01","slug":"filosofia-318","status":"publish","type":"page","link":"https:\/\/agora.xtec.cat\/ceippuigdagulles\/documentacio-del-centre\/projecte-educatiu\/filosofia-318\/","title":{"rendered":"Temps de treball"},"content":{"rendered":"<p style=\"text-align: justify;\"><strong>TEMPS DE TREBALL A EDUCACI\u00d3 INFANTIL<\/strong><\/p>\n<p style=\"text-align: justify;\"><img loading=\"lazy\" decoding=\"async\" class=\"alignleft wp-image-2453\" src=\"https:\/\/agora.xtec.cat\/ceippuigdagulles\/wp-content\/uploads\/usu1050\/2021\/02\/Sense-t\u00edtol-300x252.png\" alt=\"\" width=\"250\" height=\"210\" srcset=\"https:\/\/agora.xtec.cat\/ceippuigdagulles\/wp-content\/uploads\/usu1050\/2021\/02\/Sense-t\u00edtol-300x252.png 300w, https:\/\/agora.xtec.cat\/ceippuigdagulles\/wp-content\/uploads\/usu1050\/2021\/02\/Sense-t\u00edtol.png 675w\" sizes=\"auto, (max-width: 250px) 100vw, 250px\" \/>A Educaci\u00f3 Infantil dediquem la major part del nostre horari al <strong>treball vivencial<\/strong> a partir del joc. Plantegem moltes activitats de manera l\u00fadica per treballar diferents aspectes de manera global, i dediquem algunes petites estones al treball sistem\u00e0tic, que en aquesta etapa b\u00e0sicament s\u00f3n els h\u00e0bits, que ajuden als infants a cr\u00e9ixer i a ser m\u00e9s aut\u00f2noms, les rutines, que els donen seguretat, i alguns aspectes d\u2019expressi\u00f3 oral que els ajudaran a estructurar el seu pensament.<\/p>\n<p style=\"text-align: justify;\"><strong>TEMPS DE TREBALL A PRIM\u00c0RIA<\/strong><\/p>\n<p style=\"text-align: justify;\"><img loading=\"lazy\" decoding=\"async\" class=\"alignright wp-image-2454\" src=\"https:\/\/agora.xtec.cat\/ceippuigdagulles\/wp-content\/uploads\/usu1050\/2021\/02\/primaria-300x263.png\" alt=\"\" width=\"250\" height=\"219\" srcset=\"https:\/\/agora.xtec.cat\/ceippuigdagulles\/wp-content\/uploads\/usu1050\/2021\/02\/primaria-300x263.png 300w, https:\/\/agora.xtec.cat\/ceippuigdagulles\/wp-content\/uploads\/usu1050\/2021\/02\/primaria-768x674.png 768w, https:\/\/agora.xtec.cat\/ceippuigdagulles\/wp-content\/uploads\/usu1050\/2021\/02\/primaria.png 953w\" sizes=\"auto, (max-width: 250px) 100vw, 250px\" \/>D\u2019aquests tres temps de treball que fem a l\u2019escola: global, vivencial i sistem\u00e0tic, a prim\u00e0ria es concreta de la seg\u00fcent manera:<\/p>\n<p style=\"text-align: justify;\">La metodologia transversal que vehicula la major part dels aprenentatges \u00e9s el <strong>treball global<\/strong>. A dins de l\u2019horari setmanal hi ha franges hor\u00e0ries llargues on es desenvolupen els projectes, es treballa de forma competencial i interdisciplinar.<\/p>\n<p style=\"text-align: justify;\">En el context del projecte entren en joc, per una banda el treball vivencial i experimental, amb xerrades, exposicions, investigacions, sortides, racons, tallers,&#8230;i per l\u2019altre el treball sistem\u00e0tic, es seleccionen els continguts clau de les \u00e0rees instrumentals a treballar en relaci\u00f3 a la tem\u00e0tica del projecte, i es desenvolupen quan el context d\u2019aprenentatge ho afavoreix.<\/p>\n","protected":false},"excerpt":{"rendered":"<p>TEMPS DE TREBALL A EDUCACI\u00d3 INFANTIL A Educaci\u00f3 Infantil dediquem la major part del nostre horari al treball vivencial a [&hellip;]<\/p>\n","protected":false},"author":1,"featured_media":0,"parent":64,"menu_order":0,"comment_status":"closed","ping_status":"closed","template":"","meta":{"_bbp_topic_count":0,"_bbp_reply_count":0,"_bbp_total_topic_count":0,"_bbp_total_reply_count":0,"_bbp_voice_count":0,"_bbp_anonymous_reply_count":0,"_bbp_topic_count_hidden":0,"_bbp_reply_count_hidden":0,"_bbp_forum_subforum_count":0,"site-sidebar-layout":"default","site-content-layout":"","ast-site-content-layout":"default","site-content-style":"default","site-sidebar-style":"default","ast-global-header-display":"","ast-banner-title-visibility":"","ast-main-header-display":"","ast-hfb-above-header-display":"","ast-hfb-below-header-display":"","ast-hfb-mobile-header-display":"","site-post-title":"","ast-breadcrumbs-content":"","ast-featured-img":"","footer-sml-layout":"","theme-transparent-header-meta":"","adv-header-id-meta":"","stick-header-meta":"","header-above-stick-meta":"","header-main-stick-meta":"","header-below-stick-meta":"","astra-migrate-meta-layouts":"set","ast-page-background-enabled":"default","ast-page-background-meta":{"desktop":{"background-color":"var(--ast-global-color-4)","background-image":"","background-repeat":"repeat","background-position":"center center","background-size":"auto","background-attachment":"scroll","background-type":"","background-media":"","overlay-type":"","overlay-color":"","overlay-opacity":"","overlay-gradient":""},"tablet":{"background-color":"","background-image":"","background-repeat":"repeat","background-position":"center center","background-size":"auto","background-attachment":"scroll","background-type":"","background-media":"","overlay-type":"","overlay-color":"","overlay-opacity":"","overlay-gradient":""},"mobile":{"background-color":"","background-image":"","background-repeat":"repeat","background-position":"center center","background-size":"auto","background-attachment":"scroll","background-type":"","background-media":"","overlay-type":"","overlay-color":"","overlay-opacity":"","overlay-gradient":""}},"ast-content-background-meta":{"desktop":{"background-color":"var(--ast-global-color-5)","background-image":"","background-repeat":"repeat","background-position":"center center","background-size":"auto","background-attachment":"scroll","background-type":"","background-media":"","overlay-type":"","overlay-color":"","overlay-opacity":"","overlay-gradient":""},"tablet":{"background-color":"var(--ast-global-color-5)","background-image":"","background-repeat":"repeat","background-position":"center center","background-size":"auto","background-attachment":"scroll","background-type":"","background-media":"","overlay-type":"","overlay-color":"","overlay-opacity":"","overlay-gradient":""},"mobile":{"background-color":"var(--ast-global-color-5)","background-image":"","background-repeat":"repeat","background-position":"center center","background-size":"auto","background-attachment":"scroll","background-type":"","background-media":"","overlay-type":"","overlay-color":"","overlay-opacity":"","overlay-gradient":""}},"footnotes":""},"class_list":["post-717","page","type-page","status-publish","hentry"],"post_mailing_queue_ids":[],"_links":{"self":[{"href":"https:\/\/agora.xtec.cat\/ceippuigdagulles\/wp-json\/wp\/v2\/pages\/717","targetHints":{"allow":["GET"]}}],"collection":[{"href":"https:\/\/agora.xtec.cat\/ceippuigdagulles\/wp-json\/wp\/v2\/pages"}],"about":[{"href":"https:\/\/agora.xtec.cat\/ceippuigdagulles\/wp-json\/wp\/v2\/types\/page"}],"author":[{"embeddable":true,"href":"https:\/\/agora.xtec.cat\/ceippuigdagulles\/wp-json\/wp\/v2\/users\/1"}],"replies":[{"embeddable":true,"href":"https:\/\/agora.xtec.cat\/ceippuigdagulles\/wp-json\/wp\/v2\/comments?post=717"}],"version-history":[{"count":4,"href":"https:\/\/agora.xtec.cat\/ceippuigdagulles\/wp-json\/wp\/v2\/pages\/717\/revisions"}],"predecessor-version":[{"id":2971,"href":"https:\/\/agora.xtec.cat\/ceippuigdagulles\/wp-json\/wp\/v2\/pages\/717\/revisions\/2971"}],"up":[{"embeddable":true,"href":"https:\/\/agora.xtec.cat\/ceippuigdagulles\/wp-json\/wp\/v2\/pages\/64"}],"wp:attachment":[{"href":"https:\/\/agora.xtec.cat\/ceippuigdagulles\/wp-json\/wp\/v2\/media?parent=717"}],"curies":[{"name":"wp","href":"https:\/\/api.w.org\/{rel}","templated":true}]}}