{"id":589,"date":"2016-03-10T00:10:00","date_gmt":"2016-03-09T23:10:00","guid":{"rendered":"http:\/\/agora.xtec.cat\/ceippuigdagulles\/?page_id=589"},"modified":"2021-02-18T13:36:40","modified_gmt":"2021-02-18T12:36:40","slug":"english-day","status":"publish","type":"page","link":"https:\/\/agora.xtec.cat\/ceippuigdagulles\/documentacio-del-centre\/projecte-educatiu\/english-day\/","title":{"rendered":"Treball global"},"content":{"rendered":"<p style=\"text-align: justify;\"><img loading=\"lazy\" decoding=\"async\" class=\"alignright wp-image-952\" src=\"https:\/\/agora.xtec.cat\/ceippuigdagulles\/wp-content\/uploads\/usu1050\/2016\/03\/projectes-2-300x225.jpg\" alt=\"\" width=\"400\" height=\"300\" srcset=\"https:\/\/agora.xtec.cat\/ceippuigdagulles\/wp-content\/uploads\/usu1050\/2016\/03\/projectes-2-300x225.jpg 300w, https:\/\/agora.xtec.cat\/ceippuigdagulles\/wp-content\/uploads\/usu1050\/2016\/03\/projectes-2-1024x768.jpg 1024w, https:\/\/agora.xtec.cat\/ceippuigdagulles\/wp-content\/uploads\/usu1050\/2016\/03\/projectes-2-200x150.jpg 200w\" sizes=\"auto, (max-width: 400px) 100vw, 400px\" \/>Tots els cursos de l\u2019escola tenen a dins de l\u2019horari setmanal, unes franges llargues, acostumen a ser d\u2019una hora i mitja, per fer projectes. Entenem que aquesta metodologia de treball, avui dia, es fa imprescindible si volem alumnes cr\u00edtics, amb opini\u00f3 pr\u00f2pia, aut\u00f2noms i que siguin capa\u00e7os de resoldre els nous reptes en cooperaci\u00f3 amb els altres. En aquestes sessions es presenten tasques contextualitzades basades en situacions reals per partir de l\u2019inter\u00e8s dels alumnes, amb continguts integrats i no fragmentats per \u00e0rees, amb molt treball de recerca i investigaci\u00f3 i sempre en cooperaci\u00f3 amb els companys\/es, mai de manera individual. Treballant de manera global s\u2019afavoreix l\u2019aprenentatge competencial i significatiu, \u00e9s el que perdura en el temps.<\/p>\n<p style=\"text-align: justify;\">El treball per projectes \u00e9s una metodologia que afavoreix l\u2019adquisici\u00f3 de les compet\u00e8ncies b\u00e0siques at\u00e8s que:<\/p>\n<ul style=\"text-align: justify;\">\n<li>Parteix d&#8217;un tema, problema o centre d&#8217;inter\u00e8s negociat amb l&#8217;alumnat.<\/li>\n<li>Fa protagonista l&#8217;alumnat en la construcci\u00f3 del propi coneixement perqu\u00e8 focalitza el desig de saber coses noves, la formulaci\u00f3 de preguntes, la reflexi\u00f3 sobre el propi saber, la recerca de nous coneixements i la reflexi\u00f3 sobre el propi proc\u00e9s d\u2019aprenentatge.<\/li>\n<li>D\u00f3na gran rellev\u00e0ncia al treball cooperatiu. S\u2019elaboren preguntes o hip\u00f2tesis, es prenen decisions sobre el repartiment de tasques i es posa en com\u00fa el resultat de les tasques individuals i s\u2019elabora col\u00b7lectivament el resultat.<\/li>\n<li>Incentiva processos d\u2019investigaci\u00f3 que suposen cercar, seleccionar i interpretar informaci\u00f3 a trav\u00e9s de fonts diverses, formular nous dubtes i noves preguntes i establir relacions amb altres problemes.<\/li>\n<li>Es transfereixen estrat\u00e8gies per aprendre: es representa el proc\u00e9s de construcci\u00f3 de coneixement, s\u2019avalua el que s&#8217;ha apr\u00e8s i com s\u2019ha apr\u00e8s.<\/li>\n<li>S\u2019activa la comunicaci\u00f3, el di\u00e0leg i la discussi\u00f3 en petit i gran grup per construir coneixement de forma compartida.<\/li>\n<\/ul>\n<p style=\"text-align: justify;\">A l\u2019escola, en funci\u00f3 dels cicles, fem diferents modalitats de projectes: centres d\u2019inter\u00e8s, aprenentatges basats en problemes, reptes, projectes lliures,&#8230;sempre parteixen d\u2019una activitat inicial, motivadora per captar l\u2019inter\u00e8s i acaba amb un producte final, que es comparteix amb les fam\u00edlies visitant l\u2019aula com a cloenda del projecte.<\/p>\n<p style=\"text-align: justify;\">L\u2019escola participa des de fa quatre cursos a la xarxa de compet\u00e8ncies b\u00e0siques de la zona, ens permet estar connectats amb els \u00faltims aven\u00e7os en relaci\u00f3 a la innovaci\u00f3 pedag\u00f2gica.<\/p>\n","protected":false},"excerpt":{"rendered":"<p>Tots els cursos de l\u2019escola tenen a dins de l\u2019horari setmanal, unes franges llargues, acostumen a ser d\u2019una hora i [&hellip;]<\/p>\n","protected":false},"author":1,"featured_media":0,"parent":64,"menu_order":0,"comment_status":"closed","ping_status":"closed","template":"page-templates\/side-menu.php","meta":{"_bbp_topic_count":0,"_bbp_reply_count":0,"_bbp_total_topic_count":0,"_bbp_total_reply_count":0,"_bbp_voice_count":0,"_bbp_anonymous_reply_count":0,"_bbp_topic_count_hidden":0,"_bbp_reply_count_hidden":0,"_bbp_forum_subforum_count":0,"site-sidebar-layout":"default","site-content-layout":"","ast-site-content-layout":"","site-content-style":"default","site-sidebar-style":"default","ast-global-header-display":"","ast-banner-title-visibility":"","ast-main-header-display":"","ast-hfb-above-header-display":"","ast-hfb-below-header-display":"","ast-hfb-mobile-header-display":"","site-post-title":"","ast-breadcrumbs-content":"","ast-featured-img":"","footer-sml-layout":"","theme-transparent-header-meta":"","adv-header-id-meta":"","stick-header-meta":"","header-above-stick-meta":"","header-main-stick-meta":"","header-below-stick-meta":"","astra-migrate-meta-layouts":"default","ast-page-background-enabled":"default","ast-page-background-meta":{"desktop":{"background-color":"var(--ast-global-color-4)","background-image":"","background-repeat":"repeat","background-position":"center center","background-size":"auto","background-attachment":"scroll","background-type":"","background-media":"","overlay-type":"","overlay-color":"","overlay-opacity":"","overlay-gradient":""},"tablet":{"background-color":"","background-image":"","background-repeat":"repeat","background-position":"center center","background-size":"auto","background-attachment":"scroll","background-type":"","background-media":"","overlay-type":"","overlay-color":"","overlay-opacity":"","overlay-gradient":""},"mobile":{"background-color":"","background-image":"","background-repeat":"repeat","background-position":"center center","background-size":"auto","background-attachment":"scroll","background-type":"","background-media":"","overlay-type":"","overlay-color":"","overlay-opacity":"","overlay-gradient":""}},"ast-content-background-meta":{"desktop":{"background-color":"var(--ast-global-color-5)","background-image":"","background-repeat":"repeat","background-position":"center center","background-size":"auto","background-attachment":"scroll","background-type":"","background-media":"","overlay-type":"","overlay-color":"","overlay-opacity":"","overlay-gradient":""},"tablet":{"background-color":"var(--ast-global-color-5)","background-image":"","background-repeat":"repeat","background-position":"center center","background-size":"auto","background-attachment":"scroll","background-type":"","background-media":"","overlay-type":"","overlay-color":"","overlay-opacity":"","overlay-gradient":""},"mobile":{"background-color":"var(--ast-global-color-5)","background-image":"","background-repeat":"repeat","background-position":"center center","background-size":"auto","background-attachment":"scroll","background-type":"","background-media":"","overlay-type":"","overlay-color":"","overlay-opacity":"","overlay-gradient":""}},"footnotes":""},"class_list":["post-589","page","type-page","status-publish","hentry"],"post_mailing_queue_ids":[],"_links":{"self":[{"href":"https:\/\/agora.xtec.cat\/ceippuigdagulles\/wp-json\/wp\/v2\/pages\/589","targetHints":{"allow":["GET"]}}],"collection":[{"href":"https:\/\/agora.xtec.cat\/ceippuigdagulles\/wp-json\/wp\/v2\/pages"}],"about":[{"href":"https:\/\/agora.xtec.cat\/ceippuigdagulles\/wp-json\/wp\/v2\/types\/page"}],"author":[{"embeddable":true,"href":"https:\/\/agora.xtec.cat\/ceippuigdagulles\/wp-json\/wp\/v2\/users\/1"}],"replies":[{"embeddable":true,"href":"https:\/\/agora.xtec.cat\/ceippuigdagulles\/wp-json\/wp\/v2\/comments?post=589"}],"version-history":[{"count":4,"href":"https:\/\/agora.xtec.cat\/ceippuigdagulles\/wp-json\/wp\/v2\/pages\/589\/revisions"}],"predecessor-version":[{"id":2437,"href":"https:\/\/agora.xtec.cat\/ceippuigdagulles\/wp-json\/wp\/v2\/pages\/589\/revisions\/2437"}],"up":[{"embeddable":true,"href":"https:\/\/agora.xtec.cat\/ceippuigdagulles\/wp-json\/wp\/v2\/pages\/64"}],"wp:attachment":[{"href":"https:\/\/agora.xtec.cat\/ceippuigdagulles\/wp-json\/wp\/v2\/media?parent=589"}],"curies":[{"name":"wp","href":"https:\/\/api.w.org\/{rel}","templated":true}]}}