{"id":563,"date":"2016-03-09T21:45:04","date_gmt":"2016-03-09T20:45:04","guid":{"rendered":"http:\/\/agora.xtec.cat\/ceippuigdagulles\/?page_id=563"},"modified":"2025-01-16T13:42:29","modified_gmt":"2025-01-16T12:42:29","slug":"apa-el-mirador","status":"publish","type":"page","link":"https:\/\/agora.xtec.cat\/ceippuigdagulles\/apa-el-mirador\/","title":{"rendered":"AFA El Mirador"},"content":{"rendered":"<blockquote>\n<p style=\"text-align: justify;\">QU\u00c8 \u00c9S, QUI S\u00d3N L\u2019AFA?<img loading=\"lazy\" decoding=\"async\" class=\"alignright size-full wp-image-2112\" src=\"https:\/\/agora.xtec.cat\/ceippuigdagulles\/wp-content\/uploads\/usu1050\/2020\/03\/AFA-EL-MIRADOR-Nuevo-2019.png\" alt=\"\" width=\"274\" height=\"295\" \/><\/p>\n<\/blockquote>\n<p style=\"text-align: justify;\">L&#8217;AFA \u00e9s l\u2019Associaci\u00f3 de les fam\u00edlies d\u2019alumnes de l&#8217;escola Puig d\u2019Agulles. Per tant, la resposta a aquesta pregunta seria que l\u2019AFA som tots els pares i mares de l\u2019escola. Una altra cosa \u00e9s que s\u2019acostuma a parlar de \u201cl\u2019AFA\u201d fent refer\u00e8ncia a la Junta d&#8217;aquesta. La Junta est\u00e0 formada per un conjunt de pares i mares que ha decidit dedicar una part del seu temps lliure a tirar endavant tota una s\u00e8rie de projectes i iniciatives.<\/p>\n<blockquote><p>QU\u00c8 FA l&#8217;AFA?<\/p><\/blockquote>\n<p style=\"text-align: justify;\">La feina de l\u2019AFA segueix 4 l\u00ednies b\u00e0siques:<\/p>\n<p style=\"text-align: justify;\"><strong>1. Suport del projecte educatiu de l\u2019Escola<\/strong><\/p>\n<p style=\"text-align: justify;\">Tenim la gran sort de tenir a l\u2019escola un claustre de professors (amb l\u2019equip directiu al capdavant) amb capacitat i voluntat de dur a terme un projecte educatiu engrescador pels nostres fills i filles. Un projecte que no nom\u00e9s busca que la nostra canalla s\u2019eduqui i es formi com a persones sin\u00f3 que sigui feli\u00e7 mentre ho fa. Un exemple del que hom ent\u00e9n per \u201cescola p\u00fablica de qualitat\u201d.<\/p>\n<p style=\"text-align: justify;\">Malauradament, els recursos que en aquest pa\u00eds es destinen a l\u2019ensenyament estan molt lluny de ser els \u00f2ptims. \u00c9s per aix\u00f2 que l\u2019AFA, m\u00e9s enll\u00e0 del nostre suport moral i personal, ha adquirit un comprom\u00eds per recolzar econ\u00f2micament la seva tasca educativa en la mesura de les nostres possibilitats. Aix\u00f2 es tradueix en el trasp\u00e0s de m\u00e9s del 40% del que ingressem en quotes dels nostres associats a l\u2019escola. Aquests diners es dediquen a diverses partides d\u2019acord amb el que estableixen les seves prioritats: Festa de comiat als alumnes de 6\u00e8, adquisici\u00f3 de material inventariable, biblioteca, projecte ling\u00fc\u00edstic, material de m\u00fasica, inform\u00e0tica, educaci\u00f3 especial&#8230;<\/p>\n<p style=\"text-align: justify;\">Al marge d\u2019aquesta aportaci\u00f3 material directa, tamb\u00e9 mirem de descarregar a l\u2019escola d\u2019alguns aspectes administratius. Aix\u00ed, ens encarreguem de gestionar els cobraments i pagaments de paper, material escolar, sortides i excursions.<\/p>\n<p style=\"text-align: justify;\"><strong>2. Conciliaci\u00f3 de la vida laboral\u00a0i familiar<\/strong><\/p>\n<p style=\"text-align: justify;\">\u00c9s un tema del qual se\u2019n parla molt darrerament per part de les administracions, per\u00f2 en el qual es fa ben poca cosa. A ning\u00fa no se li escapa que l\u2019horari laboral de la majoria dels pares i mares i l\u2019horari escolar no s\u00f3n gaire compatibles.<\/p>\n<p style=\"text-align: justify;\">Per mirar d\u2019apropar una mica m\u00e9s aquestes realitats tan diverses, l\u2019AFA organitza activitats extraescolars i serveis, sotmesos a l\u2019aprovaci\u00f3 del Consell Escolar del centre i que intenten que si \u00e9s necessari allargar la perman\u00e8ncia dels infants a l\u2019escola m\u00e9s enll\u00e0 de l\u2019horari escolar sigui de la manera m\u00e9s entretinguda i adequada a les seves necessitats i interessos.<\/p>\n<p style=\"text-align: justify;\">\u2022 Activitats:<br \/>\nA partir de P4: joc dansat, rob\u00f2tica, taekwondo, dansa, angl\u00e8s a les tardes de 16&#8217;30h a 17\u201930\/17&#8217;45h. I angl\u00e8s i ioga als migdies.<\/p>\n<p style=\"text-align: justify;\">\u2022 Serveis:<br \/>\nA partir d&#8217;I3: servei d\u2019acollida al mat\u00ed de 7&#8217;30h a 9h i a la tarda de 16&#8217;30h a 18h (17&#8217;30h divendres).<\/p>\n<p style=\"text-align: justify;\">Tamb\u00e9 ens encarreguem, per delegaci\u00f3 del Consell Escolar, de la gesti\u00f3 del servei de menjador. Donat l\u2019eleva\u2019t nombre d\u2019infants que en fan \u00fas (al voltant del 84% dels nens i nenes de l\u2019escola) tenim especial cura d\u2019aquest apartat. Ens encarreguem de contractar l\u2019empresa dels monitors que els acompanyen al menjador i l\u2019empresa de cuina que prepara els dinars (tot el dinar es prepara a l\u2019escola, sense cap mena de precuinats) i de gestionar les incid\u00e8ncies que s\u2019hi puguin produir.<\/p>\n<p style=\"text-align: justify;\"><strong>3. Foment de la participaci\u00f3\u00a0de pares i mares<\/strong><\/p>\n<p style=\"text-align: justify;\">Els membres de la Junta de l\u2019AFA entenem la nostra dedicaci\u00f3 a la mateixa com una tasca de representaci\u00f3 del conjunt de l\u2019Associaci\u00f3. En aquest sentit, procurem donar-vos compte de les not\u00edcies, afers i iniciatives relacionades amb l\u2019\u00e0mbit educatiu i de la nostra associaci\u00f3 a trav\u00e9s del web i de Facebook. Estem oberts a qualsevol suggeriment que tingueu a b\u00e9 fer-nos per tal de millorar el seu contingut.<\/p>\n<p style=\"text-align: justify;\">Amb un car\u00e0cter m\u00e9s l\u00fadic organitzem les Festes de l\u2019AFA. Per\u00f2 enteses sempre com un vehicle de participaci\u00f3 en la vida de l\u2019escola. \u00c9s per aix\u00f2 que fem la festa de l&#8217;esport, i la festa de fi de curs, que ens permet trobar-nos a passar una estona molt agradable, sopant i ballant tots plegats. I, sobretot, ens permet visitar les exposicions que l\u2019escola fa sobre el treball que els nostres nens i nenes hi han desenvolupat al llarg de tot el curs escolar.<\/p>\n<p style=\"text-align: justify;\">D\u2019una manera m\u00e9s gen\u00e8rica mirem de propiciar la participaci\u00f3 en les eleccions al Consell Escolar del centre. Aquest \u00e9s el m\u00e0xim \u00f2rgan col\u00b7legiat de participaci\u00f3 en el control i la gesti\u00f3 de l\u2019escola. Entre les seves funcions figuren, per exemple, formular propostes a l\u2019equip directiu sobre la Programaci\u00f3 Anual del Centre; aprovar el Projecte Educatiu de Centre i el Reglament de R\u00e8gim Intern; elaborar informes, a petici\u00f3 de l\u2019Administraci\u00f3, sobre el funcionament del centre; participar en el proc\u00e9s d\u2019admissi\u00f3 d\u2019alumnes; con\u00e8ixer la resoluci\u00f3 de conflictes; aprovar el pressupost del centre i la seva liquidaci\u00f3; promoure la conservaci\u00f3 i renovaci\u00f3 de les instal\u00b7lacions; analitzar i valorar el funcionament del centre, l\u2019evoluci\u00f3 del rendiment escolar i els resultats de les avaluacions; proposar mesures que afavoreixin la conviv\u00e8ncia. Entenem que la pres\u00e8ncia exclusiva de membres de la Junta a les candidatures propicia una excessiva endog\u00e0mia, i que \u00e9s bo obrir aquestes candidatures a altres persones. Tot i que entenem que el treball d\u2019aquestes persones en el si del Consell com a representants dels pares ha de coordinar-se, necess\u00e0riament, amb el de la Junta de l\u2019AFA.<\/p>\n<p style=\"text-align: justify;\">Tamb\u00e9 fem, durant el curs, xerrades per a les fam\u00edlies sobre diversos temes d&#8217;inter\u00e8s.<\/p>\n<p style=\"text-align: justify;\">Volem recuperar iniciatives en aquesta l\u00ednia de fomentar la participaci\u00f3. Una seria la reuni\u00f3 de delegats de classe. El delegat de classe \u00e9s un pare o mare que t\u00e9 la responsabilitat d\u2019endegar el Pla d\u2019evacuaci\u00f3 del centre (pensat b\u00e0sicament pel cas de nevada). La nostra idea seria reunir-los un cop per trimestre per mirar de recollir els seus (i els que els hi hagin fet arribar) suggeriments i opinions sobre els serveis i activitats que cauen sota la responsabilitat de l\u2019AFA, aix\u00ed com noves iniciatives que es podrien dur a terme.<\/p>\n<p style=\"text-align: justify;\"><strong>4. Representaci\u00f3 institucional<\/strong><br \/>\nEls membres de la Junta de l\u2019AFA exerceixen la representaci\u00f3 dels seus associats a diferents \u00f2rgans col\u00b7legiats com ara:<\/p>\n<p style=\"text-align: justify;\">\u2022 Consell Escolar del centre\u00a0(1 representant designat).<\/p>\n<p style=\"text-align: justify;\">\u2022 Consell Escolar Municipal.<\/p>\n<p style=\"text-align: justify;\">No cal dir que en tots aquests \u00e0mbits \u00e9s molt important que ens feu arribar les vostres inquietuds i suggeriments, amb l\u2019objectiu que puguem exercir aquesta tasca d\u2019una manera plenament representativa. Nosaltres sempre procurem copsar l\u2019opini\u00f3 dels pares i mares d\u2019una manera informal, a trav\u00e9s de les converses i comentaris que podem tenir a les entrades i sortides de l\u2019escola. Per\u00f2 si no se\u2019ns diuen sempre se\u2019ns poden escapar elements importants a l\u2019hora de prendre iniciatives sobre el que \u00e9s l\u2019opini\u00f3 dels pares i mares de l\u2019escola.<\/p>\n<p style=\"text-align: center;\"><strong><a href=\"https:\/\/www.afaelmirador.cat\/\" target=\"_blank\" rel=\"noopener noreferrer\">P\u00c0GINA WEB DE L&#8217;AFA<\/a><\/strong><\/p>\n<table class=\" aligncenter\" style=\"height: 183px; border-color: #000000; background-color: #ebe8e8;\" width=\"507\">\n<tbody>\n<tr style=\"height: 183px;\">\n<td style=\"height: 183px; width: 501px;\"><strong>\u00a0 \u00a0 \u00a0 \u00a0 \u00a0 \u00a0 \u00a0 \u00a0 \u00a0 \u00a0 \u00a0 \u00a0 \u00a0 \u00a0 \u00a0 \u00a0 \u00a0 \u00a0 \u00a0 \u00a0Atenci\u00f3 als associats<\/strong><\/p>\n<p style=\"text-align: left;\">Per tal de facilitar l&#8217;atenci\u00f3 als nostres associats, tenim contractada una persona que us pot atendre, entre les 9:00 i les 16:45, b\u00e9 personalment al despatx de l&#8217;AFA (al costat de l&#8217;entrada m\u00e9s propera a l&#8217;Institut de l&#8217;edifici d&#8217;Educaci\u00f3 Infantil), b\u00e9 per tel\u00e8fon en el 93 688 17 72 o b\u00e9 per internet a l&#8217;adre\u00e7a de correu electr\u00f2nic: info@afaelmirador.cat<\/p>\n<\/td>\n<\/tr>\n<\/tbody>\n<\/table>\n","protected":false},"excerpt":{"rendered":"<p>QU\u00c8 \u00c9S, QUI S\u00d3N L\u2019AFA? L&#8217;AFA \u00e9s l\u2019Associaci\u00f3 de les fam\u00edlies d\u2019alumnes de l&#8217;escola Puig d\u2019Agulles. Per tant, la resposta [&hellip;]<\/p>\n","protected":false},"author":1,"featured_media":0,"parent":0,"menu_order":0,"comment_status":"closed","ping_status":"closed","template":"","meta":{"_bbp_topic_count":0,"_bbp_reply_count":0,"_bbp_total_topic_count":0,"_bbp_total_reply_count":0,"_bbp_voice_count":0,"_bbp_anonymous_reply_count":0,"_bbp_topic_count_hidden":0,"_bbp_reply_count_hidden":0,"_bbp_forum_subforum_count":0,"site-sidebar-layout":"default","site-content-layout":"","ast-site-content-layout":"","site-content-style":"default","site-sidebar-style":"default","ast-global-header-display":"","ast-banner-title-visibility":"","ast-main-header-display":"","ast-hfb-above-header-display":"","ast-hfb-below-header-display":"","ast-hfb-mobile-header-display":"","site-post-title":"","ast-breadcrumbs-content":"","ast-featured-img":"","footer-sml-layout":"","theme-transparent-header-meta":"","adv-header-id-meta":"","stick-header-meta":"","header-above-stick-meta":"","header-main-stick-meta":"","header-below-stick-meta":"","astra-migrate-meta-layouts":"default","ast-page-background-enabled":"default","ast-page-background-meta":{"desktop":{"background-color":"var(--ast-global-color-4)","background-image":"","background-repeat":"repeat","background-position":"center center","background-size":"auto","background-attachment":"scroll","background-type":"","background-media":"","overlay-type":"","overlay-color":"","overlay-opacity":"","overlay-gradient":""},"tablet":{"background-color":"","background-image":"","background-repeat":"repeat","background-position":"center center","background-size":"auto","background-attachment":"scroll","background-type":"","background-media":"","overlay-type":"","overlay-color":"","overlay-opacity":"","overlay-gradient":""},"mobile":{"background-color":"","background-image":"","background-repeat":"repeat","background-position":"center center","background-size":"auto","background-attachment":"scroll","background-type":"","background-media":"","overlay-type":"","overlay-color":"","overlay-opacity":"","overlay-gradient":""}},"ast-content-background-meta":{"desktop":{"background-color":"var(--ast-global-color-5)","background-image":"","background-repeat":"repeat","background-position":"center center","background-size":"auto","background-attachment":"scroll","background-type":"","background-media":"","overlay-type":"","overlay-color":"","overlay-opacity":"","overlay-gradient":""},"tablet":{"background-color":"var(--ast-global-color-5)","background-image":"","background-repeat":"repeat","background-position":"center center","background-size":"auto","background-attachment":"scroll","background-type":"","background-media":"","overlay-type":"","overlay-color":"","overlay-opacity":"","overlay-gradient":""},"mobile":{"background-color":"var(--ast-global-color-5)","background-image":"","background-repeat":"repeat","background-position":"center center","background-size":"auto","background-attachment":"scroll","background-type":"","background-media":"","overlay-type":"","overlay-color":"","overlay-opacity":"","overlay-gradient":""}},"footnotes":""},"class_list":["post-563","page","type-page","status-publish","hentry"],"post_mailing_queue_ids":[],"_links":{"self":[{"href":"https:\/\/agora.xtec.cat\/ceippuigdagulles\/wp-json\/wp\/v2\/pages\/563","targetHints":{"allow":["GET"]}}],"collection":[{"href":"https:\/\/agora.xtec.cat\/ceippuigdagulles\/wp-json\/wp\/v2\/pages"}],"about":[{"href":"https:\/\/agora.xtec.cat\/ceippuigdagulles\/wp-json\/wp\/v2\/types\/page"}],"author":[{"embeddable":true,"href":"https:\/\/agora.xtec.cat\/ceippuigdagulles\/wp-json\/wp\/v2\/users\/1"}],"replies":[{"embeddable":true,"href":"https:\/\/agora.xtec.cat\/ceippuigdagulles\/wp-json\/wp\/v2\/comments?post=563"}],"version-history":[{"count":4,"href":"https:\/\/agora.xtec.cat\/ceippuigdagulles\/wp-json\/wp\/v2\/pages\/563\/revisions"}],"predecessor-version":[{"id":2895,"href":"https:\/\/agora.xtec.cat\/ceippuigdagulles\/wp-json\/wp\/v2\/pages\/563\/revisions\/2895"}],"wp:attachment":[{"href":"https:\/\/agora.xtec.cat\/ceippuigdagulles\/wp-json\/wp\/v2\/media?parent=563"}],"curies":[{"name":"wp","href":"https:\/\/api.w.org\/{rel}","templated":true}]}}