{"id":463,"date":"2016-03-07T23:30:24","date_gmt":"2016-03-07T22:30:24","guid":{"rendered":"http:\/\/agora.xtec.cat\/ceippuigdagulles\/?page_id=463"},"modified":"2021-02-18T13:16:46","modified_gmt":"2021-02-18T12:16:46","slug":"projecte-linguistic","status":"publish","type":"page","link":"https:\/\/agora.xtec.cat\/ceippuigdagulles\/documentacio-del-centre\/projecte-educatiu\/projecte-linguistic\/","title":{"rendered":"Com ho fem?"},"content":{"rendered":"<p style=\"text-align: justify;\">EL CURR\u00cdCULUM \u00e9s el conjunt de compet\u00e8ncies b\u00e0siques, objectius, continguts, m\u00e8todes pedag\u00f2gics i criteris d\u2019avaluaci\u00f3 que treballem en cadascuna de les etapes educatives (Educaci\u00f3 infantil i educaci\u00f3 prim\u00e0ria) per tal de garantir el nivell educatiu adient per poder accedir a la seg\u00fcent etapa educativa amb \u00e8xit.<\/p>\n<p style=\"text-align: justify;\"><img loading=\"lazy\" decoding=\"async\" class=\"alignright wp-image-952 size-medium\" src=\"https:\/\/agora.xtec.cat\/ceippuigdagulles\/wp-content\/uploads\/usu1050\/2016\/03\/projectes-2-300x225.jpg\" alt=\"\" width=\"300\" height=\"225\" srcset=\"https:\/\/agora.xtec.cat\/ceippuigdagulles\/wp-content\/uploads\/usu1050\/2016\/03\/projectes-2-300x225.jpg 300w, https:\/\/agora.xtec.cat\/ceippuigdagulles\/wp-content\/uploads\/usu1050\/2016\/03\/projectes-2-1024x768.jpg 1024w, https:\/\/agora.xtec.cat\/ceippuigdagulles\/wp-content\/uploads\/usu1050\/2016\/03\/projectes-2-200x150.jpg 200w\" sizes=\"auto, (max-width: 300px) 100vw, 300px\" \/><\/p>\n<p style=\"text-align: justify;\">La finalitat \u00e9s aprendre:<\/p>\n<ul style=\"text-align: justify;\">\n<li>A ser i actuar de manera aut\u00f2noma<\/li>\n<li>A descobrir i tenir iniciativa<\/li>\n<li>A pensar i a comunicar<\/li>\n<li>A conviure i habitar el m\u00f3n<\/li>\n<\/ul>\n<p style=\"text-align: justify;\">Segons el\u00a0 DECRET 181\/2008 DOGC n\u00fam. 5216. del 2n cicle d\u2019Educaci\u00f3 Infantil<\/p>\n<p style=\"text-align: justify;\">\u201cLa finalitat de l&#8217;educaci\u00f3 infantil en els centres \u00e9s contribuir al desenvolupament emocional i afectiu, f\u00edsic i motor, social i cognitiu dels infants en col\u00b7laboraci\u00f3 amb les seves fam\u00edlies, proporcionant-los un clima i entorn de confian\u00e7a on se sentin acollits i amb expectatives d&#8217;aprenentatge.\u201d<\/p>\n<p style=\"text-align: justify;\">I segons l\u2019 Art. 2. DECRET 142\/2007 d&#8217;ordenaci\u00f3 de l&#8217;educaci\u00f3 prim\u00e0ria. DOGC n\u00fam. 49<\/p>\n<p style=\"text-align: justify;\">\u201cLa finalitat de l&#8217;educaci\u00f3 prim\u00e0ria \u00e9s proporcionar a tots els nens i les nenes les compet\u00e8ncies que els permetin assegurar el seu desenvolupament personal i social; adquirir les habilitats i les compet\u00e8ncies culturals i socials relatives a l&#8217;expressi\u00f3 i comprensi\u00f3 oral, a la lectura i a l&#8217;escriptura, al c\u00e0lcul, a la igualtat de drets i oportunitats entre homes i dones, a l&#8217;autonomia personal, la coresponsabilitat i la interdepend\u00e8ncia personal, a la resoluci\u00f3 de problemes i als coneixements b\u00e0sics de la ci\u00e8ncia, la cultura i la conviv\u00e8ncia, el rebuig de tot tipus de comportaments discriminatoris per ra\u00f3 de sexe; desenvolupar la compet\u00e8ncia d&#8217;expressar el que s&#8217;ha apr\u00e8s, d&#8217;explicar amb raons coherents, fiables i ben justificades el seu punt de vista i la seva opini\u00f3, de saber escoltar el punt de vista dels altres amb respecte i d&#8217;arribar a acords quan sigui necessari; desenvolupar les habilitats socials, d&#8217;esfor\u00e7, treball i estudi; expressar el sentit art\u00edstic, la creativitat i l&#8217;afectivitat; i con\u00e8ixer els elements b\u00e0sics de la llengua, la hist\u00f2ria, la geografia i les tradicions pr\u00f2pies de Catalunya que permetin el seu arrelament.\u201d<\/p>\n<p style=\"text-align: justify;\">Per l\u2019adquisici\u00f3\u00a0 d\u2019aquestes finalitats la nostra escola es fonamenta en els seg\u00fcents pilars:<\/p>\n<ul>\n<li style=\"text-align: justify;\">Acompanyament acad\u00e8mic de l\u2019alumnat i l\u2019atenci\u00f3 a la diversitat<\/li>\n<li style=\"text-align: justify;\">Acompanyament emocional ent\u00e8s com la personalitzaci\u00f3 del proc\u00e9s d\u2019ensenyament aprenentatge<\/li>\n<li style=\"text-align: justify;\">El treball global, sistem\u00e0tic i vivencial<\/li>\n<li style=\"text-align: justify;\">Temps de treball a infantil i a prim\u00e0ria<\/li>\n<\/ul>\n","protected":false},"excerpt":{"rendered":"<p>EL CURR\u00cdCULUM \u00e9s el conjunt de compet\u00e8ncies b\u00e0siques, objectius, continguts, m\u00e8todes pedag\u00f2gics i criteris d\u2019avaluaci\u00f3 que treballem en cadascuna de [&hellip;]<\/p>\n","protected":false},"author":1,"featured_media":0,"parent":64,"menu_order":0,"comment_status":"closed","ping_status":"closed","template":"page-templates\/side-menu.php","meta":{"_bbp_topic_count":0,"_bbp_reply_count":0,"_bbp_total_topic_count":0,"_bbp_total_reply_count":0,"_bbp_voice_count":0,"_bbp_anonymous_reply_count":0,"_bbp_topic_count_hidden":0,"_bbp_reply_count_hidden":0,"_bbp_forum_subforum_count":0,"site-sidebar-layout":"default","site-content-layout":"","ast-site-content-layout":"","site-content-style":"default","site-sidebar-style":"default","ast-global-header-display":"","ast-banner-title-visibility":"","ast-main-header-display":"","ast-hfb-above-header-display":"","ast-hfb-below-header-display":"","ast-hfb-mobile-header-display":"","site-post-title":"","ast-breadcrumbs-content":"","ast-featured-img":"","footer-sml-layout":"","theme-transparent-header-meta":"","adv-header-id-meta":"","stick-header-meta":"","header-above-stick-meta":"","header-main-stick-meta":"","header-below-stick-meta":"","astra-migrate-meta-layouts":"default","ast-page-background-enabled":"default","ast-page-background-meta":{"desktop":{"background-color":"var(--ast-global-color-4)","background-image":"","background-repeat":"repeat","background-position":"center center","background-size":"auto","background-attachment":"scroll","background-type":"","background-media":"","overlay-type":"","overlay-color":"","overlay-opacity":"","overlay-gradient":""},"tablet":{"background-color":"","background-image":"","background-repeat":"repeat","background-position":"center center","background-size":"auto","background-attachment":"scroll","background-type":"","background-media":"","overlay-type":"","overlay-color":"","overlay-opacity":"","overlay-gradient":""},"mobile":{"background-color":"","background-image":"","background-repeat":"repeat","background-position":"center center","background-size":"auto","background-attachment":"scroll","background-type":"","background-media":"","overlay-type":"","overlay-color":"","overlay-opacity":"","overlay-gradient":""}},"ast-content-background-meta":{"desktop":{"background-color":"var(--ast-global-color-5)","background-image":"","background-repeat":"repeat","background-position":"center center","background-size":"auto","background-attachment":"scroll","background-type":"","background-media":"","overlay-type":"","overlay-color":"","overlay-opacity":"","overlay-gradient":""},"tablet":{"background-color":"var(--ast-global-color-5)","background-image":"","background-repeat":"repeat","background-position":"center center","background-size":"auto","background-attachment":"scroll","background-type":"","background-media":"","overlay-type":"","overlay-color":"","overlay-opacity":"","overlay-gradient":""},"mobile":{"background-color":"var(--ast-global-color-5)","background-image":"","background-repeat":"repeat","background-position":"center center","background-size":"auto","background-attachment":"scroll","background-type":"","background-media":"","overlay-type":"","overlay-color":"","overlay-opacity":"","overlay-gradient":""}},"footnotes":""},"class_list":["post-463","page","type-page","status-publish","hentry"],"post_mailing_queue_ids":[],"_links":{"self":[{"href":"https:\/\/agora.xtec.cat\/ceippuigdagulles\/wp-json\/wp\/v2\/pages\/463","targetHints":{"allow":["GET"]}}],"collection":[{"href":"https:\/\/agora.xtec.cat\/ceippuigdagulles\/wp-json\/wp\/v2\/pages"}],"about":[{"href":"https:\/\/agora.xtec.cat\/ceippuigdagulles\/wp-json\/wp\/v2\/types\/page"}],"author":[{"embeddable":true,"href":"https:\/\/agora.xtec.cat\/ceippuigdagulles\/wp-json\/wp\/v2\/users\/1"}],"replies":[{"embeddable":true,"href":"https:\/\/agora.xtec.cat\/ceippuigdagulles\/wp-json\/wp\/v2\/comments?post=463"}],"version-history":[{"count":4,"href":"https:\/\/agora.xtec.cat\/ceippuigdagulles\/wp-json\/wp\/v2\/pages\/463\/revisions"}],"predecessor-version":[{"id":2431,"href":"https:\/\/agora.xtec.cat\/ceippuigdagulles\/wp-json\/wp\/v2\/pages\/463\/revisions\/2431"}],"up":[{"embeddable":true,"href":"https:\/\/agora.xtec.cat\/ceippuigdagulles\/wp-json\/wp\/v2\/pages\/64"}],"wp:attachment":[{"href":"https:\/\/agora.xtec.cat\/ceippuigdagulles\/wp-json\/wp\/v2\/media?parent=463"}],"curies":[{"name":"wp","href":"https:\/\/api.w.org\/{rel}","templated":true}]}}