{"id":28,"date":"2014-09-18T12:29:35","date_gmt":"2014-09-18T11:29:35","guid":{"rendered":"http:\/\/agora.xtec.cat\/ceippuigdagulles\/?page_id=28"},"modified":"2023-09-13T15:18:21","modified_gmt":"2023-09-13T13:18:21","slug":"consell-escolar","status":"publish","type":"page","link":"https:\/\/agora.xtec.cat\/ceippuigdagulles\/lescola\/consell-escolar\/","title":{"rendered":"Consell escolar"},"content":{"rendered":"<p><strong>Directora:<\/strong><a href=\"http:\/\/agora.xtec.cat\/ceippuigdagulles\/wp-content\/uploads\/usu1050\/2014\/09\/hands_raised_0-copia-e1457388409211.png\"><img loading=\"lazy\" decoding=\"async\" class=\"alignright size-full wp-image-458\" src=\"http:\/\/agora.xtec.cat\/ceippuigdagulles\/wp-content\/uploads\/usu1050\/2014\/09\/hands_raised_0-copia-e1457388409211.png\" alt=\"hands_raised_0-copia\" width=\"500\" height=\"158\" \/><\/a><br \/>\nCristina Garc\u00eda<\/p>\n<p><strong>Cap d\u2019estudis: <\/strong><br \/>\nCarlos L\u00f3pez Ca\u00f1ete<\/p>\n<p><strong>Secret\u00e0ria acad\u00e8mic: <\/strong><br \/>\nMaria Morat\u00f3<\/p>\n<p><strong>Representant de l\u2019ajuntament:<\/strong><\/p>\n<p>Zaida Ortega<strong><br \/>\n<\/strong><\/p>\n<p><strong>Representants de professorat:<\/strong><br \/>\nNoem\u00ed de Alonso<br \/>\nEsther Gallego<br \/>\nAlberto Jim\u00e9nez<strong><br \/>\n<\/strong>Leonor Lahoz<\/p>\n<p><strong>Representants de pares i mares:<\/strong><br \/>\nLaura Bra\u00f1as<br \/>\nVer\u00f3nica Mart\u00ednez<br \/>\nIrene Ortega<br \/>\nRebeca Campa<\/p>\n<p><strong>Representant AFA:<\/strong><\/p>\n<p>Carol Soler<\/p>\n<p><strong>Representant del PAS: <\/strong><br \/>\nRegina Bahillo<\/p>\n","protected":false},"excerpt":{"rendered":"<p>Directora: Cristina Garc\u00eda Cap d\u2019estudis: Carlos L\u00f3pez Ca\u00f1ete Secret\u00e0ria acad\u00e8mic: Maria Morat\u00f3 Representant de l\u2019ajuntament: Zaida Ortega Representants de professorat: [&hellip;]<\/p>\n","protected":false},"author":1,"featured_media":0,"parent":22,"menu_order":30,"comment_status":"closed","ping_status":"closed","template":"page-templates\/side-menu.php","meta":{"_bbp_topic_count":0,"_bbp_reply_count":0,"_bbp_total_topic_count":0,"_bbp_total_reply_count":0,"_bbp_voice_count":0,"_bbp_anonymous_reply_count":0,"_bbp_topic_count_hidden":0,"_bbp_reply_count_hidden":0,"_bbp_forum_subforum_count":0,"site-sidebar-layout":"default","site-content-layout":"","ast-site-content-layout":"","site-content-style":"default","site-sidebar-style":"default","ast-global-header-display":"","ast-banner-title-visibility":"","ast-main-header-display":"","ast-hfb-above-header-display":"","ast-hfb-below-header-display":"","ast-hfb-mobile-header-display":"","site-post-title":"","ast-breadcrumbs-content":"","ast-featured-img":"","footer-sml-layout":"","theme-transparent-header-meta":"","adv-header-id-meta":"","stick-header-meta":"","header-above-stick-meta":"","header-main-stick-meta":"","header-below-stick-meta":"","astra-migrate-meta-layouts":"default","ast-page-background-enabled":"default","ast-page-background-meta":{"desktop":{"background-color":"var(--ast-global-color-4)","background-image":"","background-repeat":"repeat","background-position":"center center","background-size":"auto","background-attachment":"scroll","background-type":"","background-media":"","overlay-type":"","overlay-color":"","overlay-opacity":"","overlay-gradient":""},"tablet":{"background-color":"","background-image":"","background-repeat":"repeat","background-position":"center center","background-size":"auto","background-attachment":"scroll","background-type":"","background-media":"","overlay-type":"","overlay-color":"","overlay-opacity":"","overlay-gradient":""},"mobile":{"background-color":"","background-image":"","background-repeat":"repeat","background-position":"center center","background-size":"auto","background-attachment":"scroll","background-type":"","background-media":"","overlay-type":"","overlay-color":"","overlay-opacity":"","overlay-gradient":""}},"ast-content-background-meta":{"desktop":{"background-color":"var(--ast-global-color-5)","background-image":"","background-repeat":"repeat","background-position":"center center","background-size":"auto","background-attachment":"scroll","background-type":"","background-media":"","overlay-type":"","overlay-color":"","overlay-opacity":"","overlay-gradient":""},"tablet":{"background-color":"var(--ast-global-color-5)","background-image":"","background-repeat":"repeat","background-position":"center center","background-size":"auto","background-attachment":"scroll","background-type":"","background-media":"","overlay-type":"","overlay-color":"","overlay-opacity":"","overlay-gradient":""},"mobile":{"background-color":"var(--ast-global-color-5)","background-image":"","background-repeat":"repeat","background-position":"center center","background-size":"auto","background-attachment":"scroll","background-type":"","background-media":"","overlay-type":"","overlay-color":"","overlay-opacity":"","overlay-gradient":""}},"footnotes":""},"class_list":["post-28","page","type-page","status-publish","hentry"],"post_mailing_queue_ids":[],"_links":{"self":[{"href":"https:\/\/agora.xtec.cat\/ceippuigdagulles\/wp-json\/wp\/v2\/pages\/28","targetHints":{"allow":["GET"]}}],"collection":[{"href":"https:\/\/agora.xtec.cat\/ceippuigdagulles\/wp-json\/wp\/v2\/pages"}],"about":[{"href":"https:\/\/agora.xtec.cat\/ceippuigdagulles\/wp-json\/wp\/v2\/types\/page"}],"author":[{"embeddable":true,"href":"https:\/\/agora.xtec.cat\/ceippuigdagulles\/wp-json\/wp\/v2\/users\/1"}],"replies":[{"embeddable":true,"href":"https:\/\/agora.xtec.cat\/ceippuigdagulles\/wp-json\/wp\/v2\/comments?post=28"}],"version-history":[{"count":4,"href":"https:\/\/agora.xtec.cat\/ceippuigdagulles\/wp-json\/wp\/v2\/pages\/28\/revisions"}],"predecessor-version":[{"id":2814,"href":"https:\/\/agora.xtec.cat\/ceippuigdagulles\/wp-json\/wp\/v2\/pages\/28\/revisions\/2814"}],"up":[{"embeddable":true,"href":"https:\/\/agora.xtec.cat\/ceippuigdagulles\/wp-json\/wp\/v2\/pages\/22"}],"wp:attachment":[{"href":"https:\/\/agora.xtec.cat\/ceippuigdagulles\/wp-json\/wp\/v2\/media?parent=28"}],"curies":[{"name":"wp","href":"https:\/\/api.w.org\/{rel}","templated":true}]}}