{"id":1736,"date":"2018-09-14T16:09:08","date_gmt":"2018-09-14T14:09:08","guid":{"rendered":"http:\/\/agora.xtec.cat\/ceippuigdagulles\/?page_id=1736"},"modified":"2021-02-18T10:01:22","modified_gmt":"2021-02-18T09:01:22","slug":"criteris-davaluacio","status":"publish","type":"page","link":"https:\/\/agora.xtec.cat\/ceippuigdagulles\/documentacio-del-centre\/criteris-davaluacio\/","title":{"rendered":"Criteris d&#8217;avaluaci\u00f3"},"content":{"rendered":"<p>Des d&#8217;aqu\u00ed podreu accedir als criteris d&#8217;avaluaci\u00f3 dels diferents cicles de prim\u00e0ria.\u00a0 Cliqueu sobre el text que us interessi:<img loading=\"lazy\" decoding=\"async\" class=\"alignright wp-image-1748 size-full\" src=\"http:\/\/agora.xtec.cat\/ceippuigdagulles\/wp-content\/uploads\/usu1050\/2018\/09\/th4N6V5D2B.jpg\" alt=\"\" width=\"474\" height=\"283\" srcset=\"https:\/\/agora.xtec.cat\/ceippuigdagulles\/wp-content\/uploads\/usu1050\/2018\/09\/th4N6V5D2B.jpg 474w, https:\/\/agora.xtec.cat\/ceippuigdagulles\/wp-content\/uploads\/usu1050\/2018\/09\/th4N6V5D2B-300x179.jpg 300w\" sizes=\"auto, (max-width: 474px) 100vw, 474px\" \/><\/p>\n<p style=\"padding-left: 60px;\"><a href=\"https:\/\/drive.google.com\/file\/d\/1z8UGbiu5bKwvm9biulRvcxdKhlxTXLfp\/view?usp=sharing\" target=\"_blank\" rel=\"noopener noreferrer\"><strong>Cicle inicial<\/strong><\/a><\/p>\n<p style=\"padding-left: 60px;\"><a href=\"https:\/\/drive.google.com\/file\/d\/1bBQmEyyFZMDJqDGMOeLW-ozVEeWYwUOd\/view?usp=sharing\" target=\"_blank\" rel=\"noopener noreferrer\"><strong>Cicle mitj\u00e0<\/strong><\/a><\/p>\n<p style=\"padding-left: 60px;\"><a href=\"https:\/\/drive.google.com\/file\/d\/1mY9nmxk8dv7xtIg670DaBNtsR9AvUKqp\/view?usp=sharing\" target=\"_blank\" rel=\"noopener noreferrer\"><strong>Cicle superior<\/strong><\/a><\/p>\n<p>&nbsp;<\/p>\n","protected":false},"excerpt":{"rendered":"<p>Des d&#8217;aqu\u00ed podreu accedir als criteris d&#8217;avaluaci\u00f3 dels diferents cicles de prim\u00e0ria.\u00a0 Cliqueu sobre el text que us interessi: Cicle [&hellip;]<\/p>\n","protected":false},"author":1,"featured_media":0,"parent":1427,"menu_order":0,"comment_status":"closed","ping_status":"closed","template":"","meta":{"_bbp_topic_count":0,"_bbp_reply_count":0,"_bbp_total_topic_count":0,"_bbp_total_reply_count":0,"_bbp_voice_count":0,"_bbp_anonymous_reply_count":0,"_bbp_topic_count_hidden":0,"_bbp_reply_count_hidden":0,"_bbp_forum_subforum_count":0,"site-sidebar-layout":"default","site-content-layout":"","ast-site-content-layout":"","site-content-style":"default","site-sidebar-style":"default","ast-global-header-display":"","ast-banner-title-visibility":"","ast-main-header-display":"","ast-hfb-above-header-display":"","ast-hfb-below-header-display":"","ast-hfb-mobile-header-display":"","site-post-title":"","ast-breadcrumbs-content":"","ast-featured-img":"","footer-sml-layout":"","theme-transparent-header-meta":"","adv-header-id-meta":"","stick-header-meta":"","header-above-stick-meta":"","header-main-stick-meta":"","header-below-stick-meta":"","astra-migrate-meta-layouts":"default","ast-page-background-enabled":"default","ast-page-background-meta":{"desktop":{"background-color":"var(--ast-global-color-4)","background-image":"","background-repeat":"repeat","background-position":"center center","background-size":"auto","background-attachment":"scroll","background-type":"","background-media":"","overlay-type":"","overlay-color":"","overlay-opacity":"","overlay-gradient":""},"tablet":{"background-color":"","background-image":"","background-repeat":"repeat","background-position":"center center","background-size":"auto","background-attachment":"scroll","background-type":"","background-media":"","overlay-type":"","overlay-color":"","overlay-opacity":"","overlay-gradient":""},"mobile":{"background-color":"","background-image":"","background-repeat":"repeat","background-position":"center center","background-size":"auto","background-attachment":"scroll","background-type":"","background-media":"","overlay-type":"","overlay-color":"","overlay-opacity":"","overlay-gradient":""}},"ast-content-background-meta":{"desktop":{"background-color":"var(--ast-global-color-5)","background-image":"","background-repeat":"repeat","background-position":"center center","background-size":"auto","background-attachment":"scroll","background-type":"","background-media":"","overlay-type":"","overlay-color":"","overlay-opacity":"","overlay-gradient":""},"tablet":{"background-color":"var(--ast-global-color-5)","background-image":"","background-repeat":"repeat","background-position":"center center","background-size":"auto","background-attachment":"scroll","background-type":"","background-media":"","overlay-type":"","overlay-color":"","overlay-opacity":"","overlay-gradient":""},"mobile":{"background-color":"var(--ast-global-color-5)","background-image":"","background-repeat":"repeat","background-position":"center center","background-size":"auto","background-attachment":"scroll","background-type":"","background-media":"","overlay-type":"","overlay-color":"","overlay-opacity":"","overlay-gradient":""}},"footnotes":""},"class_list":["post-1736","page","type-page","status-publish","hentry"],"post_mailing_queue_ids":[],"_links":{"self":[{"href":"https:\/\/agora.xtec.cat\/ceippuigdagulles\/wp-json\/wp\/v2\/pages\/1736","targetHints":{"allow":["GET"]}}],"collection":[{"href":"https:\/\/agora.xtec.cat\/ceippuigdagulles\/wp-json\/wp\/v2\/pages"}],"about":[{"href":"https:\/\/agora.xtec.cat\/ceippuigdagulles\/wp-json\/wp\/v2\/types\/page"}],"author":[{"embeddable":true,"href":"https:\/\/agora.xtec.cat\/ceippuigdagulles\/wp-json\/wp\/v2\/users\/1"}],"replies":[{"embeddable":true,"href":"https:\/\/agora.xtec.cat\/ceippuigdagulles\/wp-json\/wp\/v2\/comments?post=1736"}],"version-history":[{"count":4,"href":"https:\/\/agora.xtec.cat\/ceippuigdagulles\/wp-json\/wp\/v2\/pages\/1736\/revisions"}],"predecessor-version":[{"id":2402,"href":"https:\/\/agora.xtec.cat\/ceippuigdagulles\/wp-json\/wp\/v2\/pages\/1736\/revisions\/2402"}],"up":[{"embeddable":true,"href":"https:\/\/agora.xtec.cat\/ceippuigdagulles\/wp-json\/wp\/v2\/pages\/1427"}],"wp:attachment":[{"href":"https:\/\/agora.xtec.cat\/ceippuigdagulles\/wp-json\/wp\/v2\/media?parent=1736"}],"curies":[{"name":"wp","href":"https:\/\/api.w.org\/{rel}","templated":true}]}}