{"id":84,"date":"2014-09-18T14:11:31","date_gmt":"2014-09-18T12:11:31","guid":{"rendered":"http:\/\/agora.xtec.cat\/ceipprats\/?page_id=84"},"modified":"2025-12-20T19:31:07","modified_gmt":"2025-12-20T18:31:07","slug":"activitats-extraescolars","status":"publish","type":"page","link":"https:\/\/agora.xtec.cat\/ceipprats\/afa\/serveis\/activitats-extraescolars\/","title":{"rendered":"Activitats extraescolars"},"content":{"rendered":"<p>Disposem d\u2019una \u00e0mplia i variada oferta d\u2019activitats extraescolars, la majoria impartides en horari de migdia i alguna de tarda. Tamb\u00e9 oferim el servei d\u2019acollida matinal des de les 8 del mat\u00ed.<br \/>\n<span style=\"font-size: x-large\"><br \/>\n&#x1F5D3; Pots consultar els horaris de cada curs clickant <strong><a href=\"#horaris\"><strong>aqu\u00ed<\/strong><\/a><\/strong>.<br \/>\n<\/span><\/p>\n<p><\/p>\n<h3><a id=\"sam\"><strong>Servei d&#8217;acollida matinal (SAM)<\/a><\/strong><\/h3>\n<p align=\"center\">\n<iframe id=\"idIframe\" width=80% height=500px scrolling=\"no\" src=\"https:\/\/josepguardia.gitlab.io\/escolallucanes\/event-sam.html\"><br \/>\n<\/iframe>\n<\/p>\n<h3><a id=\"artistica\"><strong>Art\u00edstica (grans)<\/a><\/strong><\/h3>\n<p align=\"center\">\n<iframe id=\"myIframe\" width=80% height=500px scrolling=\"no\" src=\"https:\/\/josepguardia.gitlab.io\/escolallucanes\/event-artistica.html\"><br \/>\n<\/iframe>\n<\/p>\n<h3><a id=\"esportiva\"><strong>Ioga<\/a><\/strong><\/h3>\n<p align=\"center\">\n<iframe id=\"myIframe\" width=80% height=500px scrolling=\"no\" src=\"https:\/\/josepguardia.gitlab.io\/escolallucanes\/event-ioga.html\"><br \/>\n<\/iframe>\n<\/p>\n<h3><a id=\"artistica\"><strong>Karate<\/a><\/strong><\/h3>\n<p align=\"center\">\n<iframe id=\"myIframe\" width=80% height=500px scrolling=\"no\" src=\"https:\/\/josepguardia.gitlab.io\/escolallucanes\/event-karate.html\"><br \/>\n<\/iframe>\n<\/p>\n<h3><a id=\"global\"><strong>Global English<\/a><\/strong><\/h3>\n<p align=\"center\">\n<iframe id=\"myIframe\" width=80% height=500px scrolling=\"no\" src=\"https:\/\/josepguardia.gitlab.io\/escolallucanes\/event-global.html\"><br \/>\n<\/iframe>\n<\/p>\n<h3><a id=\"kids\"><strong>Kids&#038;us<\/a><\/strong><\/h3>\n<p align=\"center\">\n<iframe id=\"myIframe\" width=80% height=500px scrolling=\"no\" src=\"https:\/\/josepguardia.gitlab.io\/escolallucanes\/event-kids.html\"><br \/>\n<\/iframe>\n<\/p>\n<h3><a id=\"meca\"><strong>Mecanografia i ofim\u00e0tica<\/a><\/strong><\/h3>\n<p align=\"center\">\n<iframe id=\"myIframe\" width=80% height=500px scrolling=\"no\" src=\"https:\/\/josepguardia.gitlab.io\/escolallucanes\/event-meca.html\"><br \/>\n<\/iframe>\n<\/p>\n<h3><strong><a id=\"horaris\">Horaris de les extraescolars<\/a><\/strong><\/h3>\n<p>* Clickant a cada curs veur\u00e0s els seus horaris.<\/p>\n<p><iframe  src=\"https:\/\/josepguardia.gitlab.io\/escolallucanes\/index.html\" width=100% height=2000px><br \/>\n<\/iframe><\/p>\n","protected":false},"excerpt":{"rendered":"<p>Disposem d\u2019una \u00e0mplia i variada oferta d\u2019activitats extraescolars, la majoria impartides en horari de migdia i alguna de tarda. Tamb\u00e9 oferim el servei d\u2019acollida matinal des de les 8 del mat\u00ed. &#x1F5D3; Pots consultar els horaris de cada curs clickant aqu\u00ed. Servei d&#8217;acollida matinal (SAM) Art\u00edstica (grans) Ioga Karate Global English Kids&#038;us Mecanografia i ofim\u00e0tica [&hellip;]<\/p>\n","protected":false},"author":2,"featured_media":0,"parent":66,"menu_order":60,"comment_status":"closed","ping_status":"closed","template":"","meta":{"_bbp_topic_count":0,"_bbp_reply_count":0,"_bbp_total_topic_count":0,"_bbp_total_reply_count":0,"_bbp_voice_count":0,"_bbp_anonymous_reply_count":0,"_bbp_topic_count_hidden":0,"_bbp_reply_count_hidden":0,"_bbp_forum_subforum_count":0,"site-sidebar-layout":"default","site-content-layout":"","ast-site-content-layout":"default","site-content-style":"default","site-sidebar-style":"default","ast-global-header-display":"","ast-banner-title-visibility":"","ast-main-header-display":"","ast-hfb-above-header-display":"","ast-hfb-below-header-display":"","ast-hfb-mobile-header-display":"","site-post-title":"","ast-breadcrumbs-content":"","ast-featured-img":"","footer-sml-layout":"","theme-transparent-header-meta":"default","adv-header-id-meta":"","stick-header-meta":"","header-above-stick-meta":"","header-main-stick-meta":"","header-below-stick-meta":"","astra-migrate-meta-layouts":"set","ast-page-background-enabled":"default","ast-page-background-meta":{"desktop":{"background-color":"var(--ast-global-color-4)","background-image":"","background-repeat":"repeat","background-position":"center center","background-size":"auto","background-attachment":"scroll","background-type":"","background-media":"","overlay-type":"","overlay-color":"","overlay-opacity":"","overlay-gradient":""},"tablet":{"background-color":"","background-image":"","background-repeat":"repeat","background-position":"center center","background-size":"auto","background-attachment":"scroll","background-type":"","background-media":"","overlay-type":"","overlay-color":"","overlay-opacity":"","overlay-gradient":""},"mobile":{"background-color":"","background-image":"","background-repeat":"repeat","background-position":"center center","background-size":"auto","background-attachment":"scroll","background-type":"","background-media":"","overlay-type":"","overlay-color":"","overlay-opacity":"","overlay-gradient":""}},"ast-content-background-meta":{"desktop":{"background-color":"var(--ast-global-color-5)","background-image":"","background-repeat":"repeat","background-position":"center center","background-size":"auto","background-attachment":"scroll","background-type":"","background-media":"","overlay-type":"","overlay-color":"","overlay-opacity":"","overlay-gradient":""},"tablet":{"background-color":"var(--ast-global-color-5)","background-image":"","background-repeat":"repeat","background-position":"center center","background-size":"auto","background-attachment":"scroll","background-type":"","background-media":"","overlay-type":"","overlay-color":"","overlay-opacity":"","overlay-gradient":""},"mobile":{"background-color":"var(--ast-global-color-5)","background-image":"","background-repeat":"repeat","background-position":"center center","background-size":"auto","background-attachment":"scroll","background-type":"","background-media":"","overlay-type":"","overlay-color":"","overlay-opacity":"","overlay-gradient":""}},"footnotes":""},"class_list":["post-84","page","type-page","status-publish","hentry"],"post_mailing_queue_ids":[],"_links":{"self":[{"href":"https:\/\/agora.xtec.cat\/ceipprats\/wp-json\/wp\/v2\/pages\/84","targetHints":{"allow":["GET"]}}],"collection":[{"href":"https:\/\/agora.xtec.cat\/ceipprats\/wp-json\/wp\/v2\/pages"}],"about":[{"href":"https:\/\/agora.xtec.cat\/ceipprats\/wp-json\/wp\/v2\/types\/page"}],"author":[{"embeddable":true,"href":"https:\/\/agora.xtec.cat\/ceipprats\/wp-json\/wp\/v2\/users\/2"}],"replies":[{"embeddable":true,"href":"https:\/\/agora.xtec.cat\/ceipprats\/wp-json\/wp\/v2\/comments?post=84"}],"version-history":[{"count":6,"href":"https:\/\/agora.xtec.cat\/ceipprats\/wp-json\/wp\/v2\/pages\/84\/revisions"}],"predecessor-version":[{"id":5450,"href":"https:\/\/agora.xtec.cat\/ceipprats\/wp-json\/wp\/v2\/pages\/84\/revisions\/5450"}],"up":[{"embeddable":true,"href":"https:\/\/agora.xtec.cat\/ceipprats\/wp-json\/wp\/v2\/pages\/66"}],"wp:attachment":[{"href":"https:\/\/agora.xtec.cat\/ceipprats\/wp-json\/wp\/v2\/media?parent=84"}],"curies":[{"name":"wp","href":"https:\/\/api.w.org\/{rel}","templated":true}]}}