{"id":4691,"date":"2024-09-26T10:38:49","date_gmt":"2024-09-26T08:38:49","guid":{"rendered":"https:\/\/agora.xtec.cat\/ceipprats\/?page_id=4691"},"modified":"2025-10-28T13:29:35","modified_gmt":"2025-10-28T12:29:35","slug":"ei4-2","status":"publish","type":"page","link":"https:\/\/agora.xtec.cat\/ceipprats\/nivells\/educacio-infantil\/ei4-2\/","title":{"rendered":"EI4"},"content":{"rendered":"<p><a href=\"https:\/\/agora.xtec.cat\/ceipprats\/wp-content\/uploads\/usu128\/2025\/10\/i4.jpg\"><img loading=\"lazy\" decoding=\"async\" class=\"aligncenter size-large wp-image-5307\" src=\"https:\/\/agora.xtec.cat\/ceipprats\/wp-content\/uploads\/usu128\/2025\/10\/i4-1024x768.jpg\" alt=\"\" width=\"1024\" height=\"768\" srcset=\"https:\/\/agora.xtec.cat\/ceipprats\/wp-content\/uploads\/usu128\/2025\/10\/i4-1024x768.jpg 1024w, https:\/\/agora.xtec.cat\/ceipprats\/wp-content\/uploads\/usu128\/2025\/10\/i4-300x225.jpg 300w, https:\/\/agora.xtec.cat\/ceipprats\/wp-content\/uploads\/usu128\/2025\/10\/i4-768x576.jpg 768w, https:\/\/agora.xtec.cat\/ceipprats\/wp-content\/uploads\/usu128\/2025\/10\/i4-1536x1152.jpg 1536w, https:\/\/agora.xtec.cat\/ceipprats\/wp-content\/uploads\/usu128\/2025\/10\/i4.jpg 1600w\" sizes=\"auto, (max-width: 1024px) 100vw, 1024px\" \/><\/a><\/p>\n<table style=\"border-collapse: collapse; width: 100.121%; height: 118px;\">\n<tbody>\n<tr style=\"height: 32px;\">\n<td style=\"width: 33.3333%; height: 32px;\">Tutora<\/td>\n<td style=\"width: 33.3333%; height: 32px;\">Gemma Pujol<\/td>\n<\/tr>\n<tr style=\"height: 32px;\">\n<td style=\"width: 33.3333%; height: 32px;\">M\u00fasica<\/td>\n<td style=\"width: 33.3333%; height: 32px;\">David Cervantes<\/td>\n<\/tr>\n<tr style=\"height: 32px;\">\n<td style=\"width: 33.3333%; height: 32px;\">Psicomotricitat<\/td>\n<td style=\"width: 33.3333%; height: 32px;\">Toni Comas<\/td>\n<\/tr>\n<tr>\n<td style=\"width: 33.3333%;\">Angl\u00e8s<\/td>\n<td style=\"width: 33.3333%;\">Aina Urra<\/td>\n<\/tr>\n<\/tbody>\n<\/table>\n<h3>Comunicaci\u00f3<\/h3>\n<div class=\"page\" title=\"Page 3\">\n<div class=\"section\">\n<div class=\"layoutArea\">\n<div class=\"column\">\n<p>Sempre que ho desitgeu podeu anotar les informacions o fer els vostres comentaris a l\u2019agenda o correu electro\u0300nic de les mestres o de la promoci\u00f3.<\/p>\n<p>Rebreu les informacions d\u2019escola per <a href=\"https:\/\/agora.xtec.cat\/ceipprats\/afa\/serveis\/tpv\/\">TPV<\/a> i algunes me\u0301s concretes d\u2019aula pel correu del grup\/classe.<\/p>\n<div class=\"page\" title=\"Page 3\">\n<div class=\"section\">\n<div class=\"layoutArea\">\n<div class=\"column\">\n<p>Us facilitarem l\u2019enllac\u0327 per poder veure les fotos que anirem penjant.<\/p>\n<h3><a href=\"https:\/\/agora.xtec.cat\/ceipprats\/fotos-promocions\/2021-privada\/\" rel=\"noopener\">Zona privada de fotos<\/a><\/h3>\n<\/div>\n<\/div>\n<\/div>\n<\/div>\n<\/div>\n<\/div>\n<\/div>\n<\/div>\n<h3>Horari:<\/h3>\n<p><iframe loading=\"lazy\" src=\"https:\/\/josepguardia.gitlab.io\/escolallucanes\/csv.html?curs=ei4\" width=\"100%\" height=\"2000px\"><br \/>\n<\/iframe><\/p>\n<h4>Serveis &#8211; Extraescolars<\/h4>\n<p>&nbsp;<\/p>\n","protected":false},"excerpt":{"rendered":"<p>Tutora Gemma Pujol M\u00fasica David Cervantes Psicomotricitat Toni Comas Angl\u00e8s Aina Urra Comunicaci\u00f3 Sempre que ho desitgeu podeu anotar les informacions o fer els vostres comentaris a l\u2019agenda o correu electro\u0300nic de les mestres o de la promoci\u00f3. Rebreu les informacions d\u2019escola per TPV i algunes me\u0301s concretes d\u2019aula pel correu del grup\/classe. Us facilitarem [&hellip;]<\/p>\n","protected":false},"author":31,"featured_media":0,"parent":3173,"menu_order":0,"comment_status":"closed","ping_status":"closed","template":"","meta":{"_bbp_topic_count":0,"_bbp_reply_count":0,"_bbp_total_topic_count":0,"_bbp_total_reply_count":0,"_bbp_voice_count":0,"_bbp_anonymous_reply_count":0,"_bbp_topic_count_hidden":0,"_bbp_reply_count_hidden":0,"_bbp_forum_subforum_count":0,"site-sidebar-layout":"default","site-content-layout":"","ast-site-content-layout":"default","site-content-style":"default","site-sidebar-style":"default","ast-global-header-display":"","ast-banner-title-visibility":"","ast-main-header-display":"","ast-hfb-above-header-display":"","ast-hfb-below-header-display":"","ast-hfb-mobile-header-display":"","site-post-title":"","ast-breadcrumbs-content":"","ast-featured-img":"","footer-sml-layout":"","theme-transparent-header-meta":"default","adv-header-id-meta":"","stick-header-meta":"","header-above-stick-meta":"","header-main-stick-meta":"","header-below-stick-meta":"","astra-migrate-meta-layouts":"set","ast-page-background-enabled":"default","ast-page-background-meta":{"desktop":{"background-color":"var(--ast-global-color-4)","background-image":"","background-repeat":"repeat","background-position":"center center","background-size":"auto","background-attachment":"scroll","background-type":"","background-media":"","overlay-type":"","overlay-color":"","overlay-opacity":"","overlay-gradient":""},"tablet":{"background-color":"","background-image":"","background-repeat":"repeat","background-position":"center center","background-size":"auto","background-attachment":"scroll","background-type":"","background-media":"","overlay-type":"","overlay-color":"","overlay-opacity":"","overlay-gradient":""},"mobile":{"background-color":"","background-image":"","background-repeat":"repeat","background-position":"center center","background-size":"auto","background-attachment":"scroll","background-type":"","background-media":"","overlay-type":"","overlay-color":"","overlay-opacity":"","overlay-gradient":""}},"ast-content-background-meta":{"desktop":{"background-color":"var(--ast-global-color-5)","background-image":"","background-repeat":"repeat","background-position":"center center","background-size":"auto","background-attachment":"scroll","background-type":"","background-media":"","overlay-type":"","overlay-color":"","overlay-opacity":"","overlay-gradient":""},"tablet":{"background-color":"var(--ast-global-color-5)","background-image":"","background-repeat":"repeat","background-position":"center center","background-size":"auto","background-attachment":"scroll","background-type":"","background-media":"","overlay-type":"","overlay-color":"","overlay-opacity":"","overlay-gradient":""},"mobile":{"background-color":"var(--ast-global-color-5)","background-image":"","background-repeat":"repeat","background-position":"center center","background-size":"auto","background-attachment":"scroll","background-type":"","background-media":"","overlay-type":"","overlay-color":"","overlay-opacity":"","overlay-gradient":""}},"footnotes":""},"class_list":["post-4691","page","type-page","status-publish","hentry"],"post_mailing_queue_ids":[],"_links":{"self":[{"href":"https:\/\/agora.xtec.cat\/ceipprats\/wp-json\/wp\/v2\/pages\/4691","targetHints":{"allow":["GET"]}}],"collection":[{"href":"https:\/\/agora.xtec.cat\/ceipprats\/wp-json\/wp\/v2\/pages"}],"about":[{"href":"https:\/\/agora.xtec.cat\/ceipprats\/wp-json\/wp\/v2\/types\/page"}],"author":[{"embeddable":true,"href":"https:\/\/agora.xtec.cat\/ceipprats\/wp-json\/wp\/v2\/users\/31"}],"replies":[{"embeddable":true,"href":"https:\/\/agora.xtec.cat\/ceipprats\/wp-json\/wp\/v2\/comments?post=4691"}],"version-history":[{"count":6,"href":"https:\/\/agora.xtec.cat\/ceipprats\/wp-json\/wp\/v2\/pages\/4691\/revisions"}],"predecessor-version":[{"id":5308,"href":"https:\/\/agora.xtec.cat\/ceipprats\/wp-json\/wp\/v2\/pages\/4691\/revisions\/5308"}],"up":[{"embeddable":true,"href":"https:\/\/agora.xtec.cat\/ceipprats\/wp-json\/wp\/v2\/pages\/3173"}],"wp:attachment":[{"href":"https:\/\/agora.xtec.cat\/ceipprats\/wp-json\/wp\/v2\/media?parent=4691"}],"curies":[{"name":"wp","href":"https:\/\/api.w.org\/{rel}","templated":true}]}}