{"id":3238,"date":"2021-09-15T12:24:07","date_gmt":"2021-09-15T10:24:07","guid":{"rendered":"https:\/\/agora.xtec.cat\/ceipprats\/?page_id=3238"},"modified":"2021-09-30T09:41:58","modified_gmt":"2021-09-30T07:41:58","slug":"preguntes-frequents","status":"publish","type":"page","link":"https:\/\/agora.xtec.cat\/ceipprats\/afa\/preguntes-frequents\/","title":{"rendered":"Preguntes Freq\u00fcents"},"content":{"rendered":"<ul>\n<li><a href=\"#SAM\">Servei d&#8217;Acollida Matinal<\/a><\/li>\n<li><a href=\"#Menjador\">Menjador<\/a><\/li>\n<\/ul>\n<h3><a id=\"SAM\"><\/a>Servei d&#8217;Acollida Matinal (SAM)<\/h3>\n<table style=\"border-collapse: collapse; width: 100%;\">\n<tbody>\n<tr>\n<td style=\"width: 50%;\">Els alumnes espor\u00e0dics s&#8217;han d&#8217;apuntar?<\/td>\n<td style=\"width: 50%;\">No. Els alumnes espor\u00e0dics no cal que s&#8217;apuntin enlloc.<\/td>\n<\/tr>\n<tr>\n<td style=\"width: 50%;\">Quan han de pagar els alumnes espor\u00e0dics?<\/td>\n<td style=\"width: 50%;\">Els alumnes espor\u00e0ics han de pagar el mateix dia que es quedin en afectiu. (3\u20ac).<\/td>\n<\/tr>\n<tr>\n<td style=\"width: 50%;\"><\/td>\n<td style=\"width: 50%;\"><\/td>\n<\/tr>\n<\/tbody>\n<\/table>\n<h3><a id=\"Menjador\"><\/a>Menjador<\/h3>\n<table style=\"border-collapse: collapse; width: 100%; height: 124px;\">\n<tbody>\n<tr style=\"height: 31px;\">\n<td style=\"width: 50%; height: 31px;\">Qui gestiona el menjador?<\/td>\n<td style=\"width: 50%; height: 31px;\"><\/td>\n<\/tr>\n<tr style=\"height: 31px;\">\n<td style=\"width: 50%; height: 31px;\">On puc trobar els men\u00fas?<\/td>\n<td style=\"width: 50%; height: 31px;\"><\/td>\n<\/tr>\n<tr style=\"height: 31px;\">\n<td style=\"width: 50%; height: 31px;\">Qu\u00e8 passa si el meu fill te mal de panxa?<\/td>\n<td style=\"width: 50%; height: 31px;\">Al demat\u00ed es pot demanar men\u00fa especial. (p. ex: arr\u00f2s bullit i pollastre a la planxa).<\/td>\n<\/tr>\n<tr style=\"height: 31px;\">\n<td style=\"width: 50%; height: 31px;\"><\/td>\n<td style=\"width: 50%; height: 31px;\"><\/td>\n<\/tr>\n<\/tbody>\n<\/table>\n","protected":false},"excerpt":{"rendered":"<p>Servei d&#8217;Acollida Matinal Menjador Servei d&#8217;Acollida Matinal (SAM) Els alumnes espor\u00e0dics s&#8217;han d&#8217;apuntar? No. Els alumnes espor\u00e0dics no cal que s&#8217;apuntin enlloc. Quan han de pagar els alumnes espor\u00e0dics? Els alumnes espor\u00e0ics han de pagar el mateix dia que es quedin en afectiu. (3\u20ac). Menjador Qui gestiona el menjador? On puc trobar els men\u00fas? Qu\u00e8 [&hellip;]<\/p>\n","protected":false},"author":24,"featured_media":0,"parent":2274,"menu_order":0,"comment_status":"closed","ping_status":"closed","template":"","meta":{"_bbp_topic_count":0,"_bbp_reply_count":0,"_bbp_total_topic_count":0,"_bbp_total_reply_count":0,"_bbp_voice_count":0,"_bbp_anonymous_reply_count":0,"_bbp_topic_count_hidden":0,"_bbp_reply_count_hidden":0,"_bbp_forum_subforum_count":0,"site-sidebar-layout":"default","site-content-layout":"","ast-site-content-layout":"","site-content-style":"default","site-sidebar-style":"default","ast-global-header-display":"","ast-banner-title-visibility":"","ast-main-header-display":"","ast-hfb-above-header-display":"","ast-hfb-below-header-display":"","ast-hfb-mobile-header-display":"","site-post-title":"","ast-breadcrumbs-content":"","ast-featured-img":"","footer-sml-layout":"","theme-transparent-header-meta":"","adv-header-id-meta":"","stick-header-meta":"","header-above-stick-meta":"","header-main-stick-meta":"","header-below-stick-meta":"","astra-migrate-meta-layouts":"default","ast-page-background-enabled":"default","ast-page-background-meta":{"desktop":{"background-color":"var(--ast-global-color-4)","background-image":"","background-repeat":"repeat","background-position":"center center","background-size":"auto","background-attachment":"scroll","background-type":"","background-media":"","overlay-type":"","overlay-color":"","overlay-opacity":"","overlay-gradient":""},"tablet":{"background-color":"","background-image":"","background-repeat":"repeat","background-position":"center center","background-size":"auto","background-attachment":"scroll","background-type":"","background-media":"","overlay-type":"","overlay-color":"","overlay-opacity":"","overlay-gradient":""},"mobile":{"background-color":"","background-image":"","background-repeat":"repeat","background-position":"center center","background-size":"auto","background-attachment":"scroll","background-type":"","background-media":"","overlay-type":"","overlay-color":"","overlay-opacity":"","overlay-gradient":""}},"ast-content-background-meta":{"desktop":{"background-color":"var(--ast-global-color-5)","background-image":"","background-repeat":"repeat","background-position":"center center","background-size":"auto","background-attachment":"scroll","background-type":"","background-media":"","overlay-type":"","overlay-color":"","overlay-opacity":"","overlay-gradient":""},"tablet":{"background-color":"var(--ast-global-color-5)","background-image":"","background-repeat":"repeat","background-position":"center center","background-size":"auto","background-attachment":"scroll","background-type":"","background-media":"","overlay-type":"","overlay-color":"","overlay-opacity":"","overlay-gradient":""},"mobile":{"background-color":"var(--ast-global-color-5)","background-image":"","background-repeat":"repeat","background-position":"center center","background-size":"auto","background-attachment":"scroll","background-type":"","background-media":"","overlay-type":"","overlay-color":"","overlay-opacity":"","overlay-gradient":""}},"footnotes":""},"class_list":["post-3238","page","type-page","status-publish","hentry"],"post_mailing_queue_ids":[],"_links":{"self":[{"href":"https:\/\/agora.xtec.cat\/ceipprats\/wp-json\/wp\/v2\/pages\/3238","targetHints":{"allow":["GET"]}}],"collection":[{"href":"https:\/\/agora.xtec.cat\/ceipprats\/wp-json\/wp\/v2\/pages"}],"about":[{"href":"https:\/\/agora.xtec.cat\/ceipprats\/wp-json\/wp\/v2\/types\/page"}],"author":[{"embeddable":true,"href":"https:\/\/agora.xtec.cat\/ceipprats\/wp-json\/wp\/v2\/users\/24"}],"replies":[{"embeddable":true,"href":"https:\/\/agora.xtec.cat\/ceipprats\/wp-json\/wp\/v2\/comments?post=3238"}],"version-history":[{"count":4,"href":"https:\/\/agora.xtec.cat\/ceipprats\/wp-json\/wp\/v2\/pages\/3238\/revisions"}],"predecessor-version":[{"id":3322,"href":"https:\/\/agora.xtec.cat\/ceipprats\/wp-json\/wp\/v2\/pages\/3238\/revisions\/3322"}],"up":[{"embeddable":true,"href":"https:\/\/agora.xtec.cat\/ceipprats\/wp-json\/wp\/v2\/pages\/2274"}],"wp:attachment":[{"href":"https:\/\/agora.xtec.cat\/ceipprats\/wp-json\/wp\/v2\/media?parent=3238"}],"curies":[{"name":"wp","href":"https:\/\/api.w.org\/{rel}","templated":true}]}}