{"id":3151,"date":"2021-07-22T13:33:51","date_gmt":"2021-07-22T11:33:51","guid":{"rendered":"https:\/\/agora.xtec.cat\/ceipprats\/?page_id=3151"},"modified":"2025-10-21T15:55:48","modified_gmt":"2025-10-21T13:55:48","slug":"4t","status":"publish","type":"page","link":"https:\/\/agora.xtec.cat\/ceipprats\/nivells\/cicle-mitja\/4t\/","title":{"rendered":"4t"},"content":{"rendered":"<h3><\/h3>\n<h3>Professors\/es<\/h3>\n<p>&nbsp;<\/p>\n<table style=\"border-collapse: collapse; width: 100%; height: 165px;\">\n<tbody>\n<tr style=\"height: 32px;\">\n<td style=\"width: 33.3333%; height: 32px;\">Tutores<\/td>\n<td style=\"width: 33.3333%; height: 32px;\">Anna Vil\u00e0 i Sergi M.<\/td>\n<\/tr>\n<tr style=\"height: 32px;\">\n<td style=\"width: 33.3333%; height: 32px;\">M\u00fasica<\/td>\n<td style=\"width: 33.3333%; height: 32px;\">David Cervantes<\/td>\n<\/tr>\n<tr style=\"height: 32px;\">\n<td style=\"width: 33.3333%; height: 32px;\">Angl\u00e8s<\/td>\n<td style=\"width: 33.3333%; height: 32px;\">Eva Romero i Sergi M.<\/td>\n<\/tr>\n<tr style=\"height: 32px;\">\n<td style=\"width: 33.3333%; height: 32px;\">Educaci\u00f3 F\u00edsica<\/td>\n<td style=\"width: 33.3333%; height: 32px;\">Anna Vil\u00e0<\/td>\n<\/tr>\n<\/tbody>\n<\/table>\n<h3>Comunicaci\u00f3<\/h3>\n<div class=\"page\" title=\"Page 3\">\n<div class=\"section\">\n<div class=\"layoutArea\">\n<div class=\"column\">\n<p>Sempre que ho desitgeu podeu anotar les informacions o fer els vostres comentaris a l\u2019agenda o correu electro\u0300nic de les mestres.<\/p>\n<p>Rebreu les informacions d\u2019escola per <a href=\"https:\/\/agora.xtec.cat\/ceipprats\/afa\/serveis\/tpv\/\">TPV<\/a> i algunes me\u0301s concretes d\u2019aula pel correu del grup\/classe.<\/p>\n<div class=\"page\" title=\"Page 3\">\n<div class=\"section\">\n<div class=\"layoutArea\">\n<div class=\"column\">\n<p>Us facilitarem l\u2019enllac\u0327 per poder veure les fotos que anirem penjant.<\/p>\n<h3><a href=\"https:\/\/agora.xtec.cat\/ceipprats\/fotos-promocions\/2016-privada\/\" rel=\"noopener\">Zona privada de fotos<\/a><\/h3>\n<\/div>\n<\/div>\n<\/div>\n<\/div>\n<\/div>\n<\/div>\n<\/div>\n<\/div>\n<h3>Horari:<\/h3>\n<h4>4T A<\/h4>\n<p><iframe loading=\"lazy\" src=\"https:\/\/josepguardia.gitlab.io\/escolallucanes\/csv.html?curs=4t\" width=\"100%\" height=\"1500px\"><br \/>\n<\/iframe><\/p>\n<h4>4T B<\/h4>\n<p><iframe loading=\"lazy\" src=\"https:\/\/josepguardia.gitlab.io\/escolallucanes\/csv.html?curs=4tb\" width=\"100%\" height=\"2000px\"><br \/>\n<\/iframe><\/p>\n<h4>Serveis &#8211; Extraescolars<\/h4>\n","protected":false},"excerpt":{"rendered":"<p>Professors\/es &nbsp; Tutores Anna Vil\u00e0 i Sergi M. M\u00fasica David Cervantes Angl\u00e8s Eva Romero i Sergi M. Educaci\u00f3 F\u00edsica Anna Vil\u00e0 Comunicaci\u00f3 Sempre que ho desitgeu podeu anotar les informacions o fer els vostres comentaris a l\u2019agenda o correu electro\u0300nic de les mestres. Rebreu les informacions d\u2019escola per TPV i algunes me\u0301s concretes d\u2019aula pel [&hellip;]<\/p>\n","protected":false},"author":24,"featured_media":0,"parent":3177,"menu_order":0,"comment_status":"closed","ping_status":"closed","template":"","meta":{"_bbp_topic_count":0,"_bbp_reply_count":0,"_bbp_total_topic_count":0,"_bbp_total_reply_count":0,"_bbp_voice_count":0,"_bbp_anonymous_reply_count":0,"_bbp_topic_count_hidden":0,"_bbp_reply_count_hidden":0,"_bbp_forum_subforum_count":0,"site-sidebar-layout":"default","site-content-layout":"","ast-site-content-layout":"default","site-content-style":"default","site-sidebar-style":"default","ast-global-header-display":"","ast-banner-title-visibility":"","ast-main-header-display":"","ast-hfb-above-header-display":"","ast-hfb-below-header-display":"","ast-hfb-mobile-header-display":"","site-post-title":"","ast-breadcrumbs-content":"","ast-featured-img":"","footer-sml-layout":"","theme-transparent-header-meta":"default","adv-header-id-meta":"","stick-header-meta":"","header-above-stick-meta":"","header-main-stick-meta":"","header-below-stick-meta":"","astra-migrate-meta-layouts":"set","ast-page-background-enabled":"default","ast-page-background-meta":{"desktop":{"background-color":"var(--ast-global-color-4)","background-image":"","background-repeat":"repeat","background-position":"center center","background-size":"auto","background-attachment":"scroll","background-type":"","background-media":"","overlay-type":"","overlay-color":"","overlay-opacity":"","overlay-gradient":""},"tablet":{"background-color":"","background-image":"","background-repeat":"repeat","background-position":"center center","background-size":"auto","background-attachment":"scroll","background-type":"","background-media":"","overlay-type":"","overlay-color":"","overlay-opacity":"","overlay-gradient":""},"mobile":{"background-color":"","background-image":"","background-repeat":"repeat","background-position":"center center","background-size":"auto","background-attachment":"scroll","background-type":"","background-media":"","overlay-type":"","overlay-color":"","overlay-opacity":"","overlay-gradient":""}},"ast-content-background-meta":{"desktop":{"background-color":"var(--ast-global-color-5)","background-image":"","background-repeat":"repeat","background-position":"center center","background-size":"auto","background-attachment":"scroll","background-type":"","background-media":"","overlay-type":"","overlay-color":"","overlay-opacity":"","overlay-gradient":""},"tablet":{"background-color":"var(--ast-global-color-5)","background-image":"","background-repeat":"repeat","background-position":"center center","background-size":"auto","background-attachment":"scroll","background-type":"","background-media":"","overlay-type":"","overlay-color":"","overlay-opacity":"","overlay-gradient":""},"mobile":{"background-color":"var(--ast-global-color-5)","background-image":"","background-repeat":"repeat","background-position":"center center","background-size":"auto","background-attachment":"scroll","background-type":"","background-media":"","overlay-type":"","overlay-color":"","overlay-opacity":"","overlay-gradient":""}},"footnotes":""},"class_list":["post-3151","page","type-page","status-publish","hentry"],"post_mailing_queue_ids":[],"_links":{"self":[{"href":"https:\/\/agora.xtec.cat\/ceipprats\/wp-json\/wp\/v2\/pages\/3151","targetHints":{"allow":["GET"]}}],"collection":[{"href":"https:\/\/agora.xtec.cat\/ceipprats\/wp-json\/wp\/v2\/pages"}],"about":[{"href":"https:\/\/agora.xtec.cat\/ceipprats\/wp-json\/wp\/v2\/types\/page"}],"author":[{"embeddable":true,"href":"https:\/\/agora.xtec.cat\/ceipprats\/wp-json\/wp\/v2\/users\/24"}],"replies":[{"embeddable":true,"href":"https:\/\/agora.xtec.cat\/ceipprats\/wp-json\/wp\/v2\/comments?post=3151"}],"version-history":[{"count":8,"href":"https:\/\/agora.xtec.cat\/ceipprats\/wp-json\/wp\/v2\/pages\/3151\/revisions"}],"predecessor-version":[{"id":5297,"href":"https:\/\/agora.xtec.cat\/ceipprats\/wp-json\/wp\/v2\/pages\/3151\/revisions\/5297"}],"up":[{"embeddable":true,"href":"https:\/\/agora.xtec.cat\/ceipprats\/wp-json\/wp\/v2\/pages\/3177"}],"wp:attachment":[{"href":"https:\/\/agora.xtec.cat\/ceipprats\/wp-json\/wp\/v2\/media?parent=3151"}],"curies":[{"name":"wp","href":"https:\/\/api.w.org\/{rel}","templated":true}]}}