{"id":28,"date":"2014-09-18T12:29:35","date_gmt":"2014-09-18T12:29:35","guid":{"rendered":"http:\/\/agora.xtec.cat\/ceipprats\/?page_id=28"},"modified":"2025-10-21T14:30:28","modified_gmt":"2025-10-21T12:30:28","slug":"consell-escolar","status":"publish","type":"page","link":"https:\/\/agora.xtec.cat\/ceipprats\/lescola\/consell-escolar\/","title":{"rendered":"Consell escolar"},"content":{"rendered":"<p>&nbsp;<\/p>\n<p>El Consell Escolar est\u00e0 compost pels seg\u00fcents membres:<\/p>\n<table>\n<tbody>\n<tr>\n<td width=\"326\">C\u00c0RREC<\/td>\n<td width=\"293\">NOM I COGNOMS<\/td>\n<\/tr>\n<tr>\n<td width=\"326\">Presidenta<\/td>\n<td width=\"293\">Noem\u00ed Puigdesens<\/td>\n<\/tr>\n<tr>\n<td width=\"326\">Cap d&#8217;Estudis<\/td>\n<td width=\"293\">Gemma Pujol<\/td>\n<\/tr>\n<tr>\n<td width=\"326\">Secretari<\/td>\n<td width=\"293\">Sandra Ruaix<\/td>\n<\/tr>\n<tr>\n<td width=\"326\">Representants del sector mestres<\/td>\n<td rowspan=\"2\" width=\"293\">S\u00f2nia Serra<\/p>\n<p>Eva Font<\/p>\n<p>Merc\u00e8 Vi\u00f1as<\/p>\n<p>Anna Vil\u00e0<\/p>\n<p>Eva Romero<\/p>\n<p>Daria Font<\/td>\n<\/tr>\n<tr>\n<td width=\"326\"><\/td>\n<\/tr>\n<tr>\n<td width=\"326\">Representants del sector pares<\/td>\n<td rowspan=\"2\" width=\"293\">Eva Castells<\/p>\n<p>Cristina Sellas<\/p>\n<p>Anna Rossinyol<\/p>\n<p>Mireia Camprub\u00ed<\/p>\n<p>Toni Tarres<\/p>\n<p>&nbsp;<\/p>\n<p>Sandra Martin<\/td>\n<\/tr>\n<tr>\n<td width=\"326\">&nbsp;<\/p>\n<p>&nbsp;<\/p>\n<p>&nbsp;<\/p>\n<p>&nbsp;<\/p>\n<p>Representant AFA<\/td>\n<\/tr>\n<tr>\n<td width=\"326\">Representant de l&#8217; ajuntament<\/td>\n<td width=\"293\">Rosa Vil\u00e0<\/td>\n<\/tr>\n<tr>\n<td width=\"326\">Representant del sector serveis<\/td>\n<td width=\"293\">Jordi Aranda<\/td>\n<\/tr>\n<\/tbody>\n<\/table>\n<p>&nbsp;<\/p>\n","protected":false},"excerpt":{"rendered":"<p>&nbsp; El Consell Escolar est\u00e0 compost pels seg\u00fcents membres: C\u00c0RREC NOM I COGNOMS Presidenta Noem\u00ed Puigdesens Cap d&#8217;Estudis Gemma Pujol Secretari Sandra Ruaix Representants del sector mestres S\u00f2nia Serra Eva Font Merc\u00e8 Vi\u00f1as Anna Vil\u00e0 Eva Romero Daria Font Representants del sector pares Eva Castells Cristina Sellas Anna Rossinyol Mireia Camprub\u00ed Toni Tarres &nbsp; Sandra [&hellip;]<\/p>\n","protected":false},"author":2,"featured_media":0,"parent":22,"menu_order":30,"comment_status":"closed","ping_status":"closed","template":"","meta":{"_bbp_topic_count":0,"_bbp_reply_count":0,"_bbp_total_topic_count":0,"_bbp_total_reply_count":0,"_bbp_voice_count":0,"_bbp_anonymous_reply_count":0,"_bbp_topic_count_hidden":0,"_bbp_reply_count_hidden":0,"_bbp_forum_subforum_count":0,"site-sidebar-layout":"default","site-content-layout":"","ast-site-content-layout":"default","site-content-style":"default","site-sidebar-style":"default","ast-global-header-display":"","ast-banner-title-visibility":"","ast-main-header-display":"","ast-hfb-above-header-display":"","ast-hfb-below-header-display":"","ast-hfb-mobile-header-display":"","site-post-title":"","ast-breadcrumbs-content":"","ast-featured-img":"","footer-sml-layout":"","theme-transparent-header-meta":"default","adv-header-id-meta":"","stick-header-meta":"","header-above-stick-meta":"","header-main-stick-meta":"","header-below-stick-meta":"","astra-migrate-meta-layouts":"set","ast-page-background-enabled":"default","ast-page-background-meta":{"desktop":{"background-color":"var(--ast-global-color-4)","background-image":"","background-repeat":"repeat","background-position":"center center","background-size":"auto","background-attachment":"scroll","background-type":"","background-media":"","overlay-type":"","overlay-color":"","overlay-opacity":"","overlay-gradient":""},"tablet":{"background-color":"","background-image":"","background-repeat":"repeat","background-position":"center center","background-size":"auto","background-attachment":"scroll","background-type":"","background-media":"","overlay-type":"","overlay-color":"","overlay-opacity":"","overlay-gradient":""},"mobile":{"background-color":"","background-image":"","background-repeat":"repeat","background-position":"center center","background-size":"auto","background-attachment":"scroll","background-type":"","background-media":"","overlay-type":"","overlay-color":"","overlay-opacity":"","overlay-gradient":""}},"ast-content-background-meta":{"desktop":{"background-color":"var(--ast-global-color-5)","background-image":"","background-repeat":"repeat","background-position":"center center","background-size":"auto","background-attachment":"scroll","background-type":"","background-media":"","overlay-type":"","overlay-color":"","overlay-opacity":"","overlay-gradient":""},"tablet":{"background-color":"var(--ast-global-color-5)","background-image":"","background-repeat":"repeat","background-position":"center center","background-size":"auto","background-attachment":"scroll","background-type":"","background-media":"","overlay-type":"","overlay-color":"","overlay-opacity":"","overlay-gradient":""},"mobile":{"background-color":"var(--ast-global-color-5)","background-image":"","background-repeat":"repeat","background-position":"center center","background-size":"auto","background-attachment":"scroll","background-type":"","background-media":"","overlay-type":"","overlay-color":"","overlay-opacity":"","overlay-gradient":""}},"footnotes":""},"class_list":["post-28","page","type-page","status-publish","hentry"],"post_mailing_queue_ids":[],"_links":{"self":[{"href":"https:\/\/agora.xtec.cat\/ceipprats\/wp-json\/wp\/v2\/pages\/28","targetHints":{"allow":["GET"]}}],"collection":[{"href":"https:\/\/agora.xtec.cat\/ceipprats\/wp-json\/wp\/v2\/pages"}],"about":[{"href":"https:\/\/agora.xtec.cat\/ceipprats\/wp-json\/wp\/v2\/types\/page"}],"author":[{"embeddable":true,"href":"https:\/\/agora.xtec.cat\/ceipprats\/wp-json\/wp\/v2\/users\/2"}],"replies":[{"embeddable":true,"href":"https:\/\/agora.xtec.cat\/ceipprats\/wp-json\/wp\/v2\/comments?post=28"}],"version-history":[{"count":4,"href":"https:\/\/agora.xtec.cat\/ceipprats\/wp-json\/wp\/v2\/pages\/28\/revisions"}],"predecessor-version":[{"id":5270,"href":"https:\/\/agora.xtec.cat\/ceipprats\/wp-json\/wp\/v2\/pages\/28\/revisions\/5270"}],"up":[{"embeddable":true,"href":"https:\/\/agora.xtec.cat\/ceipprats\/wp-json\/wp\/v2\/pages\/22"}],"wp:attachment":[{"href":"https:\/\/agora.xtec.cat\/ceipprats\/wp-json\/wp\/v2\/media?parent=28"}],"curies":[{"name":"wp","href":"https:\/\/api.w.org\/{rel}","templated":true}]}}