{"id":24,"date":"2014-09-18T12:23:15","date_gmt":"2014-09-18T12:23:15","guid":{"rendered":"http:\/\/agora.xtec.cat\/ceipprats\/?page_id=24"},"modified":"2021-03-15T11:29:47","modified_gmt":"2021-03-15T10:29:47","slug":"on-som","status":"publish","type":"page","link":"https:\/\/agora.xtec.cat\/ceipprats\/lescola\/on-som\/","title":{"rendered":"On som"},"content":{"rendered":"<p style=\"color: #666666;\"><strong>Escola Llu\u00e7an\u00e8s<\/strong><br \/>\nCarrer Mateu Garreta, 11<br \/>\n08513 Prats de Llu\u00e7an\u00e8s<\/p>\n<p>Tel. 937060021<br \/>\na8023207@xtec.cat<\/p>\n<p><strong>Prats de Llu\u00e7an\u00e8s <\/strong>\u00e9s una petita poblaci\u00f3 de 2500 habitants amb una gran tradici\u00f3 cultural.<\/p>\n<table border=\"0\">\n<tbody>\n<tr>\n<td><a title=\"Prats de Llu\u00e7an\u00e8s\" href=\"http:\/\/pratsdellucanes.webempresa.eu\/\" target=\"_blank\" rel=\"noopener noreferrer\"><img loading=\"lazy\" decoding=\"async\" class=\"alignright size-full wp-image-1171\" src=\"http:\/\/blocs.xtec.cat\/ceipllucanesprats\/files\/2010\/06\/prats3.jpg\" alt=\"prats3\" width=\"500\" height=\"241\" \/><\/a><\/td>\n<\/tr>\n<\/tbody>\n<\/table>\n<p>Sovint els nostres alumnes participen activament de les iniciatives, activitats i festes del poble i dels seus habitants participant als diferents concursos impulsats des de l&#8217;Ajuntament, aprenent les danses i tradicions de la nostra vila, desenvolupament tasques mediambientlas coordinades amb la poblaci\u00f3 local, visitant llocs d&#8217;inter\u00e8s tur\u00edstic i cultural relacionats amb un centre d&#8217;inter\u00e8s&#8230;<\/p>\n<p><strong>Clicant sobre la imatge del poble podreu accedir a l&#8217;espai web amb m\u00e9s informaci\u00f3 del municipi.<\/strong><\/p>\n<p><strong><span style=\"color: #ff0000;\">ON ES TROBA PRATS DE LLU\u00c7AN\u00c8S?<\/span><\/strong><\/p>\n<p><iframe loading=\"lazy\" src=\"http:\/\/maps.google.es\/maps?f=q&amp;source=embed&amp;hl=es&amp;geocode=&amp;q=Prats+de+Llu%C3%A7an%C3%A8s&amp;sll=40.396764,-3.713379&amp;sspn=8.565499,19.709473&amp;ie=UTF8&amp;hq=&amp;hnear=Prats+de+Llu%C3%A7an%C3%A8s,+Barcelona,+Catalu%C3%B1a&amp;t=h&amp;ll=42.008743,2.028578&amp;spn=0.061607,0.150719&amp;z=13&amp;iwloc=A&amp;output=embed\" width=\"500\" height=\"400\" frameborder=\"0\" scrolling=\"no\"><\/iframe><br \/>\n<a href=\"http:\/\/maps.google.es\/maps?f=q&amp;source=embed&amp;hl=es&amp;geocode=&amp;q=Prats+de+Llu%C3%A7an%C3%A8s&amp;sll=40.396764,-3.713379&amp;sspn=8.565499,19.709473&amp;ie=UTF8&amp;hq=&amp;hnear=Prats+de+Llu%C3%A7an%C3%A8s,+Barcelona,+Catalu%C3%B1a&amp;t=h&amp;ll=42.008743,2.028578&amp;spn=0.061607,0.150719&amp;z=13&amp;iwloc=A\">Ver mapa m\u00e1s grande<\/a><\/p>\n<p><strong><span style=\"color: #ff0000;\">SITUACI\u00d3 DE L&#8217;ESCOLA LLU\u00c7AN\u00c8S<\/span><\/strong><\/p>\n<p><iframe loading=\"lazy\" src=\"http:\/\/maps.google.es\/maps?f=q&amp;source=s_q&amp;hl=es&amp;geocode=&amp;q=Escola+Llu%C3%A7an%C3%A8s&amp;sll=42.008743,2.028578&amp;sspn=0.061607,0.150719&amp;g=Prats+de+Llu%C3%A7an%C3%A8s,+Barcelona,+Catalu%C3%B1a&amp;ie=UTF8&amp;hq=Escola+Llu%C3%A7an%C3%A8s&amp;hnear=Prats&amp;ll=42.014878,2.032096&amp;spn=0.061592,0.150719&amp;t=h&amp;z=13&amp;iwloc=A&amp;cid=962960457828368648&amp;output=embed\" width=\"500\" height=\"400\" frameborder=\"0\" scrolling=\"no\"><\/iframe><br \/>\n<a href=\"http:\/\/maps.google.es\/maps?f=q&amp;source=embed&amp;hl=es&amp;geocode=&amp;q=Escola+Llu%C3%A7an%C3%A8s&amp;sll=42.008743,2.028578&amp;sspn=0.061607,0.150719&amp;g=Prats+de+Llu%C3%A7an%C3%A8s,+Barcelona,+Catalu%C3%B1a&amp;ie=UTF8&amp;hq=Escola+Llu%C3%A7an%C3%A8s&amp;hnear=Prats&amp;ll=42.014878,2.032096&amp;spn=0.061592,0.150719&amp;t=h&amp;z=13&amp;iwloc=A&amp;cid=962960457828368648\">Ver mapa m\u00e1s grande<\/a><\/p>\n<p><strong><span style=\"color: #ff0000;\">PL\u00c0NOL DEL NOSTRE POBLE<\/span><\/strong><\/p>\n<p><a title=\"View planolprats on Scribd\" href=\"http:\/\/www.scribd.com\/doc\/32610399\/planolprats\">planolprats<\/a> <object id=\"doc_212864633021251\" width=\"100%\" height=\"600\"><param name=\"movie\" value=\"http:\/\/d1.scribdassets.com\/ScribdViewer.swf\" \/><param name=\"wmode\" value=\"opaque\" \/><param name=\"bgcolor\" value=\"#ffffff\" \/><param name=\"allowFullScreen\" value=\"true\" \/><param name=\"allowScriptAccess\" value=\"always\" \/><param name=\"FlashVars\" value=\"document_id=32610399&amp;access_key=key-1gc74bo22vrjesqg8q2d&amp;page=1&amp;viewMode=slideshow\" \/><embed name=\"doc_212864633021251\" src=\"http:\/\/d1.scribdassets.com\/ScribdViewer.swf?document_id=32610399&amp;access_key=key-1gc74bo22vrjesqg8q2d&amp;page=1&amp;viewMode=slideshow\" type=\"application\/x-shockwave-flash\" allowscriptaccess=\"always\" height=\"600\" width=\"100%\" wmode=\"opaque\" \/><\/object><\/p>\n","protected":false},"excerpt":{"rendered":"<p>Escola Llu\u00e7an\u00e8s Carrer Mateu Garreta, 11 08513 Prats de Llu\u00e7an\u00e8s Tel. 937060021 a8023207@xtec.cat Prats de Llu\u00e7an\u00e8s \u00e9s una petita poblaci\u00f3 de 2500 habitants amb una gran tradici\u00f3 cultural. Sovint els nostres alumnes participen activament de les iniciatives, activitats i festes del poble i dels seus habitants participant als diferents concursos impulsats des de l&#8217;Ajuntament, aprenent [&hellip;]<\/p>\n","protected":false},"author":2,"featured_media":0,"parent":22,"menu_order":10,"comment_status":"closed","ping_status":"closed","template":"page-templates\/side-menu.php","meta":{"_bbp_topic_count":0,"_bbp_reply_count":0,"_bbp_total_topic_count":0,"_bbp_total_reply_count":0,"_bbp_voice_count":0,"_bbp_anonymous_reply_count":0,"_bbp_topic_count_hidden":0,"_bbp_reply_count_hidden":0,"_bbp_forum_subforum_count":0,"site-sidebar-layout":"default","site-content-layout":"","ast-site-content-layout":"","site-content-style":"default","site-sidebar-style":"default","ast-global-header-display":"","ast-banner-title-visibility":"","ast-main-header-display":"","ast-hfb-above-header-display":"","ast-hfb-below-header-display":"","ast-hfb-mobile-header-display":"","site-post-title":"","ast-breadcrumbs-content":"","ast-featured-img":"","footer-sml-layout":"","theme-transparent-header-meta":"","adv-header-id-meta":"","stick-header-meta":"","header-above-stick-meta":"","header-main-stick-meta":"","header-below-stick-meta":"","astra-migrate-meta-layouts":"default","ast-page-background-enabled":"default","ast-page-background-meta":{"desktop":{"background-color":"var(--ast-global-color-4)","background-image":"","background-repeat":"repeat","background-position":"center center","background-size":"auto","background-attachment":"scroll","background-type":"","background-media":"","overlay-type":"","overlay-color":"","overlay-opacity":"","overlay-gradient":""},"tablet":{"background-color":"","background-image":"","background-repeat":"repeat","background-position":"center center","background-size":"auto","background-attachment":"scroll","background-type":"","background-media":"","overlay-type":"","overlay-color":"","overlay-opacity":"","overlay-gradient":""},"mobile":{"background-color":"","background-image":"","background-repeat":"repeat","background-position":"center center","background-size":"auto","background-attachment":"scroll","background-type":"","background-media":"","overlay-type":"","overlay-color":"","overlay-opacity":"","overlay-gradient":""}},"ast-content-background-meta":{"desktop":{"background-color":"var(--ast-global-color-5)","background-image":"","background-repeat":"repeat","background-position":"center center","background-size":"auto","background-attachment":"scroll","background-type":"","background-media":"","overlay-type":"","overlay-color":"","overlay-opacity":"","overlay-gradient":""},"tablet":{"background-color":"var(--ast-global-color-5)","background-image":"","background-repeat":"repeat","background-position":"center center","background-size":"auto","background-attachment":"scroll","background-type":"","background-media":"","overlay-type":"","overlay-color":"","overlay-opacity":"","overlay-gradient":""},"mobile":{"background-color":"var(--ast-global-color-5)","background-image":"","background-repeat":"repeat","background-position":"center center","background-size":"auto","background-attachment":"scroll","background-type":"","background-media":"","overlay-type":"","overlay-color":"","overlay-opacity":"","overlay-gradient":""}},"footnotes":""},"class_list":["post-24","page","type-page","status-publish","hentry"],"post_mailing_queue_ids":[],"_links":{"self":[{"href":"https:\/\/agora.xtec.cat\/ceipprats\/wp-json\/wp\/v2\/pages\/24","targetHints":{"allow":["GET"]}}],"collection":[{"href":"https:\/\/agora.xtec.cat\/ceipprats\/wp-json\/wp\/v2\/pages"}],"about":[{"href":"https:\/\/agora.xtec.cat\/ceipprats\/wp-json\/wp\/v2\/types\/page"}],"author":[{"embeddable":true,"href":"https:\/\/agora.xtec.cat\/ceipprats\/wp-json\/wp\/v2\/users\/2"}],"replies":[{"embeddable":true,"href":"https:\/\/agora.xtec.cat\/ceipprats\/wp-json\/wp\/v2\/comments?post=24"}],"version-history":[{"count":4,"href":"https:\/\/agora.xtec.cat\/ceipprats\/wp-json\/wp\/v2\/pages\/24\/revisions"}],"predecessor-version":[{"id":2934,"href":"https:\/\/agora.xtec.cat\/ceipprats\/wp-json\/wp\/v2\/pages\/24\/revisions\/2934"}],"up":[{"embeddable":true,"href":"https:\/\/agora.xtec.cat\/ceipprats\/wp-json\/wp\/v2\/pages\/22"}],"wp:attachment":[{"href":"https:\/\/agora.xtec.cat\/ceipprats\/wp-json\/wp\/v2\/media?parent=24"}],"curies":[{"name":"wp","href":"https:\/\/api.w.org\/{rel}","templated":true}]}}