{"id":22,"date":"2014-09-18T12:19:57","date_gmt":"2014-09-18T12:19:57","guid":{"rendered":"http:\/\/agora.xtec.cat\/ceipprats\/?page_id=22"},"modified":"2025-04-25T13:47:44","modified_gmt":"2025-04-25T11:47:44","slug":"lescola","status":"publish","type":"page","link":"https:\/\/agora.xtec.cat\/ceipprats\/lescola\/","title":{"rendered":"L&#8217;ESCOLA"},"content":{"rendered":"<p align=\"left\">L\u2019Escola Llu\u00e7an\u00e8s, d\u2019una l\u00ednia,\u00a0<strong>\u00e9s l\u2019escola p\u00fablica d\u2019educaci\u00f3 infantil i prim\u00e0ria de Prats de Llu\u00e7an\u00e8s,\u00a0<\/strong>un poble amb 2.790 habitants de la comarca d\u2019Osona.<\/p>\n<p>\u00c9s una escola molt bonica\u00a0<strong>ubicada en un entorn natural fant\u00e0stic i molt arrelada al territori<\/strong>\u00a0on es potencien activitats relacionades amb el poble, la comarca i l\u2019entorn proper.<\/p>\n<p>Es tracta tamb\u00e9 d\u2019una\u00a0<strong>Escola Verda<\/strong>\u00a0on\u00a0<strong>es porten a terme activitats relacionades amb la conservaci\u00f3 del medi\u00a0<\/strong>i on, a m\u00e9s a m\u00e9s,\u00a0<strong>s\u2019utilitzen les noves tecnologies per a potenciar l\u2019aprenentatge dels alumnes.<\/strong>\u00a0En aquest sentit, la nostra Escola disposa d\u2019una xarxa inform\u00e0tica molt ben equipada i\u00a0<strong>incorpora Pantalles Digitals a les aules<\/strong>\u00a0afavorint un aprenentatge interactiu i significatiu.<\/p>\n<p>La import\u00e0ncia de la lectura fa que, des de la nostra biblioteca, s\u2019impulsin\u00a0<strong>activitats d\u2019animaci\u00f3 a la lectura<\/strong>\u00a0des dels m\u00e9s petits fins als m\u00e9s grans i on, a m\u00e9s, s\u2019impulsa un\u00a0<strong>Pla Lector de Centre.<\/strong><\/p>\n<p>L\u2019Escola tamb\u00e9 aplica un\u00a0<strong>Projecte de Lleng\u00fces Estrangeres<\/strong>\u00a0que permet\u00a0<strong>viure l\u2019angl\u00e8s des dels tres anys<\/strong>\u00a0de manera l\u00fadica i experimental.<\/p>\n<p>Des de l\u2019\u00e0rea d\u2019Educaci\u00f3 F\u00edsica es procura diversificar i treure el m\u00e0xim de rendiment de l\u2019esport aprofitant les bones instal\u00b7lacions de les quals disposa el centre.\u00a0<strong>L\u2019Escola forma part del PCEE, Pla Catal\u00e0 de l\u2019Esport a l\u2019Escola<\/strong>, a partir del qual es subbencionen diferents activitats extraescolars, com ara la Nataci\u00f3.<\/p>\n<p><strong>Una Escola gran, confortable i espaiosa on s\u2019atenen les necessitats de cada nen\/a dins d\u2019un clima proper i hum\u00e0.<\/strong><\/p>\n","protected":false},"excerpt":{"rendered":"<p>L\u2019Escola Llu\u00e7an\u00e8s, d\u2019una l\u00ednia,\u00a0\u00e9s l\u2019escola p\u00fablica d\u2019educaci\u00f3 infantil i prim\u00e0ria de Prats de Llu\u00e7an\u00e8s,\u00a0un poble amb 2.790 habitants de la comarca d\u2019Osona. \u00c9s una escola molt bonica\u00a0ubicada en un entorn natural fant\u00e0stic i molt arrelada al territori\u00a0on es potencien activitats relacionades amb el poble, la comarca i l\u2019entorn proper. Es tracta tamb\u00e9 d\u2019una\u00a0Escola Verda\u00a0on\u00a0es porten [&hellip;]<\/p>\n","protected":false},"author":2,"featured_media":0,"parent":0,"menu_order":0,"comment_status":"closed","ping_status":"closed","template":"","meta":{"_bbp_topic_count":0,"_bbp_reply_count":0,"_bbp_total_topic_count":0,"_bbp_total_reply_count":0,"_bbp_voice_count":0,"_bbp_anonymous_reply_count":0,"_bbp_topic_count_hidden":0,"_bbp_reply_count_hidden":0,"_bbp_forum_subforum_count":0,"site-sidebar-layout":"default","site-content-layout":"","ast-site-content-layout":"default","site-content-style":"default","site-sidebar-style":"default","ast-global-header-display":"","ast-banner-title-visibility":"","ast-main-header-display":"","ast-hfb-above-header-display":"","ast-hfb-below-header-display":"","ast-hfb-mobile-header-display":"","site-post-title":"","ast-breadcrumbs-content":"","ast-featured-img":"","footer-sml-layout":"","theme-transparent-header-meta":"default","adv-header-id-meta":"","stick-header-meta":"","header-above-stick-meta":"","header-main-stick-meta":"","header-below-stick-meta":"","astra-migrate-meta-layouts":"set","ast-page-background-enabled":"default","ast-page-background-meta":{"desktop":{"background-color":"var(--ast-global-color-4)","background-image":"","background-repeat":"repeat","background-position":"center center","background-size":"auto","background-attachment":"scroll","background-type":"","background-media":"","overlay-type":"","overlay-color":"","overlay-opacity":"","overlay-gradient":""},"tablet":{"background-color":"","background-image":"","background-repeat":"repeat","background-position":"center center","background-size":"auto","background-attachment":"scroll","background-type":"","background-media":"","overlay-type":"","overlay-color":"","overlay-opacity":"","overlay-gradient":""},"mobile":{"background-color":"","background-image":"","background-repeat":"repeat","background-position":"center center","background-size":"auto","background-attachment":"scroll","background-type":"","background-media":"","overlay-type":"","overlay-color":"","overlay-opacity":"","overlay-gradient":""}},"ast-content-background-meta":{"desktop":{"background-color":"var(--ast-global-color-5)","background-image":"","background-repeat":"repeat","background-position":"center center","background-size":"auto","background-attachment":"scroll","background-type":"","background-media":"","overlay-type":"","overlay-color":"","overlay-opacity":"","overlay-gradient":""},"tablet":{"background-color":"var(--ast-global-color-5)","background-image":"","background-repeat":"repeat","background-position":"center center","background-size":"auto","background-attachment":"scroll","background-type":"","background-media":"","overlay-type":"","overlay-color":"","overlay-opacity":"","overlay-gradient":""},"mobile":{"background-color":"var(--ast-global-color-5)","background-image":"","background-repeat":"repeat","background-position":"center center","background-size":"auto","background-attachment":"scroll","background-type":"","background-media":"","overlay-type":"","overlay-color":"","overlay-opacity":"","overlay-gradient":""}},"footnotes":""},"class_list":["post-22","page","type-page","status-publish","hentry"],"post_mailing_queue_ids":[],"_links":{"self":[{"href":"https:\/\/agora.xtec.cat\/ceipprats\/wp-json\/wp\/v2\/pages\/22","targetHints":{"allow":["GET"]}}],"collection":[{"href":"https:\/\/agora.xtec.cat\/ceipprats\/wp-json\/wp\/v2\/pages"}],"about":[{"href":"https:\/\/agora.xtec.cat\/ceipprats\/wp-json\/wp\/v2\/types\/page"}],"author":[{"embeddable":true,"href":"https:\/\/agora.xtec.cat\/ceipprats\/wp-json\/wp\/v2\/users\/2"}],"replies":[{"embeddable":true,"href":"https:\/\/agora.xtec.cat\/ceipprats\/wp-json\/wp\/v2\/comments?post=22"}],"version-history":[{"count":3,"href":"https:\/\/agora.xtec.cat\/ceipprats\/wp-json\/wp\/v2\/pages\/22\/revisions"}],"predecessor-version":[{"id":5071,"href":"https:\/\/agora.xtec.cat\/ceipprats\/wp-json\/wp\/v2\/pages\/22\/revisions\/5071"}],"wp:attachment":[{"href":"https:\/\/agora.xtec.cat\/ceipprats\/wp-json\/wp\/v2\/media?parent=22"}],"curies":[{"name":"wp","href":"https:\/\/api.w.org\/{rel}","templated":true}]}}