{"id":36,"date":"2014-09-18T12:33:11","date_gmt":"2014-09-18T11:33:11","guid":{"rendered":"http:\/\/agora.xtec.cat\/ceipportbou\/?page_id=36"},"modified":"2025-07-12T07:23:15","modified_gmt":"2025-07-12T05:23:15","slug":"material-escolar","status":"publish","type":"page","link":"https:\/\/agora.xtec.cat\/ceipportbou\/lescola\/material-escolar\/","title":{"rendered":"LLIBRES DE TEXT CURS 2025-26"},"content":{"rendered":"<p><strong>LLIBRES DE TEXT I QUADERNS\u00a0<\/strong><\/p>\n<p><b>CICLE INICIAL<\/b><b> 1r <\/b><span style=\"font-weight: 400;\">\u00a0\u00a0\u00a0<\/span><span style=\"font-weight: 400;\">\u00a0\u00a0\u00a0\u00a0\u00a0\u00a0\u00a0\u00a0\u00a0\u00a0\u00a0\u00a0\u00a0\u00a0\u00a0\u00a0\u00a0\u00a0\u00a0\u00a0\u00a0\u00a0\u00a0\u00a0\u00a0\u00a0\u00a0\u00a0\u00a0\u00a0\u00a0\u00a0\u00a0\u00a0\u00a0\u00a0\u00a0\u00a0\u00a0\u00a0\u00a0\u00a0\u00a0\u00a0\u00a0\u00a0\u00a0\u00a0\u00a0\u00a0\u00a0\u00a0\u00a0\u00a0\u00a0\u00a0\u00a0\u00a0\u00a0\u00a0\u00a0\u00a0\u00a0\u00a0\u00a0\u00a0\u00a0\u00a0\u00a0\u00a0\u00a0\u00a0\u00a0\u00a0\u00a0\u00a0\u00a0\u00a0\u00a0\u00a0\u00a0\u00a0\u00a0\u00a0\u00a0\u00a0\u00a0\u00a0\u00a0\u00a0\u00a0<\/span><\/p>\n<ul>\n<li aria-level=\"1\"><span style=\"font-weight: 400;\">LECTOESCRIPTURA per a primer (Ritme d\u2019aprenentatge 2). Editorial Text. <\/span>ISBN: 978-84-412-3605-9<\/li>\n<\/ul>\n<p><b>CICLE INICIAL<\/b><b> 2n<\/b><\/p>\n<ul>\n<li aria-level=\"1\"><span style=\"font-weight: 400;\">ORTO F\u00c0CIL 2 Lligada 2n de prim\u00e0ria. Editorial Nadal <\/span>ISBN: 978-84-7887-885-7<\/li>\n<\/ul>\n<p><b>CICLE MITJ\u00c0 <\/b><b>\u00a03r\u00a0 \u00a0 \u00a0 \u00a0 \u00a0 \u00a0 \u00a0 \u00a0 \u00a0 \u00a0 \u00a0 \u00a0 \u00a0 \u00a0 \u00a0 \u00a0 \u00a0 \u00a0 \u00a0 \u00a0 \u00a0 \u00a0 \u00a0 \u00a0 \u00a0 \u00a0 \u00a0 \u00a0 \u00a0 \u00a0 \u00a0 \u00a0 \u00a0 \u00a0 \u00a0 \u00a0 \u00a0 \u00a0 \u00a0 \u00a0 \u00a0 \u00a0 \u00a0 \u00a0 \u00a0 \u00a0 \u00a0\u00a0<\/b><\/p>\n<ul>\n<li><span style=\"font-weight: 400;\">Orto f\u00e0cil 3. 3r de prim\u00e0ria. Editorial Nadal <\/span>ISBN: 978-84-7887-886-4<\/li>\n<li><\/li>\n<li><b>CICLE MITJ\u00c0 <\/b><b>\u00a04t<\/b><\/li>\n<li><\/li>\n<li><span style=\"font-weight: 400;\">ORTO F\u00c0CIL 4. 4t de prim\u00e0ria. Editorial Nadal. ISBN: 978-84-7887-887-1<br \/>\n<\/span><b>\u00a0 \u00a0 \u00a0 \u00a0\u00a0<\/b><\/li>\n<\/ul>\n<p><span style=\"font-weight: 400;\">\u00a0<\/span><b>CICLE SUPERIOR 5\u00e8<\/b><\/p>\n<ul>\n<li style=\"font-weight: 400;\" aria-level=\"1\"><span style=\"font-weight: 400;\">ORTOFACIL 5. 5\u00e8 de prim\u00e0ria. Editorial Nadal <\/span>ISBN: 978-84-7887-888-8<\/li>\n<\/ul>\n<ul>\n<li style=\"font-weight: 400;\" aria-level=\"1\"><span style=\"font-weight: 400;\">Resoluci\u00f3 de problemes 5\u00e8. M\u00e8tode DECA. Editorial Santillana <\/span>ISBN: 978-84-9047-103-6<\/li>\n<\/ul>\n<p><span style=\"font-weight: 400;\"> \u00a0<b>CICLE SUPERIOR 6\u00e8<\/b><\/span><\/p>\n<ul>\n<li style=\"font-weight: 400;\" aria-level=\"1\"><span style=\"font-weight: 400;\">ORTOFACIL 6. 6\u00e8 de prim\u00e0ria. Editorial Nadal <\/span>ISBN: 978-84-7887-889-5<\/li>\n<\/ul>\n<ul>\n<li style=\"font-weight: 400;\" aria-level=\"1\"><span style=\"font-weight: 400;\">Resoluci\u00f3 de problemes 6\u00e8. M\u00e8tode DECA. Editorial Santillana <\/span>ISBN: <span style=\"font-weight: 400;\">978-84-904-7112-8<\/span><\/li>\n<\/ul>\n<p>&nbsp;<\/p>\n","protected":false},"excerpt":{"rendered":"<p>LLIBRES DE TEXT I QUADERNS\u00a0<br \/>\nCICLE INICIAL 1r \u00a0\u00a0\u00a0\u00a0\u00a0\u00a0\u00a0\u00a0\u00a0\u00a0\u00a0\u00a0\u00a0\u00a0\u00a0\u00a0\u00a0\u00a0\u00a0\u00a0\u00a0\u00a0\u00a0\u00a0\u00a0\u00a0\u00a0\u00a0\u00a0\u00a0\u00a0\u00a0\u00a0\u00a0\u00a0\u00a0\u00a0\u00a0\u00a0\u00a0\u00a0\u00a0\u00a0\u00a0\u00a0\u00a0\u00a0\u00a0\u00a0\u00a0\u00a0\u00a0\u00a0\u00a0\u00a0\u00a0\u00a0\u00a0\u00a0\u00a0\u00a0\u00a0\u00a0\u00a0\u00a0\u00a0\u00a0\u00a0\u00a0\u00a0\u00a0\u00a0\u00a0\u00a0\u00a0\u00a0\u00a0\u00a0\u00a0\u00a0\u00a0\u00a0\u00a0\u00a0\u00a0\u00a0\u00a0\u00a0\u00a0\u00a0\u00a0\u00a0\u00a0\u00a0<\/p>\n<ul>\n<li aria-level=\"1\">LECTOESCRIPTURA per a primer (Ritme d\u2019aprenentatge 2). Editorial Text. ISBN: 978-84-412-3605-9<\/li>\n<\/ul>\n<p>CICLE INICIAL 2n<\/p>\n<ul>\n<li aria-level=\"1\">ORTO F\u00c0CIL 2 Lligada 2n de prim\u00e0ria. Editorial Nadal ISBN: 978-84-7887-885-7<\/li>\n<\/ul>\n<p>CICLE MITJ\u00c0 \u00a03r\u00a0 \u00a0 \u00a0 \u00a0 \u00a0 \u00a0 \u00a0 \u00a0 \u00a0 \u00a0 \u00a0 \u00a0&hellip;  <a href=\"https:\/\/agora.xtec.cat\/ceipportbou\/lescola\/material-escolar\/\" title=\"Read LLIBRES DE TEXT CURS 2025-26\">Llegeix m\u00e9s\u00bb<\/a><\/p>\n","protected":false},"author":1,"featured_media":0,"parent":22,"menu_order":70,"comment_status":"closed","ping_status":"closed","template":"page-templates\/side-menu.php","meta":{"_bbp_topic_count":0,"_bbp_reply_count":0,"_bbp_total_topic_count":0,"_bbp_total_reply_count":0,"_bbp_voice_count":0,"_bbp_anonymous_reply_count":0,"_bbp_topic_count_hidden":0,"_bbp_reply_count_hidden":0,"_bbp_forum_subforum_count":0,"footnotes":""},"class_list":["post-36","page","type-page","status-publish","hentry"],"post_mailing_queue_ids":[],"_links":{"self":[{"href":"https:\/\/agora.xtec.cat\/ceipportbou\/wp-json\/wp\/v2\/pages\/36","targetHints":{"allow":["GET"]}}],"collection":[{"href":"https:\/\/agora.xtec.cat\/ceipportbou\/wp-json\/wp\/v2\/pages"}],"about":[{"href":"https:\/\/agora.xtec.cat\/ceipportbou\/wp-json\/wp\/v2\/types\/page"}],"author":[{"embeddable":true,"href":"https:\/\/agora.xtec.cat\/ceipportbou\/wp-json\/wp\/v2\/users\/1"}],"replies":[{"embeddable":true,"href":"https:\/\/agora.xtec.cat\/ceipportbou\/wp-json\/wp\/v2\/comments?post=36"}],"version-history":[{"count":5,"href":"https:\/\/agora.xtec.cat\/ceipportbou\/wp-json\/wp\/v2\/pages\/36\/revisions"}],"predecessor-version":[{"id":2717,"href":"https:\/\/agora.xtec.cat\/ceipportbou\/wp-json\/wp\/v2\/pages\/36\/revisions\/2717"}],"up":[{"embeddable":true,"href":"https:\/\/agora.xtec.cat\/ceipportbou\/wp-json\/wp\/v2\/pages\/22"}],"wp:attachment":[{"href":"https:\/\/agora.xtec.cat\/ceipportbou\/wp-json\/wp\/v2\/media?parent=36"}],"curies":[{"name":"wp","href":"https:\/\/api.w.org\/{rel}","templated":true}]}}