{"id":34,"date":"2014-09-18T12:32:18","date_gmt":"2014-09-18T11:32:18","guid":{"rendered":"http:\/\/agora.xtec.cat\/ceipportbou\/?page_id=34"},"modified":"2020-05-10T00:46:38","modified_gmt":"2020-05-09T22:46:38","slug":"oferta-educativa","status":"publish","type":"page","link":"https:\/\/agora.xtec.cat\/ceipportbou\/lescola\/oferta-educativa\/","title":{"rendered":"Oferta educativa"},"content":{"rendered":"<p><strong>PRIMER CICLE D&#8217;EDUCACI\u00d3 INFANTIL: P1-P2<\/strong><\/p>\n<p><strong>SEGON CICLE D&#8217;EDUCACI\u00d3 INFANTIL: P3-P4-P5<\/strong><\/p>\n<p><strong>EDUCACI\u00d3 PRIM\u00c0RIA:1r, 2n, 3r, 4t, 5\u00e8, 6\u00e8<\/strong><\/p>\n<p>&nbsp;<\/p>\n","protected":false},"excerpt":{"rendered":"<p>PRIMER CICLE D&#8217;EDUCACI\u00d3 INFANTIL: P1-P2<br \/>\nSEGON CICLE D&#8217;EDUCACI\u00d3 INFANTIL: P3-P4-P5<br \/>\nEDUCACI\u00d3 PRIM\u00c0RIA:1r, 2n, 3r, 4t, 5\u00e8, 6\u00e8<br \/>\n&nbsp;<\/p>\n","protected":false},"author":1,"featured_media":0,"parent":22,"menu_order":60,"comment_status":"closed","ping_status":"closed","template":"page-templates\/side-menu.php","meta":{"_bbp_topic_count":0,"_bbp_reply_count":0,"_bbp_total_topic_count":0,"_bbp_total_reply_count":0,"_bbp_voice_count":0,"_bbp_anonymous_reply_count":0,"_bbp_topic_count_hidden":0,"_bbp_reply_count_hidden":0,"_bbp_forum_subforum_count":0,"footnotes":""},"class_list":["post-34","page","type-page","status-publish","hentry"],"post_mailing_queue_ids":[],"_links":{"self":[{"href":"https:\/\/agora.xtec.cat\/ceipportbou\/wp-json\/wp\/v2\/pages\/34","targetHints":{"allow":["GET"]}}],"collection":[{"href":"https:\/\/agora.xtec.cat\/ceipportbou\/wp-json\/wp\/v2\/pages"}],"about":[{"href":"https:\/\/agora.xtec.cat\/ceipportbou\/wp-json\/wp\/v2\/types\/page"}],"author":[{"embeddable":true,"href":"https:\/\/agora.xtec.cat\/ceipportbou\/wp-json\/wp\/v2\/users\/1"}],"replies":[{"embeddable":true,"href":"https:\/\/agora.xtec.cat\/ceipportbou\/wp-json\/wp\/v2\/comments?post=34"}],"version-history":[{"count":3,"href":"https:\/\/agora.xtec.cat\/ceipportbou\/wp-json\/wp\/v2\/pages\/34\/revisions"}],"predecessor-version":[{"id":1108,"href":"https:\/\/agora.xtec.cat\/ceipportbou\/wp-json\/wp\/v2\/pages\/34\/revisions\/1108"}],"up":[{"embeddable":true,"href":"https:\/\/agora.xtec.cat\/ceipportbou\/wp-json\/wp\/v2\/pages\/22"}],"wp:attachment":[{"href":"https:\/\/agora.xtec.cat\/ceipportbou\/wp-json\/wp\/v2\/media?parent=34"}],"curies":[{"name":"wp","href":"https:\/\/api.w.org\/{rel}","templated":true}]}}