{"id":28,"date":"2014-09-18T12:29:35","date_gmt":"2014-09-18T11:29:35","guid":{"rendered":"http:\/\/agora.xtec.cat\/ceipportbou\/?page_id=28"},"modified":"2025-07-12T07:27:52","modified_gmt":"2025-07-12T05:27:52","slug":"consell-escolar","status":"publish","type":"page","link":"https:\/\/agora.xtec.cat\/ceipportbou\/lescola\/consell-escolar\/","title":{"rendered":"Consell escolar"},"content":{"rendered":"<p><span style=\"font-size: medium;\"><b><span style=\"font-family: Arial, Helvetica, sans-serif;\">Consell Escolar:\u00a0<\/span><\/b><span style=\"font-family: Arial, Helvetica, sans-serif;\">\u00e9s l&#8217;\u00f2rgan de participaci\u00f3 de la comunitat escolar en la gesti\u00f3 del centre. Est\u00e0 constitu\u00eft per:<\/span><\/span><\/p>\n<p><span style=\"font-family: Arial, Helvetica, sans-serif; font-size: medium;\"><strong>La Directora del centre que n&#8217;\u00e9s la Presidenta<\/strong>: Ferrana Roldan<\/span><\/p>\n<p><span style=\"font-family: Arial, Helvetica, sans-serif; font-size: medium;\"><strong>Un representant de l&#8217;Ajuntament<\/strong>: Rafael D\u00edaz<\/span><\/p>\n<p><span style=\"font-family: Arial, Helvetica, sans-serif; font-size: medium;\"><strong>2 mestres elegides pel Claustre<\/strong>: Carme Rojas<\/span><\/p>\n<p><span style=\"font-family: Arial, Helvetica, sans-serif; font-size: medium;\"><strong>1 representant de l&#8217;AMPA<\/strong>: Marc Moradell<\/span><\/p>\n<p><span style=\"font-family: Arial, Helvetica, sans-serif; font-size: medium;\"><strong>1 pares\/mares d&#8217;alumnes elegits entre ells<\/strong>: Jos\u00e9 Herrero<\/span><\/p>\n<p><span style=\"font-family: Arial, Helvetica, sans-serif; font-size: medium;\"><strong>La Secret\u00e0ria del centre que actua de Secret\u00e0ria del Consell amb veu i sense vot<\/strong>: Gem\u00e8l\u00b7lia Gubert<\/span><\/p>\n","protected":false},"excerpt":{"rendered":"<p>Consell Escolar:\u00a0\u00e9s l&#8217;\u00f2rgan de participaci\u00f3 de la comunitat escolar en la gesti\u00f3 del centre. Est\u00e0 constitu\u00eft per:<br \/>\nLa Directora del centre que n&#8217;\u00e9s la Presidenta: Ferrana Roldan<br \/>\nUn representant de l&#8217;Ajuntament: Rafael D\u00edaz<br \/>\n2 mestres elegides pel Claustre: Carme Rojas<br \/>\n1 representant de l&#8217;AMPA: Marc Moradell<br \/>\n1 pares\/mares d&#8217;alumnes elegits&hellip;  <a href=\"https:\/\/agora.xtec.cat\/ceipportbou\/lescola\/consell-escolar\/\" title=\"Read Consell escolar\">Llegeix m\u00e9s\u00bb<\/a><\/p>\n","protected":false},"author":1,"featured_media":0,"parent":22,"menu_order":30,"comment_status":"closed","ping_status":"closed","template":"page-templates\/side-menu.php","meta":{"_bbp_topic_count":0,"_bbp_reply_count":0,"_bbp_total_topic_count":0,"_bbp_total_reply_count":0,"_bbp_voice_count":0,"_bbp_anonymous_reply_count":0,"_bbp_topic_count_hidden":0,"_bbp_reply_count_hidden":0,"_bbp_forum_subforum_count":0,"footnotes":""},"class_list":["post-28","page","type-page","status-publish","hentry"],"post_mailing_queue_ids":[],"_links":{"self":[{"href":"https:\/\/agora.xtec.cat\/ceipportbou\/wp-json\/wp\/v2\/pages\/28","targetHints":{"allow":["GET"]}}],"collection":[{"href":"https:\/\/agora.xtec.cat\/ceipportbou\/wp-json\/wp\/v2\/pages"}],"about":[{"href":"https:\/\/agora.xtec.cat\/ceipportbou\/wp-json\/wp\/v2\/types\/page"}],"author":[{"embeddable":true,"href":"https:\/\/agora.xtec.cat\/ceipportbou\/wp-json\/wp\/v2\/users\/1"}],"replies":[{"embeddable":true,"href":"https:\/\/agora.xtec.cat\/ceipportbou\/wp-json\/wp\/v2\/comments?post=28"}],"version-history":[{"count":4,"href":"https:\/\/agora.xtec.cat\/ceipportbou\/wp-json\/wp\/v2\/pages\/28\/revisions"}],"predecessor-version":[{"id":2718,"href":"https:\/\/agora.xtec.cat\/ceipportbou\/wp-json\/wp\/v2\/pages\/28\/revisions\/2718"}],"up":[{"embeddable":true,"href":"https:\/\/agora.xtec.cat\/ceipportbou\/wp-json\/wp\/v2\/pages\/22"}],"wp:attachment":[{"href":"https:\/\/agora.xtec.cat\/ceipportbou\/wp-json\/wp\/v2\/media?parent=28"}],"curies":[{"name":"wp","href":"https:\/\/api.w.org\/{rel}","templated":true}]}}