{"id":1095,"date":"2020-05-10T00:09:38","date_gmt":"2020-05-09T22:09:38","guid":{"rendered":"https:\/\/agora.xtec.cat\/ceipportbou\/?page_id=1095"},"modified":"2026-03-05T07:45:13","modified_gmt":"2026-03-05T06:45:13","slug":"preinscripcio-i-matriculacio","status":"publish","type":"page","link":"https:\/\/agora.xtec.cat\/ceipportbou\/preinscripcio-i-matriculacio\/","title":{"rendered":"PREINSCRIPCI\u00d3 I MATRICULACI\u00d3"},"content":{"rendered":"<p>Us adjuntem un enlla\u00e7 on trobareu tota la informaci\u00f3 relacionada amb la PREINSCRIPCI\u00d3 ESCOLAR PEL CURS 2026-2027. Recordem que el termini per a presentar les sol\u00b7licituds per a l\u2019etapa de 1r i 2n cicle d\u2019infantil i prim\u00e0ria \u00e9s del 04 AL 26 DE MAR\u00c7 DE 2026.<\/p>\n<p><a href=\"https:\/\/preinscripcio.gencat.cat\/ca\/inici\" target=\"_blank\" rel=\"noopener\"><img loading=\"lazy\" decoding=\"async\" class=\"alignleft wp-image-2854 size-large\" src=\"https:\/\/agora.xtec.cat\/ceipportbou\/wp-content\/uploads\/usu2003\/2026\/03\/Captura-de-pantalla-2026-03-05-073220-1024x346.jpg\" alt=\"\" width=\"1024\" height=\"346\" srcset=\"https:\/\/agora.xtec.cat\/ceipportbou\/wp-content\/uploads\/usu2003\/2026\/03\/Captura-de-pantalla-2026-03-05-073220-1024x346.jpg 1024w, https:\/\/agora.xtec.cat\/ceipportbou\/wp-content\/uploads\/usu2003\/2026\/03\/Captura-de-pantalla-2026-03-05-073220-300x101.jpg 300w, https:\/\/agora.xtec.cat\/ceipportbou\/wp-content\/uploads\/usu2003\/2026\/03\/Captura-de-pantalla-2026-03-05-073220-768x260.jpg 768w, https:\/\/agora.xtec.cat\/ceipportbou\/wp-content\/uploads\/usu2003\/2026\/03\/Captura-de-pantalla-2026-03-05-073220-1536x519.jpg 1536w, https:\/\/agora.xtec.cat\/ceipportbou\/wp-content\/uploads\/usu2003\/2026\/03\/Captura-de-pantalla-2026-03-05-073220.jpg 1887w\" sizes=\"auto, (max-width: 1024px) 100vw, 1024px\" \/><\/a><\/p>\n<p>Clica\u00a0<strong><a href=\"https:\/\/preinscripcio.gencat.cat\/ca\/inici\/index.html\" target=\"_blank\" rel=\"noopener noreferrer\">AQU\u00cd<\/a><\/strong>\u00a0per entrar a la p\u00e0gina oficial de la PREINSCRIPCI\u00d3!<\/p>\n<p><strong>Si voleu demanar m\u00e9s informaci\u00f3 sobre la nostra escola o venir a fer una visita podeu demanar cita pr\u00e8via trucant al 972390760 o b\u00e9 enviant un correu electr\u00f2nic a l\u2019adre\u00e7a b7002831@xtec.ca<\/strong><\/p>\n<p><span style=\"color: #008080;\"><strong><a style=\"color: #008080;\" href=\"https:\/\/agora.xtec.cat\/ceipportbou\/general\/preinscripcions-a-la-llar-dinfants\/\">LLAR D&#8217;INFANTS: I1 i I2<\/a><\/strong><\/span><\/p>\n<p><strong><span style=\"color: #008080;\"><a style=\"color: #008080;\" href=\"https:\/\/agora.xtec.cat\/ceipportbou\/general\/preinscripcio-llar-dinfants-p3-i-alumnes-nous-en-el-centre\/\">ALUMNES I3 I ALUMNES NOUS AL CENTRE<\/a><\/span><\/strong><\/p>\n","protected":false},"excerpt":{"rendered":"<p>Us adjuntem un enlla\u00e7 on trobareu tota la informaci\u00f3 relacionada amb la PREINSCRIPCI\u00d3 ESCOLAR PEL CURS 2026-2027. Recordem que el termini per a presentar les sol\u00b7licituds per a l\u2019etapa de 1r i 2n cicle d\u2019infantil i prim\u00e0ria \u00e9s del 04 AL 26 DE MAR\u00c7 DE&hellip;  <a href=\"https:\/\/agora.xtec.cat\/ceipportbou\/preinscripcio-i-matriculacio\/\" title=\"Read PREINSCRIPCI\u00d3 I MATRICULACI\u00d3\">Llegeix m\u00e9s\u00bb<\/a><\/p>\n","protected":false},"author":1,"featured_media":0,"parent":0,"menu_order":0,"comment_status":"closed","ping_status":"closed","template":"","meta":{"_bbp_topic_count":0,"_bbp_reply_count":0,"_bbp_total_topic_count":0,"_bbp_total_reply_count":0,"_bbp_voice_count":0,"_bbp_anonymous_reply_count":0,"_bbp_topic_count_hidden":0,"_bbp_reply_count_hidden":0,"_bbp_forum_subforum_count":0,"footnotes":""},"class_list":["post-1095","page","type-page","status-publish","hentry"],"post_mailing_queue_ids":[],"_links":{"self":[{"href":"https:\/\/agora.xtec.cat\/ceipportbou\/wp-json\/wp\/v2\/pages\/1095","targetHints":{"allow":["GET"]}}],"collection":[{"href":"https:\/\/agora.xtec.cat\/ceipportbou\/wp-json\/wp\/v2\/pages"}],"about":[{"href":"https:\/\/agora.xtec.cat\/ceipportbou\/wp-json\/wp\/v2\/types\/page"}],"author":[{"embeddable":true,"href":"https:\/\/agora.xtec.cat\/ceipportbou\/wp-json\/wp\/v2\/users\/1"}],"replies":[{"embeddable":true,"href":"https:\/\/agora.xtec.cat\/ceipportbou\/wp-json\/wp\/v2\/comments?post=1095"}],"version-history":[{"count":6,"href":"https:\/\/agora.xtec.cat\/ceipportbou\/wp-json\/wp\/v2\/pages\/1095\/revisions"}],"predecessor-version":[{"id":2866,"href":"https:\/\/agora.xtec.cat\/ceipportbou\/wp-json\/wp\/v2\/pages\/1095\/revisions\/2866"}],"wp:attachment":[{"href":"https:\/\/agora.xtec.cat\/ceipportbou\/wp-json\/wp\/v2\/media?parent=1095"}],"curies":[{"name":"wp","href":"https:\/\/api.w.org\/{rel}","templated":true}]}}