{"id":840,"date":"2019-11-29T15:45:34","date_gmt":"2019-11-29T14:45:34","guid":{"rendered":"http:\/\/agora.xtec.cat\/ceippontdelarcada\/?page_id=840"},"modified":"2020-01-25T20:36:44","modified_gmt":"2020-01-25T19:36:44","slug":"projecte-conserges-de-cs","status":"publish","type":"page","link":"https:\/\/agora.xtec.cat\/ceippontdelarcada\/projectes-de-centre\/projecte-conserges-de-cs\/","title":{"rendered":"Conserges de CS"},"content":{"rendered":"<p>A la nostra escola els alumnes de CS exerceixen la funci\u00f3 de conserges. Es tracta de la culminaci\u00f3 d&#8217;un proc\u00e9s de creixement en responsabilitat i autonomia que culmina al CS amb la realitzaci\u00f3 d&#8217;una s\u00e8rie de tasques entre les que est\u00e0 la de fer de conserges. Aqu\u00ed teniu el document que vertebra el projecte:<\/p>\n<h1><a href=\"https:\/\/agora.xtec.cat\/ceippontdelarcada\/wp-content\/uploads\/usu1827\/2019\/11\/Projecte-conserges.pdf\" target=\"_blank\" rel=\"noopener noreferrer\"><img loading=\"lazy\" decoding=\"async\" class=\"aligncenter wp-image-1011\" src=\"https:\/\/agora.xtec.cat\/ceippontdelarcada\/wp-content\/uploads\/usu1827\/2020\/01\/projecte_conserges_escola_imatge.jpg\" alt=\"\" width=\"279\" height=\"404\" srcset=\"https:\/\/agora.xtec.cat\/ceippontdelarcada\/wp-content\/uploads\/usu1827\/2020\/01\/projecte_conserges_escola_imatge.jpg 371w, https:\/\/agora.xtec.cat\/ceippontdelarcada\/wp-content\/uploads\/usu1827\/2020\/01\/projecte_conserges_escola_imatge-207x300.jpg 207w\" sizes=\"auto, (max-width: 279px) 100vw, 279px\" \/><\/a><\/h1>\n<h1><\/h1>\n","protected":false},"excerpt":{"rendered":"<p>A la nostra escola els alumnes de CS exerceixen la funci\u00f3 de conserges. Es tracta de la culminaci\u00f3 d&#8217;un proc\u00e9s de creixement en responsabilitat i autonomia que culmina al CS amb la realitzaci\u00f3 d&#8217;una s\u00e8rie de tasques entre les que est\u00e0 la de fer de&hellip;  <a href=\"https:\/\/agora.xtec.cat\/ceippontdelarcada\/projectes-de-centre\/projecte-conserges-de-cs\/\" title=\"Read Conserges de CS\">Llegeix m\u00e9s\u00bb<\/a><\/p>\n","protected":false},"author":1,"featured_media":0,"parent":831,"menu_order":0,"comment_status":"closed","ping_status":"closed","template":"page-templates\/side-menu.php","meta":{"_bbp_topic_count":0,"_bbp_reply_count":0,"_bbp_total_topic_count":0,"_bbp_total_reply_count":0,"_bbp_voice_count":0,"_bbp_anonymous_reply_count":0,"_bbp_topic_count_hidden":0,"_bbp_reply_count_hidden":0,"_bbp_forum_subforum_count":0,"footnotes":""},"class_list":["post-840","page","type-page","status-publish","hentry"],"post_mailing_queue_ids":[],"_links":{"self":[{"href":"https:\/\/agora.xtec.cat\/ceippontdelarcada\/wp-json\/wp\/v2\/pages\/840","targetHints":{"allow":["GET"]}}],"collection":[{"href":"https:\/\/agora.xtec.cat\/ceippontdelarcada\/wp-json\/wp\/v2\/pages"}],"about":[{"href":"https:\/\/agora.xtec.cat\/ceippontdelarcada\/wp-json\/wp\/v2\/types\/page"}],"author":[{"embeddable":true,"href":"https:\/\/agora.xtec.cat\/ceippontdelarcada\/wp-json\/wp\/v2\/users\/1"}],"replies":[{"embeddable":true,"href":"https:\/\/agora.xtec.cat\/ceippontdelarcada\/wp-json\/wp\/v2\/comments?post=840"}],"version-history":[{"count":3,"href":"https:\/\/agora.xtec.cat\/ceippontdelarcada\/wp-json\/wp\/v2\/pages\/840\/revisions"}],"predecessor-version":[{"id":1012,"href":"https:\/\/agora.xtec.cat\/ceippontdelarcada\/wp-json\/wp\/v2\/pages\/840\/revisions\/1012"}],"up":[{"embeddable":true,"href":"https:\/\/agora.xtec.cat\/ceippontdelarcada\/wp-json\/wp\/v2\/pages\/831"}],"wp:attachment":[{"href":"https:\/\/agora.xtec.cat\/ceippontdelarcada\/wp-json\/wp\/v2\/media?parent=840"}],"curies":[{"name":"wp","href":"https:\/\/api.w.org\/{rel}","templated":true}]}}