{"id":837,"date":"2019-11-29T15:44:30","date_gmt":"2019-11-29T14:44:30","guid":{"rendered":"http:\/\/agora.xtec.cat\/ceippontdelarcada\/?page_id=837"},"modified":"2023-10-27T13:21:43","modified_gmt":"2023-10-27T11:21:43","slug":"grup-experimentacio_plurilinguisme","status":"publish","type":"page","link":"https:\/\/agora.xtec.cat\/ceippontdelarcada\/projectes-de-centre\/grup-experimentacio_plurilinguisme\/","title":{"rendered":"Grup d&#8217;Experimentaci\u00f3 del Pluriling\u00fcisme (GEP)"},"content":{"rendered":"<p style=\"text-align: justify;\">La nostra escola aposta per la introducci\u00f3 d&#8217;una tercera llengua en l&#8217;ensenyament des d&#8217;Educaci\u00f3 Infantil, on els alumnes ja fan una estona d&#8217;angl\u00e8s di\u00e0ria des de I3.<\/p>\n<p>Com a escola vam participar en el GEP (Grup per a l&#8217;Experimentaci\u00f3 del Pluriling\u00fcisme) del Departament d&#8217;Ensenyament durant els cursos 2017-18, 2018-19 i 2019-20. El treball de la llengua anglesa a la prim\u00e0ria es consolida al CS, quan els alumnes fan una hora setmanal de medi en llengua anglesa.<\/p>\n<p>Aqu\u00ed us deixem l&#8217;enlla\u00e7 al web del Departament on us podeu informar m\u00e9s sobre el projecte:<\/p>\n<div><\/div>\n<div><\/div>\n<div><\/div>\n<div style=\"text-align: center;\"><a href=\"http:\/\/xtec.gencat.cat\/ca\/projectes\/plurilinguisme\/programes\/institucionals\/gep\/\" target=\"_blank\" rel=\"noopener noreferrer\"><img loading=\"lazy\" decoding=\"async\" class=\"alignnone wp-image-857 size-full\" src=\"https:\/\/agora.xtec.cat\/ceippontdelarcada\/wp-content\/uploads\/usu1827\/2019\/11\/gep-120.jpg\" alt=\"\" width=\"240\" height=\"120\" \/><\/a><\/div>\n<div><a href=\"https:\/\/www.blogger.com\/goog_1110283004\">\u00a0<\/a><\/div>\n","protected":false},"excerpt":{"rendered":"<p>La nostra escola aposta per la introducci\u00f3 d&#8217;una tercera llengua en l&#8217;ensenyament des d&#8217;Educaci\u00f3 Infantil, on els alumnes ja fan una estona d&#8217;angl\u00e8s di\u00e0ria des de I3.<br \/>\nCom a escola vam participar en el GEP (Grup per a l&#8217;Experimentaci\u00f3 del Pluriling\u00fcisme) del Departament d&#8217;Ensenyament durant els&hellip;  <a href=\"https:\/\/agora.xtec.cat\/ceippontdelarcada\/projectes-de-centre\/grup-experimentacio_plurilinguisme\/\" title=\"Read Grup d&#8217;Experimentaci\u00f3 del Pluriling\u00fcisme (GEP)\">Llegeix m\u00e9s\u00bb<\/a><\/p>\n","protected":false},"author":1,"featured_media":0,"parent":831,"menu_order":0,"comment_status":"closed","ping_status":"closed","template":"page-templates\/side-menu.php","meta":{"_bbp_topic_count":0,"_bbp_reply_count":0,"_bbp_total_topic_count":0,"_bbp_total_reply_count":0,"_bbp_voice_count":0,"_bbp_anonymous_reply_count":0,"_bbp_topic_count_hidden":0,"_bbp_reply_count_hidden":0,"_bbp_forum_subforum_count":0,"footnotes":""},"class_list":["post-837","page","type-page","status-publish","hentry"],"post_mailing_queue_ids":[],"_links":{"self":[{"href":"https:\/\/agora.xtec.cat\/ceippontdelarcada\/wp-json\/wp\/v2\/pages\/837","targetHints":{"allow":["GET"]}}],"collection":[{"href":"https:\/\/agora.xtec.cat\/ceippontdelarcada\/wp-json\/wp\/v2\/pages"}],"about":[{"href":"https:\/\/agora.xtec.cat\/ceippontdelarcada\/wp-json\/wp\/v2\/types\/page"}],"author":[{"embeddable":true,"href":"https:\/\/agora.xtec.cat\/ceippontdelarcada\/wp-json\/wp\/v2\/users\/1"}],"replies":[{"embeddable":true,"href":"https:\/\/agora.xtec.cat\/ceippontdelarcada\/wp-json\/wp\/v2\/comments?post=837"}],"version-history":[{"count":5,"href":"https:\/\/agora.xtec.cat\/ceippontdelarcada\/wp-json\/wp\/v2\/pages\/837\/revisions"}],"predecessor-version":[{"id":2904,"href":"https:\/\/agora.xtec.cat\/ceippontdelarcada\/wp-json\/wp\/v2\/pages\/837\/revisions\/2904"}],"up":[{"embeddable":true,"href":"https:\/\/agora.xtec.cat\/ceippontdelarcada\/wp-json\/wp\/v2\/pages\/831"}],"wp:attachment":[{"href":"https:\/\/agora.xtec.cat\/ceippontdelarcada\/wp-json\/wp\/v2\/media?parent=837"}],"curies":[{"name":"wp","href":"https:\/\/api.w.org\/{rel}","templated":true}]}}