{"id":834,"date":"2019-11-29T15:38:28","date_gmt":"2019-11-29T14:38:28","guid":{"rendered":"http:\/\/agora.xtec.cat\/ceippontdelarcada\/?page_id=834"},"modified":"2020-01-20T14:04:29","modified_gmt":"2020-01-20T13:04:29","slug":"projecte-de-visual-i-plastica","status":"publish","type":"page","link":"https:\/\/agora.xtec.cat\/ceippontdelarcada\/projectes-de-centre\/projecte-de-visual-i-plastica\/","title":{"rendered":"Projecte de Visual i Pl\u00e0stica"},"content":{"rendered":"<p>Des de fa ja m\u00e9s de 10 anys, l&#8217;escola t\u00e9 un projecte d&#8217;Educaci\u00f3 Visual i pl\u00e0stica en col\u00b7laboraci\u00f3 amb el centre Experimental de les Arts de Vallgrassa, situat al Parc del Garraf.<a href=\"https:\/\/www.vallgrassa.cat\/\" target=\"_blank\" rel=\"noopener noreferrer\"><img loading=\"lazy\" decoding=\"async\" class=\"aligncenter wp-image-905 \" src=\"https:\/\/agora.xtec.cat\/ceippontdelarcada\/wp-content\/uploads\/usu1827\/2020\/01\/vallgrassa.jpg\" alt=\"\" width=\"165\" height=\"130\" \/><\/a><\/p>\n<p>En col\u00b7laboraci\u00f3 amb Vallgrassa l&#8217;escola ha realitzat assessorament i formaci\u00f3 per mestres, tallers i visites per alumnes al centre i gaudim cada any del pr\u00e9stec d&#8217;una obra pel nostre APARADOR D&#8217;ART.<a href=\"https:\/\/agora.xtec.cat\/ceippontdelarcada\/wp-content\/uploads\/usu1827\/2020\/01\/IMG-2287.jpg\"><img loading=\"lazy\" decoding=\"async\" class=\"aligncenter wp-image-888\" src=\"https:\/\/agora.xtec.cat\/ceippontdelarcada\/wp-content\/uploads\/usu1827\/2020\/01\/IMG-2287.jpg\" alt=\"\" width=\"286\" height=\"213\" srcset=\"https:\/\/agora.xtec.cat\/ceippontdelarcada\/wp-content\/uploads\/usu1827\/2020\/01\/IMG-2287.jpg 800w, https:\/\/agora.xtec.cat\/ceippontdelarcada\/wp-content\/uploads\/usu1827\/2020\/01\/IMG-2287-300x224.jpg 300w, https:\/\/agora.xtec.cat\/ceippontdelarcada\/wp-content\/uploads\/usu1827\/2020\/01\/IMG-2287-768x574.jpg 768w, https:\/\/agora.xtec.cat\/ceippontdelarcada\/wp-content\/uploads\/usu1827\/2020\/01\/IMG-2287-200x150.jpg 200w\" sizes=\"auto, (max-width: 286px) 100vw, 286px\" \/><\/a><\/p>\n<p>Cada any treballem l&#8217;educaci\u00f3 visual i pl\u00e0stica a partir d&#8217;aquesta obra, i tenim el privilegi de poder con\u00e8ixer l&#8217;autor que ens visita a final de curs.<\/p>\n","protected":false},"excerpt":{"rendered":"<p>Des de fa ja m\u00e9s de 10 anys, l&#8217;escola t\u00e9 un projecte d&#8217;Educaci\u00f3 Visual i pl\u00e0stica en col\u00b7laboraci\u00f3 amb el centre Experimental de les Arts de Vallgrassa, situat al Parc del Garraf.<a href=\"https:\/\/www.vallgrassa.cat\/\" target=\"_blank\" rel=\"noopener noreferrer\"><\/a><br \/>\nEn col\u00b7laboraci\u00f3 amb Vallgrassa l&#8217;escola ha realitzat assessorament i formaci\u00f3&hellip;  <a href=\"https:\/\/agora.xtec.cat\/ceippontdelarcada\/projectes-de-centre\/projecte-de-visual-i-plastica\/\" title=\"Read Projecte de Visual i Pl\u00e0stica\">Llegeix m\u00e9s\u00bb<\/a><\/p>\n","protected":false},"author":1,"featured_media":0,"parent":831,"menu_order":0,"comment_status":"closed","ping_status":"closed","template":"page-templates\/side-menu.php","meta":{"_bbp_topic_count":0,"_bbp_reply_count":0,"_bbp_total_topic_count":0,"_bbp_total_reply_count":0,"_bbp_voice_count":0,"_bbp_anonymous_reply_count":0,"_bbp_topic_count_hidden":0,"_bbp_reply_count_hidden":0,"_bbp_forum_subforum_count":0,"footnotes":""},"class_list":["post-834","page","type-page","status-publish","hentry"],"post_mailing_queue_ids":[],"_links":{"self":[{"href":"https:\/\/agora.xtec.cat\/ceippontdelarcada\/wp-json\/wp\/v2\/pages\/834","targetHints":{"allow":["GET"]}}],"collection":[{"href":"https:\/\/agora.xtec.cat\/ceippontdelarcada\/wp-json\/wp\/v2\/pages"}],"about":[{"href":"https:\/\/agora.xtec.cat\/ceippontdelarcada\/wp-json\/wp\/v2\/types\/page"}],"author":[{"embeddable":true,"href":"https:\/\/agora.xtec.cat\/ceippontdelarcada\/wp-json\/wp\/v2\/users\/1"}],"replies":[{"embeddable":true,"href":"https:\/\/agora.xtec.cat\/ceippontdelarcada\/wp-json\/wp\/v2\/comments?post=834"}],"version-history":[{"count":3,"href":"https:\/\/agora.xtec.cat\/ceippontdelarcada\/wp-json\/wp\/v2\/pages\/834\/revisions"}],"predecessor-version":[{"id":908,"href":"https:\/\/agora.xtec.cat\/ceippontdelarcada\/wp-json\/wp\/v2\/pages\/834\/revisions\/908"}],"up":[{"embeddable":true,"href":"https:\/\/agora.xtec.cat\/ceippontdelarcada\/wp-json\/wp\/v2\/pages\/831"}],"wp:attachment":[{"href":"https:\/\/agora.xtec.cat\/ceippontdelarcada\/wp-json\/wp\/v2\/media?parent=834"}],"curies":[{"name":"wp","href":"https:\/\/api.w.org\/{rel}","templated":true}]}}