{"id":73,"date":"2014-09-18T14:01:51","date_gmt":"2014-09-18T13:01:51","guid":{"rendered":"http:\/\/agora.xtec.cat\/ceippontdelarcada\/?page_id=73"},"modified":"2024-06-27T12:31:34","modified_gmt":"2024-06-27T10:31:34","slug":"menjador-escolar","status":"publish","type":"page","link":"https:\/\/agora.xtec.cat\/ceippontdelarcada\/serveis\/menjador-escolar\/","title":{"rendered":"Menjador escolar"},"content":{"rendered":"<p><span style=\"color: #333333;\">A l&#8217;escola comptem amb servei de menjador escolar, gestionat per l&#8217;empresa <strong><a style=\"color: #333333;\" href=\"https:\/\/escoles.fundesplai.org\/escola-pont-de-l-arcada-olesa-bonesvalls\/\">FUNDESPLAI<\/a><\/strong>. Per tal de poder fer \u00fas del servei de menjador, pr\u00e8viament us heu d&#8217;inscriure i donar d&#8217;alta des de l&#8217;APP de <a style=\"color: #333333;\" href=\"https:\/\/escoles.fundesplai.org\/escola-pont-de-l-arcada-olesa-bonesvalls\/\"><strong>FUNDESPLAI<\/strong>,<\/a> on a m\u00e9s a m\u00e9s trobareu els men\u00fas mensuals i\u00a0 fotos de les activitats que fan dins de la pestanya multim\u00e8dia.<\/span><\/p>\n<p><img loading=\"lazy\" decoding=\"async\" class=\"aligncenter wp-image-3090\" src=\"https:\/\/agora.xtec.cat\/ceippontdelarcada\/wp-content\/uploads\/usu1827\/2024\/02\/IMG_9812-1024x768.jpg\" alt=\"\" width=\"412\" height=\"309\" srcset=\"https:\/\/agora.xtec.cat\/ceippontdelarcada\/wp-content\/uploads\/usu1827\/2024\/02\/IMG_9812-1024x768.jpg 1024w, https:\/\/agora.xtec.cat\/ceippontdelarcada\/wp-content\/uploads\/usu1827\/2024\/02\/IMG_9812-300x225.jpg 300w, https:\/\/agora.xtec.cat\/ceippontdelarcada\/wp-content\/uploads\/usu1827\/2024\/02\/IMG_9812-768x576.jpg 768w, https:\/\/agora.xtec.cat\/ceippontdelarcada\/wp-content\/uploads\/usu1827\/2024\/02\/IMG_9812-1536x1152.jpg 1536w, https:\/\/agora.xtec.cat\/ceippontdelarcada\/wp-content\/uploads\/usu1827\/2024\/02\/IMG_9812-200x150.jpg 200w, https:\/\/agora.xtec.cat\/ceippontdelarcada\/wp-content\/uploads\/usu1827\/2024\/02\/IMG_9812.jpg 2016w\" sizes=\"auto, (max-width: 412px) 100vw, 412px\" \/><\/p>\n<p><b>HORARI del servei de menjador:<\/b><\/p>\n<ul>\n<li>de 12:30 a 15:00h de dilluns a dijous<\/li>\n<li>de 14:00 a 16:30h divendres<\/li>\n<li>de 13:00 a 15:30h durant els dies de jornada intensiva (desembre i juny).<\/li>\n<\/ul>\n<p>&nbsp;<\/p>\n<p><strong>PREU del servei de menjador:<\/strong><\/p>\n<ul>\n<li>7,97\u20ac &#8211; usuaris fixes<\/li>\n<li>8,81\u20ac &#8211; usuaris espor\u00e0dics<\/li>\n<li><em>Els usuaris fixes poden avisar de la no assist\u00e8ncia i se&#8217;ls abonaran 3,50\u20ac (abans de les 09:30h del mat\u00ed)<\/em><\/li>\n<\/ul>\n<p>&nbsp;<\/p>\n<p><strong>CONTACTE matins: <\/strong>per informar de que un alumne espor\u00e0dic es queda o b\u00e9 que un alumne fixe no ve.<\/p>\n<p style=\"font-weight: 400;\">93.474.74.34 (Neus Barrero)<\/p>\n<p style=\"font-weight: 400;\"><a href=\"mailto:tacosta@fundesplai.org\">nbarrero@fundesplai.org<\/a><\/p>\n<p><img loading=\"lazy\" decoding=\"async\" class=\"aligncenter wp-image-3089\" src=\"https:\/\/agora.xtec.cat\/ceippontdelarcada\/wp-content\/uploads\/usu1827\/2024\/02\/IMG_9811-1024x768.jpg\" alt=\"\" width=\"363\" height=\"272\" srcset=\"https:\/\/agora.xtec.cat\/ceippontdelarcada\/wp-content\/uploads\/usu1827\/2024\/02\/IMG_9811-1024x768.jpg 1024w, https:\/\/agora.xtec.cat\/ceippontdelarcada\/wp-content\/uploads\/usu1827\/2024\/02\/IMG_9811-300x225.jpg 300w, https:\/\/agora.xtec.cat\/ceippontdelarcada\/wp-content\/uploads\/usu1827\/2024\/02\/IMG_9811-768x576.jpg 768w, https:\/\/agora.xtec.cat\/ceippontdelarcada\/wp-content\/uploads\/usu1827\/2024\/02\/IMG_9811-1536x1152.jpg 1536w, https:\/\/agora.xtec.cat\/ceippontdelarcada\/wp-content\/uploads\/usu1827\/2024\/02\/IMG_9811-200x150.jpg 200w, https:\/\/agora.xtec.cat\/ceippontdelarcada\/wp-content\/uploads\/usu1827\/2024\/02\/IMG_9811.jpg 2016w\" sizes=\"auto, (max-width: 363px) 100vw, 363px\" \/><\/p>\n<p><strong>SERVEI DE PICNIC:<\/strong><\/p>\n<p>Els dies de sortida els alumnes fixes de menjador poden sol\u00b7licitar el servei de picnic. La coordinadora de menjador els entregar\u00e0 un full de sol\u00b7licitud dies abans de la sortida, i les fam\u00edlies hauran de retornar-los adequadament omplert, indicant si volen o no el servei.<\/p>\n<p>&nbsp;<\/p>\n<h5><\/h5>\n<p>&nbsp;<\/p>\n","protected":false},"excerpt":{"rendered":"<p>A l&#8217;escola comptem amb servei de menjador escolar, gestionat per l&#8217;empresa <a style=\"color: #333333;\" href=\"https:\/\/escoles.fundesplai.org\/escola-pont-de-l-arcada-olesa-bonesvalls\/\">FUNDESPLAI<\/a>. Per tal de poder fer \u00fas del servei de menjador, pr\u00e8viament us heu d&#8217;inscriure i donar d&#8217;alta des de l&#8217;APP de <a style=\"color: #333333;\" href=\"https:\/\/escoles.fundesplai.org\/escola-pont-de-l-arcada-olesa-bonesvalls\/\">FUNDESPLAI,<\/a> on a m\u00e9s a m\u00e9s&hellip;  <a href=\"https:\/\/agora.xtec.cat\/ceippontdelarcada\/serveis\/menjador-escolar\/\" title=\"Read Menjador escolar\">Llegeix m\u00e9s\u00bb<\/a><\/p>\n","protected":false},"author":1,"featured_media":0,"parent":66,"menu_order":30,"comment_status":"closed","ping_status":"closed","template":"page-templates\/side-menu.php","meta":{"_bbp_topic_count":0,"_bbp_reply_count":0,"_bbp_total_topic_count":0,"_bbp_total_reply_count":0,"_bbp_voice_count":0,"_bbp_anonymous_reply_count":0,"_bbp_topic_count_hidden":0,"_bbp_reply_count_hidden":0,"_bbp_forum_subforum_count":0,"footnotes":""},"class_list":["post-73","page","type-page","status-publish","hentry"],"post_mailing_queue_ids":[],"_links":{"self":[{"href":"https:\/\/agora.xtec.cat\/ceippontdelarcada\/wp-json\/wp\/v2\/pages\/73","targetHints":{"allow":["GET"]}}],"collection":[{"href":"https:\/\/agora.xtec.cat\/ceippontdelarcada\/wp-json\/wp\/v2\/pages"}],"about":[{"href":"https:\/\/agora.xtec.cat\/ceippontdelarcada\/wp-json\/wp\/v2\/types\/page"}],"author":[{"embeddable":true,"href":"https:\/\/agora.xtec.cat\/ceippontdelarcada\/wp-json\/wp\/v2\/users\/1"}],"replies":[{"embeddable":true,"href":"https:\/\/agora.xtec.cat\/ceippontdelarcada\/wp-json\/wp\/v2\/comments?post=73"}],"version-history":[{"count":6,"href":"https:\/\/agora.xtec.cat\/ceippontdelarcada\/wp-json\/wp\/v2\/pages\/73\/revisions"}],"predecessor-version":[{"id":3460,"href":"https:\/\/agora.xtec.cat\/ceippontdelarcada\/wp-json\/wp\/v2\/pages\/73\/revisions\/3460"}],"up":[{"embeddable":true,"href":"https:\/\/agora.xtec.cat\/ceippontdelarcada\/wp-json\/wp\/v2\/pages\/66"}],"wp:attachment":[{"href":"https:\/\/agora.xtec.cat\/ceippontdelarcada\/wp-json\/wp\/v2\/media?parent=73"}],"curies":[{"name":"wp","href":"https:\/\/api.w.org\/{rel}","templated":true}]}}