{"id":26,"date":"2014-09-18T12:24:32","date_gmt":"2014-09-18T11:24:32","guid":{"rendered":"http:\/\/agora.xtec.cat\/ceippontdelarcada\/?page_id=26"},"modified":"2025-10-21T16:26:27","modified_gmt":"2025-10-21T14:26:27","slug":"equip_docent","status":"publish","type":"page","link":"https:\/\/agora.xtec.cat\/ceippontdelarcada\/lescola\/equip_docent\/","title":{"rendered":"Equip Docent"},"content":{"rendered":"<h3 style=\"text-align: center;\"><span style=\"color: #000080;\"><em>CURS 25-26<\/em><\/span><\/h3>\n<h3 style=\"text-align: center;\"><strong>EQUIP DIRECTIU<\/strong><\/h3>\n<p style=\"text-align: center;\"><strong>Directora<\/strong> Sandra Mart\u00ed<\/p>\n<p style=\"text-align: center;\"><strong>Cap d&#8217;estudis<\/strong> Laura S\u00e1nchez<\/p>\n<p style=\"text-align: center;\"><strong>Secretari<\/strong> Isidro Rodr\u00edguez<\/p>\n<h3><\/h3>\n<h3 style=\"text-align: center;\"><strong>EDUCACI\u00d3 INFANTIL<\/strong><\/h3>\n<p style=\"text-align: center;\">Montse Fern\u00e1ndez<\/p>\n<p style=\"text-align: center;\">Raquel Mart\u00ednez<\/p>\n<p style=\"text-align: center;\">Isidro Rodr\u00edguez<\/p>\n<h3 style=\"text-align: center;\"><strong>CICLE INICIAL<\/strong><\/h3>\n<p style=\"text-align: center;\">Sandra Mart\u00ed<\/p>\n<p style=\"text-align: center;\">Clara Ponce<\/p>\n<p style=\"text-align: center;\">Mariona Beltran<\/p>\n<h3 style=\"text-align: center;\"><strong>CICLE MITJ\u00c0<\/strong><\/h3>\n<p style=\"text-align: center;\">Anna Ferrer<\/p>\n<p style=\"text-align: center;\">Laura S\u00e1nchez<\/p>\n<p style=\"text-align: center;\">Salva Torres<\/p>\n<h3 style=\"text-align: center;\"><strong>CICLE SUPERIOR<\/strong><\/h3>\n<p style=\"text-align: center;\">Laia Pla<\/p>\n<p style=\"text-align: center;\">S\u00f2nia Vidal<\/p>\n<p style=\"text-align: center;\">Neus S\u00e1nchez<\/p>\n<h3 style=\"text-align: center;\"><strong style=\"font-family: inherit; font-size: 1em; text-align: center;\">ESPECIALISTES<\/strong><\/h3>\n<p style=\"text-align: center;\"><b>Angl\u00e8s<\/b><strong>\u00a0<\/strong><\/p>\n<p style=\"text-align: center;\"><strong>Educaci\u00f3 f\u00edsica<\/strong> Isidro Rodr\u00edguez<\/p>\n<p style=\"text-align: center;\"><strong>Educaci\u00f3 especial\u00a0<\/strong> Neus S\u00e1nchez<\/p>\n<p style=\"text-align: center;\"><strong>M\u00fasica\u00a0<\/strong>Salva Torres<\/p>\n<p>&nbsp;<\/p>\n<p>&nbsp;<\/p>\n","protected":false},"excerpt":{"rendered":"<p>CURS 25-26<br \/>\nEQUIP DIRECTIU<br \/>\nDirectora Sandra Mart\u00ed<br \/>\nCap d&#8217;estudis Laura S\u00e1nchez<br \/>\nSecretari Isidro Rodr\u00edguez<\/p>\n<p>EDUCACI\u00d3 INFANTIL<br \/>\nMontse Fern\u00e1ndez<br \/>\nRaquel Mart\u00ednez<br \/>\nIsidro Rodr\u00edguez<br \/>\nCICLE INICIAL<br \/>\nSandra Mart\u00ed<br \/>\nClara Ponce<br \/>\nMariona Beltran<br \/>\nCICLE MITJ\u00c0<br \/>\nAnna Ferrer<br \/>\nLaura S\u00e1nchez<br \/>\nSalva Torres<br \/>\nCICLE SUPERIOR<br \/>\nLaia Pla<br \/>\nS\u00f2nia Vidal<br \/>\nNeus S\u00e1nchez<br \/>\nESPECIALISTES<br \/>\nAngl\u00e8s\u00a0<br \/>\nEducaci\u00f3 f\u00edsica Isidro Rodr\u00edguez<br \/>\nEducaci\u00f3 especial\u00a0 Neus S\u00e1nchez<br \/>\nM\u00fasica\u00a0Salva Torres<br \/>\n&nbsp;<br \/>\n&nbsp;<\/p>\n","protected":false},"author":1,"featured_media":0,"parent":22,"menu_order":4,"comment_status":"closed","ping_status":"closed","template":"page-templates\/side-menu.php","meta":{"_bbp_topic_count":0,"_bbp_reply_count":0,"_bbp_total_topic_count":0,"_bbp_total_reply_count":0,"_bbp_voice_count":0,"_bbp_anonymous_reply_count":0,"_bbp_topic_count_hidden":0,"_bbp_reply_count_hidden":0,"_bbp_forum_subforum_count":0,"footnotes":""},"class_list":["post-26","page","type-page","status-publish","hentry"],"post_mailing_queue_ids":[],"_links":{"self":[{"href":"https:\/\/agora.xtec.cat\/ceippontdelarcada\/wp-json\/wp\/v2\/pages\/26","targetHints":{"allow":["GET"]}}],"collection":[{"href":"https:\/\/agora.xtec.cat\/ceippontdelarcada\/wp-json\/wp\/v2\/pages"}],"about":[{"href":"https:\/\/agora.xtec.cat\/ceippontdelarcada\/wp-json\/wp\/v2\/types\/page"}],"author":[{"embeddable":true,"href":"https:\/\/agora.xtec.cat\/ceippontdelarcada\/wp-json\/wp\/v2\/users\/1"}],"replies":[{"embeddable":true,"href":"https:\/\/agora.xtec.cat\/ceippontdelarcada\/wp-json\/wp\/v2\/comments?post=26"}],"version-history":[{"count":7,"href":"https:\/\/agora.xtec.cat\/ceippontdelarcada\/wp-json\/wp\/v2\/pages\/26\/revisions"}],"predecessor-version":[{"id":4390,"href":"https:\/\/agora.xtec.cat\/ceippontdelarcada\/wp-json\/wp\/v2\/pages\/26\/revisions\/4390"}],"up":[{"embeddable":true,"href":"https:\/\/agora.xtec.cat\/ceippontdelarcada\/wp-json\/wp\/v2\/pages\/22"}],"wp:attachment":[{"href":"https:\/\/agora.xtec.cat\/ceippontdelarcada\/wp-json\/wp\/v2\/media?parent=26"}],"curies":[{"name":"wp","href":"https:\/\/api.w.org\/{rel}","templated":true}]}}