{"id":22,"date":"2014-09-18T12:19:57","date_gmt":"2014-09-18T11:19:57","guid":{"rendered":"http:\/\/agora.xtec.cat\/ceippontdelarcada\/?page_id=22"},"modified":"2022-02-19T06:59:29","modified_gmt":"2022-02-19T05:59:29","slug":"lescola","status":"publish","type":"page","link":"https:\/\/agora.xtec.cat\/ceippontdelarcada\/lescola\/","title":{"rendered":"L&#8217;ESCOLA"},"content":{"rendered":"<p>L\u2019escola Pont de l\u2019Arcada \u00e9s p\u00fablica, de poble i multigrau.<\/p>\n<p>El nostre projecte Educatiu es basa en quatre grans principis:<\/p>\n<ol>\n<li><strong><em>Pluralisme ideol\u00f2gic i valors democr\u00e0tics<\/em><\/strong>. Partim del respecte a totes les maneres de pensar i concepcions filos\u00f2fiques, pol\u00edtiques i religioses de tota la comunitat educativa.<\/li>\n<li><strong><em>Educaci\u00f3 inclusiva<\/em><\/strong>. Entenem que l\u2019escola ha de garantir la igualtat d\u2019oportunitats per a tothom; i apostem per un model d\u2019aula ordin\u00e0ria on tinguin cabuda tots els alumnes de l\u2019escola.<\/li>\n<li><strong><em>Educaci\u00f3 no sexista<\/em><\/strong>. Defensem la superaci\u00f3 de les desigualtats per ra\u00f3 de sexe, tot evitant els estereotips, el llenguatge i les conductes sexistes.<\/li>\n<li><em><strong>Arrelament al medi proper<\/strong><\/em>. Pertanyem a Olesa de Bonesvalls i a la comarca de l\u2019Alt Pened\u00e8s i fomentem el coneixement de tot all\u00f2 proper que ens envolta, ja siguin elements naturals o tradicions culturals, per tal d\u2019aprendre a valorar-les i respectar-les.<\/li>\n<\/ol>\n","protected":false},"excerpt":{"rendered":"<p>L\u2019escola Pont de l\u2019Arcada \u00e9s p\u00fablica, de poble i multigrau.<br \/>\nEl nostre projecte Educatiu es basa en quatre grans principis:<\/p>\n<ol>\n<li>Pluralisme ideol\u00f2gic i valors democr\u00e0tics. Partim del respecte a totes les maneres de pensar i concepcions filos\u00f2fiques, pol\u00edtiques i religioses de tota la comunitat educativa.<\/li>\n<li>Educaci\u00f3 inclusiva. Entenem&hellip;  <a href=\"https:\/\/agora.xtec.cat\/ceippontdelarcada\/lescola\/\" title=\"Read L&#8217;ESCOLA\">Llegeix m\u00e9s\u00bb<\/a><br \/>\n","protected":false},"author":1,"featured_media":0,"parent":0,"menu_order":0,"comment_status":"closed","ping_status":"closed","template":"page-templates\/side-menu.php","meta":{"_bbp_topic_count":0,"_bbp_reply_count":0,"_bbp_total_topic_count":0,"_bbp_total_reply_count":0,"_bbp_voice_count":0,"_bbp_anonymous_reply_count":0,"_bbp_topic_count_hidden":0,"_bbp_reply_count_hidden":0,"_bbp_forum_subforum_count":0,"footnotes":""},"class_list":["post-22","page","type-page","status-publish","hentry"],"post_mailing_queue_ids":[],"_links":{"self":[{"href":"https:\/\/agora.xtec.cat\/ceippontdelarcada\/wp-json\/wp\/v2\/pages\/22","targetHints":{"allow":["GET"]}}],"collection":[{"href":"https:\/\/agora.xtec.cat\/ceippontdelarcada\/wp-json\/wp\/v2\/pages"}],"about":[{"href":"https:\/\/agora.xtec.cat\/ceippontdelarcada\/wp-json\/wp\/v2\/types\/page"}],"author":[{"embeddable":true,"href":"https:\/\/agora.xtec.cat\/ceippontdelarcada\/wp-json\/wp\/v2\/users\/1"}],"replies":[{"embeddable":true,"href":"https:\/\/agora.xtec.cat\/ceippontdelarcada\/wp-json\/wp\/v2\/comments?post=22"}],"version-history":[{"count":4,"href":"https:\/\/agora.xtec.cat\/ceippontdelarcada\/wp-json\/wp\/v2\/pages\/22\/revisions"}],"predecessor-version":[{"id":1760,"href":"https:\/\/agora.xtec.cat\/ceippontdelarcada\/wp-json\/wp\/v2\/pages\/22\/revisions\/1760"}],"wp:attachment":[{"href":"https:\/\/agora.xtec.cat\/ceippontdelarcada\/wp-json\/wp\/v2\/media?parent=22"}],"curies":[{"name":"wp","href":"https:\/\/api.w.org\/{rel}","templated":true}]}}