{"id":1205,"date":"2020-05-10T10:55:42","date_gmt":"2020-05-10T08:55:42","guid":{"rendered":"http:\/\/agora.xtec.cat\/ceippontdelarcada\/?page_id=1205"},"modified":"2022-07-09T22:21:32","modified_gmt":"2022-07-09T20:21:32","slug":"preinscripcions_20xx","status":"publish","type":"page","link":"https:\/\/agora.xtec.cat\/ceippontdelarcada\/preinscripcions_20xx\/","title":{"rendered":"Preinscripci\u00f3 2022-2023"},"content":{"rendered":"<h2>Llista de sol\u00b7licituds que han demanat el centre i l&#8217;ensenyament en primera petici\u00f3 amb la puntuaci\u00f3 provisional a 21\/04\/2022:<\/h2>\n<p><a href=\"https:\/\/agora.xtec.cat\/ceippontdelarcada\/wp-content\/uploads\/usu1827\/2022\/04\/INFORME_BAREM_PROVISIONAL_BAREM-1-1.pdf\">INFORME_BAREM_PROVISIONAL_BAREM (1)<\/a><\/p>\n<p>&nbsp;<\/p>\n<p><img loading=\"lazy\" decoding=\"async\" class=\"aligncenter size-full wp-image-1728\" src=\"https:\/\/agora.xtec.cat\/ceippontdelarcada\/wp-content\/uploads\/usu1827\/2022\/02\/Captura-de-2022-02-08-15-06-35.png\" alt=\"\" width=\"712\" height=\"107\" srcset=\"https:\/\/agora.xtec.cat\/ceippontdelarcada\/wp-content\/uploads\/usu1827\/2022\/02\/Captura-de-2022-02-08-15-06-35.png 712w, https:\/\/agora.xtec.cat\/ceippontdelarcada\/wp-content\/uploads\/usu1827\/2022\/02\/Captura-de-2022-02-08-15-06-35-300x45.png 300w\" sizes=\"auto, (max-width: 712px) 100vw, 712px\" \/><\/p>\n<h6><strong>P\u00e0gina WEB<\/strong><\/h6>\n<p>Trobareu informaci\u00f3 sobre els projectes i activitats de l&#8217;escola als diferents apartats de la web: Escola, documents, Projectes, horari, serveis &#8230; i en la seg\u00fcent <a href=\"https:\/\/view.genial.ly\/602bd984056f2d0dac3064ee\/video-presentation-preinscripcions-202122\"><strong>PRESENTACI\u00d3<\/strong><\/a><\/p>\n<h6><strong>Jornada de Portes Obertes i xerrada informativa<\/strong><\/h6>\n<p>Podeu participar apuntau-vos a la Jornada de Portes Obertes del proper <strong>dissabte 5 de mar\u00e7 <\/strong>entre les <strong>10 i les 13.\u00a0 <\/strong>Primer farem una xerrada informativa on us explicarem el projecte d&#8217;escola i al finalitzar podreu visitar els espais.<\/p>\n<div class=\"row\">\n<div class=\"columns small-12 large-2\"><\/div>\n<div class=\"columns small-12 large-10\">\n<p>&nbsp;<\/p>\n<\/div>\n<\/div>\n<p><img loading=\"lazy\" decoding=\"async\" class=\"aligncenter size-full wp-image-1729\" src=\"https:\/\/agora.xtec.cat\/ceippontdelarcada\/wp-content\/uploads\/usu1827\/2022\/02\/Captura-de-2022-02-08-15-18-38.png\" alt=\"\" width=\"772\" height=\"97\" srcset=\"https:\/\/agora.xtec.cat\/ceippontdelarcada\/wp-content\/uploads\/usu1827\/2022\/02\/Captura-de-2022-02-08-15-18-38.png 772w, https:\/\/agora.xtec.cat\/ceippontdelarcada\/wp-content\/uploads\/usu1827\/2022\/02\/Captura-de-2022-02-08-15-18-38-300x38.png 300w, https:\/\/agora.xtec.cat\/ceippontdelarcada\/wp-content\/uploads\/usu1827\/2022\/02\/Captura-de-2022-02-08-15-18-38-768x96.png 768w\" sizes=\"auto, (max-width: 772px) 100vw, 772px\" \/><\/p>\n<p>El 7 de mar\u00e7 comen\u00e7a el per\u00edode de preinscripcions pel curs 2022-2023.<\/p>\n<p>Recordeu que teniu fins el 21 de mar\u00e7 per fer les preinscripcions de forma <em><strong>TELEM\u00c0TICA<\/strong><\/em>.<\/p>\n<p>En el web de <a href=\"https:\/\/preinscripcio.gencat.cat\/ca\/inici\/\" target=\"_blank\" rel=\"noopener noreferrer\">PREINSCRIPCIONS<\/a> trobareu tota la informaci\u00f3 i l&#8217;enlla\u00e7 per fer la sol\u00b7licitud de pla\u00e7a.<\/p>\n<h6><strong>DADES NECESS\u00c0RIES<\/strong>:<\/h6>\n<p>&#8211; CODI DE CENTRE: 08022379 &#8211; Pont de l&#8217;Arcada<\/p>\n<p>&#8211; CODI IDALU (nom\u00e9s per alumnes que canvien de centre). Podeu demanar-lo a l&#8217;escola d&#8217;origen\u00a0o b\u00e9 consultar-lo a trav\u00e9s d&#8217;aquest enlla\u00e7: <a href=\"http:\/\/educacio.gencat.cat\/ca\/tramits\/tramits-temes\/identificador-alumne?moda=1\" target=\"_blank\" rel=\"noopener noreferrer\">http:\/\/educacio.gencat.cat\/ca\/tramits\/tramits-temes\/identificador-alumne?moda=1<\/a><\/p>\n<h6><strong>DOCUMENTACI\u00d3 NECESS\u00c0RIA<\/strong>:<\/h6>\n<p>&#8211; LLIBRE DE FAM\u00cdLIA \/ PASSAPORT<\/p>\n<p>&#8211; DNI \/ NIE \/ PASSAPORT DEL PARE &#8211; MARE &#8211; TUTOR<\/p>\n<p>&#8211; DOCUMENTACI\u00d3 ACREDITATIVA de PUNTS QUE CAL APORTAR: proximitat de la feina, renda m\u00ednima garantida<\/p>\n<p>&#8211; DOCUMENTACI\u00d3 ACREDITATIVA DE PUNTS QUE COMPROVA L&#8217;ADMINISTRACI\u00d3 AUTOM\u00c0TICAMENT: proximitat domicili, discapacitat, fam\u00edlia nombrosa<\/p>\n<p><a href=\"https:\/\/agora.xtec.cat\/ceippontdelarcada\/wp-content\/uploads\/usu1827\/2022\/03\/guia-preinscripcio-22-23-1.pdf\"><img loading=\"lazy\" decoding=\"async\" class=\"aligncenter size-full wp-image-1824\" src=\"https:\/\/agora.xtec.cat\/ceippontdelarcada\/wp-content\/uploads\/usu1827\/2022\/03\/Captura-de-2022-03-03-18-52-45.png\" alt=\"\" width=\"571\" height=\"692\" srcset=\"https:\/\/agora.xtec.cat\/ceippontdelarcada\/wp-content\/uploads\/usu1827\/2022\/03\/Captura-de-2022-03-03-18-52-45.png 571w, https:\/\/agora.xtec.cat\/ceippontdelarcada\/wp-content\/uploads\/usu1827\/2022\/03\/Captura-de-2022-03-03-18-52-45-248x300.png 248w\" sizes=\"auto, (max-width: 571px) 100vw, 571px\" \/><\/a><\/p>\n<p>&nbsp;<\/p>\n<p>&nbsp;<\/p>\n<p>&nbsp;<\/p>\n","protected":false},"excerpt":{"rendered":"<p>Llista de sol\u00b7licituds que han demanat el centre i l&#8217;ensenyament en primera petici\u00f3 amb la puntuaci\u00f3 provisional a 21\/04\/2022:<br \/>\n<a href=\"https:\/\/agora.xtec.cat\/ceippontdelarcada\/wp-content\/uploads\/usu1827\/2022\/04\/INFORME_BAREM_PROVISIONAL_BAREM-1-1.pdf\">INFORME_BAREM_PROVISIONAL_BAREM (1)<\/a><br \/>\n&nbsp;<\/p>\n<p>P\u00e0gina WEB<br \/>\nTrobareu informaci\u00f3 sobre els projectes i activitats de l&#8217;escola als diferents apartats de la web: Escola, documents, Projectes, horari, serveis &#8230; i en la&hellip;  <a href=\"https:\/\/agora.xtec.cat\/ceippontdelarcada\/preinscripcions_20xx\/\" title=\"Read Preinscripci\u00f3 2022-2023\">Llegeix m\u00e9s\u00bb<\/a><\/p>\n","protected":false},"author":1,"featured_media":0,"parent":0,"menu_order":1,"comment_status":"closed","ping_status":"closed","template":"page-templates\/side-menu.php","meta":{"_bbp_topic_count":0,"_bbp_reply_count":0,"_bbp_total_topic_count":0,"_bbp_total_reply_count":0,"_bbp_voice_count":0,"_bbp_anonymous_reply_count":0,"_bbp_topic_count_hidden":0,"_bbp_reply_count_hidden":0,"_bbp_forum_subforum_count":0,"footnotes":""},"class_list":["post-1205","page","type-page","status-publish","hentry"],"post_mailing_queue_ids":[],"_links":{"self":[{"href":"https:\/\/agora.xtec.cat\/ceippontdelarcada\/wp-json\/wp\/v2\/pages\/1205","targetHints":{"allow":["GET"]}}],"collection":[{"href":"https:\/\/agora.xtec.cat\/ceippontdelarcada\/wp-json\/wp\/v2\/pages"}],"about":[{"href":"https:\/\/agora.xtec.cat\/ceippontdelarcada\/wp-json\/wp\/v2\/types\/page"}],"author":[{"embeddable":true,"href":"https:\/\/agora.xtec.cat\/ceippontdelarcada\/wp-json\/wp\/v2\/users\/1"}],"replies":[{"embeddable":true,"href":"https:\/\/agora.xtec.cat\/ceippontdelarcada\/wp-json\/wp\/v2\/comments?post=1205"}],"version-history":[{"count":4,"href":"https:\/\/agora.xtec.cat\/ceippontdelarcada\/wp-json\/wp\/v2\/pages\/1205\/revisions"}],"predecessor-version":[{"id":2015,"href":"https:\/\/agora.xtec.cat\/ceippontdelarcada\/wp-json\/wp\/v2\/pages\/1205\/revisions\/2015"}],"wp:attachment":[{"href":"https:\/\/agora.xtec.cat\/ceippontdelarcada\/wp-json\/wp\/v2\/media?parent=1205"}],"curies":[{"name":"wp","href":"https:\/\/api.w.org\/{rel}","templated":true}]}}