{"id":9,"date":"2014-09-17T15:08:18","date_gmt":"2014-09-17T14:08:18","guid":{"rendered":"http:\/\/agora.xtec.cat\/ceippontdelacadena\/?page_id=9"},"modified":"2026-04-17T13:13:11","modified_gmt":"2026-04-17T11:13:11","slug":"pagina-dinici-buida","status":"publish","type":"page","link":"https:\/\/agora.xtec.cat\/ceippontdelacadena\/","title":{"rendered":"PREINSCRIPCI\u00d3 2026-2027"},"content":{"rendered":"<p style=\"text-align: center;\" data-pm-slice=\"1 1 []\"><strong>Si has format part del claustre del Pont de la Cadena, aix\u00f2 t&#8217;interessa!<\/strong><\/p>\n<p style=\"text-align: center;\">Aquest curs \u00e9s un any molt especial per a tots nosaltres: <strong>la nostra escola fa 40 anys!<\/strong> Quatre d\u00e8cades creixent, aprenent i formant part de la vida de centenars d&#8217;infants i fam\u00edlies. Vosaltres formeu part d&#8217;aquest recorregut i ens agradaria comptar amb vosaltres.<\/p>\n<p><a href=\"https:\/\/docs.google.com\/forms\/d\/e\/1FAIpQLSdYEdwbW2f2Pt5ALzToY80YBr_KhjyGSH-nZDCBxDvrudWANA\/viewform?usp=sharing&amp;ouid=116614682223428026236\"><img loading=\"lazy\" decoding=\"async\" class=\"aligncenter  wp-image-5304\" src=\"https:\/\/agora.xtec.cat\/ceippontdelacadena\/wp-content\/uploads\/usu1030\/2026\/04\/40-anys-fent-escola-724x1024.jpg\" alt=\"\" width=\"464\" height=\"656\" srcset=\"https:\/\/agora.xtec.cat\/ceippontdelacadena\/wp-content\/uploads\/usu1030\/2026\/04\/40-anys-fent-escola-724x1024.jpg 724w, https:\/\/agora.xtec.cat\/ceippontdelacadena\/wp-content\/uploads\/usu1030\/2026\/04\/40-anys-fent-escola-212x300.jpg 212w, https:\/\/agora.xtec.cat\/ceippontdelacadena\/wp-content\/uploads\/usu1030\/2026\/04\/40-anys-fent-escola-768x1086.jpg 768w, https:\/\/agora.xtec.cat\/ceippontdelacadena\/wp-content\/uploads\/usu1030\/2026\/04\/40-anys-fent-escola-1086x1536.jpg 1086w, https:\/\/agora.xtec.cat\/ceippontdelacadena\/wp-content\/uploads\/usu1030\/2026\/04\/40-anys-fent-escola.jpg 1414w\" sizes=\"auto, (max-width: 464px) 100vw, 464px\" \/><\/a><\/p>\n<p data-pm-slice=\"1 1 []\">\n<p style=\"text-align: center;\" data-pm-slice=\"1 1 []\"><strong>CLICA A LA IMATGE<\/strong><\/p>\n<p style=\"text-align: center;\" data-pm-slice=\"1 1 []\">per accedir als documents de la preinscripci\u00f3 actualitzats.<\/p>\n<p><a href=\"https:\/\/drive.google.com\/drive\/folders\/1WHZFrsN_QXdokQXa-4MgfcKKUPyL822h?usp=sharing\"><img loading=\"lazy\" decoding=\"async\" class=\"aligncenter  wp-image-5293\" src=\"https:\/\/agora.xtec.cat\/ceippontdelacadena\/wp-content\/uploads\/usu1030\/2026\/02\/PREINSCRIPCIO-2026-2027-724x1024.jpg\" alt=\"\" width=\"496\" height=\"702\" srcset=\"https:\/\/agora.xtec.cat\/ceippontdelacadena\/wp-content\/uploads\/usu1030\/2026\/02\/PREINSCRIPCIO-2026-2027-724x1024.jpg 724w, https:\/\/agora.xtec.cat\/ceippontdelacadena\/wp-content\/uploads\/usu1030\/2026\/02\/PREINSCRIPCIO-2026-2027-212x300.jpg 212w, https:\/\/agora.xtec.cat\/ceippontdelacadena\/wp-content\/uploads\/usu1030\/2026\/02\/PREINSCRIPCIO-2026-2027-768x1086.jpg 768w, https:\/\/agora.xtec.cat\/ceippontdelacadena\/wp-content\/uploads\/usu1030\/2026\/02\/PREINSCRIPCIO-2026-2027-1086x1536.jpg 1086w, https:\/\/agora.xtec.cat\/ceippontdelacadena\/wp-content\/uploads\/usu1030\/2026\/02\/PREINSCRIPCIO-2026-2027.jpg 1414w\" sizes=\"auto, (max-width: 496px) 100vw, 496px\" \/><\/a><\/p>\n","protected":false},"excerpt":{"rendered":"<p>Si has format part del claustre del Pont de la Cadena, aix\u00f2 t&#8217;interessa!<br \/>\nAquest curs \u00e9s un any molt especial per a tots nosaltres: la nostra escola fa 40 anys! Quatre d\u00e8cades creixent, aprenent i formant part de la vida de centenars d&#8217;infants i fam\u00edlies. Vosaltres&hellip;  <a href=\"https:\/\/agora.xtec.cat\/ceippontdelacadena\/\" title=\"Read PREINSCRIPCI\u00d3 2026-2027\">Llegeix m\u00e9s\u00bb<\/a><\/p>\n","protected":false},"author":1,"featured_media":0,"parent":7,"menu_order":0,"comment_status":"closed","ping_status":"closed","template":"page-templates\/front-page.php","meta":{"_bbp_topic_count":0,"_bbp_reply_count":0,"_bbp_total_topic_count":0,"_bbp_total_reply_count":0,"_bbp_voice_count":0,"_bbp_anonymous_reply_count":0,"_bbp_topic_count_hidden":0,"_bbp_reply_count_hidden":0,"_bbp_forum_subforum_count":0,"footnotes":""},"class_list":["post-9","page","type-page","status-publish","hentry"],"post_mailing_queue_ids":[],"_links":{"self":[{"href":"https:\/\/agora.xtec.cat\/ceippontdelacadena\/wp-json\/wp\/v2\/pages\/9","targetHints":{"allow":["GET"]}}],"collection":[{"href":"https:\/\/agora.xtec.cat\/ceippontdelacadena\/wp-json\/wp\/v2\/pages"}],"about":[{"href":"https:\/\/agora.xtec.cat\/ceippontdelacadena\/wp-json\/wp\/v2\/types\/page"}],"author":[{"embeddable":true,"href":"https:\/\/agora.xtec.cat\/ceippontdelacadena\/wp-json\/wp\/v2\/users\/1"}],"replies":[{"embeddable":true,"href":"https:\/\/agora.xtec.cat\/ceippontdelacadena\/wp-json\/wp\/v2\/comments?post=9"}],"version-history":[{"count":7,"href":"https:\/\/agora.xtec.cat\/ceippontdelacadena\/wp-json\/wp\/v2\/pages\/9\/revisions"}],"predecessor-version":[{"id":5314,"href":"https:\/\/agora.xtec.cat\/ceippontdelacadena\/wp-json\/wp\/v2\/pages\/9\/revisions\/5314"}],"up":[{"embeddable":true,"href":"https:\/\/agora.xtec.cat\/ceippontdelacadena\/wp-json\/wp\/v2\/pages\/7"}],"wp:attachment":[{"href":"https:\/\/agora.xtec.cat\/ceippontdelacadena\/wp-json\/wp\/v2\/media?parent=9"}],"curies":[{"name":"wp","href":"https:\/\/api.w.org\/{rel}","templated":true}]}}