{"id":87,"date":"2014-09-18T14:28:12","date_gmt":"2014-09-18T13:28:12","guid":{"rendered":"http:\/\/agora.xtec.cat\/ceippontdelacadena\/?page_id=87"},"modified":"2025-09-13T13:47:54","modified_gmt":"2025-09-13T11:47:54","slug":"etapes-i-especialitats","status":"publish","type":"page","link":"https:\/\/agora.xtec.cat\/ceippontdelacadena\/etapes-i-especialitats\/","title":{"rendered":"COMUNITATS EDUCATIVES"},"content":{"rendered":"<p data-start=\"161\" data-end=\"220\">\ud83c\udfeb <strong data-start=\"164\" data-end=\"220\">Una escola organitzada per comunitats educatives<\/strong><\/p>\n<p data-start=\"222\" data-end=\"494\">Som una <strong data-start=\"230\" data-end=\"257\">escola d\u2019una sola l\u00ednia<\/strong>, amb dues etapes educatives: <strong data-start=\"287\" data-end=\"328\">Educaci\u00f3 Infantil i Educaci\u00f3 Prim\u00e0ria<\/strong>. Per afavorir una millor organitzaci\u00f3 pedag\u00f2gica i un acompanyament m\u00e9s proper als infants, ens distribu\u00efm en <strong data-start=\"439\" data-end=\"468\">comunitats d\u2019aprenentatge<\/strong>, segons els grups d\u2019edat:<\/p>\n<p data-start=\"496\" data-end=\"661\"><strong data-start=\"499\" data-end=\"522\">Comunitat de petits<\/strong> \u2192 EI3, EI4 i EI5<br data-start=\"542\" data-end=\"545\" \/><strong data-start=\"548\" data-end=\"572\">Comunitat de mitjans<\/strong> \u2192 1r, 2n i 3r<br data-start=\"598\" data-end=\"601\" \/><strong data-start=\"604\" data-end=\"626\">Comunitat de grans<\/strong> \u2192 4t, 5\u00e8 i 6\u00e8<\/p>\n<p data-start=\"663\" data-end=\"971\">Aquest model ens permet <strong data-start=\"687\" data-end=\"743\">adaptar les metodologies i els ritmes d\u2019aprenentatge<\/strong> a les necessitats pr\u00f2pies de cada nivell. A m\u00e9s, cada comunitat compta amb <strong data-start=\"818\" data-end=\"846\">un equip docent assignat<\/strong>, que <strong data-start=\"852\" data-end=\"943\">treballa conjuntament per planificar, coordinar i vetllar pel desenvolupament pedag\u00f2gic<\/strong> dels alumnes d\u2019aquell grup.<\/p>\n<p data-start=\"973\" data-end=\"1159\">\u2705 Aquesta organitzaci\u00f3 afavoreix:<br data-start=\"1006\" data-end=\"1009\" \/>\u2022 una <strong data-start=\"1015\" data-end=\"1051\">millor comunicaci\u00f3 entre mestres<\/strong>,<br data-start=\"1052\" data-end=\"1055\" \/>\u2022 una <strong data-start=\"1061\" data-end=\"1091\">atenci\u00f3 m\u00e9s personalitzada<\/strong>,<br data-start=\"1092\" data-end=\"1095\" \/>\u2022 i una <strong data-start=\"1103\" data-end=\"1127\">coher\u00e8ncia educativa<\/strong> al llarg de tota l\u2019escolaritat.<\/p>\n<p data-start=\"1161\" data-end=\"1265\">Creiem en una escola que acompanya, estructura i fa cr\u00e9ixer cada infant, al seu ritme i en comunitat.<\/p>\n","protected":false},"excerpt":{"rendered":"<p>\ud83c\udfeb Una escola organitzada per comunitats educatives<br \/>\nSom una escola d\u2019una sola l\u00ednia, amb dues etapes educatives: Educaci\u00f3 Infantil i Educaci\u00f3 Prim\u00e0ria. Per afavorir una millor organitzaci\u00f3 pedag\u00f2gica i un acompanyament m\u00e9s proper als infants, ens distribu\u00efm en comunitats d\u2019aprenentatge, segons els grups d\u2019edat:<br \/>\nComunitat de petits&hellip;  <a href=\"https:\/\/agora.xtec.cat\/ceippontdelacadena\/etapes-i-especialitats\/\" title=\"Read COMUNITATS EDUCATIVES\">Llegeix m\u00e9s\u00bb<\/a><\/p>\n","protected":false},"author":1,"featured_media":0,"parent":0,"menu_order":0,"comment_status":"closed","ping_status":"closed","template":"","meta":{"_bbp_topic_count":0,"_bbp_reply_count":0,"_bbp_total_topic_count":0,"_bbp_total_reply_count":0,"_bbp_voice_count":0,"_bbp_anonymous_reply_count":0,"_bbp_topic_count_hidden":0,"_bbp_reply_count_hidden":0,"_bbp_forum_subforum_count":0,"footnotes":""},"class_list":["post-87","page","type-page","status-publish","hentry"],"post_mailing_queue_ids":[],"_links":{"self":[{"href":"https:\/\/agora.xtec.cat\/ceippontdelacadena\/wp-json\/wp\/v2\/pages\/87","targetHints":{"allow":["GET"]}}],"collection":[{"href":"https:\/\/agora.xtec.cat\/ceippontdelacadena\/wp-json\/wp\/v2\/pages"}],"about":[{"href":"https:\/\/agora.xtec.cat\/ceippontdelacadena\/wp-json\/wp\/v2\/types\/page"}],"author":[{"embeddable":true,"href":"https:\/\/agora.xtec.cat\/ceippontdelacadena\/wp-json\/wp\/v2\/users\/1"}],"replies":[{"embeddable":true,"href":"https:\/\/agora.xtec.cat\/ceippontdelacadena\/wp-json\/wp\/v2\/comments?post=87"}],"version-history":[{"count":6,"href":"https:\/\/agora.xtec.cat\/ceippontdelacadena\/wp-json\/wp\/v2\/pages\/87\/revisions"}],"predecessor-version":[{"id":5045,"href":"https:\/\/agora.xtec.cat\/ceippontdelacadena\/wp-json\/wp\/v2\/pages\/87\/revisions\/5045"}],"wp:attachment":[{"href":"https:\/\/agora.xtec.cat\/ceippontdelacadena\/wp-json\/wp\/v2\/media?parent=87"}],"curies":[{"name":"wp","href":"https:\/\/api.w.org\/{rel}","templated":true}]}}