{"id":66,"date":"2014-09-18T12:40:47","date_gmt":"2014-09-18T11:40:47","guid":{"rendered":"http:\/\/agora.xtec.cat\/ceippontdelacadena\/?page_id=66"},"modified":"2025-09-14T10:14:04","modified_gmt":"2025-09-14T08:14:04","slug":"serveis","status":"publish","type":"page","link":"https:\/\/agora.xtec.cat\/ceippontdelacadena\/serveis\/","title":{"rendered":"FAM\u00cdLIES"},"content":{"rendered":"<p>En el men\u00fa de l&#8217;esquerra trobareu informaci\u00f3 sobre els diferents serveis que s&#8217;ofereixen a l&#8217;escola: acollida, menjador i activitats extraescolars, que esperem que us siguin d&#8217;utilitat.<\/p>\n","protected":false},"excerpt":{"rendered":"<p>En el men\u00fa de l&#8217;esquerra trobareu informaci\u00f3 sobre els diferents serveis que s&#8217;ofereixen a l&#8217;escola: acollida, menjador i activitats extraescolars, que esperem que us siguin d&#8217;utilitat.<\/p>\n","protected":false},"author":1,"featured_media":0,"parent":0,"menu_order":0,"comment_status":"closed","ping_status":"closed","template":"page-templates\/side-menu.php","meta":{"_bbp_topic_count":0,"_bbp_reply_count":0,"_bbp_total_topic_count":0,"_bbp_total_reply_count":0,"_bbp_voice_count":0,"_bbp_anonymous_reply_count":0,"_bbp_topic_count_hidden":0,"_bbp_reply_count_hidden":0,"_bbp_forum_subforum_count":0,"footnotes":""},"class_list":["post-66","page","type-page","status-publish","hentry"],"post_mailing_queue_ids":[],"_links":{"self":[{"href":"https:\/\/agora.xtec.cat\/ceippontdelacadena\/wp-json\/wp\/v2\/pages\/66","targetHints":{"allow":["GET"]}}],"collection":[{"href":"https:\/\/agora.xtec.cat\/ceippontdelacadena\/wp-json\/wp\/v2\/pages"}],"about":[{"href":"https:\/\/agora.xtec.cat\/ceippontdelacadena\/wp-json\/wp\/v2\/types\/page"}],"author":[{"embeddable":true,"href":"https:\/\/agora.xtec.cat\/ceippontdelacadena\/wp-json\/wp\/v2\/users\/1"}],"replies":[{"embeddable":true,"href":"https:\/\/agora.xtec.cat\/ceippontdelacadena\/wp-json\/wp\/v2\/comments?post=66"}],"version-history":[{"count":5,"href":"https:\/\/agora.xtec.cat\/ceippontdelacadena\/wp-json\/wp\/v2\/pages\/66\/revisions"}],"predecessor-version":[{"id":5070,"href":"https:\/\/agora.xtec.cat\/ceippontdelacadena\/wp-json\/wp\/v2\/pages\/66\/revisions\/5070"}],"wp:attachment":[{"href":"https:\/\/agora.xtec.cat\/ceippontdelacadena\/wp-json\/wp\/v2\/media?parent=66"}],"curies":[{"name":"wp","href":"https:\/\/api.w.org\/{rel}","templated":true}]}}