{"id":5071,"date":"2025-09-13T11:33:36","date_gmt":"2025-09-13T09:33:36","guid":{"rendered":"https:\/\/agora.xtec.cat\/ceippontdelacadena\/?page_id=5071"},"modified":"2025-09-14T10:14:42","modified_gmt":"2025-09-14T08:14:42","slug":"afa","status":"publish","type":"page","link":"https:\/\/agora.xtec.cat\/ceippontdelacadena\/serveis\/afa\/","title":{"rendered":"AFA"},"content":{"rendered":"<p data-start=\"127\" data-end=\"381\">L\u2019AFA \u00e9s un agent essencial per a la cohesi\u00f3 de la nostra comunitat educativa. La seva tasca contribueix a enfortir els vincles entre fam\u00edlies, alumnat i escola, i afavoreix un entorn educatiu enriquidor per a tothom.<\/p>\n<p data-start=\"383\" data-end=\"550\">Des de l\u2019escola volem posar en valor la seva implicaci\u00f3 activa i us animem a participar-hi, ja sigui associant-vos-hi o formant part de les comissions de treball.<\/p>\n<p style=\"font-family: 'Helvetica Neue', Helvetica, Helvetica, Arial, sans-serif; font-size: 16px;\" data-start=\"944\" data-end=\"962\"><strong data-start=\"944\" data-end=\"960\">Contacte AFA<\/strong><\/p>\n<ul style=\"font-size: 16px; font-family: 'Helvetica Neue', Helvetica, Helvetica, Arial, sans-serif;\" data-start=\"963\" data-end=\"1113\">\n<li data-start=\"963\" data-end=\"1053\">\n<p data-start=\"965\" data-end=\"1053\">\ud83d\udce2 M\u00e9s informaci\u00f3:\u00a0<a class=\"decorated-link\" href=\"https:\/\/www.instagram.com\/afa.pontdelacadena?utm_source=chatgpt.com\" target=\"_new\" rel=\"noopener\" data-start=\"984\" data-end=\"1051\">@afa.pontdelacadena<\/a><\/p>\n<\/li>\n<li data-start=\"1054\" data-end=\"1113\">\n<p data-start=\"1056\" data-end=\"1113\">\u2709\ufe0f Correu electr\u00f2nic:\u00a0<strong data-start=\"1078\" data-end=\"1111\"><a class=\"decorated-link cursor-pointer\" rel=\"noopener\" data-start=\"1080\" data-end=\"1109\">afaelpontdelacadena<span class=\"atwho-query\">@gmail.com<\/span><\/a><\/strong><\/p>\n<\/li>\n<\/ul>\n","protected":false},"excerpt":{"rendered":"<p>L\u2019AFA \u00e9s un agent essencial per a la cohesi\u00f3 de la nostra comunitat educativa. La seva tasca contribueix a enfortir els vincles entre fam\u00edlies, alumnat i escola, i afavoreix un entorn educatiu enriquidor per a tothom.<br \/>\nDes de l\u2019escola volem posar en valor la seva implicaci\u00f3&hellip;  <a href=\"https:\/\/agora.xtec.cat\/ceippontdelacadena\/serveis\/afa\/\" title=\"Read AFA\">Llegeix m\u00e9s\u00bb<\/a><\/p>\n","protected":false},"author":1,"featured_media":0,"parent":66,"menu_order":0,"comment_status":"closed","ping_status":"closed","template":"page-templates\/side-menu.php","meta":{"_bbp_topic_count":0,"_bbp_reply_count":0,"_bbp_total_topic_count":0,"_bbp_total_reply_count":0,"_bbp_voice_count":0,"_bbp_anonymous_reply_count":0,"_bbp_topic_count_hidden":0,"_bbp_reply_count_hidden":0,"_bbp_forum_subforum_count":0,"footnotes":""},"class_list":["post-5071","page","type-page","status-publish","hentry"],"post_mailing_queue_ids":[],"_links":{"self":[{"href":"https:\/\/agora.xtec.cat\/ceippontdelacadena\/wp-json\/wp\/v2\/pages\/5071","targetHints":{"allow":["GET"]}}],"collection":[{"href":"https:\/\/agora.xtec.cat\/ceippontdelacadena\/wp-json\/wp\/v2\/pages"}],"about":[{"href":"https:\/\/agora.xtec.cat\/ceippontdelacadena\/wp-json\/wp\/v2\/types\/page"}],"author":[{"embeddable":true,"href":"https:\/\/agora.xtec.cat\/ceippontdelacadena\/wp-json\/wp\/v2\/users\/1"}],"replies":[{"embeddable":true,"href":"https:\/\/agora.xtec.cat\/ceippontdelacadena\/wp-json\/wp\/v2\/comments?post=5071"}],"version-history":[{"count":2,"href":"https:\/\/agora.xtec.cat\/ceippontdelacadena\/wp-json\/wp\/v2\/pages\/5071\/revisions"}],"predecessor-version":[{"id":5077,"href":"https:\/\/agora.xtec.cat\/ceippontdelacadena\/wp-json\/wp\/v2\/pages\/5071\/revisions\/5077"}],"up":[{"embeddable":true,"href":"https:\/\/agora.xtec.cat\/ceippontdelacadena\/wp-json\/wp\/v2\/pages\/66"}],"wp:attachment":[{"href":"https:\/\/agora.xtec.cat\/ceippontdelacadena\/wp-json\/wp\/v2\/media?parent=5071"}],"curies":[{"name":"wp","href":"https:\/\/api.w.org\/{rel}","templated":true}]}}