{"id":3570,"date":"2022-02-03T15:40:30","date_gmt":"2022-02-03T14:40:30","guid":{"rendered":"https:\/\/agora.xtec.cat\/ceippontdelacadena\/?page_id=3570"},"modified":"2025-09-14T09:43:40","modified_gmt":"2025-09-14T07:43:40","slug":"projecte-linguistic","status":"publish","type":"page","link":"https:\/\/agora.xtec.cat\/ceippontdelacadena\/documents\/projecte-linguistic\/","title":{"rendered":"Projecte Ling\u00fc\u00edstic"},"content":{"rendered":"<p>En proc\u00e9s de revisi\u00f3 i actualitzaci\u00f3.<\/p>\n","protected":false},"excerpt":{"rendered":"<p>En proc\u00e9s de revisi\u00f3 i actualitzaci\u00f3.<\/p>\n","protected":false},"author":1,"featured_media":0,"parent":1120,"menu_order":6,"comment_status":"closed","ping_status":"closed","template":"","meta":{"_bbp_topic_count":0,"_bbp_reply_count":0,"_bbp_total_topic_count":0,"_bbp_total_reply_count":0,"_bbp_voice_count":0,"_bbp_anonymous_reply_count":0,"_bbp_topic_count_hidden":0,"_bbp_reply_count_hidden":0,"_bbp_forum_subforum_count":0,"footnotes":""},"class_list":["post-3570","page","type-page","status-publish","hentry"],"post_mailing_queue_ids":[],"_links":{"self":[{"href":"https:\/\/agora.xtec.cat\/ceippontdelacadena\/wp-json\/wp\/v2\/pages\/3570","targetHints":{"allow":["GET"]}}],"collection":[{"href":"https:\/\/agora.xtec.cat\/ceippontdelacadena\/wp-json\/wp\/v2\/pages"}],"about":[{"href":"https:\/\/agora.xtec.cat\/ceippontdelacadena\/wp-json\/wp\/v2\/types\/page"}],"author":[{"embeddable":true,"href":"https:\/\/agora.xtec.cat\/ceippontdelacadena\/wp-json\/wp\/v2\/users\/1"}],"replies":[{"embeddable":true,"href":"https:\/\/agora.xtec.cat\/ceippontdelacadena\/wp-json\/wp\/v2\/comments?post=3570"}],"version-history":[{"count":1,"href":"https:\/\/agora.xtec.cat\/ceippontdelacadena\/wp-json\/wp\/v2\/pages\/3570\/revisions"}],"predecessor-version":[{"id":3571,"href":"https:\/\/agora.xtec.cat\/ceippontdelacadena\/wp-json\/wp\/v2\/pages\/3570\/revisions\/3571"}],"up":[{"embeddable":true,"href":"https:\/\/agora.xtec.cat\/ceippontdelacadena\/wp-json\/wp\/v2\/pages\/1120"}],"wp:attachment":[{"href":"https:\/\/agora.xtec.cat\/ceippontdelacadena\/wp-json\/wp\/v2\/media?parent=3570"}],"curies":[{"name":"wp","href":"https:\/\/api.w.org\/{rel}","templated":true}]}}