{"id":30,"date":"2014-09-18T12:30:23","date_gmt":"2014-09-18T11:30:23","guid":{"rendered":"http:\/\/agora.xtec.cat\/ceippontdelacadena\/?page_id=30"},"modified":"2025-09-22T11:10:38","modified_gmt":"2025-09-22T09:10:38","slug":"instal%c2%b7lacions","status":"publish","type":"page","link":"https:\/\/agora.xtec.cat\/ceippontdelacadena\/lescola\/instal%c2%b7lacions\/","title":{"rendered":"Instal\u00b7lacions"},"content":{"rendered":"<p data-start=\"193\" data-end=\"238\">\ud83c\udfeb <strong data-start=\"196\" data-end=\"238\">Un espai pensat per cr\u00e9ixer i aprendre<\/strong><\/p>\n<p data-start=\"240\" data-end=\"406\">La nostra escola est\u00e0 formada per <strong data-start=\"274\" data-end=\"334\">tres edificis interconnectats mitjan\u00e7ant un porxo cobert<\/strong>, que facilita la mobilitat i la conviv\u00e8ncia entre els diferents espais.<\/p>\n<p data-start=\"408\" data-end=\"595\">\ud83d\udd39 <strong data-start=\"411\" data-end=\"432\">El primer edifici<\/strong> acull els serveis administratius: <strong data-start=\"467\" data-end=\"505\">Consergeria, Secretaria i Direcci\u00f3<\/strong>, aix\u00ed com la nostra<strong data-start=\"526\" data-end=\"551\">\u00a0biblioteca escolar<\/strong>, un espai de lectura, recerca i descoberta.<\/p>\n<p data-start=\"597\" data-end=\"826\">\ud83d\udd39 <strong data-start=\"600\" data-end=\"623\">L\u2019edifici principal<\/strong>, de <strong data-start=\"628\" data-end=\"644\">dues plantes<\/strong>, allotja les <strong data-start=\"658\" data-end=\"698\">aules d\u2019Educaci\u00f3 Infantil i Prim\u00e0ria<\/strong>, a m\u00e9s de diversos espais espec\u00edfics com l\u2019<strong data-start=\"742\" data-end=\"761\">aula polivalent<\/strong>, <strong data-start=\"795\" data-end=\"808\">\ud83c\udfb6 M\u00fasica<\/strong> i <strong data-start=\"811\" data-end=\"825\">\ud83d\udde3\ufe0f Angl\u00e8s<\/strong>.<\/p>\n<p data-start=\"828\" data-end=\"1023\">\ud83d\udd39 El <strong data-start=\"834\" data-end=\"852\">tercer edifici<\/strong> est\u00e0 destinat al <strong data-start=\"870\" data-end=\"894\">\ud83c\udf7d\ufe0f menjador escolar<\/strong> i al<strong data-start=\"900\" data-end=\"914\">\u00a0gimn\u00e0s<\/strong>, un espai vers\u00e0til que tamb\u00e9 fem servir com a <strong data-start=\"961\" data-end=\"977\">sala d\u2019actes<\/strong> per a celebracions i activitats comunit\u00e0ries.<\/p>\n<p data-start=\"1025\" data-end=\"1255\">\ud83c\udf3f <strong data-start=\"1028\" data-end=\"1039\">El pati<\/strong> \u00e9s un espai viu i din\u00e0mic, amb una <strong data-start=\"1075\" data-end=\"1101\">pista poliesportiva \ud83c\udfc0<\/strong>, un <strong data-start=\"1106\" data-end=\"1125\">hort escolar \ud83e\udeb4<\/strong>, <strong data-start=\"1127\" data-end=\"1152\">zones enjardinades \ud83c\udf3c<\/strong> i una <strong data-start=\"1159\" data-end=\"1180\">\u00e0rea de p\u00edcnic \ud83c\udf4f<\/strong>, on els infants poden jugar, explorar i compartir moments a l\u2019aire lliure.<\/p>\n<p data-start=\"1257\" data-end=\"1399\">Tots aquests espais formen part d\u2019un entorn pensat per <strong data-start=\"1312\" data-end=\"1355\">acollir, educar i fer cr\u00e9ixer l\u2019alumnat<\/strong> en un ambient segur, inclusiu i estimulant.<\/p>\n","protected":false},"excerpt":{"rendered":"<p>\ud83c\udfeb Un espai pensat per cr\u00e9ixer i aprendre<br \/>\nLa nostra escola est\u00e0 formada per tres edificis interconnectats mitjan\u00e7ant un porxo cobert, que facilita la mobilitat i la conviv\u00e8ncia entre els diferents espais.<br \/>\n\ud83d\udd39 El primer edifici acull els serveis administratius: Consergeria, Secretaria i Direcci\u00f3, aix\u00ed com la&hellip;  <a href=\"https:\/\/agora.xtec.cat\/ceippontdelacadena\/lescola\/instal%c2%b7lacions\/\" title=\"Read Instal\u00b7lacions\">Llegeix m\u00e9s\u00bb<\/a><\/p>\n","protected":false},"author":1,"featured_media":0,"parent":22,"menu_order":3,"comment_status":"closed","ping_status":"closed","template":"page-templates\/side-menu.php","meta":{"_bbp_topic_count":0,"_bbp_reply_count":0,"_bbp_total_topic_count":0,"_bbp_total_reply_count":0,"_bbp_voice_count":0,"_bbp_anonymous_reply_count":0,"_bbp_topic_count_hidden":0,"_bbp_reply_count_hidden":0,"_bbp_forum_subforum_count":0,"footnotes":""},"class_list":["post-30","page","type-page","status-publish","hentry"],"post_mailing_queue_ids":[],"_links":{"self":[{"href":"https:\/\/agora.xtec.cat\/ceippontdelacadena\/wp-json\/wp\/v2\/pages\/30","targetHints":{"allow":["GET"]}}],"collection":[{"href":"https:\/\/agora.xtec.cat\/ceippontdelacadena\/wp-json\/wp\/v2\/pages"}],"about":[{"href":"https:\/\/agora.xtec.cat\/ceippontdelacadena\/wp-json\/wp\/v2\/types\/page"}],"author":[{"embeddable":true,"href":"https:\/\/agora.xtec.cat\/ceippontdelacadena\/wp-json\/wp\/v2\/users\/1"}],"replies":[{"embeddable":true,"href":"https:\/\/agora.xtec.cat\/ceippontdelacadena\/wp-json\/wp\/v2\/comments?post=30"}],"version-history":[{"count":5,"href":"https:\/\/agora.xtec.cat\/ceippontdelacadena\/wp-json\/wp\/v2\/pages\/30\/revisions"}],"predecessor-version":[{"id":5110,"href":"https:\/\/agora.xtec.cat\/ceippontdelacadena\/wp-json\/wp\/v2\/pages\/30\/revisions\/5110"}],"up":[{"embeddable":true,"href":"https:\/\/agora.xtec.cat\/ceippontdelacadena\/wp-json\/wp\/v2\/pages\/22"}],"wp:attachment":[{"href":"https:\/\/agora.xtec.cat\/ceippontdelacadena\/wp-json\/wp\/v2\/media?parent=30"}],"curies":[{"name":"wp","href":"https:\/\/api.w.org\/{rel}","templated":true}]}}