{"id":26,"date":"2014-09-18T12:24:32","date_gmt":"2014-09-18T11:24:32","guid":{"rendered":"http:\/\/agora.xtec.cat\/ceippontdelacadena\/?page_id=26"},"modified":"2025-09-14T09:57:14","modified_gmt":"2025-09-14T07:57:14","slug":"historia","status":"publish","type":"page","link":"https:\/\/agora.xtec.cat\/ceippontdelacadena\/lescola\/historia\/","title":{"rendered":"Hist\u00f2ria"},"content":{"rendered":"<p data-start=\"357\" data-end=\"697\">L\u2019Escola <strong data-start=\"366\" data-end=\"387\">Pont de la Cadena<\/strong> va iniciar la seva traject\u00f2ria educativa el <strong data-start=\"432\" data-end=\"450\">curs 1985-1986<\/strong>, al barri del <strong data-start=\"465\" data-end=\"491\">Canal de Molins de Rei<\/strong>. Situada en una zona amb una \u00e0mplia oferta d\u2019equipaments educatius, esportius i espais verds, l\u2019escola ha esdevingut un referent d\u2019arrelament al territori i de comprom\u00eds amb l\u2019educaci\u00f3 p\u00fablica de qualitat.<\/p>\n<p data-start=\"699\" data-end=\"899\">La major part del nostre alumnat viu en aquest mateix barri, fet que afavoreix una relaci\u00f3 estreta entre les fam\u00edlies, l\u2019escola i l\u2019entorn, i que potencia una comunitat educativa cohesionada i activa.<\/p>\n<p data-start=\"901\" data-end=\"1134\">Des de la seva fundaci\u00f3, el centre ha anat evolucionant per donar resposta a les necessitats dels infants i les fam\u00edlies, incorporant canvis pedag\u00f2gics, tecnol\u00f2gics i organitzatius que han fet cr\u00e9ixer el projecte educatiu col\u00b7lectiu.<\/p>\n<p data-start=\"901\" data-end=\"1134\"><span style=\"font-family: inherit; font-size: 1em;\">El <\/span><strong style=\"font-family: inherit; font-size: 1em;\" data-start=\"1144\" data-end=\"1162\">curs 2010-2011<\/strong><span style=\"font-family: inherit; font-size: 1em;\"> vam commemorar el <\/span><strong style=\"font-family: inherit; font-size: 1em;\" data-start=\"1181\" data-end=\"1199\">25\u00e8 aniversari<\/strong><span style=\"font-family: inherit; font-size: 1em;\">, i enguany, <\/span><strong style=\"font-family: inherit; font-size: 1em;\" data-start=\"1212\" data-end=\"1230\">curs 2025-2026<\/strong><span style=\"font-family: inherit; font-size: 1em;\">, ens trobem davant d\u2019una efem\u00e8ride molt especial: <\/span><strong data-start=\"1285\" data-end=\"1330\">celebrem els 40 anys de vida de l\u2019escola.<\/strong><\/p>\n<p data-start=\"1332\" data-end=\"1447\">Una fita que ens convida a mirar enrere amb orgull pel cam\u00ed recorregut i a projectar-nos amb il\u00b7lusi\u00f3 cap al futur.<\/p>\n<p>&nbsp;<\/p>\n","protected":false},"excerpt":{"rendered":"<p>L\u2019Escola Pont de la Cadena va iniciar la seva traject\u00f2ria educativa el curs 1985-1986, al barri del Canal de Molins de Rei. Situada en una zona amb una \u00e0mplia oferta d\u2019equipaments educatius, esportius i espais verds, l\u2019escola ha esdevingut un referent d\u2019arrelament al territori i&hellip;  <a href=\"https:\/\/agora.xtec.cat\/ceippontdelacadena\/lescola\/historia\/\" title=\"Read Hist\u00f2ria\">Llegeix m\u00e9s\u00bb<\/a><\/p>\n","protected":false},"author":1,"featured_media":0,"parent":22,"menu_order":2,"comment_status":"closed","ping_status":"closed","template":"page-templates\/side-menu.php","meta":{"_bbp_topic_count":0,"_bbp_reply_count":0,"_bbp_total_topic_count":0,"_bbp_total_reply_count":0,"_bbp_voice_count":0,"_bbp_anonymous_reply_count":0,"_bbp_topic_count_hidden":0,"_bbp_reply_count_hidden":0,"_bbp_forum_subforum_count":0,"footnotes":""},"class_list":["post-26","page","type-page","status-publish","hentry"],"post_mailing_queue_ids":[],"_links":{"self":[{"href":"https:\/\/agora.xtec.cat\/ceippontdelacadena\/wp-json\/wp\/v2\/pages\/26","targetHints":{"allow":["GET"]}}],"collection":[{"href":"https:\/\/agora.xtec.cat\/ceippontdelacadena\/wp-json\/wp\/v2\/pages"}],"about":[{"href":"https:\/\/agora.xtec.cat\/ceippontdelacadena\/wp-json\/wp\/v2\/types\/page"}],"author":[{"embeddable":true,"href":"https:\/\/agora.xtec.cat\/ceippontdelacadena\/wp-json\/wp\/v2\/users\/1"}],"replies":[{"embeddable":true,"href":"https:\/\/agora.xtec.cat\/ceippontdelacadena\/wp-json\/wp\/v2\/comments?post=26"}],"version-history":[{"count":4,"href":"https:\/\/agora.xtec.cat\/ceippontdelacadena\/wp-json\/wp\/v2\/pages\/26\/revisions"}],"predecessor-version":[{"id":5014,"href":"https:\/\/agora.xtec.cat\/ceippontdelacadena\/wp-json\/wp\/v2\/pages\/26\/revisions\/5014"}],"up":[{"embeddable":true,"href":"https:\/\/agora.xtec.cat\/ceippontdelacadena\/wp-json\/wp\/v2\/pages\/22"}],"wp:attachment":[{"href":"https:\/\/agora.xtec.cat\/ceippontdelacadena\/wp-json\/wp\/v2\/media?parent=26"}],"curies":[{"name":"wp","href":"https:\/\/api.w.org\/{rel}","templated":true}]}}