{"id":22,"date":"2014-09-18T12:19:57","date_gmt":"2014-09-18T11:19:57","guid":{"rendered":"http:\/\/agora.xtec.cat\/ceippontdelacadena\/?page_id=22"},"modified":"2025-09-14T09:59:27","modified_gmt":"2025-09-14T07:59:27","slug":"lescola","status":"publish","type":"page","link":"https:\/\/agora.xtec.cat\/ceippontdelacadena\/lescola\/","title":{"rendered":"L&#8217;ESCOLA"},"content":{"rendered":"<h5>L\u2019escola Pont de la Cadena \u00e9s un centre p\u00fablic del Departament d\u2019Educaci\u00f3 de la Generalitat de Catalunya. Consta d\u2019una sola l\u00ednia i est\u00e0 estructurat en dues etapes educatives: Educaci\u00f3 Infantil (des de EI3) i Educaci\u00f3 Prim\u00e0ria (fins a 6\u00e8).<\/h5>\n","protected":false},"excerpt":{"rendered":"<p>L\u2019escola Pont de la Cadena \u00e9s un centre p\u00fablic del Departament d\u2019Educaci\u00f3 de la Generalitat de Catalunya. Consta d\u2019una sola l\u00ednia i est\u00e0 estructurat en dues etapes educatives: Educaci\u00f3 Infantil (des de EI3) i Educaci\u00f3 Prim\u00e0ria (fins a 6\u00e8).<\/p>\n","protected":false},"author":1,"featured_media":0,"parent":0,"menu_order":0,"comment_status":"closed","ping_status":"closed","template":"page-templates\/side-menu.php","meta":{"_bbp_topic_count":0,"_bbp_reply_count":0,"_bbp_total_topic_count":0,"_bbp_total_reply_count":0,"_bbp_voice_count":0,"_bbp_anonymous_reply_count":0,"_bbp_topic_count_hidden":0,"_bbp_reply_count_hidden":0,"_bbp_forum_subforum_count":0,"footnotes":""},"class_list":["post-22","page","type-page","status-publish","hentry"],"post_mailing_queue_ids":[],"_links":{"self":[{"href":"https:\/\/agora.xtec.cat\/ceippontdelacadena\/wp-json\/wp\/v2\/pages\/22","targetHints":{"allow":["GET"]}}],"collection":[{"href":"https:\/\/agora.xtec.cat\/ceippontdelacadena\/wp-json\/wp\/v2\/pages"}],"about":[{"href":"https:\/\/agora.xtec.cat\/ceippontdelacadena\/wp-json\/wp\/v2\/types\/page"}],"author":[{"embeddable":true,"href":"https:\/\/agora.xtec.cat\/ceippontdelacadena\/wp-json\/wp\/v2\/users\/1"}],"replies":[{"embeddable":true,"href":"https:\/\/agora.xtec.cat\/ceippontdelacadena\/wp-json\/wp\/v2\/comments?post=22"}],"version-history":[{"count":6,"href":"https:\/\/agora.xtec.cat\/ceippontdelacadena\/wp-json\/wp\/v2\/pages\/22\/revisions"}],"predecessor-version":[{"id":5104,"href":"https:\/\/agora.xtec.cat\/ceippontdelacadena\/wp-json\/wp\/v2\/pages\/22\/revisions\/5104"}],"wp:attachment":[{"href":"https:\/\/agora.xtec.cat\/ceippontdelacadena\/wp-json\/wp\/v2\/media?parent=22"}],"curies":[{"name":"wp","href":"https:\/\/api.w.org\/{rel}","templated":true}]}}