{"id":1693,"date":"2019-11-28T13:53:15","date_gmt":"2019-11-28T12:53:15","guid":{"rendered":"http:\/\/agora.xtec.cat\/ceippontdelacadena\/?page_id=1693"},"modified":"2025-10-13T10:46:13","modified_gmt":"2025-10-13T08:46:13","slug":"nofc","status":"publish","type":"page","link":"https:\/\/agora.xtec.cat\/ceippontdelacadena\/documents\/nofc\/","title":{"rendered":"Normes d&#8217;Organitzaci\u00f3 i Funcionament de Centre"},"content":{"rendered":"<p data-start=\"320\" data-end=\"659\">El <strong data-start=\"323\" data-end=\"331\">NOFC<\/strong> \u00e9s un <strong data-start=\"338\" data-end=\"364\">document institucional<\/strong> que recull el conjunt de <strong data-start=\"390\" data-end=\"425\">normes, criteris i procediments<\/strong> que regulen el funcionament intern d\u2019un centre educatiu. Forma part del <strong data-start=\"498\" data-end=\"532\">marc normatiu propi del centre<\/strong>, juntament amb el <strong data-start=\"551\" data-end=\"588\">Projecte Educatiu de Centre (PEC)<\/strong>, el <strong data-start=\"593\" data-end=\"617\">Projecte de Direcci\u00f3<\/strong> i la <strong data-start=\"623\" data-end=\"658\">Programaci\u00f3 General Anual (PGA). <a href=\"https:\/\/drive.google.com\/file\/d\/1Hc8LBCnICaDeRFWKSMIIZWEb2BCMAKlZ\/view?usp=sharing\">Cliqueu per tenir acc\u00e9s.<\/a><\/strong><\/p>\n<p data-start=\"320\" data-end=\"659\"><strong data-start=\"673\" data-end=\"686\">Finalitat:<\/strong><\/p>\n<ul data-start=\"687\" data-end=\"1018\">\n<li data-start=\"687\" data-end=\"763\">\n<p data-start=\"689\" data-end=\"763\">Garantir un <strong data-start=\"701\" data-end=\"749\">funcionament ordenat, coherent i transparent<\/strong> del centre.<\/p>\n<\/li>\n<li data-start=\"764\" data-end=\"845\">\n<p data-start=\"766\" data-end=\"845\">Afavorir la <strong data-start=\"778\" data-end=\"811\">conviv\u00e8ncia i la participaci\u00f3<\/strong> de tota la comunitat educativa.<\/p>\n<\/li>\n<li data-start=\"846\" data-end=\"938\">\n<p data-start=\"848\" data-end=\"938\">Establir <strong data-start=\"857\" data-end=\"907\">criteris de gesti\u00f3, organitzaci\u00f3 i coordinaci\u00f3<\/strong> del personal i dels serveis.<\/p>\n<\/li>\n<\/ul>\n","protected":false},"excerpt":{"rendered":"<p>El NOFC \u00e9s un document institucional que recull el conjunt de normes, criteris i procediments que regulen el funcionament intern d\u2019un centre educatiu. Forma part del marc normatiu propi del centre, juntament amb el Projecte Educatiu de Centre (PEC), el Projecte de Direcci\u00f3 i la&hellip;  <a href=\"https:\/\/agora.xtec.cat\/ceippontdelacadena\/documents\/nofc\/\" title=\"Read Normes d&#8217;Organitzaci\u00f3 i Funcionament de Centre\">Llegeix m\u00e9s\u00bb<\/a><\/p>\n","protected":false},"author":1,"featured_media":0,"parent":1120,"menu_order":3,"comment_status":"closed","ping_status":"closed","template":"","meta":{"_bbp_topic_count":0,"_bbp_reply_count":0,"_bbp_total_topic_count":0,"_bbp_total_reply_count":0,"_bbp_voice_count":0,"_bbp_anonymous_reply_count":0,"_bbp_topic_count_hidden":0,"_bbp_reply_count_hidden":0,"_bbp_forum_subforum_count":0,"footnotes":""},"class_list":["post-1693","page","type-page","status-publish","hentry"],"post_mailing_queue_ids":[],"_links":{"self":[{"href":"https:\/\/agora.xtec.cat\/ceippontdelacadena\/wp-json\/wp\/v2\/pages\/1693","targetHints":{"allow":["GET"]}}],"collection":[{"href":"https:\/\/agora.xtec.cat\/ceippontdelacadena\/wp-json\/wp\/v2\/pages"}],"about":[{"href":"https:\/\/agora.xtec.cat\/ceippontdelacadena\/wp-json\/wp\/v2\/types\/page"}],"author":[{"embeddable":true,"href":"https:\/\/agora.xtec.cat\/ceippontdelacadena\/wp-json\/wp\/v2\/users\/1"}],"replies":[{"embeddable":true,"href":"https:\/\/agora.xtec.cat\/ceippontdelacadena\/wp-json\/wp\/v2\/comments?post=1693"}],"version-history":[{"count":6,"href":"https:\/\/agora.xtec.cat\/ceippontdelacadena\/wp-json\/wp\/v2\/pages\/1693\/revisions"}],"predecessor-version":[{"id":5140,"href":"https:\/\/agora.xtec.cat\/ceippontdelacadena\/wp-json\/wp\/v2\/pages\/1693\/revisions\/5140"}],"up":[{"embeddable":true,"href":"https:\/\/agora.xtec.cat\/ceippontdelacadena\/wp-json\/wp\/v2\/pages\/1120"}],"wp:attachment":[{"href":"https:\/\/agora.xtec.cat\/ceippontdelacadena\/wp-json\/wp\/v2\/media?parent=1693"}],"curies":[{"name":"wp","href":"https:\/\/api.w.org\/{rel}","templated":true}]}}