{"id":9842,"date":"2022-11-10T10:22:23","date_gmt":"2022-11-10T09:22:23","guid":{"rendered":"https:\/\/agora.xtec.cat\/ceipponent-granollers\/?page_id=9842"},"modified":"2023-05-08T15:26:35","modified_gmt":"2023-05-08T13:26:35","slug":"avaluacio","status":"publish","type":"page","link":"https:\/\/agora.xtec.cat\/ceipponent-granollers\/avaluacio\/","title":{"rendered":"Avaluaci\u00f3"},"content":{"rendered":"<p>Des de la Comissi\u00f3 Digital es far\u00e0, en la mesura del possible, una avaluaci\u00f3 anual de tota l\u2019Estrat\u00e8gia Digital de Centre. Caldr\u00e0 revisar tant les actuacions planificades com el grau d\u2019assoliment de les mateixes i si fos necessari es farien els canvis necessaris ja que la nostra EDC \u00e9s un document viu.<\/p>\n<p>De la mateixa manera que es revisaran les actuacions, tamb\u00e9 es revisaran els objectius establerts.<\/p>\n<p>Quan tot el proc\u00e9s acabi, es podr\u00e0 avaluar i fins i tot millorar depenent de la consecuci\u00f3 dels objectius establerts i planificats. En aquest punt, s\u2019haur\u00e0 de comen\u00e7ar un proc\u00e9s de reflexi\u00f3 per avaluar tota l\u2019EDC.<\/p>\n<p><img decoding=\"async\" src=\"https:\/\/agora.xtec.cat\/escolajoseppla\/wp-content\/uploads\/usu1495\/2022\/06\/avaluacio-i-millora.jpg\" \/><\/p>\n<p>L&#8217;avaluaci\u00f3 de la nostra EDC ser\u00e0 de la seg\u00fcent manera:<\/p>\n<p><img loading=\"lazy\" decoding=\"async\" class=\"alignnone size-large wp-image-11138\" src=\"https:\/\/agora.xtec.cat\/ceipponent-granollers\/wp-content\/uploads\/usu1522\/2023\/05\/15-1024x576.jpg\" alt=\"\" width=\"1024\" height=\"576\" srcset=\"https:\/\/agora.xtec.cat\/ceipponent-granollers\/wp-content\/uploads\/usu1522\/2023\/05\/15-1024x576.jpg 1024w, https:\/\/agora.xtec.cat\/ceipponent-granollers\/wp-content\/uploads\/usu1522\/2023\/05\/15-300x169.jpg 300w, https:\/\/agora.xtec.cat\/ceipponent-granollers\/wp-content\/uploads\/usu1522\/2023\/05\/15-768x432.jpg 768w, https:\/\/agora.xtec.cat\/ceipponent-granollers\/wp-content\/uploads\/usu1522\/2023\/05\/15-1536x864.jpg 1536w, https:\/\/agora.xtec.cat\/ceipponent-granollers\/wp-content\/uploads\/usu1522\/2023\/05\/15.jpg 1920w\" sizes=\"auto, (max-width: 1024px) 100vw, 1024px\" \/><\/p>\n<p><img loading=\"lazy\" decoding=\"async\" class=\"alignnone size-large wp-image-11139\" src=\"https:\/\/agora.xtec.cat\/ceipponent-granollers\/wp-content\/uploads\/usu1522\/2023\/05\/16-1024x576.jpg\" alt=\"\" width=\"1024\" height=\"576\" srcset=\"https:\/\/agora.xtec.cat\/ceipponent-granollers\/wp-content\/uploads\/usu1522\/2023\/05\/16-1024x576.jpg 1024w, https:\/\/agora.xtec.cat\/ceipponent-granollers\/wp-content\/uploads\/usu1522\/2023\/05\/16-300x169.jpg 300w, https:\/\/agora.xtec.cat\/ceipponent-granollers\/wp-content\/uploads\/usu1522\/2023\/05\/16-768x432.jpg 768w, https:\/\/agora.xtec.cat\/ceipponent-granollers\/wp-content\/uploads\/usu1522\/2023\/05\/16-1536x864.jpg 1536w, https:\/\/agora.xtec.cat\/ceipponent-granollers\/wp-content\/uploads\/usu1522\/2023\/05\/16.jpg 1920w\" sizes=\"auto, (max-width: 1024px) 100vw, 1024px\" \/><\/p>\n<div>\n<div>\u00a0\u00a0\u00a0<img loading=\"lazy\" decoding=\"async\" class=\"alignnone size-large wp-image-11140\" src=\"https:\/\/agora.xtec.cat\/ceipponent-granollers\/wp-content\/uploads\/usu1522\/2023\/05\/17-1024x576.jpg\" alt=\"\" width=\"1024\" height=\"576\" srcset=\"https:\/\/agora.xtec.cat\/ceipponent-granollers\/wp-content\/uploads\/usu1522\/2023\/05\/17-1024x576.jpg 1024w, https:\/\/agora.xtec.cat\/ceipponent-granollers\/wp-content\/uploads\/usu1522\/2023\/05\/17-300x169.jpg 300w, https:\/\/agora.xtec.cat\/ceipponent-granollers\/wp-content\/uploads\/usu1522\/2023\/05\/17-768x432.jpg 768w, https:\/\/agora.xtec.cat\/ceipponent-granollers\/wp-content\/uploads\/usu1522\/2023\/05\/17-1536x864.jpg 1536w, https:\/\/agora.xtec.cat\/ceipponent-granollers\/wp-content\/uploads\/usu1522\/2023\/05\/17.jpg 1920w\" sizes=\"auto, (max-width: 1024px) 100vw, 1024px\" \/><\/div>\n<div><\/div>\n<div><img loading=\"lazy\" decoding=\"async\" class=\"alignnone size-large wp-image-11137\" src=\"https:\/\/agora.xtec.cat\/ceipponent-granollers\/wp-content\/uploads\/usu1522\/2023\/05\/18-1024x576.jpg\" alt=\"\" width=\"1024\" height=\"576\" srcset=\"https:\/\/agora.xtec.cat\/ceipponent-granollers\/wp-content\/uploads\/usu1522\/2023\/05\/18-1024x576.jpg 1024w, https:\/\/agora.xtec.cat\/ceipponent-granollers\/wp-content\/uploads\/usu1522\/2023\/05\/18-300x169.jpg 300w, https:\/\/agora.xtec.cat\/ceipponent-granollers\/wp-content\/uploads\/usu1522\/2023\/05\/18-768x432.jpg 768w, https:\/\/agora.xtec.cat\/ceipponent-granollers\/wp-content\/uploads\/usu1522\/2023\/05\/18-1536x864.jpg 1536w, https:\/\/agora.xtec.cat\/ceipponent-granollers\/wp-content\/uploads\/usu1522\/2023\/05\/18.jpg 1920w\" sizes=\"auto, (max-width: 1024px) 100vw, 1024px\" \/><\/div>\n<\/div>\n<div><\/div>\n<div>A nivell d&#8217;escola ho realitzarem a partir de la PGA on es desenvolupar\u00e0:<\/div>\n<div><\/div>\n<ul>\n<li>Objectiu, criteri d&#8217;avaluaci\u00f3, tant per cent d&#8217;assoliment, indicadors&#8230;<\/li>\n<\/ul>\n","protected":false},"excerpt":{"rendered":"<p>Des de la Comissi\u00f3 Digital es far\u00e0, en la mesura del possible, una avaluaci\u00f3 anual de tota l\u2019Estrat\u00e8gia Digital de Centre. Caldr\u00e0 revisar tant les actuacions planificades com el grau d\u2019assoliment de les mateixes i si fos necessari es farien els canvis necessaris ja que&hellip;  <a href=\"https:\/\/agora.xtec.cat\/ceipponent-granollers\/avaluacio\/\" title=\"Read Avaluaci\u00f3\">Llegeix m\u00e9s\u00bb<\/a><\/p>\n","protected":false},"author":24,"featured_media":0,"parent":0,"menu_order":0,"comment_status":"closed","ping_status":"closed","template":"","meta":{"_bbp_topic_count":0,"_bbp_reply_count":0,"_bbp_total_topic_count":0,"_bbp_total_reply_count":0,"_bbp_voice_count":0,"_bbp_anonymous_reply_count":0,"_bbp_topic_count_hidden":0,"_bbp_reply_count_hidden":0,"_bbp_forum_subforum_count":0,"footnotes":""},"class_list":["post-9842","page","type-page","status-publish","hentry"],"post_mailing_queue_ids":[],"_links":{"self":[{"href":"https:\/\/agora.xtec.cat\/ceipponent-granollers\/wp-json\/wp\/v2\/pages\/9842","targetHints":{"allow":["GET"]}}],"collection":[{"href":"https:\/\/agora.xtec.cat\/ceipponent-granollers\/wp-json\/wp\/v2\/pages"}],"about":[{"href":"https:\/\/agora.xtec.cat\/ceipponent-granollers\/wp-json\/wp\/v2\/types\/page"}],"author":[{"embeddable":true,"href":"https:\/\/agora.xtec.cat\/ceipponent-granollers\/wp-json\/wp\/v2\/users\/24"}],"replies":[{"embeddable":true,"href":"https:\/\/agora.xtec.cat\/ceipponent-granollers\/wp-json\/wp\/v2\/comments?post=9842"}],"version-history":[{"count":3,"href":"https:\/\/agora.xtec.cat\/ceipponent-granollers\/wp-json\/wp\/v2\/pages\/9842\/revisions"}],"predecessor-version":[{"id":11202,"href":"https:\/\/agora.xtec.cat\/ceipponent-granollers\/wp-json\/wp\/v2\/pages\/9842\/revisions\/11202"}],"wp:attachment":[{"href":"https:\/\/agora.xtec.cat\/ceipponent-granollers\/wp-json\/wp\/v2\/media?parent=9842"}],"curies":[{"name":"wp","href":"https:\/\/api.w.org\/{rel}","templated":true}]}}