{"id":9839,"date":"2022-11-10T10:20:39","date_gmt":"2022-11-10T09:20:39","guid":{"rendered":"https:\/\/agora.xtec.cat\/ceipponent-granollers\/?page_id=9839"},"modified":"2023-05-02T12:37:44","modified_gmt":"2023-05-02T10:37:44","slug":"actuacions","status":"publish","type":"page","link":"https:\/\/agora.xtec.cat\/ceipponent-granollers\/actuacions\/","title":{"rendered":"Actuacions"},"content":{"rendered":"<p>na vegada decidim els objectius a treballar, planificarem i farem el seguiment per verificar l\u2019obtenci\u00f3 dels objectius establerts a partir d\u2019unes actuacions concretes.<\/p>\n<p>Per poder portar aquest control d\u2019aquestes actuacions, crearem un model per fer aquest seguiment.<\/p>\n<p><img decoding=\"async\" src=\"https:\/\/agora.xtec.cat\/escolajoseppla\/wp-content\/uploads\/usu1495\/2022\/06\/planificacio-i-seguiment-EDC.png\" \/><\/p>\n<p>A continuaci\u00f3 us mostrem les activitats previstes en la nostra Estrat\u00e8gia digital de Centre:<\/p>\n<table style=\"width: 97.2536%;\">\n<tbody>\n<tr>\n<td style=\"width: 15.404%;\" colspan=\"2\"><b>Objectiu de l&#8217;EDC<\/b><\/td>\n<td style=\"width: 81.0606%;\" colspan=\"3\">\n<ol>\n<li><b>Desenvolupar el pensament l\u00f2gic del nostre alumnat a trav\u00e9s de la Rob\u00f2tica.<\/b><\/li>\n<\/ol>\n<\/td>\n<\/tr>\n<tr>\n<td style=\"width: 15.404%;\" colspan=\"2\"><b>Indicador i criteris d&#8217;assoliment<\/b><\/td>\n<td style=\"width: 38.6364%;\"><span style=\"font-weight: 400;\">Nombre de sessions setmanals dedicades al treball amb robots.<\/span><\/p>\n<p><span style=\"font-weight: 400;\">Criteri d&#8217;acceptaci\u00f3:&gt;1 a la setmana<\/span><\/td>\n<td style=\"width: 21.4962%;\"><span style=\"font-weight: 400;\">Nombre d&#8217;activitats amb robots definits per a cada cicle.<\/span><\/p>\n<p><span style=\"font-weight: 400;\">Criteri d&#8217;acceptaci\u00f3:&gt;2<\/span><\/td>\n<td style=\"width: 20.928%;\"><span style=\"font-weight: 400;\">Almenys un 80% de l\u2019alumnat realitza les tasques individualment.<\/span><\/td>\n<\/tr>\n<tr>\n<td style=\"width: 15.404%;\" colspan=\"2\"><b>Responsable de l&#8217;Objectiu<\/b><\/td>\n<td style=\"width: 81.0606%;\" colspan=\"3\"><span style=\"font-weight: 400;\">Docents que imparteixen rob\u00f2tica al centre.<\/span><\/td>\n<\/tr>\n<tr>\n<td style=\"width: 54.0404%;\" colspan=\"3\"><b>ACTIVITATS ASSOCIADES<\/b><\/td>\n<td style=\"width: 42.4242%;\" colspan=\"2\"><b>ENLLA\u00c7 A LA FITXA DE L&#8217;ACTIVITAT<\/b><\/td>\n<\/tr>\n<tr>\n<td style=\"width: 15.2462%;\"><b>1<\/b><\/td>\n<td style=\"width: 38.7942%;\" colspan=\"2\"><span style=\"font-weight: 400;\">Infantil: Activitats als panells relacionats basant-se en par\u00e0metres rob\u00f2tics (Bit by bit, Bot L\u00f2gics, Lightbot hour, Kodable&#8230;)<\/span><\/td>\n<td style=\"width: 42.4242%;\" colspan=\"2\"><a href=\"https:\/\/docs.google.com\/spreadsheets\/d\/1kf8j59RmN2_UwpH2YHApQCi5izPEUKaDIuKFVjxEs5E\/edit#gid=0\"><b>Fitxa d&#8217;Activitat<\/b><\/a><\/td>\n<\/tr>\n<tr>\n<td style=\"width: 15.2462%;\"><b>2<\/b><\/td>\n<td style=\"width: 38.7942%;\" colspan=\"2\"><span style=\"font-weight: 400;\">Utilitzaci\u00f3 de les Bee bots i Mouse-bots als racons d&#8217;Infantil.<\/span><\/td>\n<td style=\"width: 42.4242%;\" colspan=\"2\"><a href=\"https:\/\/docs.google.com\/spreadsheets\/d\/1kf8j59RmN2_UwpH2YHApQCi5izPEUKaDIuKFVjxEs5E\/edit#gid=382588882\"><b>Fitxa d&#8217;Activitat<\/b><\/a><\/td>\n<\/tr>\n<tr>\n<td style=\"width: 15.2462%;\"><b>3<\/b><\/td>\n<td style=\"width: 38.7942%;\" colspan=\"2\"><span style=\"font-weight: 400;\">Utilitzaci\u00f3 dels Mouse-bots i Bee-bots en les diferents assignatures de CI fora de l&#8217;hora de rob\u00f2tica<\/span><\/td>\n<td style=\"width: 42.4242%;\" colspan=\"2\"><a href=\"https:\/\/docs.google.com\/spreadsheets\/d\/1kf8j59RmN2_UwpH2YHApQCi5izPEUKaDIuKFVjxEs5E\/edit#gid=1595435595\"><b>Fitxa d&#8217;Activitat<\/b><\/a><\/td>\n<\/tr>\n<tr>\n<td style=\"width: 15.2462%;\"><b>4<\/b><\/td>\n<td style=\"width: 38.7942%;\" colspan=\"2\"><span style=\"font-weight: 400;\">Infantil: Activitats als panells relacionats basant-se en par\u00e0matres rob\u00f2tics (Mimo, Lightbot&#8230;)<\/span><\/td>\n<td style=\"width: 42.4242%;\" colspan=\"2\"><a href=\"https:\/\/docs.google.com\/spreadsheets\/d\/1kf8j59RmN2_UwpH2YHApQCi5izPEUKaDIuKFVjxEs5E\/edit#gid=1456112624\"><b>Fitxa d&#8217;Activitat<\/b><\/a><\/td>\n<\/tr>\n<tr>\n<td style=\"width: 15.2462%;\"><b>5<\/b><\/td>\n<td style=\"width: 38.7942%;\" colspan=\"2\"><span style=\"font-weight: 400;\">Cicle Inicial: Scratch Jr<\/span><\/td>\n<td style=\"width: 42.4242%;\" colspan=\"2\"><a href=\"https:\/\/docs.google.com\/spreadsheets\/d\/1kf8j59RmN2_UwpH2YHApQCi5izPEUKaDIuKFVjxEs5E\/edit#gid=170915356\"><b>Fitxa d&#8217;Activitat<\/b><\/a><\/td>\n<\/tr>\n<tr>\n<td style=\"width: 15.2462%;\"><b>6<\/b><\/td>\n<td style=\"width: 38.7942%;\" colspan=\"2\"><span style=\"font-weight: 400;\">3r de Prim\u00e0ria: Scratch<\/span><\/td>\n<td style=\"width: 42.4242%;\" colspan=\"2\"><a href=\"https:\/\/docs.google.com\/spreadsheets\/d\/1kf8j59RmN2_UwpH2YHApQCi5izPEUKaDIuKFVjxEs5E\/edit#gid=1052471776\"><b>Fitxa d&#8217;Activitat<\/b><\/a><\/td>\n<\/tr>\n<tr>\n<td style=\"width: 15.2462%;\"><b>7<\/b><\/td>\n<td style=\"width: 38.7942%;\" colspan=\"2\"><span style=\"font-weight: 400;\">3r: Utilitzaci\u00f3 d&#8217;Apps relacionades amb la Rob\u00f2tica<\/span><\/td>\n<td style=\"width: 42.4242%;\" colspan=\"2\"><a href=\"https:\/\/docs.google.com\/spreadsheets\/d\/1kf8j59RmN2_UwpH2YHApQCi5izPEUKaDIuKFVjxEs5E\/edit#gid=1334875930\"><b>Fitxa d&#8217;Activitat<\/b><\/a><\/td>\n<\/tr>\n<tr>\n<td style=\"width: 15.2462%;\"><b>8<\/b><\/td>\n<td style=\"width: 38.7942%;\" colspan=\"2\"><span style=\"font-weight: 400;\">4t: Code.org (1r trimestre)+ Robots Edison (2n trimestre) + Microbits (3r trimestre)<\/span><\/td>\n<td style=\"width: 42.4242%;\" colspan=\"2\"><a href=\"https:\/\/docs.google.com\/spreadsheets\/d\/1kf8j59RmN2_UwpH2YHApQCi5izPEUKaDIuKFVjxEs5E\/edit#gid=475279048\"><b>Fitxa d&#8217;Activitat<\/b><\/a><\/td>\n<\/tr>\n<tr>\n<td style=\"width: 15.2462%;\"><b>9<\/b><\/td>\n<td style=\"width: 38.7942%;\" colspan=\"2\"><span style=\"font-weight: 400;\">4t: Utilitzaci\u00f3 d&#8217;Apps relacionades amb la Rob\u00f2tica<\/span><\/td>\n<td style=\"width: 42.4242%;\" colspan=\"2\"><a href=\"https:\/\/docs.google.com\/spreadsheets\/d\/1kf8j59RmN2_UwpH2YHApQCi5izPEUKaDIuKFVjxEs5E\/edit#gid=820684265\"><b>Fitxa d&#8217;Activitat<\/b><\/a><\/td>\n<\/tr>\n<tr>\n<td style=\"width: 15.2462%;\"><b>10<\/b><\/td>\n<td style=\"width: 38.7942%;\" colspan=\"2\"><span style=\"font-weight: 400;\">5\u00e8: Vall\u00e8sbot (Wedo, Microbits o Edisons)<\/span><\/td>\n<td style=\"width: 42.4242%;\" colspan=\"2\"><a href=\"https:\/\/docs.google.com\/spreadsheets\/d\/1kf8j59RmN2_UwpH2YHApQCi5izPEUKaDIuKFVjxEs5E\/edit#gid=720078225\"><b>Fitxa d&#8217;Activitat<\/b><\/a><\/td>\n<\/tr>\n<tr>\n<td style=\"width: 15.2462%;\"><b>11<\/b><\/td>\n<td style=\"width: 38.7942%;\" colspan=\"2\"><span style=\"font-weight: 400;\">6\u00e8: First Lego League interna de centre<\/span><\/td>\n<td style=\"width: 42.4242%;\" colspan=\"2\"><a href=\"https:\/\/docs.google.com\/spreadsheets\/d\/1kf8j59RmN2_UwpH2YHApQCi5izPEUKaDIuKFVjxEs5E\/edit#gid=1201845303\"><b>Fitxa d&#8217;Activitat<\/b><\/a><\/td>\n<\/tr>\n<\/tbody>\n<\/table>\n<p>&nbsp;<\/p>\n<p>&nbsp;<\/p>\n<table style=\"width: 96.875%;\">\n<tbody>\n<tr>\n<td style=\"width: 13.8889%;\" colspan=\"2\"><b>Objectiu de l&#8217;EDC<\/b><\/td>\n<td style=\"width: 81.3131%;\" colspan=\"3\"><b>2. Definir i implementar el desplegament curricular complert de la compet\u00e8ncia digital de l\u2019alumnat per millorar l\u2019aprenentatge.<\/b><\/td>\n<\/tr>\n<tr>\n<td style=\"width: 13.8889%;\" colspan=\"2\"><b>Indicador i criteris d&#8217;assoliment<\/b><\/td>\n<td style=\"width: 27.904%;\"><span style=\"font-weight: 400;\">% de l\u2019alumnat de sis\u00e8 que aprova amb un d\u2019assoliment notable la part digital.<\/span><\/p>\n<p><span style=\"font-weight: 400;\">Criteri d&#8217;acceptaci\u00f3:&gt;85%<\/span><\/td>\n<td style=\"width: 29.6402%;\"><span style=\"font-weight: 400;\">M\u00e9s del 80% de les mat\u00e8ries han adaptat les seves programacions incloent el desplegament de la compet\u00e8ncia digital<\/span><\/td>\n<td style=\"width: 23.7689%;\"><span style=\"font-weight: 400;\">El 90% del professorat utilitza les eines comunes per fer el seguiment de la compet\u00e8ncia digital de l&#8217;alumnat<\/span><\/td>\n<\/tr>\n<tr>\n<td style=\"width: 13.8889%;\" colspan=\"2\"><b>Responsable de l&#8217;Objectiu<\/b><\/td>\n<td style=\"width: 81.3131%;\" colspan=\"3\"><b>Claustre Docent<\/b><\/td>\n<\/tr>\n<tr>\n<td style=\"width: 41.7929%;\" colspan=\"3\"><b>ACTIVITATS ASSOCIADES<\/b><\/td>\n<td style=\"width: 53.4091%;\" colspan=\"2\"><b>ENLLA\u00c7 A LA FITXA DE L&#8217;ACTIVITAT<\/b><\/td>\n<\/tr>\n<tr>\n<td style=\"width: 13.7311%;\"><b>1<\/b><\/td>\n<td style=\"width: 28.0618%;\" colspan=\"2\"><span style=\"font-weight: 400;\">Recollida de les activitats relacionades amb la compet\u00e8ncia digital que es realitzen a cada equip docent.<\/span><\/td>\n<td style=\"width: 53.4091%;\" colspan=\"2\"><a href=\"https:\/\/docs.google.com\/spreadsheets\/d\/16gAyPH0cvWnZXjvyH8iJ32mmTcvIPpqkIegG898xRbo\/edit?usp=sharing\"><b>Fitxa d&#8217;Activitat<\/b><\/a><\/td>\n<\/tr>\n<tr>\n<td style=\"width: 13.7311%;\"><b>2<\/b><\/td>\n<td style=\"width: 28.0618%;\" colspan=\"2\"><span style=\"font-weight: 400;\">Definici\u00f3 de la r\u00fabrica d&#8217;avaluaci\u00f3 de la compet\u00e8ncia digital per cada nivell<\/span><\/td>\n<td style=\"width: 53.4091%;\" colspan=\"2\"><a href=\"https:\/\/docs.google.com\/spreadsheets\/d\/16gAyPH0cvWnZXjvyH8iJ32mmTcvIPpqkIegG898xRbo\/edit#gid=1533992316\"><b>Fitxa d&#8217;Activitat<\/b><\/a><\/td>\n<\/tr>\n<tr>\n<td style=\"width: 13.7311%;\"><b>3<\/b><\/td>\n<td style=\"width: 28.0618%;\" colspan=\"2\"><span style=\"font-weight: 400;\">Implementar activitats digitals dins de les programacions de les aules.<\/span><\/td>\n<td style=\"width: 53.4091%;\" colspan=\"2\"><a href=\"https:\/\/docs.google.com\/spreadsheets\/d\/16gAyPH0cvWnZXjvyH8iJ32mmTcvIPpqkIegG898xRbo\/edit#gid=814606104\"><b>Fitxa d&#8217;Activitat<\/b><\/a><\/td>\n<\/tr>\n<tr>\n<td style=\"width: 13.7311%;\"><b>4<\/b><\/td>\n<td style=\"width: 28.0618%;\" colspan=\"2\"><span style=\"font-weight: 400;\">Creaci\u00f3 de r\u00fabriques d&#8217;autoavaluaci\u00f3 i coavaluaci\u00f3 en les diferents situacions d&#8217;aprenentatge<\/span><\/td>\n<td style=\"width: 53.4091%;\" colspan=\"2\"><a href=\"https:\/\/docs.google.com\/spreadsheets\/d\/16gAyPH0cvWnZXjvyH8iJ32mmTcvIPpqkIegG898xRbo\/edit#gid=1812409817\"><b>Fitxa d&#8217;Activitat<\/b><\/a><\/td>\n<\/tr>\n<\/tbody>\n<\/table>\n<p>&nbsp;<\/p>\n<table style=\"width: 97.2536%;\">\n<tbody>\n<tr>\n<td style=\"width: 15.0252%;\" colspan=\"2\"><b>Objectiu de l&#8217;EDC<\/b><\/td>\n<td style=\"width: 80.6503%;\" colspan=\"3\"><b>3. Millorar la compet\u00e8ncia digital de les fam\u00edlies per afavorir l\u2019acompanyament de l\u2019aprenentatge.<\/b><\/td>\n<\/tr>\n<tr>\n<td style=\"width: 15.0252%;\" colspan=\"2\"><b>Indicador i criteris d&#8217;assoliment<\/b><\/td>\n<td style=\"width: 29.4192%;\"><span style=\"font-weight: 400;\">Almenys ha participat el 30% de les fam\u00edlies de l\u2019escola a les xerrades que s\u2019han portat a terme.<\/span><\/td>\n<td style=\"width: 26.4205%;\"><span style=\"font-weight: 400;\">Grau de satisfacci\u00f3 de les fam\u00edlies respecte la cultura digital de centre.<\/span><\/p>\n<p><span style=\"font-weight: 400;\">Criteri d&#8217;acceptaci\u00f3:&gt;50,00%<\/span><\/td>\n<td style=\"width: 24.8106%;\"><span style=\"font-weight: 400;\">Percentatge de fam\u00edlies del centre que assisteixen a les sessions programades.<\/span><\/p>\n<p><span style=\"font-weight: 400;\">Criteri d&#8217;acceptaci\u00f3:&gt;45%<\/span><\/td>\n<\/tr>\n<tr>\n<td style=\"width: 15.0252%;\" colspan=\"2\"><b>Responsable de l&#8217;Objectiu<\/b><\/td>\n<td style=\"width: 80.6503%;\" colspan=\"3\"><b>Equip Social del Centre I Coordinaci\u00f3 TAC<\/b><\/td>\n<\/tr>\n<tr>\n<td style=\"width: 44.4444%;\" colspan=\"3\"><b>ACTIVITATS ASSOCIADES<\/b><\/td>\n<td style=\"width: 51.2311%;\" colspan=\"2\"><b>ENLLA\u00c7 A LA FITXA DE L&#8217;ACTIVITAT<\/b><\/td>\n<\/tr>\n<tr>\n<td style=\"width: 14.8674%;\"><b>1<\/b><\/td>\n<td style=\"width: 29.577%;\" colspan=\"2\"><span style=\"font-weight: 400;\">Crear protocols d&#8217;\u00fas dels entorns virtual d&#8217;aprenentatge.<\/span><\/td>\n<td style=\"width: 51.2311%;\" colspan=\"2\"><a href=\"https:\/\/docs.google.com\/spreadsheets\/d\/1p1aWGb-eHsjMqUV3S1QlB5Hsnt-qWWdMhevSteVGqaE\/edit#gid=0\"><b>Fitxa d&#8217;Activitat<\/b><\/a><\/td>\n<\/tr>\n<tr>\n<td style=\"width: 14.8674%;\"><b>2<\/b><\/td>\n<td style=\"width: 29.577%;\" colspan=\"2\"><span style=\"font-weight: 400;\">Xerrades formatives per l&#8217;\u00fas dels entorns virtuals d&#8217;aprenentatge<\/span><\/td>\n<td style=\"width: 51.2311%;\" colspan=\"2\"><a href=\"https:\/\/docs.google.com\/spreadsheets\/d\/1p1aWGb-eHsjMqUV3S1QlB5Hsnt-qWWdMhevSteVGqaE\/edit#gid=1533992316\"><b>Fitxa d&#8217;Activitat<\/b><\/a><\/td>\n<\/tr>\n<\/tbody>\n<\/table>\n<p>&nbsp;<\/p>\n<table style=\"width: 97.6322%;\">\n<tbody>\n<tr>\n<td style=\"width: 5.55556%;\" colspan=\"2\"><b>Objectiu de l&#8217;EDC<\/b><\/td>\n<td style=\"width: 83.4281%;\" colspan=\"3\"><b>4. Millorar l\u2019\u00fas segur, responsable i cr\u00edtic de les tecnologies digitals amb la finalitat d\u2019esdevenir ciutadans digitals conscients.<\/b><\/td>\n<\/tr>\n<tr>\n<td style=\"width: 5.55556%;\" colspan=\"2\"><b>Indicador i criteris d&#8217;assoliment<\/b><\/td>\n<td style=\"width: 27.5568%;\"><span style=\"font-weight: 400;\">Percentatge de fam\u00edlies del centre que contesten a l&#8217;enquesta i es mostren satisfetes amb la Cultura Digital<\/span><\/p>\n<p><span style=\"font-weight: 400;\">Criteri d&#8217;acceptaci\u00f3:&gt;60%<\/span><\/td>\n<td style=\"width: 29.072%;\"><span style=\"font-weight: 400;\">Almenys un 60% de l&#8217;alumnat de 4t respon correctament a l&#8217;enquesta sobre responsabilitat, \u00fas segur i cr\u00edtic dels continguts digitals<\/span><\/td>\n<td style=\"width: 26.7993%;\"><span style=\"font-weight: 400;\">Almenys un 80% de l&#8217;alumnat de 6\u00e8 respon correctament a l&#8217;enquesta sobre responsabilitat, \u00fas segur i cr\u00edtic dels continguts digitals<\/span><\/td>\n<\/tr>\n<tr>\n<td style=\"width: 5.55556%;\" colspan=\"2\"><b>Responsable de l&#8217;Objectiu<\/b><\/td>\n<td style=\"width: 83.4281%;\" colspan=\"3\"><b>Equip Social del Centre I Coordinaci\u00f3 TAC<\/b><\/td>\n<\/tr>\n<tr>\n<td style=\"width: 33.1124%;\" colspan=\"3\"><b>ACTIVITATS ASSOCIADES<\/b><\/td>\n<td style=\"width: 55.8713%;\" colspan=\"2\"><b>ENLLA\u00c7 A LA FITXA DE L&#8217;ACTIVITAT<\/b><\/td>\n<\/tr>\n<tr>\n<td style=\"width: 5.39773%;\"><b>1<\/b><\/td>\n<td style=\"width: 27.7146%;\" colspan=\"2\"><span style=\"font-weight: 400;\">Promoure xerrades dirigides per agents externs destinades a prevenir el mal \u00fas de les noves tecnologies<\/span><\/td>\n<td style=\"width: 55.8713%;\" colspan=\"2\"><a href=\"https:\/\/docs.google.com\/spreadsheets\/d\/1jbrRKyj1_jvBvbOOtJMXJL8iQ9d4tYqlwhOqyNTouuE\/edit#gid=1533992316\"><b>Fitxa d&#8217;Activitat<\/b><\/a><\/td>\n<\/tr>\n<tr>\n<td style=\"width: 5.39773%;\"><b>2<\/b><\/td>\n<td style=\"width: 27.7146%;\" colspan=\"2\"><span style=\"font-weight: 400;\">Xerrades formatives sobre les possibilitats que ofereixen les noves tecnologies vers el control parental<\/span><\/td>\n<td style=\"width: 55.8713%;\" colspan=\"2\"><a href=\"https:\/\/docs.google.com\/spreadsheets\/d\/1jbrRKyj1_jvBvbOOtJMXJL8iQ9d4tYqlwhOqyNTouuE\/edit#gid=0\"><b>Fitxa d&#8217;Activitat<\/b><\/a><\/td>\n<\/tr>\n<tr>\n<td style=\"width: 5.39773%;\"><b>3<\/b><\/td>\n<td style=\"width: 27.7146%;\" colspan=\"2\"><span style=\"font-weight: 400;\">Fomentar la notificaci\u00f3 de problem\u00e0tiques i males praxis amb els dispositius i comptes personals de l&#8217;escola.<\/span><\/td>\n<td style=\"width: 55.8713%;\" colspan=\"2\"><a href=\"https:\/\/docs.google.com\/spreadsheets\/d\/1jbrRKyj1_jvBvbOOtJMXJL8iQ9d4tYqlwhOqyNTouuE\/edit#gid=814606104\"><b>Fitxa d&#8217;Activitat<\/b><\/a><\/td>\n<\/tr>\n<tr>\n<td style=\"width: 5.39773%;\"><b>4<\/b><\/td>\n<td style=\"width: 27.7146%;\" colspan=\"2\"><span style=\"font-weight: 400;\">A cada curs escolar, a partir de 3r de Prim\u00e0ria, proposar canviar cada curs la contrasenya del correu electr\u00f2nic.<\/span><\/td>\n<td style=\"width: 55.8713%;\" colspan=\"2\"><a href=\"https:\/\/docs.google.com\/spreadsheets\/d\/1jbrRKyj1_jvBvbOOtJMXJL8iQ9d4tYqlwhOqyNTouuE\/edit#gid=36988786\"><b>Fitxa d&#8217;Activitat<\/b><\/a><\/td>\n<\/tr>\n<\/tbody>\n<\/table>\n<p>&nbsp;<\/p>\n<table style=\"width: 97.7272%;\">\n<tbody>\n<tr>\n<td style=\"width: 12.4684%;\" colspan=\"2\"><b>Objectiu de l&#8217;EDC<\/b><\/td>\n<td style=\"width: 84.5644%;\" colspan=\"3\"><b>5. Implementar la compet\u00e8ncia digital del personal del centre per millorar els processos d\u2019ensenyament i aprenentatge.<\/b><\/td>\n<\/tr>\n<tr>\n<td style=\"width: 12.4684%;\" colspan=\"2\"><b>Indicador i criteris d&#8217;assoliment<\/b><\/td>\n<td style=\"width: 33.1439%;\"><span style=\"font-weight: 400;\">Percentatge de membres del claustre que assisteixen a les sessions de la FIC d&#8217;estrat\u00e8gia digital de centre.<\/span><\/p>\n<p><span style=\"font-weight: 400;\">Criteri d&#8217;acceptaci\u00f3:&gt;80%<\/span><\/td>\n<td style=\"width: 23.4848%;\"><span style=\"font-weight: 400;\">Almenys un 80% del claustre valoran molt positivament, mitjan\u00e7ant una enquesta, la utilitzaci\u00f3 de les eines digitals a la seva tasca di\u00e0ria.<\/span><\/td>\n<td style=\"width: 27.9356%;\"><span style=\"font-weight: 400;\">Almenys el 50% del claustre amplia el seu coneixement mitjan\u00e7ant cursos, seminaris, grups de treball, coordinacions al centre per continuar desenvolupant la seva compet\u00e8ncia digital docent.<\/span><\/td>\n<\/tr>\n<tr>\n<td style=\"width: 12.4684%;\" colspan=\"2\"><b>Responsable de l&#8217;Objectiu<\/b><\/td>\n<td style=\"width: 84.5644%;\" colspan=\"3\"><b>Equip Social del Centre I Coordinaci\u00f3 TAC<\/b><\/td>\n<\/tr>\n<tr>\n<td style=\"width: 45.6124%;\" colspan=\"3\"><b>ACTIVITATS ASSOCIADES<\/b><\/td>\n<td style=\"width: 51.4205%;\" colspan=\"2\"><b>ENLLA\u00c7 A LA FITXA DE L&#8217;ACTIVITAT<\/b><\/td>\n<\/tr>\n<tr>\n<td style=\"width: 12.3106%;\"><b>1<\/b><\/td>\n<td style=\"width: 33.3018%;\" colspan=\"2\"><span style=\"font-weight: 400;\">Formaci\u00f3 interna de centre (FIC), DEBATS i ACORDS<\/span><\/td>\n<td style=\"width: 51.4205%;\" colspan=\"2\"><a href=\"https:\/\/docs.google.com\/spreadsheets\/d\/1CjI9OHbYZiHcNUvVaF0qHJiF1O6hvOA0baMC8tkfoFY\/edit#gid=0\"><b>Fitxa d&#8217;Activitat<\/b><\/a><\/td>\n<\/tr>\n<tr>\n<td style=\"width: 12.3106%;\"><b>2<\/b><\/td>\n<td style=\"width: 33.3018%;\" colspan=\"2\"><span style=\"font-weight: 400;\">Formacions a la comunitat educativa.<\/span><\/td>\n<td style=\"width: 51.4205%;\" colspan=\"2\"><a href=\"https:\/\/docs.google.com\/spreadsheets\/d\/1CjI9OHbYZiHcNUvVaF0qHJiF1O6hvOA0baMC8tkfoFY\/edit#gid=1533992316\"><b>Fitxa d&#8217;Activitat<\/b><\/a><\/td>\n<\/tr>\n<tr>\n<td style=\"width: 12.3106%;\"><b>3<\/b><\/td>\n<td style=\"width: 33.3018%;\" colspan=\"2\"><span style=\"font-weight: 400;\">Programaci\u00f3 de c\u00e0psules formatives tem\u00e0tiques (TockApp, Classroom, Classdojo, P\u00e0gina Web, Xarxes Socials) i peri\u00f2diques per formar la comunitat educativa (diferent nivells, recursos i programari).<\/span><\/td>\n<td style=\"width: 51.4205%;\" colspan=\"2\"><a href=\"https:\/\/docs.google.com\/spreadsheets\/d\/1CjI9OHbYZiHcNUvVaF0qHJiF1O6hvOA0baMC8tkfoFY\/edit#gid=814606104\"><b>Fitxa d&#8217;Activitat<\/b><\/a><\/td>\n<\/tr>\n<tr>\n<td style=\"width: 12.3106%;\"><b>4<\/b><\/td>\n<td style=\"width: 33.3018%;\" colspan=\"2\"><span style=\"font-weight: 400;\">Formaci\u00f3 de tot el claustre en les noves Panells Interactius<\/span><\/td>\n<td style=\"width: 51.4205%;\" colspan=\"2\"><a href=\"https:\/\/docs.google.com\/spreadsheets\/d\/1CjI9OHbYZiHcNUvVaF0qHJiF1O6hvOA0baMC8tkfoFY\/edit#gid=1711003666\"><b>Fitxa d&#8217;Activitat<\/b><\/a><\/td>\n<\/tr>\n<tr>\n<td style=\"width: 12.3106%;\"><b>5<\/b><\/td>\n<td style=\"width: 33.3018%;\" colspan=\"2\"><span style=\"font-weight: 400;\">Creaci\u00f3 d\u00b4un protocol que reculli de manera transversal la Compet\u00e8ncia Digitals dels alumnes en les diferents \u00e0rees<\/span><\/td>\n<td style=\"width: 51.4205%;\" colspan=\"2\"><a href=\"https:\/\/docs.google.com\/spreadsheets\/d\/1CjI9OHbYZiHcNUvVaF0qHJiF1O6hvOA0baMC8tkfoFY\/edit#gid=2064167252\"><b>Fitxa d&#8217;Activitat<\/b><\/a><\/td>\n<\/tr>\n<\/tbody>\n<\/table>\n<p>&nbsp;<\/p>\n<table style=\"width: 98.0108%; height: 646px;\">\n<tbody>\n<tr style=\"height: 57px;\">\n<td style=\"width: 14.2708%; height: 57px;\" colspan=\"2\"><b>Objectiu de l&#8217;EDC<\/b><\/td>\n<td style=\"width: 82.1494%; height: 57px;\" colspan=\"3\"><b>6. Actualitzar i donar a con\u00e8ixer la cultura digital de centre.<\/b><\/td>\n<\/tr>\n<tr style=\"height: 124px;\">\n<td style=\"width: 14.2708%; height: 124px;\" colspan=\"2\"><b>Indicador i criteris d&#8217;assoliment<\/b><\/td>\n<td style=\"width: 31.2004%; height: 124px;\"><span style=\"font-weight: 400;\">El 90% del professorat nou demostra haver-se adaptat al centre digitalment al cap de dos mesos de la seva incorporaci\u00f3.<\/span><\/td>\n<td style=\"width: 32.5778%; height: 124px;\"><span style=\"font-weight: 400;\">El 85% de les fam\u00edlies han realitzat la tutoria digital amb el o la docent del seu fill o filla per explicar com funcionen l\u2019EVA del centre.<\/span><\/td>\n<td style=\"width: 18.3712%; height: 124px;\"><span style=\"font-weight: 400;\">Es realitzan tots els documents previst a l&#8217;Estrat\u00e8gia Digital de Centre<\/span><\/td>\n<\/tr>\n<tr style=\"height: 79px;\">\n<td style=\"width: 14.2708%; height: 79px;\" colspan=\"2\"><b>Responsable de l&#8217;Objectiu<\/b><\/td>\n<td style=\"width: 82.1494%; height: 79px;\" colspan=\"3\"><b>EQUIP DIRECTIU<\/b><\/td>\n<\/tr>\n<tr style=\"height: 57px;\">\n<td style=\"width: 45.4713%; height: 57px;\" colspan=\"3\"><b>ACTIVITATS ASSOCIADES<\/b><\/td>\n<td style=\"width: 50.949%; height: 57px;\" colspan=\"2\"><b>ENLLA\u00c7 A LA FITXA DE L&#8217;ACTIVITAT<\/b><\/td>\n<\/tr>\n<tr style=\"height: 57px;\">\n<td style=\"width: 14.1098%; height: 57px;\"><b>1<\/b><\/td>\n<td style=\"width: 31.3615%; height: 57px;\" colspan=\"2\"><span style=\"font-weight: 400;\">Redacci\u00f3 de Protocols.<\/span><\/td>\n<td style=\"width: 50.949%; height: 57px;\" colspan=\"2\"><a href=\"https:\/\/docs.google.com\/spreadsheets\/d\/1DAz-_WSfFPEWJIwOgcF4mxAkHAQWbrSoSn6zQdHrMyw\/edit#gid=0\"><b>Fitxa d&#8217;Activitat<\/b><\/a><\/td>\n<\/tr>\n<tr style=\"height: 57px;\">\n<td style=\"width: 14.1098%; height: 57px;\"><b>2<\/b><\/td>\n<td style=\"width: 31.3615%; height: 57px;\" colspan=\"2\"><span style=\"font-weight: 400;\">Actualitzaci\u00f3 de la documentaci\u00f3 del centre.<\/span><\/td>\n<td style=\"width: 50.949%; height: 57px;\" colspan=\"2\"><a href=\"https:\/\/docs.google.com\/spreadsheets\/d\/1DAz-_WSfFPEWJIwOgcF4mxAkHAQWbrSoSn6zQdHrMyw\/edit#gid=1533992316\"><b>Fitxa d&#8217;Activitat<\/b><\/a><\/td>\n<\/tr>\n<tr style=\"height: 79px;\">\n<td style=\"width: 14.1098%; height: 79px;\"><b>3<\/b><\/td>\n<td style=\"width: 31.3615%; height: 79px;\" colspan=\"2\"><span style=\"font-weight: 400;\">Creaci\u00f3 Pla Acollida Digital: docents, alumnat i fam\u00edlies.<\/span><\/td>\n<td style=\"width: 50.949%; height: 79px;\" colspan=\"2\"><a href=\"https:\/\/docs.google.com\/spreadsheets\/d\/1DAz-_WSfFPEWJIwOgcF4mxAkHAQWbrSoSn6zQdHrMyw\/edit#gid=814606104\"><b>Fitxa d&#8217;Activitat<\/b><\/a><\/td>\n<\/tr>\n<tr style=\"height: 57px;\">\n<td style=\"width: 14.1098%; height: 57px;\"><b>4<\/b><\/td>\n<td style=\"width: 31.3615%; height: 57px;\" colspan=\"2\"><span style=\"font-weight: 400;\">Creaci\u00f3 d&#8217;un Pla de Comunicaci\u00f3 de Centre<\/span><\/td>\n<td style=\"width: 50.949%; height: 57px;\" colspan=\"2\"><a href=\"https:\/\/docs.google.com\/spreadsheets\/d\/1DAz-_WSfFPEWJIwOgcF4mxAkHAQWbrSoSn6zQdHrMyw\/edit#gid=1476334985\"><b>Fitxa d&#8217;Activitat<\/b><\/a><\/td>\n<\/tr>\n<tr style=\"height: 79px;\">\n<td style=\"width: 14.1098%; height: 79px;\"><b>5<\/b><\/td>\n<td style=\"width: 31.3615%; height: 79px;\" colspan=\"2\"><span style=\"font-weight: 400;\">Difusi\u00f3 de la documentaci\u00f3 d&#8217;inclusi\u00f3 digital a tota la comunitat educativa<\/span><\/td>\n<td style=\"width: 50.949%; height: 79px;\" colspan=\"2\"><a href=\"https:\/\/docs.google.com\/spreadsheets\/d\/1DAz-_WSfFPEWJIwOgcF4mxAkHAQWbrSoSn6zQdHrMyw\/edit#gid=1731834006\"><b>Fitxa d&#8217;Activitat<\/b><\/a><\/td>\n<\/tr>\n<\/tbody>\n<\/table>\n","protected":false},"excerpt":{"rendered":"<p>na vegada decidim els objectius a treballar, planificarem i farem el seguiment per verificar l\u2019obtenci\u00f3 dels objectius establerts a partir d\u2019unes actuacions concretes.<br \/>\nPer poder portar aquest control d\u2019aquestes actuacions, crearem un model per fer aquest seguiment.<\/p>\n<p>A continuaci\u00f3 us mostrem les activitats previstes en la nostra&hellip;  <a href=\"https:\/\/agora.xtec.cat\/ceipponent-granollers\/actuacions\/\" title=\"Read Actuacions\">Llegeix m\u00e9s\u00bb<\/a><\/p>\n","protected":false},"author":24,"featured_media":0,"parent":0,"menu_order":0,"comment_status":"closed","ping_status":"closed","template":"","meta":{"_bbp_topic_count":0,"_bbp_reply_count":0,"_bbp_total_topic_count":0,"_bbp_total_reply_count":0,"_bbp_voice_count":0,"_bbp_anonymous_reply_count":0,"_bbp_topic_count_hidden":0,"_bbp_reply_count_hidden":0,"_bbp_forum_subforum_count":0,"footnotes":""},"class_list":["post-9839","page","type-page","status-publish","hentry"],"post_mailing_queue_ids":[],"_links":{"self":[{"href":"https:\/\/agora.xtec.cat\/ceipponent-granollers\/wp-json\/wp\/v2\/pages\/9839","targetHints":{"allow":["GET"]}}],"collection":[{"href":"https:\/\/agora.xtec.cat\/ceipponent-granollers\/wp-json\/wp\/v2\/pages"}],"about":[{"href":"https:\/\/agora.xtec.cat\/ceipponent-granollers\/wp-json\/wp\/v2\/types\/page"}],"author":[{"embeddable":true,"href":"https:\/\/agora.xtec.cat\/ceipponent-granollers\/wp-json\/wp\/v2\/users\/24"}],"replies":[{"embeddable":true,"href":"https:\/\/agora.xtec.cat\/ceipponent-granollers\/wp-json\/wp\/v2\/comments?post=9839"}],"version-history":[{"count":2,"href":"https:\/\/agora.xtec.cat\/ceipponent-granollers\/wp-json\/wp\/v2\/pages\/9839\/revisions"}],"predecessor-version":[{"id":11136,"href":"https:\/\/agora.xtec.cat\/ceipponent-granollers\/wp-json\/wp\/v2\/pages\/9839\/revisions\/11136"}],"wp:attachment":[{"href":"https:\/\/agora.xtec.cat\/ceipponent-granollers\/wp-json\/wp\/v2\/media?parent=9839"}],"curies":[{"name":"wp","href":"https:\/\/api.w.org\/{rel}","templated":true}]}}