{"id":9836,"date":"2022-11-10T10:17:11","date_gmt":"2022-11-10T09:17:11","guid":{"rendered":"https:\/\/agora.xtec.cat\/ceipponent-granollers\/?page_id=9836"},"modified":"2022-12-12T15:51:35","modified_gmt":"2022-12-12T14:51:35","slug":"objectius","status":"publish","type":"page","link":"https:\/\/agora.xtec.cat\/ceipponent-granollers\/objectius\/","title":{"rendered":"Objectius"},"content":{"rendered":"<p>A partir de tota la informaci\u00f3 que s\u2019ha rebut de la diagnosi, decidirem els diferents objectius a treballar en tots els \u00e0mbits digitals de l\u2019escola.<\/p>\n<p><img decoding=\"async\" src=\"https:\/\/agora.xtec.cat\/escolajoseppla\/wp-content\/uploads\/usu1495\/2022\/06\/objectius-de-lEDC.png\" \/><\/p>\n<p>L&#8217;objectiu primordial de la nostra escola \u00e9s que la comunitat educativa sigui competent digitalment. Per aix\u00f2, els prop\u00f2sits que hem tret a partir de la diagnosi comprenen a tots els membres de la comunitat educativa (fam\u00edlies, alumnat, docents i centre). Ens hem marcat 6 objectius a treballar per aconseguir aquesta fita, s\u00f3n els seg\u00fcents:<\/p>\n<table style=\"border-collapse: collapse; width: 100%; height: 160px;\">\n<tbody>\n<tr style=\"height: 32px;\">\n<td style=\"width: 12.7876%; height: 64px; background-color: #9cf1f7; text-align: center;\" rowspan=\"2\"><span style=\"color: #333333;\"><strong>Alumnat<\/strong><\/span><\/td>\n<td style=\"width: 87.2124%; height: 32px;\">1. <span style=\"font-weight: 400;\">Desenvolupar el pensament l\u00f2gic del nostre alumnat a trav\u00e9s de la Rob\u00f2tica.<\/span><\/td>\n<\/tr>\n<tr style=\"height: 32px;\">\n<td style=\"width: 87.2124%; height: 32px;\">2. <span style=\"font-weight: 400;\">Definir i implementar el desplegament curricular complet de la compet\u00e8ncia digital de l\u2019alumnat per millorar l\u2019aprenentatge<\/span><\/td>\n<\/tr>\n<tr style=\"height: 32px;\">\n<td style=\"width: 12.7876%; height: 32px; background-color: #a7bcfc; text-align: center;\"><span style=\"color: #333333;\"><strong>Fam\u00edlies<\/strong><\/span><\/td>\n<td style=\"width: 87.2124%; height: 32px;\">3. <span style=\"font-weight: 400;\">Millorar la compet\u00e8ncia digital de les fam\u00edlies per afavorir l\u2019acompanyament de l\u2019aprenentatge.<\/span><\/td>\n<\/tr>\n<tr>\n<td style=\"width: 12.7876%; background-color: #a7bcfc; text-align: center;\"><span style=\"color: #333333;\"><strong>\u00a0<\/strong><\/span><\/td>\n<td style=\"width: 87.2124%;\">4. <span style=\"font-weight: 400;\">Millorar l\u2019\u00fas segur, responsable i cr\u00edtic de les tecnologies digitals amb la finalitat d\u2019esdevenir ciutadans digitals conscients.<\/span><\/td>\n<\/tr>\n<tr style=\"height: 32px;\">\n<td style=\"width: 12.7876%; height: 32px; background-color: #9cf1f7; text-align: center;\"><span style=\"color: #333333;\"><strong>Professorat<\/strong><\/span><\/td>\n<td style=\"width: 87.2124%; height: 32px;\">5. <span style=\"font-weight: 400;\">Implementar la compet\u00e8ncia digital del personal del centre per millorar els processos d\u2019ensenyament i aprenentatge.<\/span><\/td>\n<\/tr>\n<tr style=\"height: 32px;\">\n<td style=\"width: 12.7876%; height: 32px; background-color: #a7bcfc; text-align: center;\"><span style=\"color: #333333;\"><strong>Centre<\/strong><\/span><\/td>\n<td style=\"width: 87.2124%; height: 32px;\">6. Actualitzar i donar a con\u00e8ixer la cultura digital de centre.<\/td>\n<\/tr>\n<\/tbody>\n<\/table>\n","protected":false},"excerpt":{"rendered":"<p>A partir de tota la informaci\u00f3 que s\u2019ha rebut de la diagnosi, decidirem els diferents objectius a treballar en tots els \u00e0mbits digitals de l\u2019escola.<\/p>\n<p>L&#8217;objectiu primordial de la nostra escola \u00e9s que la comunitat educativa sigui competent digitalment. Per aix\u00f2, els prop\u00f2sits que hem tret&hellip;  <a href=\"https:\/\/agora.xtec.cat\/ceipponent-granollers\/objectius\/\" title=\"Read Objectius\">Llegeix m\u00e9s\u00bb<\/a><\/p>\n","protected":false},"author":24,"featured_media":0,"parent":0,"menu_order":0,"comment_status":"closed","ping_status":"closed","template":"","meta":{"_bbp_topic_count":0,"_bbp_reply_count":0,"_bbp_total_topic_count":0,"_bbp_total_reply_count":0,"_bbp_voice_count":0,"_bbp_anonymous_reply_count":0,"_bbp_topic_count_hidden":0,"_bbp_reply_count_hidden":0,"_bbp_forum_subforum_count":0,"footnotes":""},"class_list":["post-9836","page","type-page","status-publish","hentry"],"post_mailing_queue_ids":[],"_links":{"self":[{"href":"https:\/\/agora.xtec.cat\/ceipponent-granollers\/wp-json\/wp\/v2\/pages\/9836","targetHints":{"allow":["GET"]}}],"collection":[{"href":"https:\/\/agora.xtec.cat\/ceipponent-granollers\/wp-json\/wp\/v2\/pages"}],"about":[{"href":"https:\/\/agora.xtec.cat\/ceipponent-granollers\/wp-json\/wp\/v2\/types\/page"}],"author":[{"embeddable":true,"href":"https:\/\/agora.xtec.cat\/ceipponent-granollers\/wp-json\/wp\/v2\/users\/24"}],"replies":[{"embeddable":true,"href":"https:\/\/agora.xtec.cat\/ceipponent-granollers\/wp-json\/wp\/v2\/comments?post=9836"}],"version-history":[{"count":3,"href":"https:\/\/agora.xtec.cat\/ceipponent-granollers\/wp-json\/wp\/v2\/pages\/9836\/revisions"}],"predecessor-version":[{"id":10030,"href":"https:\/\/agora.xtec.cat\/ceipponent-granollers\/wp-json\/wp\/v2\/pages\/9836\/revisions\/10030"}],"wp:attachment":[{"href":"https:\/\/agora.xtec.cat\/ceipponent-granollers\/wp-json\/wp\/v2\/media?parent=9836"}],"curies":[{"name":"wp","href":"https:\/\/api.w.org\/{rel}","templated":true}]}}