{"id":9827,"date":"2022-11-09T16:41:37","date_gmt":"2022-11-09T15:41:37","guid":{"rendered":"https:\/\/agora.xtec.cat\/ceipponent-granollers\/?page_id=9827"},"modified":"2023-07-03T10:17:04","modified_gmt":"2023-07-03T08:17:04","slug":"estrategia-digital-de-centre-edc","status":"publish","type":"page","link":"https:\/\/agora.xtec.cat\/ceipponent-granollers\/estrategia-digital-de-centre-edc\/","title":{"rendered":"Estrat\u00e8gia Digital de Centre (EDC)"},"content":{"rendered":"<p class=\"CDt4Ke zfr3Q\" dir=\"ltr\">L&#8217;estrat\u00e8gia digital de centre (EDC) defineix i concreta les l\u00ednies d&#8217;actuaci\u00f3 del nostre centre que fan possible que docents, alumnat i centre assoleixin la compet\u00e8ncia digital. Per aconseguir aquesta compet\u00e8ncia digital, l&#8217;EDC compr\u00e8n tots els \u00e0mbits del centre: organitzatius, metodol\u00f2gics, curriculars i comunicatius, els quals s&#8217;han de veure necess\u00e0riament implicats i, si escau, transformats, des d\u2019una perspectiva d&#8217;innovaci\u00f3 i de millora cont\u00ednua.<\/p>\n<p dir=\"ltr\"><span style=\"color: #008000;\"><strong>Com s&#8217;estructura l&#8217;EDC?<\/strong><\/span><\/p>\n<p class=\"CDt4Ke zfr3Q\" dir=\"ltr\">El document de l\u2019EDC es divideix en dues parts diferenciades per\u00f2 complement\u00e0ries a tots els centres:<\/p>\n<p class=\"CDt4Ke zfr3Q\" dir=\"ltr\">\u2022 La primera part \u00e9s estrat\u00e8gica i marca l\u2019horitz\u00f3 on vol arribar el centre a mitj\u00e0 termini en l\u2019\u00e0mbit digital. Inclou una diagnosi, la determinaci\u00f3 d\u2019objectius, la planificaci\u00f3 d\u2019actuacions concretes i fixa l\u2019avaluaci\u00f3 de la mateixa estrat\u00e8gia.<\/p>\n<p class=\"CDt4Ke zfr3Q\" dir=\"ltr\">\u2022 La segona part \u00e9s un recull de la cultura digital del centre, el qual permet tenir un coneixement global del centre en l\u2019\u00e0mbit digital. Inclou procediments, acords i accions que el centre ja est\u00e0 realitzant i que permeten tenir una visi\u00f3 completa de la cultura digital que el centre ja ha assolit.<\/p>\n<p dir=\"ltr\"><strong><span style=\"color: #008000;\">Quins s\u00f3n els objectius?<\/span><\/strong><\/p>\n<p class=\"CDt4Ke zfr3Q\" dir=\"ltr\">Els objectius de l&#8217;EDC es poden agrupar en cinc \u00e0mbits que tenen com a prop\u00f2sit el m\u00e0xim assoliment de la compet\u00e8ncia digital de l\u2019alumnat i del professorat:<\/p>\n<ul>\n<li style=\"list-style-type: none;\">\n<ul>\n<li style=\"list-style-type: none;\">\n<ul>\n<li style=\"list-style-type: none;\">\n<ul>\n<li style=\"list-style-type: none;\">\n<ul>\n<li style=\"list-style-type: none;\">\n<ul class=\"n8H08c UVNKR\">\n<li class=\"TYR86d zfr3Q\" dir=\"ltr\">\n<p class=\"CDt4Ke zfr3Q\" dir=\"ltr\">Assoliment de la compet\u00e8ncia digital.<\/p>\n<\/li>\n<li class=\"TYR86d zfr3Q\" dir=\"ltr\">\n<p class=\"CDt4Ke zfr3Q\" dir=\"ltr\">Planificaci\u00f3 estrat\u00e8gica i organitzaci\u00f3.<\/p>\n<\/li>\n<li class=\"TYR86d zfr3Q\" dir=\"ltr\">\n<p class=\"CDt4Ke zfr3Q\" dir=\"ltr\">Metodologies did\u00e0ctiques i innovaci\u00f3.<\/p>\n<\/li>\n<li class=\"TYR86d zfr3Q\" dir=\"ltr\">\n<p class=\"CDt4Ke zfr3Q\" dir=\"ltr\">Inclusi\u00f3 digital i de g\u00e8nere.<\/p>\n<\/li>\n<li class=\"TYR86d zfr3Q\" dir=\"ltr\">\n<p class=\"CDt4Ke zfr3Q\" dir=\"ltr\">Seguretat i protecci\u00f3 de dades.<\/p>\n<\/li>\n<\/ul>\n<\/li>\n<\/ul>\n<\/li>\n<\/ul>\n<\/li>\n<\/ul>\n<\/li>\n<\/ul>\n<\/li>\n<\/ul>\n<p dir=\"ltr\"><strong><span style=\"color: #008000;\">Com ho portem a terme a l&#8217;escola?<\/span><\/strong><\/p>\n<p dir=\"ltr\">A l\u2019Escola Ponent de Granollers, els darrers anys s\u2019ha estat treballant per la digitalitzaci\u00f3 dels processos d\u2019ensenyament-aprenentatge, a fi de millorar la compet\u00e8ncia digital de l\u2019alumnat. Amb aquesta finalitat, la Programaci\u00f3 General Anual (PGA) i el Projecte de Direcci\u00f3 (PD) recullen cada curs objectius relacionats amb la millora de la compet\u00e8ncia digital de l\u2019alumnat. En aquesta l\u00ednia, l\u2019escola est\u00e0 invertint en millorar l\u2019equipament digital del centre, ampliar-lo, actualitzar-lo i reempla\u00e7ar el material obsolet.<\/p>\n<p dir=\"ltr\"><span style=\"color: #008000;\"><strong>Fases de l&#8217;EDC<\/strong><\/span><\/p>\n<table style=\"border-collapse: collapse; width: 100%; height: 129px;\">\n<tbody>\n<tr style=\"height: 129px;\">\n<td style=\"width: 20%; height: 129px; background-color: #f5ebeb;\">&nbsp;<\/p>\n<table style=\"border-collapse: collapse; width: 100%;\">\n<tbody>\n<tr>\n<td style=\"width: 100%; background-color: #3f45f2; text-align: center;\">\n<h2><a href=\"https:\/\/agora.xtec.cat\/ceipponent-granollers\/estrategia-digital-de-centre-edc\/diagnosi\/\"><span style=\"color: #ffffff;\">DIAGNOSI<\/span><\/a><\/h2>\n<\/td>\n<\/tr>\n<\/tbody>\n<\/table>\n<\/td>\n<td style=\"width: 20%; height: 129px; background-color: #f5dfdf; text-align: center;\">&nbsp;<\/p>\n<table style=\"border-collapse: collapse; width: 100%;\">\n<tbody>\n<tr>\n<td style=\"width: 100%; background-color: #75b7e0; text-align: center;\">\n<h2><span style=\"color: #ffffff;\"><a style=\"color: #ffffff;\" href=\"https:\/\/agora.xtec.cat\/ceipponent-granollers\/objectius\/\">OBJECTIUS<\/a><\/span><\/h2>\n<\/td>\n<\/tr>\n<\/tbody>\n<\/table>\n<\/td>\n<td style=\"width: 20%; height: 129px; background-color: #edc5c5;\">&nbsp;<\/p>\n<table style=\"border-collapse: collapse; width: 100%;\">\n<tbody>\n<tr>\n<td style=\"width: 100%; background-color: #3f45f2; text-align: center;\">\n<h2><a href=\"https:\/\/agora.xtec.cat\/ceipponent-granollers\/actuacions\/\"><span style=\"color: #ffffff;\">ACTUACIONS<\/span><\/a><\/h2>\n<\/td>\n<\/tr>\n<\/tbody>\n<\/table>\n<\/td>\n<td style=\"width: 20%; height: 129px; background-color: #f5b3b3;\">&nbsp;<\/p>\n<table style=\"border-collapse: collapse; width: 100%;\">\n<tbody>\n<tr>\n<td style=\"width: 100%; background-color: #75b7e0; text-align: center;\">\n<h2><span style=\"color: #ffffff;\"><a style=\"color: #ffffff;\" href=\"https:\/\/agora.xtec.cat\/ceipponent-granollers\/avaluacio\/\">AVALUACI\u00d3<\/a><\/span><\/h2>\n<\/td>\n<\/tr>\n<\/tbody>\n<\/table>\n<\/td>\n<\/tr>\n<\/tbody>\n<\/table>\n<p>La part de<span style=\"color: #333333;\">\u00a0Cultura Digital\u00a0<\/span>la diferenciem principalment en:<\/p>\n<table style=\"border-collapse: collapse; width: 100%; height: 129px;\">\n<tbody>\n<tr style=\"height: 129px;\">\n<td style=\"width: 20%; height: 129px; background-color: #f5ebeb;\">&nbsp;<\/p>\n<table style=\"border-collapse: collapse; width: 100%;\">\n<tbody>\n<tr>\n<td style=\"width: 100%; background-color: #3f45f2; text-align: center;\">\n<h2><a href=\"https:\/\/agora.xtec.cat\/ceipponent-granollers\/acolliment-digital\/\"><span style=\"color: #ffffff;\">ACOLLIMENT DIGITAL<\/span><\/a><\/h2>\n<\/td>\n<\/tr>\n<\/tbody>\n<\/table>\n<\/td>\n<td style=\"width: 20%; height: 129px; background-color: #f5dfdf; text-align: center;\">&nbsp;<\/p>\n<table style=\"border-collapse: collapse; width: 100%;\">\n<tbody>\n<tr>\n<td style=\"width: 100%; background-color: #75b7e0; text-align: center;\">\n<h2><a href=\"https:\/\/agora.xtec.cat\/ceipponent-granollers\/recursos-digitals\/\"><span style=\"color: #ffffff;\">RECURSOS DIGITALS<\/span><\/a><\/h2>\n<\/td>\n<\/tr>\n<\/tbody>\n<\/table>\n<\/td>\n<td style=\"width: 20%; height: 129px; background-color: #edc5c5;\">&nbsp;<\/p>\n<table style=\"border-collapse: collapse; width: 100%;\">\n<tbody>\n<tr>\n<td style=\"width: 100%; background-color: #3f45f2; text-align: center;\">\n<h2><a href=\"https:\/\/agora.xtec.cat\/ceipponent-granollers\/desplegament-cd-alumnat\/\"><span style=\"color: #ffffff;\">DESPLEGAMENT CD ALUMNAT<\/span><\/a><\/h2>\n<\/td>\n<\/tr>\n<\/tbody>\n<\/table>\n<\/td>\n<td style=\"width: 20%; height: 129px; background-color: #f5b3b3;\">&nbsp;<\/p>\n<table style=\"border-collapse: collapse; width: 100%;\">\n<tbody>\n<tr>\n<td style=\"width: 100%; background-color: #75b7e0; text-align: center;\">\n<h2><a href=\"https:\/\/agora.xtec.cat\/ceipponent-granollers\/acords-digitals\/\"><span style=\"color: #ffffff;\">ACORDS DIGITALS<\/span><\/a><\/h2>\n<\/td>\n<\/tr>\n<\/tbody>\n<\/table>\n<\/td>\n<\/tr>\n<\/tbody>\n<\/table>\n<p>Tots aquests aspectes queden reflectits en el document final de l&#8217;Estrat\u00e8gia digital de Centre de l&#8217;escola Ponent. Per poder llegir el document, nom\u00e9s heu de <a href=\"https:\/\/agora.xtec.cat\/ceipponent-granollers\/wp-content\/uploads\/usu1522\/2023\/07\/EDC_Estrategia-Digital-de-Centre_08041647-Escola-Ponent.docx.pdf\">clicar aqu\u00ed.<\/a><\/p>\n","protected":false},"excerpt":{"rendered":"<p>L&#8217;estrat\u00e8gia digital de centre (EDC) defineix i concreta les l\u00ednies d&#8217;actuaci\u00f3 del nostre centre que fan possible que docents, alumnat i centre assoleixin la compet\u00e8ncia digital. Per aconseguir aquesta compet\u00e8ncia digital, l&#8217;EDC compr\u00e8n tots els \u00e0mbits del centre: organitzatius, metodol\u00f2gics, curriculars i comunicatius, els quals&hellip;  <a href=\"https:\/\/agora.xtec.cat\/ceipponent-granollers\/estrategia-digital-de-centre-edc\/\" title=\"Read Estrat\u00e8gia Digital de Centre (EDC)\">Llegeix m\u00e9s\u00bb<\/a><\/p>\n","protected":false},"author":24,"featured_media":0,"parent":0,"menu_order":0,"comment_status":"closed","ping_status":"closed","template":"","meta":{"_bbp_topic_count":0,"_bbp_reply_count":0,"_bbp_total_topic_count":0,"_bbp_total_reply_count":0,"_bbp_voice_count":0,"_bbp_anonymous_reply_count":0,"_bbp_topic_count_hidden":0,"_bbp_reply_count_hidden":0,"_bbp_forum_subforum_count":0,"footnotes":""},"class_list":["post-9827","page","type-page","status-publish","hentry"],"post_mailing_queue_ids":[],"_links":{"self":[{"href":"https:\/\/agora.xtec.cat\/ceipponent-granollers\/wp-json\/wp\/v2\/pages\/9827","targetHints":{"allow":["GET"]}}],"collection":[{"href":"https:\/\/agora.xtec.cat\/ceipponent-granollers\/wp-json\/wp\/v2\/pages"}],"about":[{"href":"https:\/\/agora.xtec.cat\/ceipponent-granollers\/wp-json\/wp\/v2\/types\/page"}],"author":[{"embeddable":true,"href":"https:\/\/agora.xtec.cat\/ceipponent-granollers\/wp-json\/wp\/v2\/users\/24"}],"replies":[{"embeddable":true,"href":"https:\/\/agora.xtec.cat\/ceipponent-granollers\/wp-json\/wp\/v2\/comments?post=9827"}],"version-history":[{"count":3,"href":"https:\/\/agora.xtec.cat\/ceipponent-granollers\/wp-json\/wp\/v2\/pages\/9827\/revisions"}],"predecessor-version":[{"id":11513,"href":"https:\/\/agora.xtec.cat\/ceipponent-granollers\/wp-json\/wp\/v2\/pages\/9827\/revisions\/11513"}],"wp:attachment":[{"href":"https:\/\/agora.xtec.cat\/ceipponent-granollers\/wp-json\/wp\/v2\/media?parent=9827"}],"curies":[{"name":"wp","href":"https:\/\/api.w.org\/{rel}","templated":true}]}}