{"id":9437,"date":"2022-10-11T13:28:51","date_gmt":"2022-10-11T11:28:51","guid":{"rendered":"https:\/\/agora.xtec.cat\/ceipponent-granollers\/?page_id=9437"},"modified":"2022-10-11T16:34:25","modified_gmt":"2022-10-11T14:34:25","slug":"carta-de-compromis-educatiu","status":"publish","type":"page","link":"https:\/\/agora.xtec.cat\/ceipponent-granollers\/casal-destiu\/carta-de-compromis-educatiu\/","title":{"rendered":"carta de comprom\u00eds educatiu"},"content":{"rendered":"<p>L&#8217;escola i la fam\u00edlia hem de caminar plegats per a que els infants aconsegueixin l&#8217;\u00e8xit educatiu. A trav\u00e9s d&#8217;aquesta carta podreu veure els compromisos que adoptem com a escolar i els compromisos que us demanem com a fam\u00edlia. Clica al link per a veure la <a href=\"https:\/\/agora.xtec.cat\/ceipponent-granollers\/wp-content\/uploads\/usu1522\/2022\/10\/carta-de-compromis-actuaBONA.pdf\">carta de comprom\u00eds<\/a><\/p>\n<p><img decoding=\"async\" class=\"aligncenter\" src=\"https:\/\/agora.xtec.cat\/ceip-lesferreries-palafolls\/wp-content\/uploads\/usu670\/2021\/10\/carta-compromis.jpg\" alt=\"carta de comprom\u00eds educatiu | Escola Les Ferreries de Palafolls\" \/><\/p>\n","protected":false},"excerpt":{"rendered":"<p>L&#8217;escola i la fam\u00edlia hem de caminar plegats per a que els infants aconsegueixin l&#8217;\u00e8xit educatiu. A trav\u00e9s d&#8217;aquesta carta podreu veure els compromisos que adoptem com a escolar i els compromisos que us demanem com a fam\u00edlia. Clica al link per a veure la&hellip;  <a href=\"https:\/\/agora.xtec.cat\/ceipponent-granollers\/casal-destiu\/carta-de-compromis-educatiu\/\" title=\"Read carta de comprom\u00eds educatiu\">Llegeix m\u00e9s\u00bb<\/a><\/p>\n","protected":false},"author":24,"featured_media":0,"parent":82,"menu_order":0,"comment_status":"closed","ping_status":"closed","template":"","meta":{"_bbp_topic_count":0,"_bbp_reply_count":0,"_bbp_total_topic_count":0,"_bbp_total_reply_count":0,"_bbp_voice_count":0,"_bbp_anonymous_reply_count":0,"_bbp_topic_count_hidden":0,"_bbp_reply_count_hidden":0,"_bbp_forum_subforum_count":0,"footnotes":""},"class_list":["post-9437","page","type-page","status-publish","hentry"],"post_mailing_queue_ids":[],"_links":{"self":[{"href":"https:\/\/agora.xtec.cat\/ceipponent-granollers\/wp-json\/wp\/v2\/pages\/9437","targetHints":{"allow":["GET"]}}],"collection":[{"href":"https:\/\/agora.xtec.cat\/ceipponent-granollers\/wp-json\/wp\/v2\/pages"}],"about":[{"href":"https:\/\/agora.xtec.cat\/ceipponent-granollers\/wp-json\/wp\/v2\/types\/page"}],"author":[{"embeddable":true,"href":"https:\/\/agora.xtec.cat\/ceipponent-granollers\/wp-json\/wp\/v2\/users\/24"}],"replies":[{"embeddable":true,"href":"https:\/\/agora.xtec.cat\/ceipponent-granollers\/wp-json\/wp\/v2\/comments?post=9437"}],"version-history":[{"count":2,"href":"https:\/\/agora.xtec.cat\/ceipponent-granollers\/wp-json\/wp\/v2\/pages\/9437\/revisions"}],"predecessor-version":[{"id":9452,"href":"https:\/\/agora.xtec.cat\/ceipponent-granollers\/wp-json\/wp\/v2\/pages\/9437\/revisions\/9452"}],"up":[{"embeddable":true,"href":"https:\/\/agora.xtec.cat\/ceipponent-granollers\/wp-json\/wp\/v2\/pages\/82"}],"wp:attachment":[{"href":"https:\/\/agora.xtec.cat\/ceipponent-granollers\/wp-json\/wp\/v2\/media?parent=9437"}],"curies":[{"name":"wp","href":"https:\/\/api.w.org\/{rel}","templated":true}]}}