{"id":9029,"date":"2022-06-10T09:29:18","date_gmt":"2022-06-10T07:29:18","guid":{"rendered":"https:\/\/agora.xtec.cat\/ceipponent-granollers\/?page_id=9029"},"modified":"2024-12-30T13:19:35","modified_gmt":"2024-12-30T12:19:35","slug":"activitats-amb-les-families","status":"publish","type":"page","link":"https:\/\/agora.xtec.cat\/ceipponent-granollers\/projectes-escola\/activitats-amb-les-families\/","title":{"rendered":"Tardes en Fam\u00edlia"},"content":{"rendered":"<p>&nbsp;<\/p>\n<p><img loading=\"lazy\" decoding=\"async\" class=\"wp-image-13101 alignleft\" src=\"https:\/\/agora.xtec.cat\/ceipponent-granollers\/wp-content\/uploads\/usu1522\/2024\/12\/Minimalist-Square-Photo-Instagram-Post.jpg\" alt=\"\" width=\"223\" height=\"223\" srcset=\"https:\/\/agora.xtec.cat\/ceipponent-granollers\/wp-content\/uploads\/usu1522\/2024\/12\/Minimalist-Square-Photo-Instagram-Post.jpg 945w, https:\/\/agora.xtec.cat\/ceipponent-granollers\/wp-content\/uploads\/usu1522\/2024\/12\/Minimalist-Square-Photo-Instagram-Post-300x300.jpg 300w, https:\/\/agora.xtec.cat\/ceipponent-granollers\/wp-content\/uploads\/usu1522\/2024\/12\/Minimalist-Square-Photo-Instagram-Post-150x150.jpg 150w, https:\/\/agora.xtec.cat\/ceipponent-granollers\/wp-content\/uploads\/usu1522\/2024\/12\/Minimalist-Square-Photo-Instagram-Post-768x768.jpg 768w\" sizes=\"auto, (max-width: 223px) 100vw, 223px\" \/><\/p>\n<p>El projecte <strong>\u201cTardes en Fam\u00edlia\u201d<\/strong> de l&#8217;Escola Ponent de Granollers \u00e9s una iniciativa que busca refor\u00e7ar els vincles entre l&#8217;escola i les fam\u00edlies, creant un espai compartit d&#8217;aprenentatge, conviv\u00e8ncia i diversi\u00f3. Aquesta activitat es realitza cada divendres a la tarda, de <strong>15:00 ha 17:00 h<\/strong> , i est\u00e0 oberta a les fam\u00edlies d&#8217;un nivell educatiu diferent cada setmana.<\/p>\n<h5>En qu\u00e8 consisteix?<\/h5>\n<p>Durant aquestes tardes, l&#8217;escola obre les portes a les fam\u00edlies perqu\u00e8 pugui participar activament a la vida escolar dels seus fills i filles. Els infants, des de les seves tutories, preparen conjuntament amb els i els docents una activitat especial per realitzar amb les fam\u00edlies. Aquest proc\u00e9s fomenta la seva implicaci\u00f3 i entusiasme, ja que es converteixen en els protagonistes d&#8217;una tarda diferent i emocionant.<\/p>\n<h5>Tipus d&#8217;Activitats:<\/h5>\n<p>Les activitats s\u00f3n variades i adaptades a les diferents edats i interessos de l&#8217;alumnat. Alguns exemples d&#8217;aquestes sessions s\u00f3n:<\/p>\n<ul>\n<li><strong>Tallers creatius<\/strong> : manualitats, pintura, cer\u00e0mica i altres formes d&#8217;expressi\u00f3 art\u00edstica.<\/li>\n<li><strong>Activitats esportives i jocs cooperatius<\/strong> : fomentant el treball en equip i els h\u00e0bits saludables.<\/li>\n<li><strong>Teatre i m\u00fasica<\/strong> : petites representacions o assajos oberts del projecte Meraki.<\/li>\n<li><strong>Projectes cient\u00edfics i experiments<\/strong> : activitats pr\u00e0ctiques que desperten la curiositat i l&#8217;exploraci\u00f3 conjunta.<\/li>\n<li><strong>Lectura compartida<\/strong> : sessions de contacontes o lectura en veu alta per gaudir junts de la literatura infantil.<\/li>\n<\/ul>\n<h5>Objectius del Projecte:<\/h5>\n<ul>\n<li><strong>Fomentar la participaci\u00f3 activa de les fam\u00edlies<\/strong> en el proc\u00e9s educatiu dels seus fills i filles.<\/li>\n<li><strong>Enfortir la relaci\u00f3 entre l&#8217;escola i les fam\u00edlies<\/strong> , afavorint un ambient de confian\u00e7a i col\u00b7laboraci\u00f3.<\/li>\n<li><strong>Potenciar el sentiment de comunitat educativa<\/strong> , on cada membre es senti part del projecte de centre.<\/li>\n<li><strong>Desenvolupar habilitats socials i emocionals<\/strong> dels infants, promovent la cooperaci\u00f3 i el respecte en un entorn familiar i escolar alhora.<\/li>\n<\/ul>\n<h5>Beneficis:<\/h5>\n<ul>\n<li><strong>Impuls a l&#8217;autoestima i motivaci\u00f3<\/strong> de l&#8217;alumnat, que veu recon\u00e8ixer la seva feina i esfor\u00e7 davant les seves fam\u00edlies.<\/li>\n<li><strong>Aprenentatge vivencial i significatiu<\/strong> , on es reforcen els sabers d&#8217;una manera l\u00fadica i pr\u00e0ctica.<\/li>\n<li><strong>Temps de qualitat en fam\u00edlia<\/strong> , creant records i viv\u00e8ncies positives dins l&#8217;entorn escolar.<\/li>\n<\/ul>\n<p>El projecte \u201cTardes en Fam\u00edlia\u201d s&#8217;ha consolidat com una part fonamental de la identitat de l&#8217;Escola Ponent, convertint els divendres en una jornada esperada per infants i fam\u00edlies. Aquesta iniciativa refor\u00e7a els valors de conviv\u00e8ncia, participaci\u00f3 i comunitat que defineixen el nostre centre educatiu.<\/p>\n<div style=\"width: 800px;\" class=\"wp-video\"><!--[if lt IE 9]><script>document.createElement('video');<\/script><![endif]-->\n<video class=\"wp-video-shortcode\" id=\"video-9029-1\" width=\"800\" height=\"800\" preload=\"metadata\" controls=\"controls\"><source type=\"video\/mp4\" src=\"https:\/\/agora.xtec.cat\/ceipponent-granollers\/wp-content\/uploads\/usu1522\/2024\/12\/Tardes-en-familia-2.mp4?_=1\" \/><a href=\"https:\/\/agora.xtec.cat\/ceipponent-granollers\/wp-content\/uploads\/usu1522\/2024\/12\/Tardes-en-familia-2.mp4\">https:\/\/agora.xtec.cat\/ceipponent-granollers\/wp-content\/uploads\/usu1522\/2024\/12\/Tardes-en-familia-2.mp4<\/a><\/video><\/div>\n<p>&nbsp;<\/p>\n","protected":false},"excerpt":{"rendered":"<p>&nbsp;<\/p>\n<p>El projecte \u201cTardes en Fam\u00edlia\u201d de l&#8217;Escola Ponent de Granollers \u00e9s una iniciativa que busca refor\u00e7ar els vincles entre l&#8217;escola i les fam\u00edlies, creant un espai compartit d&#8217;aprenentatge, conviv\u00e8ncia i diversi\u00f3. Aquesta activitat es realitza cada divendres a la tarda, de 15:00 ha 17:00 h&hellip;  <a href=\"https:\/\/agora.xtec.cat\/ceipponent-granollers\/projectes-escola\/activitats-amb-les-families\/\" title=\"Read Tardes en Fam\u00edlia\">Llegeix m\u00e9s\u00bb<\/a><\/p>\n","protected":false},"author":24,"featured_media":0,"parent":1839,"menu_order":7,"comment_status":"closed","ping_status":"closed","template":"page-templates\/side-menu.php","meta":{"_bbp_topic_count":0,"_bbp_reply_count":0,"_bbp_total_topic_count":0,"_bbp_total_reply_count":0,"_bbp_voice_count":0,"_bbp_anonymous_reply_count":0,"_bbp_topic_count_hidden":0,"_bbp_reply_count_hidden":0,"_bbp_forum_subforum_count":0,"footnotes":""},"class_list":["post-9029","page","type-page","status-publish","hentry"],"post_mailing_queue_ids":[],"_links":{"self":[{"href":"https:\/\/agora.xtec.cat\/ceipponent-granollers\/wp-json\/wp\/v2\/pages\/9029","targetHints":{"allow":["GET"]}}],"collection":[{"href":"https:\/\/agora.xtec.cat\/ceipponent-granollers\/wp-json\/wp\/v2\/pages"}],"about":[{"href":"https:\/\/agora.xtec.cat\/ceipponent-granollers\/wp-json\/wp\/v2\/types\/page"}],"author":[{"embeddable":true,"href":"https:\/\/agora.xtec.cat\/ceipponent-granollers\/wp-json\/wp\/v2\/users\/24"}],"replies":[{"embeddable":true,"href":"https:\/\/agora.xtec.cat\/ceipponent-granollers\/wp-json\/wp\/v2\/comments?post=9029"}],"version-history":[{"count":6,"href":"https:\/\/agora.xtec.cat\/ceipponent-granollers\/wp-json\/wp\/v2\/pages\/9029\/revisions"}],"predecessor-version":[{"id":13102,"href":"https:\/\/agora.xtec.cat\/ceipponent-granollers\/wp-json\/wp\/v2\/pages\/9029\/revisions\/13102"}],"up":[{"embeddable":true,"href":"https:\/\/agora.xtec.cat\/ceipponent-granollers\/wp-json\/wp\/v2\/pages\/1839"}],"wp:attachment":[{"href":"https:\/\/agora.xtec.cat\/ceipponent-granollers\/wp-json\/wp\/v2\/media?parent=9029"}],"curies":[{"name":"wp","href":"https:\/\/api.w.org\/{rel}","templated":true}]}}