{"id":723,"date":"2017-02-08T16:53:55","date_gmt":"2017-02-08T15:53:55","guid":{"rendered":"http:\/\/agora.xtec.cat\/ceipponent-granollers\/?page_id=723"},"modified":"2022-10-09T00:23:20","modified_gmt":"2022-10-08T22:23:20","slug":"nofc","status":"publish","type":"page","link":"https:\/\/agora.xtec.cat\/ceipponent-granollers\/casal-destiu\/nofc\/","title":{"rendered":"Normativa d&#8217;Organitzaci\u00f3 i Funcionament (NOFC)"},"content":{"rendered":"<p><strong>QU\u00c8 S\u00d3N LES NOFC ( ART. 18.2 D. Aut.)<\/strong><\/p>\n<p>Les NOFC (normes d&#8217;organitzaci\u00f3 i funcionament del centre) han d\u2019aplegar el conjunt d\u2019acords i decisions d\u2019organitzaci\u00f3 i funcionament que s\u2019hi adoptin per fer possible, en el dia a dia, el treball educatiu i de gesti\u00f3 que permeti assolir els objectius proposats en el PEC i en la PGC.<\/p>\n<p>Aqu\u00ed teniu el document de les NOFC de la nostra escola amb la darrera versi\u00f3 actualitzada el 3 de novembre de 2019: <strong><a href=\"https:\/\/agora.xtec.cat\/ceipponent-granollers\/wp-content\/uploads\/usu1522\/2022\/10\/NOFC.pdf\">NOFC<\/a><\/strong><\/p>\n<div><a href=\"https:\/\/agora.xtec.cat\/ceipponent-granollers\/wp-content\/uploads\/usu1522\/2022\/10\/NOFC.png\"><img loading=\"lazy\" decoding=\"async\" class=\"aligncenter size-medium wp-image-9429\" src=\"https:\/\/agora.xtec.cat\/ceipponent-granollers\/wp-content\/uploads\/usu1522\/2022\/10\/NOFC-300x240.png\" alt=\"\" width=\"300\" height=\"240\" srcset=\"https:\/\/agora.xtec.cat\/ceipponent-granollers\/wp-content\/uploads\/usu1522\/2022\/10\/NOFC-300x240.png 300w, https:\/\/agora.xtec.cat\/ceipponent-granollers\/wp-content\/uploads\/usu1522\/2022\/10\/NOFC-1024x818.png 1024w, https:\/\/agora.xtec.cat\/ceipponent-granollers\/wp-content\/uploads\/usu1522\/2022\/10\/NOFC-768x614.png 768w, https:\/\/agora.xtec.cat\/ceipponent-granollers\/wp-content\/uploads\/usu1522\/2022\/10\/NOFC.png 1457w\" sizes=\"auto, (max-width: 300px) 100vw, 300px\" \/><\/a><\/div>\n","protected":false},"excerpt":{"rendered":"<p>QU\u00c8 S\u00d3N LES NOFC ( ART. 18.2 D. Aut.)<br \/>\nLes NOFC (normes d&#8217;organitzaci\u00f3 i funcionament del centre) han d\u2019aplegar el conjunt d\u2019acords i decisions d\u2019organitzaci\u00f3 i funcionament que s\u2019hi adoptin per fer possible, en el dia a dia, el treball educatiu i de gesti\u00f3 que permeti&hellip;  <a href=\"https:\/\/agora.xtec.cat\/ceipponent-granollers\/casal-destiu\/nofc\/\" title=\"Read Normativa d&#8217;Organitzaci\u00f3 i Funcionament (NOFC)\">Llegeix m\u00e9s\u00bb<\/a><\/p>\n","protected":false},"author":1,"featured_media":0,"parent":82,"menu_order":7,"comment_status":"closed","ping_status":"closed","template":"page-templates\/side-menu.php","meta":{"_bbp_topic_count":0,"_bbp_reply_count":0,"_bbp_total_topic_count":0,"_bbp_total_reply_count":0,"_bbp_voice_count":0,"_bbp_anonymous_reply_count":0,"_bbp_topic_count_hidden":0,"_bbp_reply_count_hidden":0,"_bbp_forum_subforum_count":0,"footnotes":""},"class_list":["post-723","page","type-page","status-publish","hentry"],"post_mailing_queue_ids":[],"_links":{"self":[{"href":"https:\/\/agora.xtec.cat\/ceipponent-granollers\/wp-json\/wp\/v2\/pages\/723","targetHints":{"allow":["GET"]}}],"collection":[{"href":"https:\/\/agora.xtec.cat\/ceipponent-granollers\/wp-json\/wp\/v2\/pages"}],"about":[{"href":"https:\/\/agora.xtec.cat\/ceipponent-granollers\/wp-json\/wp\/v2\/types\/page"}],"author":[{"embeddable":true,"href":"https:\/\/agora.xtec.cat\/ceipponent-granollers\/wp-json\/wp\/v2\/users\/1"}],"replies":[{"embeddable":true,"href":"https:\/\/agora.xtec.cat\/ceipponent-granollers\/wp-json\/wp\/v2\/comments?post=723"}],"version-history":[{"count":4,"href":"https:\/\/agora.xtec.cat\/ceipponent-granollers\/wp-json\/wp\/v2\/pages\/723\/revisions"}],"predecessor-version":[{"id":9430,"href":"https:\/\/agora.xtec.cat\/ceipponent-granollers\/wp-json\/wp\/v2\/pages\/723\/revisions\/9430"}],"up":[{"embeddable":true,"href":"https:\/\/agora.xtec.cat\/ceipponent-granollers\/wp-json\/wp\/v2\/pages\/82"}],"wp:attachment":[{"href":"https:\/\/agora.xtec.cat\/ceipponent-granollers\/wp-json\/wp\/v2\/media?parent=723"}],"curies":[{"name":"wp","href":"https:\/\/api.w.org\/{rel}","templated":true}]}}