{"id":712,"date":"2017-01-31T13:43:21","date_gmt":"2017-01-31T12:43:21","guid":{"rendered":"http:\/\/agora.xtec.cat\/ceipponent-granollers\/?page_id=712"},"modified":"2025-10-17T18:03:04","modified_gmt":"2025-10-17T16:03:04","slug":"lequip-huma","status":"publish","type":"page","link":"https:\/\/agora.xtec.cat\/ceipponent-granollers\/lequip-huma\/","title":{"rendered":"El claustre"},"content":{"rendered":"<p style=\"text-align: center;\"><strong>CURS 2025-2026<\/strong><\/p>\n<p>&nbsp;<\/p>\n<p>&nbsp;<\/p>\n<p style=\"text-align: left;\"><strong>Equip directiu:<\/strong><\/p>\n<ul>\n<li style=\"text-align: left;\">Director: David Guerrero<\/li>\n<li style=\"text-align: left;\">Cap d&#8217;estudis: Sergi Esteve<\/li>\n<li style=\"text-align: left;\">Secret\u00e0ria: M\u00f2nica C\u00e0novas<\/li>\n<\/ul>\n<p>&nbsp;<\/p>\n<p><strong>Coordinacions a l&#8217;escola:\u00a0<\/strong><\/p>\n<ul>\n<li>TAC (Tecnologies d&#8217;acc\u00e9s al coneixement): Ester Ros<\/li>\n<li>LIC (Llengua i cohesi\u00f3): N\u00faria Moreno<\/li>\n<li>Pla Catal\u00e0 d\u2019Esport a l\u2019Escola: Juanma Domene<\/li>\n<li>Riscos laborals: Virginia Coquillat.<\/li>\n<\/ul>\n<p><strong>Coordinacions de cicles:<\/strong><\/p>\n<ul>\n<li>Educaci\u00f3 Infantil: Brenda Acedo<\/li>\n<li>Cicle inicial: Laura Mill\u00e1n<\/li>\n<li>CIcle Mitj\u00e1:\u00a0 Helena Gay<\/li>\n<li>Cicle Superior: Sergio Corral<\/li>\n<\/ul>\n<p><strong>Docents:<\/strong><\/p>\n<p><strong>Educaci\u00f3 Infantil<\/strong><\/p>\n<table style=\"border-collapse: collapse; width: 49.1259%; height: 192px;\">\n<tbody>\n<tr style=\"height: 32px;\">\n<td style=\"width: 7.63403%; background-color: #f2c7c7; text-align: center; height: 32px;\"><strong>Tutoria d&#8217;I3A<\/strong><\/td>\n<td style=\"width: 16.2588%; height: 32px; text-align: center;\">Mireia Puig \/\/ Lourdes Pla<\/td>\n<td style=\"width: 11.7404%; background-color: #f2c7c7; height: 32px; text-align: center;\"><strong>TEI<\/strong><\/td>\n<td style=\"width: 13.4927%; height: 32px; text-align: center;\">Marta Clussellas<\/td>\n<\/tr>\n<tr style=\"height: 32px;\">\n<td style=\"width: 7.63403%; text-align: center; background-color: #f2c7c7; height: 32px;\"><strong>Tutoria d&#8217;I3B<\/strong><\/td>\n<td style=\"width: 16.2588%; height: 32px; text-align: center;\">N\u00faria Morales<\/p>\n<p>(Subs: \u00c0ngels Baraldes)<\/td>\n<td style=\"width: 11.7404%; background-color: #f2c7c7; height: 32px; text-align: center;\"><strong>Especialista Psicomotricitat<\/strong><\/td>\n<td style=\"width: 13.4927%; height: 32px; text-align: center;\">Vanessa And\u00fajar<\/td>\n<\/tr>\n<tr style=\"height: 32px;\">\n<td style=\"width: 7.63403%; text-align: center; background-color: #f2c7c7; height: 32px;\"><strong>Tutoria d&#8217;I4A<\/strong><\/td>\n<td style=\"width: 16.2588%; height: 32px; text-align: center;\">Marta Cases<\/td>\n<td style=\"width: 11.7404%; background-color: #f2c7c7; height: 32px; text-align: center;\"><strong>M\u00fasica<\/strong><\/p>\n<p><strong>(I5)<\/strong><\/td>\n<td style=\"width: 13.4927%; height: 32px; text-align: center;\">Laia Larrosa<\/td>\n<\/tr>\n<tr style=\"height: 32px;\">\n<td style=\"width: 7.63403%; text-align: center; background-color: #f2c7c7; height: 32px;\"><strong>Tutoria d&#8217;I4B<\/strong><\/td>\n<td style=\"width: 16.2588%; height: 32px; text-align: center;\">Laia Rubio (subs: Anna Tobias)<\/td>\n<td style=\"width: 11.7404%; background-color: #f2c7c7; height: 32px; text-align: center;\"><strong>MESI<\/strong><\/td>\n<td style=\"width: 13.4927%; height: 32px; text-align: center;\">Emilia Jim\u00e9nez<\/p>\n<p>(subs: Cristina Ru\u00edz<\/p>\n<p>Subs: Otilia Sebastia)<\/td>\n<\/tr>\n<tr style=\"height: 32px;\">\n<td style=\"width: 7.63403%; text-align: center; background-color: #f2c7c7; height: 32px;\"><strong>Tutoria d&#8217;I5A<\/strong><\/td>\n<td style=\"width: 16.2588%; height: 32px; text-align: center;\">Helena Diumar\u00f3<\/td>\n<td style=\"width: 11.7404%; background-color: #f2c7c7; height: 32px; text-align: center;\"><strong>MALL<\/strong><\/td>\n<td style=\"width: 13.4927%; height: 32px; text-align: center;\">Eva Montserrat<\/td>\n<\/tr>\n<tr style=\"height: 32px;\">\n<td style=\"width: 7.63403%; text-align: center; background-color: #f2c7c7; height: 32px;\"><strong>Tutoria d&#8217;I5B<\/strong><\/td>\n<td style=\"width: 16.2588%; height: 32px; text-align: center;\">Ana Borreguero<\/td>\n<td style=\"width: 11.7404%; background-color: #f2c7c7; height: 32px; text-align: center;\"><strong>Refor\u00e7 I5<\/strong><\/td>\n<td style=\"width: 13.4927%; height: 32px; text-align: center;\">Brenda Acedo<\/td>\n<\/tr>\n<tr>\n<td style=\"width: 7.63403%; text-align: center; background-color: #f2c7c7;\"><strong>Refor\u00e7 I4<\/strong><\/td>\n<td style=\"width: 16.2588%; text-align: center;\">Alba Jim\u00e9nez (Subs: Ana Requena) \/ Brenda Acedo<\/td>\n<td style=\"width: 11.7404%; background-color: #f2c7c7; text-align: center;\"><strong>Teatre I5<\/strong><\/td>\n<td style=\"width: 13.4927%; text-align: center;\">Sergi Esteve<\/td>\n<\/tr>\n<tr>\n<td style=\"width: 7.63403%; text-align: center; background-color: #f2c7c7;\"><strong>TIS<\/strong><\/td>\n<td style=\"width: 16.2588%; text-align: center;\">Gl\u00f2ria Mas<\/td>\n<td style=\"width: 11.7404%; background-color: #f2c7c7; text-align: center;\"><strong>Refor\u00e7os<\/strong><\/td>\n<td style=\"width: 13.4927%; text-align: center;\">David Guerrero<\/td>\n<\/tr>\n<\/tbody>\n<\/table>\n<p><strong>Cicle Inicial<\/strong><\/p>\n<table style=\"border-collapse: collapse; width: 49.1841%; height: 224px;\">\n<tbody>\n<tr style=\"height: 32px;\">\n<td style=\"width: 3.96491%; text-align: center; background-color: #f5efd0; height: 32px;\"><strong>Tutoria de 1rA<\/strong><\/td>\n<td style=\"width: 21.9559%; height: 32px; text-align: center;\">Laura Mill\u00e1n<\/td>\n<\/tr>\n<tr style=\"height: 32px;\">\n<td style=\"width: 3.96491%; text-align: center; background-color: #f5efd0; height: 32px;\"><strong>Tutoria de 1rB<\/strong><\/td>\n<td style=\"width: 21.9559%; height: 32px; text-align: center;\">Anna Cot (subst: Ainoa Galzerano)<\/td>\n<\/tr>\n<tr style=\"height: 32px;\">\n<td style=\"width: 3.96491%; text-align: center; background-color: #f5efd0; height: 32px;\"><strong>Tutoria de 2nA<\/strong><\/td>\n<td style=\"width: 21.9559%; height: 32px; text-align: center;\">Irene Pel\u00e1ez (subst: Berta Borr\u00e0s)<\/td>\n<\/tr>\n<tr style=\"height: 32px;\">\n<td style=\"width: 3.96491%; background-color: #f5efd0; text-align: center; height: 32px;\"><strong>Tutoria de 2nB<\/strong><\/td>\n<td style=\"width: 21.9559%; height: 32px; text-align: center;\">J\u00e9ssica S\u00e1nchez<\/td>\n<\/tr>\n<tr style=\"height: 32px;\">\n<td style=\"width: 3.96491%; text-align: center; background-color: #f5efd0; height: 32px;\"><strong>Educaci\u00f3 F\u00edsica<\/strong><\/td>\n<td style=\"width: 21.9559%; height: 32px; text-align: center;\">Sergi Esteve<\/td>\n<\/tr>\n<tr style=\"height: 32px;\">\n<td style=\"width: 3.96491%; background-color: #f5efd0; height: 32px; text-align: center;\"><strong>Angl\u00e8s<\/strong><\/td>\n<td style=\"width: 21.9559%; height: 32px; text-align: center;\">Mireia Emilio<\/td>\n<\/tr>\n<tr style=\"height: 32px;\">\n<td style=\"width: 3.96491%; background-color: #f5efd0; height: 32px; text-align: center;\"><strong>MESI<\/strong><\/td>\n<td style=\"width: 21.9559%; height: 32px; text-align: center;\">Ana Romeu<\/td>\n<\/tr>\n<tr style=\"height: 32px;\">\n<td style=\"width: 3.96491%; text-align: center; height: 32px; background-color: #f5efd0;\"><strong>Teatre<\/strong><\/td>\n<td style=\"width: 21.9559%; height: 32px; text-align: center;\">Sergi Esteve<\/td>\n<\/tr>\n<tr>\n<td style=\"width: 3.96491%; text-align: center; background-color: #f5efd0;\"><strong>Castell\u00e0<\/strong><\/td>\n<td style=\"width: 21.9559%; text-align: center;\">Anna Moreno<\/td>\n<\/tr>\n<tr>\n<td style=\"width: 3.96491%; text-align: center; background-color: #f5efd0;\"><strong>M\u00fasica<\/strong><\/td>\n<td style=\"width: 21.9559%; text-align: center;\">Laia Larrosa<\/td>\n<\/tr>\n<tr>\n<td style=\"width: 3.96491%; text-align: center; background-color: #f5efd0;\"><strong>Laboratori<\/strong><\/td>\n<td style=\"width: 21.9559%; text-align: center;\">Susi F\u00e0bregas<\/td>\n<\/tr>\n<tr>\n<td style=\"width: 3.96491%; text-align: center; background-color: #f5efd0;\"><strong>Rob\u00f2tica<\/strong><\/td>\n<td style=\"width: 21.9559%; text-align: center;\">Ester Ros<\/td>\n<\/tr>\n<tr>\n<td style=\"width: 3.96491%; text-align: center; background-color: #f5efd0;\"><strong>Hort<\/strong><\/td>\n<td style=\"width: 21.9559%; text-align: center;\">Anna Cot (subst: Ainoa Galzerano)<\/td>\n<\/tr>\n<tr>\n<td style=\"width: 3.96491%; text-align: center; background-color: #f5efd0;\"><strong>TIS<\/strong><\/td>\n<td style=\"width: 21.9559%; text-align: center;\">Gl\u00f2ria Mas.<\/td>\n<\/tr>\n<\/tbody>\n<\/table>\n<p><strong>Cicle Mitj\u00e0<\/strong><\/p>\n<table style=\"border-collapse: collapse; width: 49.5338%; height: 177px;\">\n<tbody>\n<tr style=\"height: 32px;\">\n<td style=\"width: 2.94117%; background-color: #d7f5d9; height: 32px; text-align: center;\"><strong>Tutoria de 3rA<\/strong><\/td>\n<td style=\"width: 21.322%; height: 32px; text-align: center;\">Joel Boliart<\/td>\n<\/tr>\n<tr style=\"height: 32px;\">\n<td style=\"width: 2.94117%; background-color: #d7f5d9; height: 32px; text-align: center;\"><strong>Tutoria de 3rB<\/strong><\/td>\n<td style=\"width: 21.322%; height: 32px; text-align: center;\">N\u00faria Baldich<\/td>\n<\/tr>\n<tr style=\"height: 32px;\">\n<td style=\"width: 2.94117%; background-color: #d7f5d9; height: 32px; text-align: center;\"><strong>Tutoria de 4tA<\/strong><\/td>\n<td style=\"width: 21.322%; height: 32px; text-align: center;\">Montse Dur\u00e1n<\/td>\n<\/tr>\n<tr style=\"height: 33px;\">\n<td style=\"width: 2.94117%; background-color: #d7f5d9; height: 33px; text-align: center;\"><strong>Tutoria de 4tB<\/strong><\/td>\n<td style=\"width: 21.322%; height: 33px; text-align: center;\">Marian Beya<\/td>\n<\/tr>\n<tr style=\"height: 32px;\">\n<td style=\"width: 2.94117%; height: 32px; text-align: center; background-color: #d7f5d9;\"><strong>M\u00fasica<\/strong><\/td>\n<td style=\"width: 21.322%; height: 32px; text-align: center;\">Laia Larrosa<\/td>\n<\/tr>\n<tr style=\"height: 32px;\">\n<td style=\"width: 2.94117%; height: 32px; text-align: center; background-color: #d7f5d9;\"><strong>Educaci\u00f3 F\u00edsica<\/strong><\/td>\n<td style=\"width: 21.322%; height: 32px;\">\n<p style=\"text-align: center;\">Juanma Domene<\/p>\n<\/td>\n<\/tr>\n<tr style=\"height: 33px;\">\n<td style=\"width: 2.94117%; height: 33px; text-align: center; background-color: #d7f5d9;\"><strong>Teatre<\/strong><\/td>\n<td style=\"width: 21.322%; height: 33px; text-align: center;\">\u00a0Sergi Esteve (3r) \/ Sergio Corral (4t)<\/td>\n<\/tr>\n<tr>\n<td style=\"width: 2.94117%; text-align: center; background-color: #d7f5d9;\"><strong>Castell\u00e0<\/strong><\/td>\n<td style=\"width: 21.322%; text-align: center;\">Jofre Ciurans<\/td>\n<\/tr>\n<tr style=\"height: 48px;\">\n<td style=\"width: 2.94117%; text-align: center; background-color: #d7f5d9; height: 48px;\"><strong>Medi<\/strong><\/td>\n<td style=\"width: 21.322%; text-align: center; height: 48px;\">Helena Gay<\/td>\n<\/tr>\n<tr>\n<td style=\"width: 2.94117%; text-align: center; background-color: #d7f5d9;\"><strong>Laboratori<\/strong><\/td>\n<td style=\"width: 21.322%;\">\n<p style=\"text-align: center;\">Susi F\u00e0bregas<\/p>\n<\/td>\n<\/tr>\n<tr>\n<td style=\"width: 2.94117%; text-align: center; background-color: #d7f5d9;\"><strong>Rob\u00f2tica<\/strong><\/td>\n<td style=\"width: 21.322%;\">\n<p style=\"text-align: center;\">Ester Ros<\/p>\n<\/td>\n<\/tr>\n<tr>\n<td style=\"width: 2.94117%; text-align: center; background-color: #d7f5d9;\"><strong>Angl\u00e8s<\/strong><\/td>\n<td style=\"width: 21.322%;\">\n<p style=\"text-align: center;\">Mireia Emilio (3r) i Cristina Puigdelliura (4t)<\/p>\n<\/td>\n<\/tr>\n<tr>\n<td style=\"width: 2.94117%; text-align: center; background-color: #d7f5d9;\"><strong>Aula d&#8217;Acollida<\/strong><\/td>\n<td style=\"width: 21.322%;\">\n<p style=\"text-align: center;\">N\u00faria Moreno<\/p>\n<\/td>\n<\/tr>\n<tr>\n<td style=\"width: 2.94117%; text-align: center; background-color: #d7f5d9;\"><strong>Hort<\/strong><\/td>\n<td style=\"width: 21.322%;\">\n<p style=\"text-align: center;\">Joel Boliart<\/p>\n<\/td>\n<\/tr>\n<tr>\n<td style=\"width: 2.94117%; text-align: center; background-color: #d7f5d9;\"><strong>TIS<\/strong><\/td>\n<td style=\"width: 21.322%;\">\n<p style=\"text-align: center;\">Gl\u00f2ria Mas<\/p>\n<\/td>\n<\/tr>\n<\/tbody>\n<\/table>\n<p><strong>Cicle Superior<\/strong><\/p>\n<table style=\"border-collapse: collapse; width: 49.359%; height: 527px;\">\n<tbody>\n<tr style=\"height: 32px;\">\n<td style=\"width: 9.67366%; text-align: center; background-color: #daf7f7; height: 32px;\"><strong>Tutoria de 5\u00e8A<\/strong><\/td>\n<td style=\"width: 39.6853%; text-align: center; height: 32px;\">Ester Ros<\/td>\n<\/tr>\n<tr style=\"height: 32px;\">\n<td style=\"width: 9.67366%; text-align: center; background-color: #daf7f7; height: 32px;\"><strong>Tutoria de 5\u00e8B<\/strong><\/td>\n<td style=\"width: 39.6853%; text-align: center; height: 32px;\">Sergio Corral<\/td>\n<\/tr>\n<tr style=\"height: 32px;\">\n<td style=\"width: 9.67366%; text-align: center; background-color: #daf7f7; height: 32px;\"><strong>Tutoria de 6\u00e8A<\/strong><\/td>\n<td style=\"width: 39.6853%; text-align: center; height: 32px;\">Marga Cordero<\/td>\n<\/tr>\n<tr style=\"height: 32px;\">\n<td style=\"width: 9.67366%; text-align: center; background-color: #daf7f7; height: 32px;\"><strong>Tutoria de 6\u00e8B<\/strong><\/td>\n<td style=\"width: 39.6853%; text-align: center; height: 32px;\">Inma Cabello<\/td>\n<\/tr>\n<tr style=\"height: 32px;\">\n<td style=\"width: 9.67366%; text-align: center; background-color: #daf7f7; height: 32px;\"><strong>MESI<\/strong><\/td>\n<td style=\"width: 39.6853%; text-align: center; height: 32px;\">\u00a0Merche Moreno (5\u00e8) i Anna Romeu (6\u00e8)<\/td>\n<\/tr>\n<tr style=\"height: 32px;\">\n<td style=\"width: 9.67366%; text-align: center; background-color: #daf7f7; height: 32px;\"><strong>M\u00fasica<\/strong><\/td>\n<td style=\"width: 39.6853%; text-align: center; height: 32px;\">Laia Larrosa<\/td>\n<\/tr>\n<tr style=\"height: 32px;\">\n<td style=\"width: 9.67366%; text-align: center; background-color: #daf7f7; height: 32px;\"><strong>Educaci\u00f3 F\u00edsica<\/strong><\/td>\n<td style=\"width: 39.6853%; text-align: center; height: 32px;\">Juanma Domene<\/td>\n<\/tr>\n<tr style=\"height: 32px;\">\n<td style=\"width: 9.67366%; text-align: center; background-color: #daf7f7; height: 32px;\"><strong>Teatre<\/strong><\/td>\n<td style=\"width: 39.6853%; text-align: center; height: 32px;\">Sergi Esteve (5\u00e8) \/ Sergio Corral (6\u00e8)<\/td>\n<\/tr>\n<tr style=\"height: 32px;\">\n<td style=\"width: 9.67366%; text-align: center; background-color: #daf7f7; height: 32px;\"><strong>Castell\u00e0<\/strong><\/td>\n<td style=\"width: 39.6853%; text-align: center; height: 32px;\">M\u00f2nica C\u00e0noves<\/td>\n<\/tr>\n<tr style=\"height: 32px;\">\n<td style=\"width: 9.67366%; text-align: center; background-color: #daf7f7; height: 32px;\"><strong>Medi<\/strong><\/td>\n<td style=\"width: 39.6853%; text-align: center; height: 32px;\">Susi F\u00e0bregas<\/td>\n<\/tr>\n<tr style=\"height: 32px;\">\n<td style=\"width: 9.67366%; text-align: center; background-color: #daf7f7; height: 32px;\"><strong>Laboratori<\/strong><\/td>\n<td style=\"width: 39.6853%; text-align: center; height: 32px;\">Susi F\u00e0bregas<\/td>\n<\/tr>\n<tr style=\"height: 32px;\">\n<td style=\"width: 9.67366%; text-align: center; background-color: #daf7f7; height: 32px;\"><strong>Rob\u00f2tica<\/strong><\/td>\n<td style=\"width: 39.6853%; text-align: center; height: 32px;\">Ester Ros<\/td>\n<\/tr>\n<tr style=\"height: 32px;\">\n<td style=\"width: 9.67366%; text-align: center; background-color: #daf7f7; height: 32px;\"><strong>Angl\u00e8s<\/strong><\/td>\n<td style=\"width: 39.6853%; text-align: center; height: 32px;\">Cristina Puigdelliura<\/td>\n<\/tr>\n<tr style=\"height: 32px;\">\n<td style=\"width: 9.67366%; text-align: center; background-color: #daf7f7; height: 32px;\"><strong>Aula d&#8217;Acollida<\/strong><\/td>\n<td style=\"width: 39.6853%; text-align: center; height: 32px;\">N\u00faria Moreno<\/td>\n<\/tr>\n<tr style=\"height: 32px;\">\n<td style=\"width: 9.67366%; text-align: center; background-color: #daf7f7; height: 32px;\"><strong>Hort<\/strong><\/td>\n<td style=\"width: 39.6853%; text-align: center; height: 32px;\">Joel Boliart<\/td>\n<\/tr>\n<tr style=\"height: 47px;\">\n<td style=\"width: 9.67366%; text-align: center; background-color: #daf7f7; height: 47px;\"><strong>TIS<\/strong><\/td>\n<td style=\"width: 39.6853%; text-align: center; height: 47px;\">Gl\u00f2ria Mas<\/td>\n<\/tr>\n<\/tbody>\n<\/table>\n<p><strong>Altres:<\/strong><\/p>\n<table style=\"border-collapse: collapse; width: 49.4172%;\">\n<tbody>\n<tr>\n<td style=\"width: 5.83767%; background-color: #e7dcf2; text-align: center;\"><strong>EAP<\/strong><\/td>\n<td style=\"width: 43.5796%; text-align: center;\">Ana Jim\u00e9nez<\/td>\n<\/tr>\n<tr>\n<td style=\"width: 5.83767%; background-color: #e7dcf2; text-align: center;\"><strong>Fisioterapeuta<\/strong><\/td>\n<td style=\"width: 43.5796%; text-align: center;\">Marta<\/td>\n<\/tr>\n<tr>\n<td style=\"width: 5.83767%; background-color: #e7dcf2; text-align: center;\"><strong>CREDA<\/strong><\/td>\n<td style=\"width: 43.5796%; text-align: center;\">Laia Huget<\/td>\n<\/tr>\n<tr>\n<td style=\"width: 5.83767%; background-color: #e7dcf2; text-align: center;\"><strong>Administrativa<\/strong><\/td>\n<td style=\"width: 43.5796%; text-align: center;\">Ant\u00f2nia Romero<\/td>\n<\/tr>\n<tr>\n<td style=\"width: 5.83767%; background-color: #e7dcf2; text-align: center;\"><strong>Conserge<\/strong><\/td>\n<td style=\"width: 43.5796%; text-align: center;\">Gemma P\u00e1ez<\/td>\n<\/tr>\n<tr>\n<td style=\"width: 5.83767%; background-color: #e7dcf2; text-align: center;\"><strong>Vetlladores<\/strong><\/td>\n<td style=\"width: 43.5796%; text-align: center;\">Carmen Fern\u00e1ndez \/ Achraf Laiti<span class=\"il\">\u00a0<\/span>\/ Raquel P\u00e9rez \/ Coral Cort\u00e9s<\/td>\n<\/tr>\n<\/tbody>\n<\/table>\n","protected":false},"excerpt":{"rendered":"<p>CURS 2025-2026<br \/>\n&nbsp;<br \/>\n&nbsp;<br \/>\nEquip directiu:<\/p>\n<ul>\n<li style=\"text-align: left;\">Director: David Guerrero<\/li>\n<li style=\"text-align: left;\">Cap d&#8217;estudis: Sergi Esteve<\/li>\n<li style=\"text-align: left;\">Secret\u00e0ria: M\u00f2nica C\u00e0novas<\/li>\n<\/ul>\n<p>&nbsp;<br \/>\nCoordinacions a l&#8217;escola:\u00a0<\/p>\n<ul>\n<li>TAC (Tecnologies d&#8217;acc\u00e9s al coneixement): Ester Ros<\/li>\n<li>LIC (Llengua i cohesi\u00f3): N\u00faria Moreno<\/li>\n<li>Pla Catal\u00e0 d\u2019Esport a l\u2019Escola: Juanma Domene<\/li>\n<li>Riscos laborals: Virginia Coquillat.<\/li>\n<\/ul>\n<p>Coordinacions de cicles:<\/p>\n<ul>\n<li>Educaci\u00f3 Infantil: Brenda Acedo<\/li>\n<li>Cicle inicial: Laura&hellip;  <a href=\"https:\/\/agora.xtec.cat\/ceipponent-granollers\/lequip-huma\/\" title=\"Read El claustre\">Llegeix m\u00e9s\u00bb<\/a><br \/>\n","protected":false},"author":1,"featured_media":0,"parent":0,"menu_order":0,"comment_status":"closed","ping_status":"closed","template":"","meta":{"_bbp_topic_count":0,"_bbp_reply_count":0,"_bbp_total_topic_count":0,"_bbp_total_reply_count":0,"_bbp_voice_count":0,"_bbp_anonymous_reply_count":0,"_bbp_topic_count_hidden":0,"_bbp_reply_count_hidden":0,"_bbp_forum_subforum_count":0,"footnotes":""},"class_list":["post-712","page","type-page","status-publish","hentry"],"post_mailing_queue_ids":[],"_links":{"self":[{"href":"https:\/\/agora.xtec.cat\/ceipponent-granollers\/wp-json\/wp\/v2\/pages\/712","targetHints":{"allow":["GET"]}}],"collection":[{"href":"https:\/\/agora.xtec.cat\/ceipponent-granollers\/wp-json\/wp\/v2\/pages"}],"about":[{"href":"https:\/\/agora.xtec.cat\/ceipponent-granollers\/wp-json\/wp\/v2\/types\/page"}],"author":[{"embeddable":true,"href":"https:\/\/agora.xtec.cat\/ceipponent-granollers\/wp-json\/wp\/v2\/users\/1"}],"replies":[{"embeddable":true,"href":"https:\/\/agora.xtec.cat\/ceipponent-granollers\/wp-json\/wp\/v2\/comments?post=712"}],"version-history":[{"count":7,"href":"https:\/\/agora.xtec.cat\/ceipponent-granollers\/wp-json\/wp\/v2\/pages\/712\/revisions"}],"predecessor-version":[{"id":14368,"href":"https:\/\/agora.xtec.cat\/ceipponent-granollers\/wp-json\/wp\/v2\/pages\/712\/revisions\/14368"}],"wp:attachment":[{"href":"https:\/\/agora.xtec.cat\/ceipponent-granollers\/wp-json\/wp\/v2\/media?parent=712"}],"curies":[{"name":"wp","href":"https:\/\/api.w.org\/{rel}","templated":true}]}}