{"id":64,"date":"2014-09-18T12:39:08","date_gmt":"2014-09-18T10:39:08","guid":{"rendered":"http:\/\/agora.xtec.cat\/ceipponent-granollers\/?page_id=64"},"modified":"2022-08-31T20:28:31","modified_gmt":"2022-08-31T18:28:31","slug":"projecte-educatiu","status":"publish","type":"page","link":"https:\/\/agora.xtec.cat\/ceipponent-granollers\/casal-destiu\/projecte-educatiu\/","title":{"rendered":"Projecte Educatiu de Centre (PEC)"},"content":{"rendered":"<p>El projecte educatiu de centre (PEC) \u00e9s un document que inclou els trets d&#8217;identitat del centre, els principis pedag\u00f2gics, els principis organitzatius i el projecte ling\u00fc\u00edstic.<\/p>\n<p>En aquest document s&#8217;especifiquen els valors, els objectius i les prioritats d&#8217;actuaci\u00f3 del centre, la concreci\u00f3 dels curr\u00edculums que s&#8217;imparteixen i el tractament transversal en les \u00e0rees, mat\u00e8ries o m\u00f2duls de l&#8217;educaci\u00f3 en valors i altres ensenyaments.<\/p>\n<p>Els centres p\u00fablics i els centres privats concertats han de disposar de projecte educatiu, d&#8217;acord amb el que estableix la Llei 12\/2009, del 10 de juliol, d&#8217;educaci\u00f3.<\/p>\n<p>Tot seguit teniu una presentaci\u00f3 del PEC de l&#8217;escola Ponent.<\/p>\n<p>&nbsp;<\/p>\n<p><a href=\"https:\/\/prezi.com\/p\/kzlcpkjusfux\/?present=1\"><img loading=\"lazy\" decoding=\"async\" class=\"aligncenter wp-image-837 size-full\" src=\"https:\/\/agora.xtec.cat\/ceipponent-granollers\/wp-content\/uploads\/usu1522\/2017\/02\/PEC.png\" alt=\"pec\" width=\"941\" height=\"487\" srcset=\"https:\/\/agora.xtec.cat\/ceipponent-granollers\/wp-content\/uploads\/usu1522\/2017\/02\/PEC.png 941w, https:\/\/agora.xtec.cat\/ceipponent-granollers\/wp-content\/uploads\/usu1522\/2017\/02\/PEC-300x155.png 300w, https:\/\/agora.xtec.cat\/ceipponent-granollers\/wp-content\/uploads\/usu1522\/2017\/02\/PEC-768x397.png 768w\" sizes=\"auto, (max-width: 941px) 100vw, 941px\" \/><\/a><\/p>\n<p><a href=\"https:\/\/agora.xtec.cat\/ceipponent-granollers\/wp-content\/uploads\/usu1522\/2022\/08\/PEC_Aprovat-per-CE-juny-2022.pdf\">___PEC_Aprovat per CE juny 2022<\/a><\/p>\n<p>&nbsp;<\/p>\n<p><!-- Llei d'Educaci\u00f3 de Catalunya, el projecte educatiu incorpora el car\u00e0cter propi del centre i ha de contenir com a m\u00ednim els elements seg\u00fcents:\n\n\n<ul>\n \t\n\n<li>Criteris d'ordenaci\u00f3 pedag\u00f2gica, prioritats i plantejaments educatius, procediments d'inclusi\u00f3 i altres actuacions que caracteritzen el centre.<\/li>\n\n\n \t\n\n<li>Indicadors de progr\u00e9s.<\/li>\n\n\n \t\n\n<li>Concreci\u00f3 i desenvolupament dels curr\u00edculums.<\/li>\n\n\n \t\n\n<li>Criteris que defineixen l'estructura organitzativa.<\/li>\n\n\n \t\n\n<li>Projecte ling\u00fc\u00edstic.<\/li>\n\n\n \t\n\n<li>Car\u00e0cter propi del centre, si n'hi ha.<\/li>\n\n\n<\/ul>\n\n\nEs poden incloure tamb\u00e9 en aquesta secci\u00f3 altres documents m\u00e9s espec\u00edfics que tamb\u00e9 formen part del projecte educatiu, com ara: Projecte de conviv\u00e8ncia, Pla TAC, Pla d'acollida, Projecte d'escola i fam\u00edlia, Comunitat d'aprenentatge, etc.\n\nTamb\u00e9 pot ser interessant fer refer\u00e8ncia a altres projectes i activitats, com ara: Escola verda, R\u00e0dio a l'escola, Art a l'escola, Cinema en curs, Taller de rob\u00f2tica, Aprenentatge integrat de Continguts i Lleng\u00fces Estrangeres (AICLE), Revista de l'escola, Agenda 21, Hort, Patis oberts...\n\nDonada la diversitat de seccions possibles, s'ha cregut oport\u00fa no crear\u00a0cap p\u00e0gina espec\u00edfica en la maqueta inicial, deixant a criteri del centre la decisi\u00f3 sobre la millor manera\u00a0d'estructurar la descripci\u00f3 del seu projecte educatiu. En crear els apartats\u00a0\u00e9s\u00a0important que la caixa <em>Atributs de la p\u00e0gina<\/em>\u00a0tingui com a pare\/mare \u201c<em>Projecte educatiu<\/em>\u201c, i que se seleccioni com a plantilla l'opci\u00f3 \u201c<em>Men\u00fa lateral<\/em>\u201c.--><\/p>\n","protected":false},"excerpt":{"rendered":"<p>El projecte educatiu de centre (PEC) \u00e9s un document que inclou els trets d&#8217;identitat del centre, els principis pedag\u00f2gics, els principis organitzatius i el projecte ling\u00fc\u00edstic.<br \/>\nEn aquest document s&#8217;especifiquen els valors, els objectius i les prioritats d&#8217;actuaci\u00f3 del centre, la concreci\u00f3 dels curr\u00edculums que s&#8217;imparteixen&hellip;  <a href=\"https:\/\/agora.xtec.cat\/ceipponent-granollers\/casal-destiu\/projecte-educatiu\/\" title=\"Read Projecte Educatiu de Centre (PEC)\">Llegeix m\u00e9s\u00bb<\/a><\/p>\n","protected":false},"author":1,"featured_media":0,"parent":82,"menu_order":1,"comment_status":"closed","ping_status":"closed","template":"page-templates\/side-menu.php","meta":{"_bbp_topic_count":0,"_bbp_reply_count":0,"_bbp_total_topic_count":0,"_bbp_total_reply_count":0,"_bbp_voice_count":0,"_bbp_anonymous_reply_count":0,"_bbp_topic_count_hidden":0,"_bbp_reply_count_hidden":0,"_bbp_forum_subforum_count":0,"footnotes":""},"class_list":["post-64","page","type-page","status-publish","hentry"],"post_mailing_queue_ids":[],"_links":{"self":[{"href":"https:\/\/agora.xtec.cat\/ceipponent-granollers\/wp-json\/wp\/v2\/pages\/64","targetHints":{"allow":["GET"]}}],"collection":[{"href":"https:\/\/agora.xtec.cat\/ceipponent-granollers\/wp-json\/wp\/v2\/pages"}],"about":[{"href":"https:\/\/agora.xtec.cat\/ceipponent-granollers\/wp-json\/wp\/v2\/types\/page"}],"author":[{"embeddable":true,"href":"https:\/\/agora.xtec.cat\/ceipponent-granollers\/wp-json\/wp\/v2\/users\/1"}],"replies":[{"embeddable":true,"href":"https:\/\/agora.xtec.cat\/ceipponent-granollers\/wp-json\/wp\/v2\/comments?post=64"}],"version-history":[{"count":4,"href":"https:\/\/agora.xtec.cat\/ceipponent-granollers\/wp-json\/wp\/v2\/pages\/64\/revisions"}],"predecessor-version":[{"id":9162,"href":"https:\/\/agora.xtec.cat\/ceipponent-granollers\/wp-json\/wp\/v2\/pages\/64\/revisions\/9162"}],"up":[{"embeddable":true,"href":"https:\/\/agora.xtec.cat\/ceipponent-granollers\/wp-json\/wp\/v2\/pages\/82"}],"wp:attachment":[{"href":"https:\/\/agora.xtec.cat\/ceipponent-granollers\/wp-json\/wp\/v2\/media?parent=64"}],"curies":[{"name":"wp","href":"https:\/\/api.w.org\/{rel}","templated":true}]}}