{"id":4992,"date":"2020-04-02T02:12:43","date_gmt":"2020-04-02T00:12:43","guid":{"rendered":"http:\/\/agora.xtec.cat\/ceipponent-granollers\/?page_id=4992"},"modified":"2025-09-24T20:03:28","modified_gmt":"2025-09-24T18:03:28","slug":"contacta-amb-nosaltres","status":"publish","type":"page","link":"https:\/\/agora.xtec.cat\/ceipponent-granollers\/contacta-amb-nosaltres\/","title":{"rendered":"Contacta amb nosaltres!!!"},"content":{"rendered":"<div style=\"width: 820px;\" class=\"wp-video\"><!--[if lt IE 9]><script>document.createElement('video');<\/script><![endif]-->\n<video class=\"wp-video-shortcode\" id=\"video-4992-1\" width=\"820\" height=\"312\" loop=\"1\" autoplay=\"1\" preload=\"auto\" controls=\"controls\"><source type=\"video\/mp4\" src=\"https:\/\/agora.xtec.cat\/ceipponent-granollers\/wp-content\/uploads\/usu1522\/2020\/04\/Pink-Brushstroke-Fashion-Influencer-Facebook-Cover-1.mp4?_=1\" \/><a href=\"https:\/\/agora.xtec.cat\/ceipponent-granollers\/wp-content\/uploads\/usu1522\/2020\/04\/Pink-Brushstroke-Fashion-Influencer-Facebook-Cover-1.mp4\">https:\/\/agora.xtec.cat\/ceipponent-granollers\/wp-content\/uploads\/usu1522\/2020\/04\/Pink-Brushstroke-Fashion-Influencer-Facebook-Cover-1.mp4<\/a><\/video><\/div>\n<p>&nbsp;<\/p>\n<h3 style=\"text-align: center;\">\ud83d\udce7 Correu electr\u00f2nic per a cada promoci\u00f3<\/h3>\n<p>A l&#8217;Escola Ponent, cada grup d&#8217;alumnes (promoci\u00f3) t\u00e9 un <strong>correu electr\u00f2nic propi<\/strong> que serveix per comunicar-se amb els docents de l&#8217;escola. Aquest correu permet a les fam\u00edlies <strong>preguntar dubtes, demanar informaci\u00f3<\/strong> i estar en contacte amb el professorat de manera f\u00e0cil i directa.<\/p>\n<p>Aquest correu tamb\u00e9 s&#8217;utilitza per enviar <strong>totes les informacions importants de l&#8217;escola<\/strong> . A trav\u00e9s d&#8217;aquest canal, rebreu:<\/p>\n<ul>\n<li><strong>Les notes i informes acad\u00e8mics<\/strong> dels vostres fills i filles.<\/li>\n<li><strong>Valoracions i explicacions<\/strong> sobre com evoluciona el seu aprenentatge.<\/li>\n<li><strong>Circulars i avisos<\/strong> amb informacions importants sobre l&#8217;escola, activitats o canvis d&#8217;horari.<\/li>\n<li><strong>Informacions de l&#8217;AFA<\/strong> (Associaci\u00f3 de Fam\u00edlies d&#8217;Alumnes), com ara activitats extraescolars, festes o reunions.<\/li>\n<\/ul>\n<p>A m\u00e9s, aquest correu facilita que el professorat pugui <strong>respondre a preguntes de les fam\u00edlies<\/strong> o donar aclaments sobre les tasques i activitats que fan els nens i nenes a classe. \u00c9s una eina per garantir que <strong>tota la informaci\u00f3 arribi a temps<\/strong> i que les fam\u00edlies estan ben informades.<\/p>\n<p>Us recomanem revisar el correu electr\u00f2nic sovint per <strong>no perdre cap comunicat<\/strong> i estar al dia de tot el que passa a l&#8217;escola. Aquest sistema ens ajuda a mantenir una relaci\u00f3 <strong>m\u00e9s adequada i constant<\/strong> entre l&#8217;escola i les fam\u00edlies, per treballar plegats pel benestar i l&#8217;educaci\u00f3 dels infants.<\/p>\n<p>Si teniu algun problema o dubte amb el funcionament d&#8217;aquest correu, no dubteu a posar-vos en contacte amb la secretaria de l&#8217;escola.<\/p>\n<h6 style=\"text-align: center;\">Correus electr\u00f2nics del curs 2024\/2025:<\/h6>\n<table style=\"height: 367px; width: 93.4104%;\" width=\"705\">\n<tbody>\n<tr style=\"height: 31px;\">\n<td style=\"width: 32.8177%; height: 31px; border-color: #bbe9fa; background-color: #9cdcf0; text-align: center;\"><strong>Promoci\u00f3 2022 (I3)<\/strong><\/td>\n<td style=\"width: 32.9282%; height: 31px; border-color: #bbe9fa; background-color: #eab8f2; text-align: center;\"><strong>Promoci\u00f3 2021 (I4)<\/strong><\/td>\n<td style=\"width: 51.5304%; height: 31px; border-color: #bbe9fa; background-color: #f09d9c; text-align: center;\"><strong>Promoci\u00f3 2020 (I5)<\/strong><\/td>\n<\/tr>\n<tr style=\"height: 37px;\">\n<td style=\"width: 32.8177%; height: 37px; text-align: center;\">\n<h5>promocio2022@escolaponent.cat<\/h5>\n<\/td>\n<td style=\"width: 32.9282%; height: 37px; text-align: center;\">\n<h5><strong>\u00a0promocio2021@escolaponent.cat<\/strong><\/h5>\n<\/td>\n<td style=\"width: 51.5304%; height: 37px; text-align: center;\">\n<h5><strong>\u00a0promocio2020@escolaponent.cat<\/strong><\/h5>\n<\/td>\n<\/tr>\n<tr style=\"height: 32px;\">\n<td style=\"width: 32.8177%; height: 32px; background-color: #a9f5bb; text-align: center;\"><strong>Promoci\u00f3 2019 (1r de Prim\u00e0ria)<\/strong><\/td>\n<td style=\"width: 32.9282%; height: 32px; background-color: #a9b6f5; text-align: center;\"><strong>Promoci\u00f3 2018 (2n de Prim\u00e0ria)<\/strong><\/td>\n<td style=\"width: 51.5304%; height: 32px; background-color: #f2e0bf; text-align: center;\"><strong>Promoci\u00f3 2017 (3r de Prim\u00e0ria)<\/strong><\/td>\n<\/tr>\n<tr style=\"height: 32px;\">\n<td style=\"width: 32.8177%; height: 32px; text-align: center;\">\n<h5><strong>promocio2019@escolaponent.cat<\/strong><\/h5>\n<\/td>\n<td style=\"width: 32.9282%; height: 32px; text-align: center;\">\n<h5><strong>promocio2018@escolaponent.cat <\/strong><\/h5>\n<\/td>\n<td style=\"width: 51.5304%; height: 32px; text-align: center;\">\n<h5><strong>promocio2017@escolaponent.cat <\/strong><\/h5>\n<\/td>\n<\/tr>\n<tr style=\"height: 32px;\">\n<td style=\"width: 32.8177%; height: 32px; background-color: #ede99a; text-align: center;\"><strong>Promoci\u00f3 2016 (4t de Prim\u00e0ria)<\/strong><\/td>\n<td style=\"width: 32.9282%; height: 32px; background-color: #f2ae0f; text-align: center;\"><strong>Promoci\u00f3 2015 5\u00e8 de Prim\u00e0ria)<\/strong><\/td>\n<td style=\"width: 51.5304%; height: 32px; background-color: #ebcd0c; text-align: center;\"><strong>Promoci\u00f3 2014 (6\u00e8 de Prim\u00e0ria)<\/strong><\/td>\n<\/tr>\n<tr style=\"height: 31px;\">\n<td style=\"width: 32.8177%; height: 31px; text-align: center;\">\n<h5><strong>promocio2016@escolaponent.cat <\/strong><\/h5>\n<\/td>\n<td style=\"width: 32.9282%; height: 31px; text-align: center;\">\n<h5><strong>promocio2015@escolaponent.cat <\/strong><\/h5>\n<\/td>\n<td style=\"width: 51.5304%; height: 31px; text-align: center;\">\n<h5><strong>promocio2014@escolaponent.cat <\/strong><\/h5>\n<\/td>\n<\/tr>\n<\/tbody>\n<\/table>\n<p>&nbsp;<\/p>\n<h3 style=\"text-align: center;\"><strong>\ud83d\udcf1 Comunitat de WhatsApp de l&#8217;Escola Ponent<\/strong><\/h3>\n<p>L&#8217;Escola Ponent t\u00e9 una <strong>comunitat de WhatsApp<\/strong> per mantenir informades totes les fam\u00edlies de manera r\u00e0pida i senzilla. Aquesta comunitat serveix per enviar <strong>avisos importants, registradors i informacions d&#8217;\u00faltima hora<\/strong> sobre l&#8217;escola i les activitats dels alumnes.<\/p>\n<p>La comunitat est\u00e0 <strong>gestionada per l&#8217;equip directiu i l&#8217;AFA (Associaci\u00f3 de Fam\u00edlies d&#8217;Alumnes)<\/strong> . Nom\u00e9s ells poden enviar missatges, per garantir que <strong>tota la informaci\u00f3 sigui clara i fiable<\/strong> . Aix\u00ed s&#8217;eviten malentesos i \u00e9s facilitar que les fam\u00edlies rebin directament les comunicacions m\u00e9s rellevants.<\/p>\n<p>\u00c9s una manera f\u00e0cil i r\u00e0pida d&#8217;estar al dia sobre tot el que passa a l&#8217;escola, com ara canvis d&#8217;horari, excursions, festes o avisos urgents.<\/p>\n<p>Us recomanem unir-vos a aquesta comunitat per <strong>no perdre cap informaci\u00f3<\/strong> . Si no sabeu com fer-ho, podeu preguntar a la secretaria oa qualsevol membre de l&#8217;AFA. Per entrar a la comunitat de WhatsApp de l&#8217;Escola Ponent, aqu\u00ed teniu el Codi QR:<\/p>\n<p><img loading=\"lazy\" decoding=\"async\" class=\" wp-image-13092 aligncenter\" src=\"https:\/\/agora.xtec.cat\/ceipponent-granollers\/wp-content\/uploads\/usu1522\/2024\/12\/PHOTO-2024-12-30-11-31-05.jpg\" alt=\"\" width=\"349\" height=\"352\" srcset=\"https:\/\/agora.xtec.cat\/ceipponent-granollers\/wp-content\/uploads\/usu1522\/2024\/12\/PHOTO-2024-12-30-11-31-05.jpg 753w, https:\/\/agora.xtec.cat\/ceipponent-granollers\/wp-content\/uploads\/usu1522\/2024\/12\/PHOTO-2024-12-30-11-31-05-298x300.jpg 298w, https:\/\/agora.xtec.cat\/ceipponent-granollers\/wp-content\/uploads\/usu1522\/2024\/12\/PHOTO-2024-12-30-11-31-05-150x150.jpg 150w\" sizes=\"auto, (max-width: 349px) 100vw, 349px\" \/><\/p>\n<p>&nbsp;<\/p>\n<h3 style=\"text-align: center;\"><strong>\ud83d\udcde Tel\u00e8fon de contacte amb direcci\u00f3<\/strong><\/h3>\n<p>L&#8217;equip directiu de l&#8217;Escola Ponent disposa d&#8217;un <strong>tel\u00e8fon m\u00f2bil (691. 77. 68. 61)<\/strong> per atendre consultes i resoldre dubtes de les fam\u00edlies. <strong>\u00c9s preferible enviar missatges de WhatsApp<\/strong> al lloc de fer trucades, ja que l&#8217;equip directiu pot estar fent classe o en reunions durant l&#8217;horari escolar.<\/p>\n<p>Aquest tel\u00e8fon est\u00e0 operatiu <strong>de dilluns a divendres, de 8:00 h del mat\u00ed a 18:00 h de la tarda<\/strong> . Els missatges seran atesos tan aviat com sigui possible.<\/p>\n<p>\ud83d\udd38 <strong>Per casos urgents<\/strong> , \u00e9s millor trucar directament al <strong>tel\u00e8fon de l&#8217;escola (93 480 09 06)<\/strong> per assegurar una resposta immediata. Aquest tel\u00e8fon est\u00e0 sempre disponible durant l&#8217;horari escolar per atendre qualsevol situaci\u00f3 que requereixi atenci\u00f3 r\u00e0pida.<\/p>\n<p>Us agra\u00efm la vostra col\u00b7laboraci\u00f3 i comprensi\u00f3 per ajudar-nos a gestionar millor el dia a l&#8217;escola.<\/p>\n<p>El tel\u00e8fon de direcci\u00f3 \u00e9s:<\/p>\n<p><a href=\"https:\/\/agora.xtec.cat\/ceipponent-granollers\/wp-content\/uploads\/usu1522\/2020\/04\/Electronics.png\"><img loading=\"lazy\" decoding=\"async\" class=\"aligncenter wp-image-5001 size-full\" src=\"https:\/\/agora.xtec.cat\/ceipponent-granollers\/wp-content\/uploads\/usu1522\/2020\/04\/Electronics-e1735555038458.png\" alt=\"\" width=\"320\" height=\"89\" srcset=\"https:\/\/agora.xtec.cat\/ceipponent-granollers\/wp-content\/uploads\/usu1522\/2020\/04\/Electronics-e1735555038458.png 320w, https:\/\/agora.xtec.cat\/ceipponent-granollers\/wp-content\/uploads\/usu1522\/2020\/04\/Electronics-e1735555038458-300x83.png 300w\" sizes=\"auto, (max-width: 320px) 100vw, 320px\" \/><\/a><\/p>\n","protected":false},"excerpt":{"rendered":"<p><a href=\"https:\/\/agora.xtec.cat\/ceipponent-granollers\/wp-content\/uploads\/usu1522\/2020\/04\/Pink-Brushstroke-Fashion-Influencer-Facebook-Cover-1.mp4\">https:\/\/agora.xtec.cat\/ceipponent-granollers\/wp-content\/uploads\/usu1522\/2020\/04\/Pink-Brushstroke-Fashion-Influencer-Facebook-Cover-1.mp4<\/a><br \/>\n&nbsp;<br \/>\n\ud83d\udce7 Correu electr\u00f2nic per a cada promoci\u00f3<br \/>\nA l&#8217;Escola Ponent, cada grup d&#8217;alumnes (promoci\u00f3) t\u00e9 un correu electr\u00f2nic propi que serveix per comunicar-se amb els docents de l&#8217;escola. Aquest correu permet a les fam\u00edlies preguntar dubtes, demanar informaci\u00f3 i estar en contacte amb el professorat&hellip;  <a href=\"https:\/\/agora.xtec.cat\/ceipponent-granollers\/contacta-amb-nosaltres\/\" title=\"Read Contacta amb nosaltres!!!\">Llegeix m\u00e9s\u00bb<\/a><\/p>\n","protected":false},"author":1,"featured_media":0,"parent":0,"menu_order":0,"comment_status":"closed","ping_status":"closed","template":"","meta":{"_bbp_topic_count":0,"_bbp_reply_count":0,"_bbp_total_topic_count":0,"_bbp_total_reply_count":0,"_bbp_voice_count":0,"_bbp_anonymous_reply_count":0,"_bbp_topic_count_hidden":0,"_bbp_reply_count_hidden":0,"_bbp_forum_subforum_count":0,"footnotes":""},"class_list":["post-4992","page","type-page","status-publish","hentry"],"post_mailing_queue_ids":[],"_links":{"self":[{"href":"https:\/\/agora.xtec.cat\/ceipponent-granollers\/wp-json\/wp\/v2\/pages\/4992","targetHints":{"allow":["GET"]}}],"collection":[{"href":"https:\/\/agora.xtec.cat\/ceipponent-granollers\/wp-json\/wp\/v2\/pages"}],"about":[{"href":"https:\/\/agora.xtec.cat\/ceipponent-granollers\/wp-json\/wp\/v2\/types\/page"}],"author":[{"embeddable":true,"href":"https:\/\/agora.xtec.cat\/ceipponent-granollers\/wp-json\/wp\/v2\/users\/1"}],"replies":[{"embeddable":true,"href":"https:\/\/agora.xtec.cat\/ceipponent-granollers\/wp-json\/wp\/v2\/comments?post=4992"}],"version-history":[{"count":7,"href":"https:\/\/agora.xtec.cat\/ceipponent-granollers\/wp-json\/wp\/v2\/pages\/4992\/revisions"}],"predecessor-version":[{"id":14218,"href":"https:\/\/agora.xtec.cat\/ceipponent-granollers\/wp-json\/wp\/v2\/pages\/4992\/revisions\/14218"}],"wp:attachment":[{"href":"https:\/\/agora.xtec.cat\/ceipponent-granollers\/wp-json\/wp\/v2\/media?parent=4992"}],"curies":[{"name":"wp","href":"https:\/\/api.w.org\/{rel}","templated":true}]}}