{"id":38,"date":"2014-09-18T12:34:08","date_gmt":"2014-09-18T11:34:08","guid":{"rendered":"http:\/\/agora.xtec.cat\/ceipponent-granollers\/?page_id=38"},"modified":"2022-08-31T21:04:12","modified_gmt":"2022-08-31T19:04:12","slug":"salut","status":"publish","type":"page","link":"https:\/\/agora.xtec.cat\/ceipponent-granollers\/lescola\/salut\/","title":{"rendered":"Salut"},"content":{"rendered":"<p><strong>LA SALUT DELS NOSTRES ALUMNES \u00c9S MOLT IMPORTANT<\/strong><\/p>\n<p>Per tal de protegir-nos a nosaltres i als companys\/es que ens envolten hi ha una s\u00e8rie de detalls que hem de tenir en compte. Us els detallem a continuaci\u00f3:<\/p>\n<p>&nbsp;<\/p>\n<ul>\n<li><strong>Medicaments<\/strong><\/li>\n<\/ul>\n<p>Com a norma general a l\u2019escola no s\u2019administraran medicaments, at\u00e8s que no \u00e9s el lloc m\u00e9s adient. Per tant, cal que us organitzeu de manera que el subministrament no coincideixi amb l\u2019horari escolar. En el cas que sigui <strong>realment imprescindible<\/strong> subministrar el medicament a l\u2019escola, cal:<\/p>\n<p>a) Portar el medicament a Consergeria (no a l\u2019aula).<\/p>\n<p>b) Adjuntar la recepta m\u00e8dica on s\u2019especifiqui la dosificaci\u00f3 i l\u2019horari d\u2019administraci\u00f3.<\/p>\n<p>c) Complimentar l\u2019autoritzaci\u00f3 corresponent.<\/p>\n<p>&nbsp;<\/p>\n<ul>\n<li><strong>Malaltia<\/strong><\/li>\n<\/ul>\n<p>Quan un nen o nena manifesti s\u00edmptomes de malaltia durant la jornada escolar que, a consideraci\u00f3 de les persones responsables, ho aconselli, es contactar\u00e0 amb la fam\u00edlia perqu\u00e8 se\u2019n faci c\u00e0rrec i l\u2019alumne pugui ser adequadament at\u00e8s.<\/p>\n<ul>\n<li><strong>Febre<\/strong><\/li>\n<\/ul>\n<p>Quan un nen o nena tingui febre (+37,5\u00baC) no podr\u00e0 venir a l&#8217;escola. Cal que estigui un mat\u00ed i una tarda sencera sense febre per tal de poder reincorporar-se al centre educatiu. Cal ser molt curosos i no venir mai a l&#8217;escola amb s\u00edmptomes febrils.<\/p>\n<p>En cas que l&#8217;alumne presenti febre durant la jornada escolar es truca a casa perqu\u00e8 se&#8217;l vingui a recollir.<\/p>\n<ul>\n<li><strong>Accidents<\/strong><\/li>\n<\/ul>\n<p>En cas d\u2019accident (sempre a consideraci\u00f3 de les persones responsables per\u00f2 amb un criteri de precauci\u00f3), si \u00e9s de car\u00e0cter menor i no requereix atenci\u00f3 especial s\u2019informar\u00e0 a la fam\u00edlia, en cas de nens petits. Quan revesteixi m\u00e9s import\u00e0ncia es contactar\u00e0 amb la fam\u00edlia per a qu\u00e8 se\u2019n faci c\u00e0rrec. Si no es pot contactar o no poden fer-se c\u00e0rrec en un temps prudencial es contactar\u00e0 amb els serveis d\u2019urg\u00e8ncies i es seguiran les seves instruccions. En cas d\u2019accident greu, primer de tot, s\u2019informar\u00e0 al serveis d\u2019emerg\u00e8ncies m\u00e8diques i, a continuaci\u00f3, es contactar\u00e0 amb la fam\u00edlia. La direcci\u00f3 del centre coordinar\u00e0 totes les actuacions que s\u2019hagin d\u2019emprendre en aquests casos, per\u00f2 sempre \u00e9s priorit\u00e0ria l\u2019atenci\u00f3 a l\u2019alumne\/a i el contacte amb els serveis d\u2019urg\u00e8ncia.<\/p>\n<p>&nbsp;<\/p>\n<ul>\n<li><strong>Normes b\u00e0siques d\u2019higiene i salut<\/strong><\/li>\n<\/ul>\n<p>No s\u2019acceptar\u00e0 l\u2019entrada a l\u2019escola de cap nen\/a quan presenti:<\/p>\n<p>\u2013 Brut\u00edcia o manifesta manca d&#8217;higiene.<\/p>\n<p>\u2013 Febre (Temperatura superior a 37,5 C axil\u00b7lar)<\/p>\n<p>\u2013 Diarrea l\u00edquida o amb sang.<\/p>\n<p>\u2013 Estomatitis (infeccions i nafres a la boca).<\/p>\n<p>\u2013 Erupcions i altres alteracions a la pell (excepte si porten l\u2019informe del pediatre especificant que no s\u00f3n contagioses)<\/p>\n<p>\u2013 Conjuntivitis purulenta sense tractament.<\/p>\n<p>\u2013 Parasitosi intestinal (cucs, llambres\u2026) sense tractament.<\/p>\n<p>Si durant l\u2019estada a l\u2019escola es detecta febre o s\u00edmptomes de malaltia en un nen o nena, s\u2019avisar\u00e0 a la fam\u00edlia per tal que el vingui a buscar el m\u00e9s aviat possible. Aix\u00ed mateix es podr\u00e0 demanar un certificat m\u00e8dic per poder acceptar un nen\/a despr\u00e9s d\u2019haver passat una malaltia infecciosa. No es podr\u00e0 tornar a l\u2019escola despr\u00e9s d\u2019haver tingut febre fins que no hagin passat 24h.<\/p>\n<p>&nbsp;<\/p>\n<ul>\n<li><strong>Vacunacions<\/strong><\/li>\n<\/ul>\n<p>L&#8217;administraci\u00f3 de les vacunes que es fa en els centres educatius est\u00e0 regulada pel Decret 155\/1993, d&#8217;1 de juny, d&#8217;actualitzaci\u00f3 del Programa de salut escolar. A l&#8217;article\u00a010 s&#8217;especifica quines s\u00f3n les vacunes que en cada cas s&#8217;han d&#8217;administrar.<\/p>\n<p>En el Calendari de vacunacions del Departament de Salut, hi ha actualitzades les vacunes que s&#8217;administren en cada Estat.\u00a0\u00a0<strong>Als nostres alumnes<\/strong>, sempre i quan els pares ho autoritzin, venen a vacunar-los\u00a0<strong>a sis\u00e8 de prim\u00e0ria.<\/strong><\/p>\n<p>&nbsp;<\/p>\n<ul>\n<li><strong>Malalties transmissibles (polls, conjuntivitis,&#8230;)<\/strong><\/li>\n<\/ul>\n<p>Per tal d&#8217;informar a les fam\u00edlies sobre l&#8217;assist\u00e8ncia o no dels infants al centre educatiu quan pateixen una malaltia transmissilbe, el Departament de salut, ha publicat unes\u00a0<strong>recomanacions amb uns criteris de no-assist\u00e8ncia de l&#8217;alumnat a l&#8217;escola durant un periode determinat a causa de malalties transmissibles<\/strong>.<\/p>\n<p>El document parla sobre:<\/p>\n<p>-Malalties respirat\u00f2ries<\/p>\n<p>-Malaties dels ulls<\/p>\n<p>-Malaties gastrointestinals<\/p>\n<p>-Malaties que cursen amb erupci\u00f3 cut\u00e0nia<\/p>\n<p>-Altres infeccions i parasitosi<\/p>\n<p>&nbsp;<\/p>\n<ul>\n<li><b>Pediculosis<\/b><span style=\"font-weight: 400;\"> o POLLS: \u00c9s una infectaci\u00f3 cut\u00e0nea produ\u00efda per polls. S\u2019encomana per contacta de cap amb cap. Quan es detecten a una aula enviem carta de comunicaci\u00f3 a les fam\u00edlies. \u00c9s molt important revisar el cap del fill\/a el mateix dia que arriba la carta. Mesures addicionals: Comprovar regularment l\u2019exist\u00e8ncia de polls amb una pinta<\/span><\/li>\n<\/ul>\n<p><b>El<\/b><strong>\u00a0per\u00edode de no assist\u00e8ncia al centre \u00e9s de 24 hores fins despr\u00e9s que s&#8217;hagi iniciat el tractament des del moment de la detecci\u00f3 per part del centre<\/strong>. No cal excloure si l&#8217;afectat fa tractament adequat.\u00a0 Mesures addicionals: Comprovar regularment l&#8217;exist\u00e8ncia de polls amb una pinta.<\/p>\n<p>&nbsp;<\/p>\n<ul>\n<li><strong>Altres:<\/strong><\/li>\n<\/ul>\n<p>S&#8217;ha demostrat que la netja de mans i la ventilaci\u00f3 de les aules ajuda a disminuir la transmisi\u00f3 de malalties. Com es escola implicada en el b\u00e9 dels nostres alumnes seguim apostant per a mantenir al m\u00e0xim la netja i la ventilaci\u00f3. Ajudeu-nos des de casa!<\/p>\n<p>&nbsp;<\/p>\n<p>&nbsp;<\/p>\n<p>&nbsp;<\/p>\n<p>&nbsp;<\/p>\n<p>&nbsp;<\/p>\n","protected":false},"excerpt":{"rendered":"<p>LA SALUT DELS NOSTRES ALUMNES \u00c9S MOLT IMPORTANT<br \/>\nPer tal de protegir-nos a nosaltres i als companys\/es que ens envolten hi ha una s\u00e8rie de detalls que hem de tenir en compte. Us els detallem a continuaci\u00f3:<br \/>\n&nbsp;<\/p>\n<ul>\n<li>Medicaments<\/li>\n<\/ul>\n<p>Com a norma general a l\u2019escola no s\u2019administraran medicaments, at\u00e8s&hellip;  <a href=\"https:\/\/agora.xtec.cat\/ceipponent-granollers\/lescola\/salut\/\" title=\"Read Salut\">Llegeix m\u00e9s\u00bb<\/a><\/p>\n","protected":false},"author":1,"featured_media":0,"parent":22,"menu_order":80,"comment_status":"closed","ping_status":"closed","template":"page-templates\/side-menu.php","meta":{"_bbp_topic_count":0,"_bbp_reply_count":0,"_bbp_total_topic_count":0,"_bbp_total_reply_count":0,"_bbp_voice_count":0,"_bbp_anonymous_reply_count":0,"_bbp_topic_count_hidden":0,"_bbp_reply_count_hidden":0,"_bbp_forum_subforum_count":0,"footnotes":""},"class_list":["post-38","page","type-page","status-publish","hentry"],"post_mailing_queue_ids":[],"_links":{"self":[{"href":"https:\/\/agora.xtec.cat\/ceipponent-granollers\/wp-json\/wp\/v2\/pages\/38","targetHints":{"allow":["GET"]}}],"collection":[{"href":"https:\/\/agora.xtec.cat\/ceipponent-granollers\/wp-json\/wp\/v2\/pages"}],"about":[{"href":"https:\/\/agora.xtec.cat\/ceipponent-granollers\/wp-json\/wp\/v2\/types\/page"}],"author":[{"embeddable":true,"href":"https:\/\/agora.xtec.cat\/ceipponent-granollers\/wp-json\/wp\/v2\/users\/1"}],"replies":[{"embeddable":true,"href":"https:\/\/agora.xtec.cat\/ceipponent-granollers\/wp-json\/wp\/v2\/comments?post=38"}],"version-history":[{"count":4,"href":"https:\/\/agora.xtec.cat\/ceipponent-granollers\/wp-json\/wp\/v2\/pages\/38\/revisions"}],"predecessor-version":[{"id":9173,"href":"https:\/\/agora.xtec.cat\/ceipponent-granollers\/wp-json\/wp\/v2\/pages\/38\/revisions\/9173"}],"up":[{"embeddable":true,"href":"https:\/\/agora.xtec.cat\/ceipponent-granollers\/wp-json\/wp\/v2\/pages\/22"}],"wp:attachment":[{"href":"https:\/\/agora.xtec.cat\/ceipponent-granollers\/wp-json\/wp\/v2\/media?parent=38"}],"curies":[{"name":"wp","href":"https:\/\/api.w.org\/{rel}","templated":true}]}}