{"id":30,"date":"2014-09-18T12:30:23","date_gmt":"2014-09-18T11:30:23","guid":{"rendered":"http:\/\/agora.xtec.cat\/ceipponent-granollers\/?page_id=30"},"modified":"2018-01-26T00:24:02","modified_gmt":"2018-01-25T23:24:02","slug":"instal%c2%b7lacions","status":"publish","type":"page","link":"https:\/\/agora.xtec.cat\/ceipponent-granollers\/lescola\/instal%c2%b7lacions\/","title":{"rendered":"Instal\u00b7lacions"},"content":{"rendered":"<p>L&#8217;escola consta de dos edificis.<\/p>\n<p>L&#8217;edifici &#8220;rod\u00f3&#8221; amb un premi d&#8217;arquitectura correspon a Educaci\u00f3 Prim\u00e0ria i l&#8217;edifici &#8220;rectangular&#8221; correspon a Educaci\u00f3 Infantil.<\/p>\n<p>Disposem de grans patis, sorrals, una pista i fins i tot un hort ecol\u00f2gic.<\/p>\n<p><a href=\"http:\/\/agora.xtec.cat\/ceipponent-granollers\/wp-content\/uploads\/usu1522\/2014\/09\/FullSizeRender-1.jpg\"><img loading=\"lazy\" decoding=\"async\" class=\"size-full wp-image-1643 aligncenter\" src=\"http:\/\/agora.xtec.cat\/ceipponent-granollers\/wp-content\/uploads\/usu1522\/2014\/09\/FullSizeRender-1.jpg\" alt=\"\" width=\"640\" height=\"480\" srcset=\"https:\/\/agora.xtec.cat\/ceipponent-granollers\/wp-content\/uploads\/usu1522\/2014\/09\/FullSizeRender-1.jpg 640w, https:\/\/agora.xtec.cat\/ceipponent-granollers\/wp-content\/uploads\/usu1522\/2014\/09\/FullSizeRender-1-300x225.jpg 300w, https:\/\/agora.xtec.cat\/ceipponent-granollers\/wp-content\/uploads\/usu1522\/2014\/09\/FullSizeRender-1-200x150.jpg 200w\" sizes=\"auto, (max-width: 640px) 100vw, 640px\" \/><\/a><\/p>\n<p><a href=\"http:\/\/agora.xtec.cat\/ceipponent-granollers\/wp-content\/uploads\/usu1522\/2014\/09\/IMG_3043.jpg\"><img loading=\"lazy\" decoding=\"async\" class=\"wp-image-1644 alignleft\" src=\"http:\/\/agora.xtec.cat\/ceipponent-granollers\/wp-content\/uploads\/usu1522\/2014\/09\/IMG_3043.jpg\" alt=\"\" width=\"362\" height=\"271\" srcset=\"https:\/\/agora.xtec.cat\/ceipponent-granollers\/wp-content\/uploads\/usu1522\/2014\/09\/IMG_3043.jpg 640w, https:\/\/agora.xtec.cat\/ceipponent-granollers\/wp-content\/uploads\/usu1522\/2014\/09\/IMG_3043-300x225.jpg 300w, https:\/\/agora.xtec.cat\/ceipponent-granollers\/wp-content\/uploads\/usu1522\/2014\/09\/IMG_3043-200x150.jpg 200w\" sizes=\"auto, (max-width: 362px) 100vw, 362px\" \/><\/a>\u00a0 \u00a0<a href=\"http:\/\/agora.xtec.cat\/ceipponent-granollers\/wp-content\/uploads\/usu1522\/2014\/09\/FullSizeRender-3.jpg\"><img loading=\"lazy\" decoding=\"async\" class=\"alignnone  wp-image-1645\" src=\"http:\/\/agora.xtec.cat\/ceipponent-granollers\/wp-content\/uploads\/usu1522\/2014\/09\/FullSizeRender-3.jpg\" alt=\"\" width=\"346\" height=\"260\" srcset=\"https:\/\/agora.xtec.cat\/ceipponent-granollers\/wp-content\/uploads\/usu1522\/2014\/09\/FullSizeRender-3.jpg 640w, https:\/\/agora.xtec.cat\/ceipponent-granollers\/wp-content\/uploads\/usu1522\/2014\/09\/FullSizeRender-3-300x225.jpg 300w, https:\/\/agora.xtec.cat\/ceipponent-granollers\/wp-content\/uploads\/usu1522\/2014\/09\/FullSizeRender-3-200x150.jpg 200w\" sizes=\"auto, (max-width: 346px) 100vw, 346px\" \/><\/a><a href=\"http:\/\/agora.xtec.cat\/ceipponent-granollers\/wp-content\/uploads\/usu1522\/2014\/09\/IMG_5322.jpg\"><img loading=\"lazy\" decoding=\"async\" class=\"wp-image-1646 aligncenter\" src=\"http:\/\/agora.xtec.cat\/ceipponent-granollers\/wp-content\/uploads\/usu1522\/2014\/09\/IMG_5322-1024x310.jpg\" alt=\"\" width=\"699\" height=\"211\" srcset=\"https:\/\/agora.xtec.cat\/ceipponent-granollers\/wp-content\/uploads\/usu1522\/2014\/09\/IMG_5322.jpg 1024w, https:\/\/agora.xtec.cat\/ceipponent-granollers\/wp-content\/uploads\/usu1522\/2014\/09\/IMG_5322-300x91.jpg 300w, https:\/\/agora.xtec.cat\/ceipponent-granollers\/wp-content\/uploads\/usu1522\/2014\/09\/IMG_5322-768x233.jpg 768w\" sizes=\"auto, (max-width: 699px) 100vw, 699px\" \/><\/a><\/p>\n","protected":false},"excerpt":{"rendered":"<p>L&#8217;escola consta de dos edificis.<br \/>\nL&#8217;edifici &#8220;rod\u00f3&#8221; amb un premi d&#8217;arquitectura correspon a Educaci\u00f3 Prim\u00e0ria i l&#8217;edifici &#8220;rectangular&#8221; correspon a Educaci\u00f3 Infantil.<br \/>\nDisposem de grans patis, sorrals, una pista i fins i tot un hort ecol\u00f2gic.<br \/>\n<a href=\"http:\/\/agora.xtec.cat\/ceipponent-granollers\/wp-content\/uploads\/usu1522\/2014\/09\/FullSizeRender-1.jpg\"><\/a><br \/>\n<a href=\"http:\/\/agora.xtec.cat\/ceipponent-granollers\/wp-content\/uploads\/usu1522\/2014\/09\/IMG_3043.jpg\"><\/a>\u00a0 \u00a0<a href=\"http:\/\/agora.xtec.cat\/ceipponent-granollers\/wp-content\/uploads\/usu1522\/2014\/09\/FullSizeRender-3.jpg\"><\/a><a href=\"http:\/\/agora.xtec.cat\/ceipponent-granollers\/wp-content\/uploads\/usu1522\/2014\/09\/IMG_5322.jpg\"><\/a><\/p>\n","protected":false},"author":1,"featured_media":0,"parent":22,"menu_order":40,"comment_status":"closed","ping_status":"closed","template":"page-templates\/side-menu.php","meta":{"_bbp_topic_count":0,"_bbp_reply_count":0,"_bbp_total_topic_count":0,"_bbp_total_reply_count":0,"_bbp_voice_count":0,"_bbp_anonymous_reply_count":0,"_bbp_topic_count_hidden":0,"_bbp_reply_count_hidden":0,"_bbp_forum_subforum_count":0,"footnotes":""},"class_list":["post-30","page","type-page","status-publish","hentry"],"post_mailing_queue_ids":[],"_links":{"self":[{"href":"https:\/\/agora.xtec.cat\/ceipponent-granollers\/wp-json\/wp\/v2\/pages\/30","targetHints":{"allow":["GET"]}}],"collection":[{"href":"https:\/\/agora.xtec.cat\/ceipponent-granollers\/wp-json\/wp\/v2\/pages"}],"about":[{"href":"https:\/\/agora.xtec.cat\/ceipponent-granollers\/wp-json\/wp\/v2\/types\/page"}],"author":[{"embeddable":true,"href":"https:\/\/agora.xtec.cat\/ceipponent-granollers\/wp-json\/wp\/v2\/users\/1"}],"replies":[{"embeddable":true,"href":"https:\/\/agora.xtec.cat\/ceipponent-granollers\/wp-json\/wp\/v2\/comments?post=30"}],"version-history":[{"count":3,"href":"https:\/\/agora.xtec.cat\/ceipponent-granollers\/wp-json\/wp\/v2\/pages\/30\/revisions"}],"predecessor-version":[{"id":1647,"href":"https:\/\/agora.xtec.cat\/ceipponent-granollers\/wp-json\/wp\/v2\/pages\/30\/revisions\/1647"}],"up":[{"embeddable":true,"href":"https:\/\/agora.xtec.cat\/ceipponent-granollers\/wp-json\/wp\/v2\/pages\/22"}],"wp:attachment":[{"href":"https:\/\/agora.xtec.cat\/ceipponent-granollers\/wp-json\/wp\/v2\/media?parent=30"}],"curies":[{"name":"wp","href":"https:\/\/api.w.org\/{rel}","templated":true}]}}