{"id":2988,"date":"2018-10-16T19:31:37","date_gmt":"2018-10-16T17:31:37","guid":{"rendered":"http:\/\/agora.xtec.cat\/ceipponent-granollers\/?page_id=2988"},"modified":"2018-10-16T19:34:09","modified_gmt":"2018-10-16T17:34:09","slug":"portes-obertes-dangles-per-a-les-families","status":"publish","type":"page","link":"https:\/\/agora.xtec.cat\/ceipponent-granollers\/projectes-escola\/portes-obertes-dangles-per-a-les-families\/","title":{"rendered":"Portes obertes d&#8217;angl\u00e8s per a les fam\u00edlies!"},"content":{"rendered":"<h3>Aquest any, us volem mostrar quin treball GEP estem fent a l&#8217;escola.<\/h3>\n<p>Ens agradaria que entr\u00e9ssiu i vei\u00e9ssiu una pinzellada de les activitats que fem en angl\u00e8s amb els vostres fills\/es.<\/p>\n<p>Volem que gaudiu del gran nivell d&#8217;angl\u00e8s amb el que surten els nostres alumnes a 6\u00e8 veient en primera persona el treball d&#8217;angl\u00e8s que fem a les diferents aules i assignatures.<\/p>\n<p><span style=\"font-weight: 400;\">Us proposem que veieu una activitat de portes obertes per a les fam\u00edlies mensual. <\/span><\/p>\n<h4 style=\"text-align: center;\"><span style=\"font-weight: 400;\">Aqu\u00ed teniu el <strong>calendari de portes obertes: <\/strong><\/span><\/h4>\n<table>\n<tbody>\n<tr>\n<td><b>Mes<\/b><\/td>\n<td><b>Portes obertes de: <\/b><\/td>\n<td><b>Hora d\u2019entrada a les aules:<\/b><\/td>\n<td><b>Activitat que es far\u00e0<\/b><\/td>\n<\/tr>\n<tr>\n<td><span style=\"font-weight: 400;\">Octubre: 30\/10<\/span><\/td>\n<td><span style=\"font-weight: 400;\">P3<\/span><\/td>\n<td><span style=\"font-weight: 400;\">16:00h<\/span><\/td>\n<td><span style=\"font-weight: 400;\">Cantem can\u00e7ons senzilles en angl\u00e8s<\/span><\/td>\n<\/tr>\n<tr>\n<td><span style=\"font-weight: 400;\">Novembre: 30\/11<\/span><\/td>\n<td><span style=\"font-weight: 400;\">P4<\/span><\/td>\n<td><span style=\"font-weight: 400;\">16:00h<\/span><\/td>\n<td><span style=\"font-weight: 400;\">Cantem can\u00e7ons senzilles en angl\u00e8s<\/span><\/td>\n<\/tr>\n<tr>\n<td><span style=\"font-weight: 400;\">Desembre: 18 i 19\/12<\/span><\/td>\n<td><span style=\"font-weight: 400;\">tots els cursos<\/span><\/td>\n<td><span style=\"font-weight: 400;\">Horari del concert<\/span><\/td>\n<td><span style=\"font-weight: 400;\">Concert de Nadal: can\u00e7ons en angl\u00e8s<\/span><\/td>\n<\/tr>\n<tr>\n<td><span style=\"font-weight: 400;\">Gener: 18\/01<\/span><\/td>\n<td><span style=\"font-weight: 400;\">6\u00e8<\/span><\/td>\n<td><span style=\"font-weight: 400;\">16:30h<\/span><\/td>\n<td><span style=\"font-weight: 400;\">Classe de science: Living things<\/span><\/td>\n<\/tr>\n<tr>\n<td><span style=\"font-weight: 400;\">Febrer: 18\/02<\/span><\/td>\n<td><span style=\"font-weight: 400;\">4tA<\/span><\/td>\n<td><span style=\"font-weight: 400;\">16:30h<\/span><\/td>\n<td><span style=\"font-weight: 400;\">Classe d\u2019Arts &amp; Craft<\/span><\/td>\n<\/tr>\n<tr>\n<td><span style=\"font-weight: 400;\">Mar\u00e7: 18\/3<\/span><\/td>\n<td><span style=\"font-weight: 400;\">P3<\/span><\/td>\n<td><span style=\"font-weight: 400;\">16:00h<\/span><\/td>\n<td><span style=\"font-weight: 400;\">Cantem can\u00e7ons senzilles en angl\u00e8s<\/span><\/td>\n<\/tr>\n<tr>\n<td><span style=\"font-weight: 400;\">Abril: 12\/4 <\/span><span style=\"font-weight: 400;\">(English Day)<\/span><\/td>\n<td><span style=\"font-weight: 400;\">5\u00e8<\/span><\/td>\n<td><span style=\"font-weight: 400;\">16:30h<\/span><\/td>\n<td><span style=\"font-weight: 400;\">Teatre en angl\u00e8s<\/span><\/td>\n<\/tr>\n<tr>\n<td><span style=\"font-weight: 400;\">Maig: 16\/05<\/span><\/td>\n<td><span style=\"font-weight: 400;\">1rA<\/span><\/td>\n<td><span style=\"font-weight: 400;\">16:30h<\/span><\/td>\n<td><span style=\"font-weight: 400;\">Classe d\u2019Arts &amp; Craft<\/span><\/td>\n<\/tr>\n<\/tbody>\n<\/table>\n<p style=\"text-align: center;\"><a href=\"http:\/\/agora.xtec.cat\/ceipponent-granollers\/wp-content\/uploads\/usu1522\/2018\/09\/pissarra-revoluci\u00f3-a-les-aules.png\"><img loading=\"lazy\" decoding=\"async\" class=\"alignnone wp-image-2849\" src=\"http:\/\/agora.xtec.cat\/ceipponent-granollers\/wp-content\/uploads\/usu1522\/2018\/09\/pissarra-revoluci\u00f3-a-les-aules.png\" alt=\"\" width=\"358\" height=\"234\" srcset=\"https:\/\/agora.xtec.cat\/ceipponent-granollers\/wp-content\/uploads\/usu1522\/2018\/09\/pissarra-revoluci\u00f3-a-les-aules.png 314w, https:\/\/agora.xtec.cat\/ceipponent-granollers\/wp-content\/uploads\/usu1522\/2018\/09\/pissarra-revoluci\u00f3-a-les-aules-300x196.png 300w\" sizes=\"auto, (max-width: 358px) 100vw, 358px\" \/><\/a><\/p>\n","protected":false},"excerpt":{"rendered":"<p>Aquest any, us volem mostrar quin treball GEP estem fent a l&#8217;escola.<br \/>\nEns agradaria que entr\u00e9ssiu i vei\u00e9ssiu una pinzellada de les activitats que fem en angl\u00e8s amb els vostres fills\/es.<br \/>\nVolem que gaudiu del gran nivell d&#8217;angl\u00e8s amb el que surten els nostres alumnes a 6\u00e8&hellip;  <a href=\"https:\/\/agora.xtec.cat\/ceipponent-granollers\/projectes-escola\/portes-obertes-dangles-per-a-les-families\/\" title=\"Read Portes obertes d&#8217;angl\u00e8s per a les fam\u00edlies!\">Llegeix m\u00e9s\u00bb<\/a><\/p>\n","protected":false},"author":25,"featured_media":0,"parent":1839,"menu_order":4,"comment_status":"closed","ping_status":"closed","template":"page-templates\/side-menu.php","meta":{"_bbp_topic_count":0,"_bbp_reply_count":0,"_bbp_total_topic_count":0,"_bbp_total_reply_count":0,"_bbp_voice_count":0,"_bbp_anonymous_reply_count":0,"_bbp_topic_count_hidden":0,"_bbp_reply_count_hidden":0,"_bbp_forum_subforum_count":0,"footnotes":""},"class_list":["post-2988","page","type-page","status-publish","hentry"],"post_mailing_queue_ids":[],"_links":{"self":[{"href":"https:\/\/agora.xtec.cat\/ceipponent-granollers\/wp-json\/wp\/v2\/pages\/2988","targetHints":{"allow":["GET"]}}],"collection":[{"href":"https:\/\/agora.xtec.cat\/ceipponent-granollers\/wp-json\/wp\/v2\/pages"}],"about":[{"href":"https:\/\/agora.xtec.cat\/ceipponent-granollers\/wp-json\/wp\/v2\/types\/page"}],"author":[{"embeddable":true,"href":"https:\/\/agora.xtec.cat\/ceipponent-granollers\/wp-json\/wp\/v2\/users\/25"}],"replies":[{"embeddable":true,"href":"https:\/\/agora.xtec.cat\/ceipponent-granollers\/wp-json\/wp\/v2\/comments?post=2988"}],"version-history":[{"count":1,"href":"https:\/\/agora.xtec.cat\/ceipponent-granollers\/wp-json\/wp\/v2\/pages\/2988\/revisions"}],"predecessor-version":[{"id":2989,"href":"https:\/\/agora.xtec.cat\/ceipponent-granollers\/wp-json\/wp\/v2\/pages\/2988\/revisions\/2989"}],"up":[{"embeddable":true,"href":"https:\/\/agora.xtec.cat\/ceipponent-granollers\/wp-json\/wp\/v2\/pages\/1839"}],"wp:attachment":[{"href":"https:\/\/agora.xtec.cat\/ceipponent-granollers\/wp-json\/wp\/v2\/media?parent=2988"}],"curies":[{"name":"wp","href":"https:\/\/api.w.org\/{rel}","templated":true}]}}