{"id":28,"date":"2014-09-18T12:29:35","date_gmt":"2014-09-18T11:29:35","guid":{"rendered":"http:\/\/agora.xtec.cat\/ceipponent-granollers\/?page_id=28"},"modified":"2025-01-07T21:04:18","modified_gmt":"2025-01-07T20:04:18","slug":"consell-escolar","status":"publish","type":"page","link":"https:\/\/agora.xtec.cat\/ceipponent-granollers\/lescola\/consell-escolar\/","title":{"rendered":"Consell escolar: Funcions i Participants"},"content":{"rendered":"<p>El consell escolar \u00e9s un \u00f2rgan de participaci\u00f3 del centre.<\/p>\n<p>Est\u00e0 format per:<\/p>\n<ul>\n<li><strong>Sector mestres:<\/strong> Marian Beya, Montse Duran, Joel Boliart, Sergio Corral, Alba Jim\u00e9nez i N\u00faria Morales<\/li>\n<li><strong>Sector mares i pares:<\/strong> Astou Toure, Anta Aly Ndiaye, Mariama Balde, Ramatoulaye Niabaly i Ana Bel\u00e9n Aguilera.<\/li>\n<li><strong>AMPA:<\/strong> Marta Mascar\u00f3<\/li>\n<li><strong>Personal de serveis:<\/strong> Gl\u00f2ria Mas<\/li>\n<li><strong>Ajuntament:<\/strong> Isabel Llorente<\/li>\n<li><strong>Equip directiu:<\/strong> David Guerrero, Sergi Esteve i M\u00f2nica C\u00e0novas (amb veu i sense vot).<\/li>\n<\/ul>\n<p><a href=\"https:\/\/agora.xtec.cat\/ceipponent-granollers\/wp-content\/uploads\/usu1522\/2018\/10\/urna-votacions.jpeg\"><img loading=\"lazy\" decoding=\"async\" class=\"alignnone size-full wp-image-3167\" src=\"https:\/\/agora.xtec.cat\/ceipponent-granollers\/wp-content\/uploads\/usu1522\/2018\/10\/urna-votacions.jpeg\" alt=\"\" width=\"218\" height=\"175\" \/><\/a><\/p>\n<p>&nbsp;<\/p>\n<p>&nbsp;<\/p>\n<p><a href=\"https:\/\/agora.xtec.cat\/ceipponent-granollers\/wp-content\/uploads\/usu1522\/2018\/10\/ce.jpg\"><img loading=\"lazy\" decoding=\"async\" class=\"wp-image-3169 aligncenter\" src=\"https:\/\/agora.xtec.cat\/ceipponent-granollers\/wp-content\/uploads\/usu1522\/2018\/10\/ce.jpg\" alt=\"\" width=\"321\" height=\"148\" srcset=\"https:\/\/agora.xtec.cat\/ceipponent-granollers\/wp-content\/uploads\/usu1522\/2018\/10\/ce.jpg 640w, https:\/\/agora.xtec.cat\/ceipponent-granollers\/wp-content\/uploads\/usu1522\/2018\/10\/ce-300x138.jpg 300w\" sizes=\"auto, (max-width: 321px) 100vw, 321px\" \/><\/a><\/p>\n<p>&nbsp;<\/p>\n<p><a href=\"https:\/\/agora.xtec.cat\/ceipponent-granollers\/wp-content\/uploads\/usu1522\/2018\/10\/consell-escolar.jpg\"><img loading=\"lazy\" decoding=\"async\" class=\"wp-image-3168 aligncenter\" src=\"https:\/\/agora.xtec.cat\/ceipponent-granollers\/wp-content\/uploads\/usu1522\/2018\/10\/consell-escolar.jpg\" alt=\"\" width=\"380\" height=\"277\" srcset=\"https:\/\/agora.xtec.cat\/ceipponent-granollers\/wp-content\/uploads\/usu1522\/2018\/10\/consell-escolar.jpg 504w, https:\/\/agora.xtec.cat\/ceipponent-granollers\/wp-content\/uploads\/usu1522\/2018\/10\/consell-escolar-300x218.jpg 300w\" sizes=\"auto, (max-width: 380px) 100vw, 380px\" \/><\/a><\/p>\n<p><a href=\"https:\/\/agora.xtec.cat\/ceipponent-granollers\/wp-content\/uploads\/usu1522\/2018\/10\/consell-escolar.jpg\">Les seves funcions s\u00f3n:<\/a><\/p>\n<ul style=\"list-style-type: circle;\">\n<li>Participar en l&#8217;aprovaci\u00f3 del projecte educatiu i les seves modificacions. El consell escolar ha de ser consultat pel director de manera preceptiva per valorar la proposta del projecte educatiu i manifestar el seu suport amb una majoria de les tres cinquenes parts dels membres.<\/li>\n<li>Participar en l&#8217;aprovaci\u00f3 de la programaci\u00f3 general anual, de les normes de funcionament i de la gesti\u00f3 econ\u00f2mica del centre. El consell escolar ha de ser consultat de manera preceptiva per valorar cada una de les propostes i manifestar el seu suport per majoria simple dels membres.<\/li>\n<li>Avaluar l&#8217;aplicaci\u00f3 del projecte educatiu i de les seves modificacions aix\u00ed com de la resta de documents de gesti\u00f3 del centre.<\/li>\n<li>Aprovar les propostes d&#8217;acords de coresponsabilitat, convenis i altres acords de col\u00b7laboraci\u00f3 del centre amb entitats i institucions.<\/li>\n<li>Intervenir en el procediment d&#8217;admissi\u00f3 d&#8217;alumnes.<\/li>\n<li>Participar en el procediment de selecci\u00f3 i en la proposta de cessament del director o directora.<\/li>\n<li>Intervenir en la resoluci\u00f3 dels conflictes i, si escau, revisar les sancions als alumnes.<\/li>\n<li>Aprovar les directrius per a la programaci\u00f3 d&#8217;activitats escolars complement\u00e0ries i d&#8217;activitats extraescolars, i avaluar-ne el desenvolupament.<\/li>\n<li>Participar en les an\u00e0lisis i les avaluacions del funcionament general del centre i con\u00e8ixer l&#8217;evoluci\u00f3 del rendiment escolar.<\/li>\n<li>Aprovar els criteris de col\u00b7laboraci\u00f3 amb altres centres i amb l&#8217;entorn.<\/li>\n<li>Qualsevol altre que li sigui atribu\u00efda per les normes legals o reglament\u00e0ries.<\/li>\n<\/ul>\n<p><a href=\"http:\/\/agora.xtec.cat\/ceipponent-granollers\/wp-content\/uploads\/usu1522\/2014\/09\/consell-escolar.png\"><img loading=\"lazy\" decoding=\"async\" class=\"alignnone size-full wp-image-1639\" src=\"http:\/\/agora.xtec.cat\/ceipponent-granollers\/wp-content\/uploads\/usu1522\/2014\/09\/consell-escolar.png\" alt=\"\" width=\"752\" height=\"254\" srcset=\"https:\/\/agora.xtec.cat\/ceipponent-granollers\/wp-content\/uploads\/usu1522\/2014\/09\/consell-escolar.png 752w, https:\/\/agora.xtec.cat\/ceipponent-granollers\/wp-content\/uploads\/usu1522\/2014\/09\/consell-escolar-300x101.png 300w\" sizes=\"auto, (max-width: 752px) 100vw, 752px\" \/><\/a><\/p>\n","protected":false},"excerpt":{"rendered":"<p>El consell escolar \u00e9s un \u00f2rgan de participaci\u00f3 del centre.<br \/>\nEst\u00e0 format per:<\/p>\n<ul>\n<li>Sector mestres: Marian Beya, Montse Duran, Joel Boliart, Sergio Corral, Alba Jim\u00e9nez i N\u00faria Morales<\/li>\n<li>Sector mares i pares: Astou Toure, Anta Aly Ndiaye, Mariama Balde, Ramatoulaye Niabaly i Ana Bel\u00e9n Aguilera.<\/li>\n<li>AMPA: Marta Mascar\u00f3<\/li>\n<li>Personal de&hellip;  <a href=\"https:\/\/agora.xtec.cat\/ceipponent-granollers\/lescola\/consell-escolar\/\" title=\"Read Consell escolar: Funcions i Participants\">Llegeix m\u00e9s\u00bb<\/a><br \/>\n","protected":false},"author":1,"featured_media":0,"parent":22,"menu_order":30,"comment_status":"closed","ping_status":"closed","template":"page-templates\/side-menu.php","meta":{"_bbp_topic_count":0,"_bbp_reply_count":0,"_bbp_total_topic_count":0,"_bbp_total_reply_count":0,"_bbp_voice_count":0,"_bbp_anonymous_reply_count":0,"_bbp_topic_count_hidden":0,"_bbp_reply_count_hidden":0,"_bbp_forum_subforum_count":0,"footnotes":""},"class_list":["post-28","page","type-page","status-publish","hentry"],"post_mailing_queue_ids":[],"_links":{"self":[{"href":"https:\/\/agora.xtec.cat\/ceipponent-granollers\/wp-json\/wp\/v2\/pages\/28","targetHints":{"allow":["GET"]}}],"collection":[{"href":"https:\/\/agora.xtec.cat\/ceipponent-granollers\/wp-json\/wp\/v2\/pages"}],"about":[{"href":"https:\/\/agora.xtec.cat\/ceipponent-granollers\/wp-json\/wp\/v2\/types\/page"}],"author":[{"embeddable":true,"href":"https:\/\/agora.xtec.cat\/ceipponent-granollers\/wp-json\/wp\/v2\/users\/1"}],"replies":[{"embeddable":true,"href":"https:\/\/agora.xtec.cat\/ceipponent-granollers\/wp-json\/wp\/v2\/comments?post=28"}],"version-history":[{"count":7,"href":"https:\/\/agora.xtec.cat\/ceipponent-granollers\/wp-json\/wp\/v2\/pages\/28\/revisions"}],"predecessor-version":[{"id":13156,"href":"https:\/\/agora.xtec.cat\/ceipponent-granollers\/wp-json\/wp\/v2\/pages\/28\/revisions\/13156"}],"up":[{"embeddable":true,"href":"https:\/\/agora.xtec.cat\/ceipponent-granollers\/wp-json\/wp\/v2\/pages\/22"}],"wp:attachment":[{"href":"https:\/\/agora.xtec.cat\/ceipponent-granollers\/wp-json\/wp\/v2\/media?parent=28"}],"curies":[{"name":"wp","href":"https:\/\/api.w.org\/{rel}","templated":true}]}}