{"id":1870,"date":"2018-02-08T11:13:50","date_gmt":"2018-02-08T10:13:50","guid":{"rendered":"http:\/\/agora.xtec.cat\/ceipponent-granollers\/?page_id=1870"},"modified":"2024-01-29T09:21:04","modified_gmt":"2024-01-29T08:21:04","slug":"oferta-educativa","status":"publish","type":"page","link":"https:\/\/agora.xtec.cat\/ceipponent-granollers\/lescola\/oferta-educativa\/","title":{"rendered":"Oferta educativa"},"content":{"rendered":"<p>L\u2019escola\u00a0Ponent ofereix ensenyaments d\u2019educaci\u00f3 infantil i educaci\u00f3 prim\u00e0ria, des de P3 fins a 6\u00e8 de prim\u00e0ria, als corresponents a les primeres etapes obligat\u00f2ries.<\/p>\n<p>El per\u00edode de preinscripci\u00f3 ordinari varia segons el curs, per\u00f2 sol coincidir entre els mesos de febrer i mar\u00e7, on el centre fa sessions de portes obertes. En cas de trasllat, \u00a0de venir a viure a\u00a0Granollers durant el curs, nom\u00e9s cal posar-se en contacte amb l\u2019Oficina d\u2019Escolaritzaci\u00f3 del municipi.<\/p>\n<p>&nbsp;<\/p>\n<p><strong>APORTACIONS DE LES FAM\u00cdLIES: <\/strong><\/p>\n<p>TOTES LES ACTIVITATS I MATERIALS QUE ELS ALUMNES NECESSITEN ESTAN INCLOSES A LA <strong>QUOTA DE MATERIAL: 190\u20ac** ANUALS <\/strong>(Material fingible: ll\u00e0pis, colors, retoladors, folis, dossiers de treball, carpetes, activitats de l\u2019Associaci\u00f3 cultural, autocars i monitors de les excursions) Aquesta quota correspon a 180\u20ac per a les despeses d&#8217;escola i 10\u20ac per a l&#8217;AFA.<\/p>\n<p>**NO hi estan incloses a la quota les col\u00f2nies que es realitzen a final de cicle: i5, 2n, 4t i 6\u00e8<\/p>\n<p>&nbsp;<\/p>\n<h3><span style=\"font-size: xx-large;\">Informaci\u00f3 de la preinscripci\u00f3 del curs 2024\/2025<\/span><\/h3>\n<h4>Portes obertes:<\/h4>\n<ul>\n<li>Divendres <strong><em>23 de febrer de 2024<\/em><\/strong> de 15:30 a 16:30h<\/li>\n<\/ul>\n<p>-15:30h Explicaci\u00f3 del projecte de l&#8217;escola<\/p>\n<p>-16:00 Visita de l&#8217;escola i aclariment de dubtes i preguntes<\/p>\n<ul>\n<li>Dissabte<strong><em> 24 de febrer de 2024<\/em><\/strong> d&#8217;11:00 a 12:00h<\/li>\n<\/ul>\n<p>-11:00h Mostra del Projecte Meraki: Can\u00e7ons senegaleses<\/p>\n<p>-11:20h Mostra del Projecte Meraki:\u00a0Aula oberta de Teatre<\/p>\n<p>-11:30h Explicaci\u00f3 del projecte de l&#8217;escola<\/p>\n<p>-11:40 Visita de l&#8217;escola i aclariment de dubtes i preguntes<\/p>\n<p>&nbsp;<\/p>\n<div>\n<p><b>Previsi\u00f3 de les dates del proc\u00e9s de preinscripci\u00f3 que estableix el Departament d&#8217;Educaci\u00f3 per al curs escolar 2024\/2025.\u00a0<\/b><\/p>\n<div>\n<h4>Terminis de presentaci\u00f3 de sol\u00b7licituds de preinscripci\u00f3<\/h4>\n<h4><\/h4>\n<ul>\n<li style=\"font-weight: 400;\" aria-level=\"1\"><span style=\"font-weight: 400;\">Educaci\u00f3 infantil de segon cicle i educaci\u00f3 prim\u00e0ria<\/span><span style=\"font-weight: 400;\"><br \/>\n<\/span><b>del 6 al 20 de mar\u00e7 de 2024<\/b><\/li>\n<\/ul>\n<div>\n<ul>\n<li>Educaci\u00f3 secund\u00e0ria obligat\u00f2ria<br \/>\n<b>del 8 al 20 de mar\u00e7 de 2024<\/b><\/li>\n<\/ul>\n<ul>\n<li aria-level=\"1\">Preinscripci\u00f3 a trav\u00e9s de: preinscripcio.gencat.cat<\/li>\n<\/ul>\n<ul>\n<li aria-level=\"1\">Consulta de <i>calendari<\/i>:<\/li>\n<\/ul>\n<ul>\n<li aria-level=\"2\">Preinscripci\u00f3 Educaci\u00f3 Infantil: preinscripcio.gencat.cat\/ca\/estudis\/infantil-3-6\/informat\/calendari\/<\/li>\n<\/ul>\n<ul>\n<li aria-level=\"2\">Preinscripci\u00f3 Educaci\u00f3 prim\u00e0ria:\u00a0 preinscripcio.gencat.cat\/ca\/estudis\/primaria\/inici\/<\/li>\n<\/ul>\n<p>&nbsp;<\/p>\n<\/div>\n<\/div>\n<\/div>\n<p>&nbsp;<\/p>\n<p>DOCUMENTACI\u00d3 INFORMATIVA:<\/p>\n<p><em><strong>-PROJECTE EDUCATIU DE CENTRE<\/strong><\/em><\/p>\n<p><em><strong><a href=\"https:\/\/agora.xtec.cat\/ceipponent-granollers\/wp-content\/uploads\/usu1522\/2020\/03\/PEC_MISSIO\u0301-DE-LESCOLA.png\"><img loading=\"lazy\" decoding=\"async\" class=\"alignnone wp-image-4942\" src=\"https:\/\/agora.xtec.cat\/ceipponent-granollers\/wp-content\/uploads\/usu1522\/2020\/03\/PEC_MISSIO\u0301-DE-LESCOLA.png\" alt=\"\" width=\"214\" height=\"265\" srcset=\"https:\/\/agora.xtec.cat\/ceipponent-granollers\/wp-content\/uploads\/usu1522\/2020\/03\/PEC_MISSIO\u0301-DE-LESCOLA.png 675w, https:\/\/agora.xtec.cat\/ceipponent-granollers\/wp-content\/uploads\/usu1522\/2020\/03\/PEC_MISSIO\u0301-DE-LESCOLA-243x300.png 243w\" sizes=\"auto, (max-width: 214px) 100vw, 214px\" \/>\u00a0<\/a> <a href=\"https:\/\/agora.xtec.cat\/ceipponent-granollers\/wp-content\/uploads\/usu1522\/2020\/03\/PEC_VALORS-DE-LESCOLA.png\">\u00a0<img loading=\"lazy\" decoding=\"async\" class=\"alignnone wp-image-4943\" src=\"https:\/\/agora.xtec.cat\/ceipponent-granollers\/wp-content\/uploads\/usu1522\/2020\/03\/PEC_VALORS-DE-LESCOLA.png\" alt=\"\" width=\"215\" height=\"265\" srcset=\"https:\/\/agora.xtec.cat\/ceipponent-granollers\/wp-content\/uploads\/usu1522\/2020\/03\/PEC_VALORS-DE-LESCOLA.png 678w, https:\/\/agora.xtec.cat\/ceipponent-granollers\/wp-content\/uploads\/usu1522\/2020\/03\/PEC_VALORS-DE-LESCOLA-244x300.png 244w\" sizes=\"auto, (max-width: 215px) 100vw, 215px\" \/> <\/a> \u00a0\u00a0<a href=\"https:\/\/agora.xtec.cat\/ceipponent-granollers\/wp-content\/uploads\/usu1522\/2020\/03\/PEC_VISIO\u0301-DE-LESCOLA.png\"><img loading=\"lazy\" decoding=\"async\" class=\"alignnone wp-image-4946\" src=\"https:\/\/agora.xtec.cat\/ceipponent-granollers\/wp-content\/uploads\/usu1522\/2020\/03\/PEC_VISIO\u0301-DE-LESCOLA.png\" alt=\"\" width=\"216\" height=\"267\" srcset=\"https:\/\/agora.xtec.cat\/ceipponent-granollers\/wp-content\/uploads\/usu1522\/2020\/03\/PEC_VISIO\u0301-DE-LESCOLA.png 674w, https:\/\/agora.xtec.cat\/ceipponent-granollers\/wp-content\/uploads\/usu1522\/2020\/03\/PEC_VISIO\u0301-DE-LESCOLA-242x300.png 242w\" sizes=\"auto, (max-width: 216px) 100vw, 216px\" \/><\/a><\/strong><\/em><a href=\"https:\/\/agora.xtec.cat\/ceipponent-granollers\/wp-content\/uploads\/usu1522\/2023\/02\/prezi-vell-nou-projecte-darts-esce\u0300niques.png\"><br \/>\n<img loading=\"lazy\" decoding=\"async\" class=\"wp-image-10421 aligncenter\" src=\"https:\/\/agora.xtec.cat\/ceipponent-granollers\/wp-content\/uploads\/usu1522\/2023\/02\/prezi-vell-nou-projecte-darts-esce\u0300niques-300x237.png\" alt=\"\" width=\"418\" height=\"331\" srcset=\"https:\/\/agora.xtec.cat\/ceipponent-granollers\/wp-content\/uploads\/usu1522\/2023\/02\/prezi-vell-nou-projecte-darts-esce\u0300niques-300x237.png 300w, https:\/\/agora.xtec.cat\/ceipponent-granollers\/wp-content\/uploads\/usu1522\/2023\/02\/prezi-vell-nou-projecte-darts-esce\u0300niques-1024x808.png 1024w, https:\/\/agora.xtec.cat\/ceipponent-granollers\/wp-content\/uploads\/usu1522\/2023\/02\/prezi-vell-nou-projecte-darts-esce\u0300niques-768x606.png 768w, https:\/\/agora.xtec.cat\/ceipponent-granollers\/wp-content\/uploads\/usu1522\/2023\/02\/prezi-vell-nou-projecte-darts-esce\u0300niques.png 1316w\" sizes=\"auto, (max-width: 418px) 100vw, 418px\" \/><\/a><\/p>\n<p><em><strong>-VOLS CON\u00c8IXER EL NOU PROJECTE #D&#8217;ARTS ESC\u00c8NIQUES QUE ESTEM DESENVOLUPANT A L&#8217;ESCOLA?\u00a0<\/strong><\/em><\/p>\n<p>Ponent som una escola que vol fer de les ARTS ESC\u00c8NIQUES un element clau per promoure l&#8217;\u00fas del catal\u00e0 com a llengua vehicular i afectiva. Les arts i les eines de les arts esc\u00e8niques es van fent present arreu.<\/p>\n<p>Plantegem les ARTS ESC\u00c8NIQUES com a eina de cohesi\u00f3 a partir de situacions i emocions reals pr\u00f2pies dels infants.<\/p>\n<p>Concebem les ARTS ESC\u00c8NIQUES i Ponent com un laboratori d&#8217;Innovaci\u00f3 educativa a partir de metodologies creatives, vivencials, valentes i transformadores.<\/p>\n<p>Les ARTS ESC\u00c8NIQUES s\u00f3n un context que permet connectar amb les fam\u00edlies, el barri i la ciutat.<\/p>\n<p>&nbsp;<\/p>\n<p style=\"text-align: center;\"><strong>L&#8217;alumnat, un cop finalitzi el pas per Ponent, haur\u00e0 adquirit:<\/strong><\/p>\n<p>&#8211; Sabers propis de les Arts esc\u00e8niques (teatre, cant, dansa, arts visuals, pl\u00e0stiques).<\/p>\n<p>&#8211; Haur\u00e0 treballat altres \u00e0rees amb eines i recursos propis de les arts esc\u00e8niques.<\/p>\n<p>&#8211; En relaci\u00f3 al nou curr\u00edculum: treball interdisciplicari, projectes, \u00e0mbits i treballar de forma integral.<\/p>\n<p>-Volem formar alumnes compromesos amb la societat, amb pensament cr\u00edtic i amb capacitat de generar preguntes i respondre-les de forma aut\u00f2noma.<\/p>\n<p>&nbsp;<\/p>\n<p>&nbsp;<\/p>\n<p><strong>-QU\u00c8 M\u00c9S POTS TROBAR A PONENT?<\/strong><\/p>\n<p><em><strong> <a href=\"https:\/\/agora.xtec.cat\/ceipponent-granollers\/wp-content\/uploads\/usu1522\/2019\/03\/2n-full-diptic-escola-ponent_v4_preinscripcio_page-0001-1.jpg\"><img loading=\"lazy\" decoding=\"async\" class=\"alignnone size-full wp-image-4027\" src=\"https:\/\/agora.xtec.cat\/ceipponent-granollers\/wp-content\/uploads\/usu1522\/2019\/03\/2n-full-diptic-escola-ponent_v4_preinscripcio_page-0001-1.jpg\" alt=\"\" width=\"1754\" height=\"1241\" srcset=\"https:\/\/agora.xtec.cat\/ceipponent-granollers\/wp-content\/uploads\/usu1522\/2019\/03\/2n-full-diptic-escola-ponent_v4_preinscripcio_page-0001-1.jpg 1754w, https:\/\/agora.xtec.cat\/ceipponent-granollers\/wp-content\/uploads\/usu1522\/2019\/03\/2n-full-diptic-escola-ponent_v4_preinscripcio_page-0001-1-300x212.jpg 300w, https:\/\/agora.xtec.cat\/ceipponent-granollers\/wp-content\/uploads\/usu1522\/2019\/03\/2n-full-diptic-escola-ponent_v4_preinscripcio_page-0001-1-768x543.jpg 768w, https:\/\/agora.xtec.cat\/ceipponent-granollers\/wp-content\/uploads\/usu1522\/2019\/03\/2n-full-diptic-escola-ponent_v4_preinscripcio_page-0001-1-1024x725.jpg 1024w\" sizes=\"auto, (max-width: 1754px) 100vw, 1754px\" \/><\/a><\/strong><\/em><\/p>\n<p><em><strong>-CODI DE CENTRE: 08041647<\/strong><\/em><\/p>\n<p>&#8211;<em><strong>OFETA DE PLACES:\u00a0\u00a0<\/strong><\/em><\/p>\n<p>&nbsp;<\/p>\n<p><em><strong>-ADSCIPCI\u00d3 A ALTRES CENTRES i <\/strong><\/em><em><strong>\u00c0REA DE PROXIMITAT A QUE PERTANY EL CENTRE PER A CADA ENSENYAMENT<\/strong><\/em><\/p>\n<p>Granollers \u00e9s zona \u00fanica i est\u00e0 adscrita a tots els instituts p\u00fablic de la ciutat:<\/p>\n<p style=\"text-align: center;\">-Institut Antoni Cumella<\/p>\n<p style=\"text-align: center;\">-EMT Escola Municipal del Treball<\/p>\n<p style=\"text-align: center;\">-Institut Celest\u00ed Bellera<\/p>\n<p style=\"text-align: center;\">-Institut Carles Vallbona<\/p>\n<p style=\"text-align: center;\">-Institut Marta Estrada<\/p>\n<p><em><strong>-CARTA DE COMPROM\u00cdS EDUCATIU<\/strong><\/em><\/p>\n<p>En aquesta carta que es facilita i s&#8217;explica a les fam\u00edlies en el moment de fer la matr\u00edcula es detalla a qu\u00e8 es compromet l&#8217;escola vers l&#8217;educaci\u00f3 dels infants i tamb\u00e9 qu\u00e8 demanem a la fam\u00edlia que es comprometi vers l&#8217;educaci\u00f3 del seu fill\/a.\u00a0 \u00a0<a href=\"https:\/\/mail.google.com\/mail\/u\/0\/?tab=rm&amp;ogbl#inbox\/FMfcgzGrcPKdnzwzwFnbQzgzPmJftfTq?projector=1&amp;messagePartId=0.1\">CARTA DE COMPROM\u00cdS EDUCATIU<\/a><\/p>\n<p>&nbsp;<\/p>\n<p><em><strong>-CRITERIS D&#8217;ADMISSI\u00d3 D&#8217;ALUMNAT:<\/strong><\/em><\/p>\n<p>&nbsp;<\/p>\n<p><em><b>-ACTIVITATS COMPLEMENT\u00c0RIES, ACOLLIDA MATINAL I ACTIVITATS EXTRAESCOLARS\u00a0<\/b><\/em><\/p>\n<p>*ACTIVITATS COMPLEMENT\u00c0RIES: Els alumnes assisteixen a les activitats de: cinema, m\u00fasica, teatre i visites al museu que organitza l&#8217;Associaci\u00f3 Cultural de Granollers. Aquestes activitats tenen com a objectiu la formaci\u00f3 cultural dels nens i nenes, educar-los com a p\u00fablic i integrarla cultura dins el curr\u00edculum escolar.<\/p>\n<p>Quan els alumnes assisteixen a un acte porten un programa de m\u00e0 que explica l&#8217;activitats.<\/p>\n<p>&nbsp;<\/p>\n<p>*ACOLLIDA MATINAL:<\/p>\n<p>-Alumnes fixes (m\u00ednim tres dies setmanals): 1h (8-9h)=40 \u20ac\/mes\u00a0 \u00a0 \/\/\u00a0 \u00a01\/2 h (8:30-9h)=28 \u20ac\/mes<\/p>\n<p>-Alumnes Espor\u00e0dics: 1 h (8-9h)=4,5\u20ac\/dia\u00a0 \u00a0\/\/.\u00a0 1\/2 h (8:30-9h)=4 \u20ac\/dia<\/p>\n<p>&nbsp;<\/p>\n<p>*TOTES LES ACTIVITATS I MATERIALS QUE ELS ALUMNES NECESSITEN ESTAN INCLOSES A LA <strong>QUOTA DE MATERIAL: 190\u20ac* ANUALS\u00a0<\/strong>(Material fingible: ll\u00e0pis, colors, retoladors, folis, dossiers de treball, carpetes, activitats de l&#8217;Associaci\u00f3 cultural, autocars i monitors de les excursions)<\/p>\n<p style=\"text-align: center;\">*Aquesta quota correspon al curs 2022-2023<\/p>\n<p style=\"text-align: center;\">**NO estan incloses a la quota les col\u00f2nies que es realitzen a final de cicle: P5, 2n, 4t i 6\u00e8<\/p>\n<p>&nbsp;<\/p>\n<p><em><strong>-QUOTA D&#8217;INSCRIPCI\u00d3 A L&#8217;ASSOCIACI\u00d3 DE MARES I PARES\u00a0<\/strong>: 10 \u20ac anuals (inclosa dins la quota de material*)<\/em><\/p>\n<p>&nbsp;<\/p>\n<p>*<strong>ACTIVITATS EXTRAESCOLARS I PREUS DE LES DIFERENTS ACTIVITATS QUE OFERIM ENGUANY:<\/strong><\/p>\n<p>Dilluns: PSICOMOTRICITAT pels alumnes de P5. Preu 70\u20ac anual.\u00a0 Horari: 16:30-17:30h<\/p>\n<p>Dilluns i dimecres: PATINATGE\u00a0 pels alumnes de 5\u00e8 i 6\u00e8. Preu 70\u20ac anual. Horari: 17:00-18:30h.<\/p>\n<p>Dimarts i dijous: MULTIESPORT dos grups pels alumnes de 1r i 2n \/ pels alumnes de 3r i 4t<\/p>\n<p>Preu 70\u20ac anual. Horari: 17:00-18:30h.<\/p>\n<p>Dijous: ESCACS de 1r a 6\u00e8. Preu 50\u20ac anual.\u00a0 Horari: 17:00-18:00h.<\/p>\n<p>&nbsp;<\/p>\n<p>ALTRES:<\/p>\n<p><em><strong>-Es garanteix a l&#8217;alumnat amb condicions socioecon\u00f2miques desafavorides un acc\u00e9s equitatiu a les activitats a trav\u00e9s de les ajudes humanes i econ\u00f2miques que d\u00f3na l&#8217;Ajuntament i el Departament D&#8217;Educaci\u00f3.<\/strong><\/em><\/p>\n<p>&#8211;<strong><em>Les mesures i suports per a l&#8217;atenci\u00f3 educativa a l&#8217;alumnat en el marc del sistema inclusiu venen facilitades per la figura de la T\u00e8cnica d&#8217;Educaci\u00f3 Infantil (TEI) , T\u00e8cinca d&#8217;Integraci\u00f3 Social (TIS), Educadora Social i Mestra d&#8217;Educaci\u00f3 Especial que ens facilita el Departament d&#8217;Educaci\u00f3.\u00a0<\/em><\/strong><\/p>\n<p>&nbsp;<\/p>\n<p><em><strong>-VOLS VISITAR L&#8217;ESCOLA PONENT DES DE CASA?\u00a0 <\/strong>CLICA AL LINK<\/em><\/p>\n<p><a href=\"https:\/\/agora.xtec.cat\/ceipponent-granollers\/wp-content\/uploads\/usu1522\/2020\/03\/IMG-9602.jpg\"><img loading=\"lazy\" decoding=\"async\" class=\"wp-image-4959 aligncenter\" src=\"https:\/\/agora.xtec.cat\/ceipponent-granollers\/wp-content\/uploads\/usu1522\/2020\/03\/IMG-9602.jpg\" alt=\"\" width=\"591\" height=\"402\" srcset=\"https:\/\/agora.xtec.cat\/ceipponent-granollers\/wp-content\/uploads\/usu1522\/2020\/03\/IMG-9602.jpg 2554w, https:\/\/agora.xtec.cat\/ceipponent-granollers\/wp-content\/uploads\/usu1522\/2020\/03\/IMG-9602-300x204.jpg 300w, https:\/\/agora.xtec.cat\/ceipponent-granollers\/wp-content\/uploads\/usu1522\/2020\/03\/IMG-9602-768x522.jpg 768w, https:\/\/agora.xtec.cat\/ceipponent-granollers\/wp-content\/uploads\/usu1522\/2020\/03\/IMG-9602-1024x696.jpg 1024w\" sizes=\"auto, (max-width: 591px) 100vw, 591px\" \/><\/a><\/p>\n<p>&nbsp;<\/p>\n<p>&nbsp;<\/p>\n<p>&nbsp;<\/p>\n<p>&nbsp;<\/p>\n<p>&nbsp;<\/p>\n","protected":false},"excerpt":{"rendered":"<p>L\u2019escola\u00a0Ponent ofereix ensenyaments d\u2019educaci\u00f3 infantil i educaci\u00f3 prim\u00e0ria, des de P3 fins a 6\u00e8 de prim\u00e0ria, als corresponents a les primeres etapes obligat\u00f2ries.<br \/>\nEl per\u00edode de preinscripci\u00f3 ordinari varia segons el curs, per\u00f2 sol coincidir entre els mesos de febrer i mar\u00e7, on el centre fa&hellip;  <a href=\"https:\/\/agora.xtec.cat\/ceipponent-granollers\/lescola\/oferta-educativa\/\" title=\"Read Oferta educativa\">Llegeix m\u00e9s\u00bb<\/a><\/p>\n","protected":false},"author":1,"featured_media":0,"parent":22,"menu_order":7,"comment_status":"closed","ping_status":"closed","template":"page-templates\/side-menu.php","meta":{"_bbp_topic_count":0,"_bbp_reply_count":0,"_bbp_total_topic_count":0,"_bbp_total_reply_count":0,"_bbp_voice_count":0,"_bbp_anonymous_reply_count":0,"_bbp_topic_count_hidden":0,"_bbp_reply_count_hidden":0,"_bbp_forum_subforum_count":0,"footnotes":""},"class_list":["post-1870","page","type-page","status-publish","hentry"],"post_mailing_queue_ids":[],"_links":{"self":[{"href":"https:\/\/agora.xtec.cat\/ceipponent-granollers\/wp-json\/wp\/v2\/pages\/1870","targetHints":{"allow":["GET"]}}],"collection":[{"href":"https:\/\/agora.xtec.cat\/ceipponent-granollers\/wp-json\/wp\/v2\/pages"}],"about":[{"href":"https:\/\/agora.xtec.cat\/ceipponent-granollers\/wp-json\/wp\/v2\/types\/page"}],"author":[{"embeddable":true,"href":"https:\/\/agora.xtec.cat\/ceipponent-granollers\/wp-json\/wp\/v2\/users\/1"}],"replies":[{"embeddable":true,"href":"https:\/\/agora.xtec.cat\/ceipponent-granollers\/wp-json\/wp\/v2\/comments?post=1870"}],"version-history":[{"count":5,"href":"https:\/\/agora.xtec.cat\/ceipponent-granollers\/wp-json\/wp\/v2\/pages\/1870\/revisions"}],"predecessor-version":[{"id":12394,"href":"https:\/\/agora.xtec.cat\/ceipponent-granollers\/wp-json\/wp\/v2\/pages\/1870\/revisions\/12394"}],"up":[{"embeddable":true,"href":"https:\/\/agora.xtec.cat\/ceipponent-granollers\/wp-json\/wp\/v2\/pages\/22"}],"wp:attachment":[{"href":"https:\/\/agora.xtec.cat\/ceipponent-granollers\/wp-json\/wp\/v2\/media?parent=1870"}],"curies":[{"name":"wp","href":"https:\/\/api.w.org\/{rel}","templated":true}]}}